{"id":9137,"date":"2024-06-18T16:19:30","date_gmt":"2024-06-18T16:19:30","guid":{"rendered":"https:\/\/livrariasolmar.pt\/?post_type=product&#038;p=9137"},"modified":"2024-08-07T17:22:47","modified_gmt":"2024-08-07T17:22:47","slug":"tenho-mesmo-mesmo-de-fazer-coco","status":"publish","type":"product","link":"https:\/\/livrariasolmar.pt\/en\/produto\/tenho-mesmo-mesmo-de-fazer-coco\/","title":{"rendered":"Tenho Mesmo, Mesmo de Fazer Coc\u00f3!"},"content":{"rendered":"","protected":false},"excerpt":{"rendered":"<p>Aguardam-te barulhinhos e risadas garantidas neste mais recente livro da cole\u00e7\u00e3o do Tenho mesmo, mesmo de fazer chichi! Prap! Pfu\u00f3! Oh, oh! O nosso amigo g\u00e1lago precisa de fazer coc\u00f3. Ele est\u00e1 aflit\u00edssimo e precisa de encontrar uma casa de banho urgentemente! Mas todas as que encontra ou s\u00e3o pequenas ou est\u00e3o ocupadas\u2026 Ser\u00e1 que ir\u00e1 safar-se?<\/p>\n","protected":false},"author":2,"featured_media":9138,"template":"","meta":[],"product_cat":[172],"product_tag":[],"cat_produtos":[],"yoast_head":"<!-- This site is optimized with the Yoast SEO plugin v16.6 - https:\/\/yoast.com\/wordpress\/plugins\/seo\/ -->\n<title>Tenho Mesmo, Mesmo de Fazer Coc\u00f3! - Livraria Solmar - Livraria online<\/title>\n<meta name=\"robots\" content=\"index, follow, max-snippet:-1, max-image-preview:large, max-video-preview:-1\" \/>\n<link rel=\"canonical\" href=\"https:\/\/livrariasolmar.pt\/en\/produto\/tenho-mesmo-mesmo-de-fazer-coco\/\" \/>\n<meta property=\"og:locale\" content=\"en_US\" \/>\n<meta property=\"og:type\" content=\"article\" \/>\n<meta property=\"og:title\" content=\"Tenho Mesmo, Mesmo de Fazer Coc\u00f3! - Livraria Solmar - Livraria online\" \/>\n<meta property=\"og:description\" content=\"Aguardam-te barulhinhos e risadas garantidas neste mais recente livro da cole\u00e7\u00e3o do Tenho mesmo, mesmo de fazer chichi! Prap! Pfu\u00f3! Oh, oh! O nosso amigo g\u00e1lago precisa de fazer coc\u00f3. Ele est\u00e1 aflit\u00edssimo e precisa de encontrar uma casa de banho urgentemente! Mas todas as que encontra ou s\u00e3o pequenas ou est\u00e3o ocupadas\u2026 Ser\u00e1 que ir\u00e1 safar-se?\" \/>\n<meta property=\"og:url\" content=\"https:\/\/livrariasolmar.pt\/produto\/tenho-mesmo-mesmo-de-fazer-coco\/\" \/>\n<meta property=\"og:site_name\" content=\"Livraria Solmar - Livraria online\" \/>\n<meta property=\"article:modified_time\" content=\"2024-08-07T17:22:47+00:00\" \/>\n<meta property=\"og:image\" content=\"https:\/\/livrariasolmar.pt\/wp-content\/uploads\/2024\/06\/500_9789727933402_capa.jpg\" \/>\n\t<meta property=\"og:image:width\" content=\"441\" \/>\n\t<meta property=\"og:image:height\" content=\"500\" \/>\n<meta name=\"twitter:card\" content=\"summary_large_image\" \/>\n<script type=\"application\/ld+json\" class=\"yoast-schema-graph\">{\"@context\":\"https:\/\/schema.org\",\"@graph\":[{\"@type\":\"WebSite\",\"@id\":\"https:\/\/livrariasolmar.pt\/#website\",\"url\":\"https:\/\/livrariasolmar.pt\/\",\"name\":\"Livraria Solmar - Livraria online\",\"description\":\"Com\\u00e9rcio Livros E Objetos De Arte, Lda - Ponta Delgada, A\\u00e7ores\",\"potentialAction\":[{\"@type\":\"SearchAction\",\"target\":{\"@type\":\"EntryPoint\",\"urlTemplate\":\"https:\/\/livrariasolmar.pt\/?s={search_term_string}\"},\"query-input\":\"required name=search_term_string\"}],\"inLanguage\":\"en-US\"},{\"@type\":\"ImageObject\",\"@id\":\"https:\/\/livrariasolmar.pt\/produto\/tenho-mesmo-mesmo-de-fazer-coco\/#primaryimage\",\"inLanguage\":\"en-US\",\"url\":\"https:\/\/livrariasolmar.pt\/wp-content\/uploads\/2024\/06\/500_9789727933402_capa.jpg\",\"contentUrl\":\"https:\/\/livrariasolmar.pt\/wp-content\/uploads\/2024\/06\/500_9789727933402_capa.jpg\",\"width\":441,\"height\":500},{\"@type\":\"WebPage\",\"@id\":\"https:\/\/livrariasolmar.pt\/produto\/tenho-mesmo-mesmo-de-fazer-coco\/#webpage\",\"url\":\"https:\/\/livrariasolmar.pt\/produto\/tenho-mesmo-mesmo-de-fazer-coco\/\",\"name\":\"Tenho Mesmo, Mesmo de Fazer Coc\\u00f3! - Livraria Solmar - Livraria online\",\"isPartOf\":{\"@id\":\"https:\/\/livrariasolmar.pt\/#website\"},\"primaryImageOfPage\":{\"@id\":\"https:\/\/livrariasolmar.pt\/produto\/tenho-mesmo-mesmo-de-fazer-coco\/#primaryimage\"},\"datePublished\":\"2024-06-18T16:19:30+00:00\",\"dateModified\":\"2024-08-07T17:22:47+00:00\",\"breadcrumb\":{\"@id\":\"https:\/\/livrariasolmar.pt\/produto\/tenho-mesmo-mesmo-de-fazer-coco\/#breadcrumb\"},\"inLanguage\":\"en-US\",\"potentialAction\":[{\"@type\":\"ReadAction\",\"target\":[\"https:\/\/livrariasolmar.pt\/produto\/tenho-mesmo-mesmo-de-fazer-coco\/\"]}]},{\"@type\":\"BreadcrumbList\",\"@id\":\"https:\/\/livrariasolmar.pt\/produto\/tenho-mesmo-mesmo-de-fazer-coco\/#breadcrumb\",\"itemListElement\":[{\"@type\":\"ListItem\",\"position\":1,\"name\":\"In\\u00edcio\",\"item\":\"https:\/\/livrariasolmar.pt\/en\/\"},{\"@type\":\"ListItem\",\"position\":2,\"name\":\"Shop\",\"item\":\"https:\/\/livrariasolmar.pt\/en\/shop\/\"},{\"@type\":\"ListItem\",\"position\":3,\"name\":\"Tenho Mesmo, Mesmo de Fazer Coc\\u00f3!\"}]}]}<\/script>\n<!-- \/ Yoast SEO plugin. -->","_links":{"self":[{"href":"https:\/\/livrariasolmar.pt\/en\/wp-json\/wp\/v2\/product\/9137"}],"collection":[{"href":"https:\/\/livrariasolmar.pt\/en\/wp-json\/wp\/v2\/product"}],"about":[{"href":"https:\/\/livrariasolmar.pt\/en\/wp-json\/wp\/v2\/types\/product"}],"author":[{"embeddable":true,"href":"https:\/\/livrariasolmar.pt\/en\/wp-json\/wp\/v2\/users\/2"}],"wp:featuredmedia":[{"embeddable":true,"href":"https:\/\/livrariasolmar.pt\/en\/wp-json\/wp\/v2\/media\/9138"}],"wp:attachment":[{"href":"https:\/\/livrariasolmar.pt\/en\/wp-json\/wp\/v2\/media?parent=9137"}],"wp:term":[{"taxonomy":"product_cat","embeddable":true,"href":"https:\/\/livrariasolmar.pt\/en\/wp-json\/wp\/v2\/product_cat?post=9137"},{"taxonomy":"product_tag","embeddable":true,"href":"https:\/\/livrariasolmar.pt\/en\/wp-json\/wp\/v2\/product_tag?post=9137"},{"taxonomy":"cat_produtos","embeddable":true,"href":"https:\/\/livrariasolmar.pt\/en\/wp-json\/wp\/v2\/cat_produtos?post=9137"}],"curies":[{"name":"wp","href":"https:\/\/api.w.org\/{rel}","templated":true}]}}