{"id":9150,"date":"2024-06-19T14:51:07","date_gmt":"2024-06-19T14:51:07","guid":{"rendered":"https:\/\/livrariasolmar.pt\/?post_type=product&#038;p=9150"},"modified":"2026-02-19T18:29:26","modified_gmt":"2026-02-19T18:29:26","slug":"o-futuro-recordado","status":"publish","type":"product","link":"https:\/\/livrariasolmar.pt\/en\/produto\/o-futuro-recordado\/","title":{"rendered":"O Futuro Recordado"},"content":{"rendered":"","protected":false},"excerpt":{"rendered":"<p>A aparente contradi\u00e7\u00e3o do t\u00edtulo deste livro \u00e9 a premissa central dos curtos ensaios que cont\u00e9m: a certeza de que em cada passo que damos h\u00e1 a marca de um mundo que parece ter ficado para tr\u00e1s no tempo, mas que vive e respira em cada um dos nossos gestos e ideias.<\/p>\n<p>Recorrendo aos temas quotidianos da vida atual, Irene Vallejo elabora pequenas pe\u00e7as liter\u00e1rias em que recria um banquete imagin\u00e1rio, dialogando com v\u00e1rias personalidades hist\u00f3ricas e com a cultura que elas nos deixaram. S\u00e3o ao mesmo tempo um caudal de erudi\u00e7\u00e3o despretensiosa e uma homenagem \u00e0 arte subtil de contar hist\u00f3rias.<\/p>\n<p>Da filosofia \u00e0 geografia, da literatura ao desporto, da hist\u00f3ria ao quotidiano, estes exerc\u00edcios narrativos s\u00e3o pistas que nos ajudam a compreender melhor o mundo que habitamos e nos reconciliam com a mem\u00f3ria daqueles que, antes de n\u00f3s, se depararam com as quest\u00f5es que ainda hoje nos movem.<\/p>\n","protected":false},"author":2,"featured_media":9151,"template":"","meta":[],"product_cat":[153],"product_tag":[],"cat_produtos":[],"yoast_head":"<!-- This site is optimized with the Yoast SEO plugin v16.6 - https:\/\/yoast.com\/wordpress\/plugins\/seo\/ -->\n<title>O Futuro Recordado - Livraria Solmar - Livraria online<\/title>\n<meta name=\"robots\" content=\"index, follow, max-snippet:-1, max-image-preview:large, max-video-preview:-1\" \/>\n<link rel=\"canonical\" href=\"https:\/\/livrariasolmar.pt\/en\/produto\/o-futuro-recordado\/\" \/>\n<meta property=\"og:locale\" content=\"en_US\" \/>\n<meta property=\"og:type\" content=\"article\" \/>\n<meta property=\"og:title\" content=\"O Futuro Recordado - Livraria Solmar - Livraria online\" \/>\n<meta property=\"og:description\" content=\"A aparente contradi\u00e7\u00e3o do t\u00edtulo deste livro \u00e9 a premissa central dos curtos ensaios que cont\u00e9m: a certeza de que em cada passo que damos h\u00e1 a marca de um mundo que parece ter ficado para tr\u00e1s no tempo, mas que vive e respira em cada um dos nossos gestos e ideias.  Recorrendo aos temas quotidianos da vida atual, Irene Vallejo elabora pequenas pe\u00e7as liter\u00e1rias em que recria um banquete imagin\u00e1rio, dialogando com v\u00e1rias personalidades hist\u00f3ricas e com a cultura que elas nos deixaram. S\u00e3o ao mesmo tempo um caudal de erudi\u00e7\u00e3o despretensiosa e uma homenagem \u00e0 arte subtil de contar hist\u00f3rias.  Da filosofia \u00e0 geografia, da literatura ao desporto, da hist\u00f3ria ao quotidiano, estes exerc\u00edcios narrativos s\u00e3o pistas que nos ajudam a compreender melhor o mundo que habitamos e nos reconciliam com a mem\u00f3ria daqueles que, antes de n\u00f3s, se depararam com as quest\u00f5es que ainda hoje nos movem.\" \/>\n<meta property=\"og:url\" content=\"https:\/\/livrariasolmar.pt\/produto\/o-futuro-recordado\/\" \/>\n<meta property=\"og:site_name\" content=\"Livraria Solmar - Livraria online\" \/>\n<meta property=\"article:modified_time\" content=\"2026-02-19T18:29:26+00:00\" \/>\n<meta property=\"og:image\" content=\"https:\/\/livrariasolmar.pt\/wp-content\/uploads\/2024\/06\/500_9789722546881_capa.jpg\" \/>\n\t<meta property=\"og:image:width\" content=\"317\" \/>\n\t<meta property=\"og:image:height\" content=\"500\" \/>\n<meta name=\"twitter:card\" content=\"summary_large_image\" \/>\n<script type=\"application\/ld+json\" class=\"yoast-schema-graph\">{\"@context\":\"https:\/\/schema.org\",\"@graph\":[{\"@type\":\"WebSite\",\"@id\":\"https:\/\/livrariasolmar.pt\/#website\",\"url\":\"https:\/\/livrariasolmar.pt\/\",\"name\":\"Livraria Solmar - Livraria online\",\"description\":\"Com\\u00e9rcio Livros E Objetos De Arte, Lda - Ponta Delgada, A\\u00e7ores\",\"potentialAction\":[{\"@type\":\"SearchAction\",\"target\":{\"@type\":\"EntryPoint\",\"urlTemplate\":\"https:\/\/livrariasolmar.pt\/?s={search_term_string}\"},\"query-input\":\"required name=search_term_string\"}],\"inLanguage\":\"en-US\"},{\"@type\":\"ImageObject\",\"@id\":\"https:\/\/livrariasolmar.pt\/produto\/o-futuro-recordado\/#primaryimage\",\"inLanguage\":\"en-US\",\"url\":\"https:\/\/livrariasolmar.pt\/wp-content\/uploads\/2024\/06\/500_9789722546881_capa.jpg\",\"contentUrl\":\"https:\/\/livrariasolmar.pt\/wp-content\/uploads\/2024\/06\/500_9789722546881_capa.jpg\",\"width\":317,\"height\":500},{\"@type\":\"WebPage\",\"@id\":\"https:\/\/livrariasolmar.pt\/produto\/o-futuro-recordado\/#webpage\",\"url\":\"https:\/\/livrariasolmar.pt\/produto\/o-futuro-recordado\/\",\"name\":\"O Futuro Recordado - Livraria Solmar - Livraria online\",\"isPartOf\":{\"@id\":\"https:\/\/livrariasolmar.pt\/#website\"},\"primaryImageOfPage\":{\"@id\":\"https:\/\/livrariasolmar.pt\/produto\/o-futuro-recordado\/#primaryimage\"},\"datePublished\":\"2024-06-19T14:51:07+00:00\",\"dateModified\":\"2026-02-19T18:29:26+00:00\",\"breadcrumb\":{\"@id\":\"https:\/\/livrariasolmar.pt\/produto\/o-futuro-recordado\/#breadcrumb\"},\"inLanguage\":\"en-US\",\"potentialAction\":[{\"@type\":\"ReadAction\",\"target\":[\"https:\/\/livrariasolmar.pt\/produto\/o-futuro-recordado\/\"]}]},{\"@type\":\"BreadcrumbList\",\"@id\":\"https:\/\/livrariasolmar.pt\/produto\/o-futuro-recordado\/#breadcrumb\",\"itemListElement\":[{\"@type\":\"ListItem\",\"position\":1,\"name\":\"In\\u00edcio\",\"item\":\"https:\/\/livrariasolmar.pt\/en\/\"},{\"@type\":\"ListItem\",\"position\":2,\"name\":\"Shop\",\"item\":\"https:\/\/livrariasolmar.pt\/en\/shop\/\"},{\"@type\":\"ListItem\",\"position\":3,\"name\":\"O Futuro Recordado\"}]}]}<\/script>\n<!-- \/ Yoast SEO plugin. -->","_links":{"self":[{"href":"https:\/\/livrariasolmar.pt\/en\/wp-json\/wp\/v2\/product\/9150"}],"collection":[{"href":"https:\/\/livrariasolmar.pt\/en\/wp-json\/wp\/v2\/product"}],"about":[{"href":"https:\/\/livrariasolmar.pt\/en\/wp-json\/wp\/v2\/types\/product"}],"author":[{"embeddable":true,"href":"https:\/\/livrariasolmar.pt\/en\/wp-json\/wp\/v2\/users\/2"}],"wp:featuredmedia":[{"embeddable":true,"href":"https:\/\/livrariasolmar.pt\/en\/wp-json\/wp\/v2\/media\/9151"}],"wp:attachment":[{"href":"https:\/\/livrariasolmar.pt\/en\/wp-json\/wp\/v2\/media?parent=9150"}],"wp:term":[{"taxonomy":"product_cat","embeddable":true,"href":"https:\/\/livrariasolmar.pt\/en\/wp-json\/wp\/v2\/product_cat?post=9150"},{"taxonomy":"product_tag","embeddable":true,"href":"https:\/\/livrariasolmar.pt\/en\/wp-json\/wp\/v2\/product_tag?post=9150"},{"taxonomy":"cat_produtos","embeddable":true,"href":"https:\/\/livrariasolmar.pt\/en\/wp-json\/wp\/v2\/cat_produtos?post=9150"}],"curies":[{"name":"wp","href":"https:\/\/api.w.org\/{rel}","templated":true}]}}