{"id":9159,"date":"2024-06-19T16:00:57","date_gmt":"2024-06-19T16:00:57","guid":{"rendered":"https:\/\/livrariasolmar.pt\/?post_type=product&#038;p=9159"},"modified":"2024-06-25T18:46:53","modified_gmt":"2024-06-25T18:46:53","slug":"o-trono-dos-vencidos","status":"publish","type":"product","link":"https:\/\/livrariasolmar.pt\/en\/produto\/o-trono-dos-vencidos\/","title":{"rendered":"O Trono dos Vencidos"},"content":{"rendered":"","protected":false},"excerpt":{"rendered":"<p>Um pr\u00edncipe obscuro. Uma maldi\u00e7\u00e3o imposs\u00edvel.<br \/>\nE a mulher com o poder de o libertar.<\/p>\n<p>Pecador. Vil\u00e3o. Maldito. O Pr\u00edncipe Inveja nunca fingiu ser um santo. Mas quando recebe um misterioso bilhete, que assinala o come\u00e7o de um jogo mortal, compreende imediatamente que ser\u00e1 preciso mais do que uma pitada de pecado para vencer e salvar a sua corte demon\u00edaca da ru\u00edna. Enigmas, objetos tocados pela magia das trevas ou advers\u00e1rios desconhecidos, nada se atravessar\u00e1 no seu caminho, se bem que o seu meticuloso plano n\u00e3o o tenha preparado para ela. Ela, que incendeia nele o pecado e a paix\u00e3o como nenhuma outra alguma vez o fez\u2026<\/p>\n<p>Virtuosa. Ador\u00e1vel. Mentirosa. O problema dos canalhas e dos trapaceiros \u00e9 que n\u00e3o t\u00eam um pingo de honra, facto que Camilla Antonius descobre depois de um erro desesperado a colocar \u00e0 merc\u00ea da chantagem de um dos mais famosos libertinos de Waverly Green. Para evitar o esc\u00e2ndalo e a ru\u00edna, Camilla \u00e9 for\u00e7ada a entrar num acordo diab\u00f3lico com o Pr\u00edncipe que acaba de conhecer. O que n\u00e3o esperava \u00e9 que este jogo despertasse a sua verdadeira natureza\u2026<\/p>\n<p>Juntos, v\u00e3o embarcar numa perigosa viagem pelo submundo &#8211; desde as cintilantes cortes demon\u00edacas at\u00e9 ao sensual reino dos vampiros, e mais al\u00e9m -, enquanto tentam evitar a armadilha mais perigosa de todas: o amor.<\/p>\n","protected":false},"author":2,"featured_media":9160,"template":"","meta":[],"product_cat":[160],"product_tag":[],"cat_produtos":[],"yoast_head":"<!-- This site is optimized with the Yoast SEO plugin v16.6 - https:\/\/yoast.com\/wordpress\/plugins\/seo\/ -->\n<title>O Trono dos Vencidos - Livraria Solmar - Livraria online<\/title>\n<meta name=\"robots\" content=\"index, follow, max-snippet:-1, max-image-preview:large, max-video-preview:-1\" \/>\n<link rel=\"canonical\" href=\"https:\/\/livrariasolmar.pt\/en\/produto\/o-trono-dos-vencidos\/\" \/>\n<meta property=\"og:locale\" content=\"en_US\" \/>\n<meta property=\"og:type\" content=\"article\" \/>\n<meta property=\"og:title\" content=\"O Trono dos Vencidos - Livraria Solmar - Livraria online\" \/>\n<meta property=\"og:description\" content=\"Um pr\u00edncipe obscuro. Uma maldi\u00e7\u00e3o imposs\u00edvel. E a mulher com o poder de o libertar.  Pecador. Vil\u00e3o. Maldito. O Pr\u00edncipe Inveja nunca fingiu ser um santo. Mas quando recebe um misterioso bilhete, que assinala o come\u00e7o de um jogo mortal, compreende imediatamente que ser\u00e1 preciso mais do que uma pitada de pecado para vencer e salvar a sua corte demon\u00edaca da ru\u00edna. Enigmas, objetos tocados pela magia das trevas ou advers\u00e1rios desconhecidos, nada se atravessar\u00e1 no seu caminho, se bem que o seu meticuloso plano n\u00e3o o tenha preparado para ela. Ela, que incendeia nele o pecado e a paix\u00e3o como nenhuma outra alguma vez o fez\u2026  Virtuosa. Ador\u00e1vel. Mentirosa. O problema dos canalhas e dos trapaceiros \u00e9 que n\u00e3o t\u00eam um pingo de honra, facto que Camilla Antonius descobre depois de um erro desesperado a colocar \u00e0 merc\u00ea da chantagem de um dos mais famosos libertinos de Waverly Green. Para evitar o esc\u00e2ndalo e a ru\u00edna, Camilla \u00e9 for\u00e7ada a entrar num acordo diab\u00f3lico com o Pr\u00edncipe que acaba de conhecer. O que n\u00e3o esperava \u00e9 que este jogo despertasse a sua verdadeira natureza\u2026  Juntos, v\u00e3o embarcar numa perigosa viagem pelo submundo - desde as cintilantes cortes demon\u00edacas at\u00e9 ao sensual reino dos vampiros, e mais al\u00e9m -, enquanto tentam evitar a armadilha mais perigosa de todas: o amor.\" \/>\n<meta property=\"og:url\" content=\"https:\/\/livrariasolmar.pt\/produto\/o-trono-dos-vencidos\/\" \/>\n<meta property=\"og:site_name\" content=\"Livraria Solmar - Livraria online\" \/>\n<meta property=\"article:modified_time\" content=\"2024-06-25T18:46:53+00:00\" \/>\n<meta property=\"og:image\" content=\"https:\/\/livrariasolmar.pt\/wp-content\/uploads\/2024\/06\/1540-1-1.jpg\" \/>\n\t<meta property=\"og:image:width\" content=\"340\" \/>\n\t<meta property=\"og:image:height\" content=\"340\" \/>\n<meta name=\"twitter:card\" content=\"summary_large_image\" \/>\n<script type=\"application\/ld+json\" class=\"yoast-schema-graph\">{\"@context\":\"https:\/\/schema.org\",\"@graph\":[{\"@type\":\"WebSite\",\"@id\":\"https:\/\/livrariasolmar.pt\/#website\",\"url\":\"https:\/\/livrariasolmar.pt\/\",\"name\":\"Livraria Solmar - Livraria online\",\"description\":\"Com\\u00e9rcio Livros E Objetos De Arte, Lda - Ponta Delgada, A\\u00e7ores\",\"potentialAction\":[{\"@type\":\"SearchAction\",\"target\":{\"@type\":\"EntryPoint\",\"urlTemplate\":\"https:\/\/livrariasolmar.pt\/?s={search_term_string}\"},\"query-input\":\"required name=search_term_string\"}],\"inLanguage\":\"en-US\"},{\"@type\":\"ImageObject\",\"@id\":\"https:\/\/livrariasolmar.pt\/produto\/o-trono-dos-vencidos\/#primaryimage\",\"inLanguage\":\"en-US\",\"url\":\"https:\/\/livrariasolmar.pt\/wp-content\/uploads\/2024\/06\/1540-1-1.jpg\",\"contentUrl\":\"https:\/\/livrariasolmar.pt\/wp-content\/uploads\/2024\/06\/1540-1-1.jpg\",\"width\":340,\"height\":340},{\"@type\":\"WebPage\",\"@id\":\"https:\/\/livrariasolmar.pt\/produto\/o-trono-dos-vencidos\/#webpage\",\"url\":\"https:\/\/livrariasolmar.pt\/produto\/o-trono-dos-vencidos\/\",\"name\":\"O Trono dos Vencidos - Livraria Solmar - Livraria online\",\"isPartOf\":{\"@id\":\"https:\/\/livrariasolmar.pt\/#website\"},\"primaryImageOfPage\":{\"@id\":\"https:\/\/livrariasolmar.pt\/produto\/o-trono-dos-vencidos\/#primaryimage\"},\"datePublished\":\"2024-06-19T16:00:57+00:00\",\"dateModified\":\"2024-06-25T18:46:53+00:00\",\"breadcrumb\":{\"@id\":\"https:\/\/livrariasolmar.pt\/produto\/o-trono-dos-vencidos\/#breadcrumb\"},\"inLanguage\":\"en-US\",\"potentialAction\":[{\"@type\":\"ReadAction\",\"target\":[\"https:\/\/livrariasolmar.pt\/produto\/o-trono-dos-vencidos\/\"]}]},{\"@type\":\"BreadcrumbList\",\"@id\":\"https:\/\/livrariasolmar.pt\/produto\/o-trono-dos-vencidos\/#breadcrumb\",\"itemListElement\":[{\"@type\":\"ListItem\",\"position\":1,\"name\":\"In\\u00edcio\",\"item\":\"https:\/\/livrariasolmar.pt\/en\/\"},{\"@type\":\"ListItem\",\"position\":2,\"name\":\"Shop\",\"item\":\"https:\/\/livrariasolmar.pt\/en\/shop\/\"},{\"@type\":\"ListItem\",\"position\":3,\"name\":\"O Trono dos Vencidos\"}]}]}<\/script>\n<!-- \/ Yoast SEO plugin. -->","_links":{"self":[{"href":"https:\/\/livrariasolmar.pt\/en\/wp-json\/wp\/v2\/product\/9159"}],"collection":[{"href":"https:\/\/livrariasolmar.pt\/en\/wp-json\/wp\/v2\/product"}],"about":[{"href":"https:\/\/livrariasolmar.pt\/en\/wp-json\/wp\/v2\/types\/product"}],"author":[{"embeddable":true,"href":"https:\/\/livrariasolmar.pt\/en\/wp-json\/wp\/v2\/users\/2"}],"wp:featuredmedia":[{"embeddable":true,"href":"https:\/\/livrariasolmar.pt\/en\/wp-json\/wp\/v2\/media\/9160"}],"wp:attachment":[{"href":"https:\/\/livrariasolmar.pt\/en\/wp-json\/wp\/v2\/media?parent=9159"}],"wp:term":[{"taxonomy":"product_cat","embeddable":true,"href":"https:\/\/livrariasolmar.pt\/en\/wp-json\/wp\/v2\/product_cat?post=9159"},{"taxonomy":"product_tag","embeddable":true,"href":"https:\/\/livrariasolmar.pt\/en\/wp-json\/wp\/v2\/product_tag?post=9159"},{"taxonomy":"cat_produtos","embeddable":true,"href":"https:\/\/livrariasolmar.pt\/en\/wp-json\/wp\/v2\/cat_produtos?post=9159"}],"curies":[{"name":"wp","href":"https:\/\/api.w.org\/{rel}","templated":true}]}}