{"id":9162,"date":"2024-06-19T16:09:49","date_gmt":"2024-06-19T16:09:49","guid":{"rendered":"https:\/\/livrariasolmar.pt\/?post_type=product&#038;p=9162"},"modified":"2024-10-07T18:06:58","modified_gmt":"2024-10-07T18:06:58","slug":"a-forca-das-sentencas","status":"publish","type":"product","link":"https:\/\/livrariasolmar.pt\/en\/produto\/a-forca-das-sentencas\/","title":{"rendered":"A For\u00e7a das Senten\u00e7as"},"content":{"rendered":"","protected":false},"excerpt":{"rendered":"<p>O reputado professor Penedo Quental \u00e9 diagnosticado com a doen\u00e7a de Alzheimer pouco tempo depois de perder a esposa.<br \/>\nComo homem habituado a rotinas, incluindo a ambi\u00e7\u00e3o pela escrita, v\u00ea-se obrigado a mudar de casa e de ritmos, a adotar um c\u00e3o e a lidar com uma cuidadora problem\u00e1tica.<\/p>\n<p>Na primeira pessoa, descreve os duelos da enfermidade com um olhar sarc\u00e1stico e em estado de nega\u00e7\u00e3o. Mas, ao experimentar uma cama de rede que surge misteriosamente no pr\u00f3prio quintal, viaja para o passado e revive as mem\u00f3rias que tem horror de perder. Ou ser\u00e1 que n\u00e3o s\u00e3o mem\u00f3rias?<\/p>\n<p>A For\u00e7a das Senten\u00e7as \u00e9 um olhar descontra\u00eddo sobre o fardo do diagn\u00f3stico e dos seus r\u00f3tulos na sociedade atual. Sugere uma profunda reflex\u00e3o sobre a import\u00e2ncia da mem\u00f3ria na nossa defini\u00e7\u00e3o de individualidade.<br \/>\nVencedor do Pr\u00e9mio Liter\u00e1rio Manuel Teixeira Gomes.<\/p>\n","protected":false},"author":2,"featured_media":9163,"template":"","meta":[],"product_cat":[146],"product_tag":[],"cat_produtos":[],"yoast_head":"<!-- This site is optimized with the Yoast SEO plugin v16.6 - https:\/\/yoast.com\/wordpress\/plugins\/seo\/ -->\n<title>A For\u00e7a das Senten\u00e7as - Livraria Solmar - Livraria online<\/title>\n<meta name=\"robots\" content=\"index, follow, max-snippet:-1, max-image-preview:large, max-video-preview:-1\" \/>\n<link rel=\"canonical\" href=\"https:\/\/livrariasolmar.pt\/en\/produto\/a-forca-das-sentencas\/\" \/>\n<meta property=\"og:locale\" content=\"en_US\" \/>\n<meta property=\"og:type\" content=\"article\" \/>\n<meta property=\"og:title\" content=\"A For\u00e7a das Senten\u00e7as - Livraria Solmar - Livraria online\" \/>\n<meta property=\"og:description\" content=\"O reputado professor Penedo Quental \u00e9 diagnosticado com a doen\u00e7a de Alzheimer pouco tempo depois de perder a esposa. Como homem habituado a rotinas, incluindo a ambi\u00e7\u00e3o pela escrita, v\u00ea-se obrigado a mudar de casa e de ritmos, a adotar um c\u00e3o e a lidar com uma cuidadora problem\u00e1tica.  Na primeira pessoa, descreve os duelos da enfermidade com um olhar sarc\u00e1stico e em estado de nega\u00e7\u00e3o. Mas, ao experimentar uma cama de rede que surge misteriosamente no pr\u00f3prio quintal, viaja para o passado e revive as mem\u00f3rias que tem horror de perder. Ou ser\u00e1 que n\u00e3o s\u00e3o mem\u00f3rias?  A For\u00e7a das Senten\u00e7as \u00e9 um olhar descontra\u00eddo sobre o fardo do diagn\u00f3stico e dos seus r\u00f3tulos na sociedade atual. Sugere uma profunda reflex\u00e3o sobre a import\u00e2ncia da mem\u00f3ria na nossa defini\u00e7\u00e3o de individualidade. Vencedor do Pr\u00e9mio Liter\u00e1rio Manuel Teixeira Gomes.\" \/>\n<meta property=\"og:url\" content=\"https:\/\/livrariasolmar.pt\/produto\/a-forca-das-sentencas\/\" \/>\n<meta property=\"og:site_name\" content=\"Livraria Solmar - Livraria online\" \/>\n<meta property=\"article:modified_time\" content=\"2024-10-07T18:06:58+00:00\" \/>\n<meta property=\"og:image\" content=\"https:\/\/livrariasolmar.pt\/wp-content\/uploads\/2024\/06\/500_9789895770779_capa.jpg\" \/>\n\t<meta property=\"og:image:width\" content=\"327\" \/>\n\t<meta property=\"og:image:height\" content=\"500\" \/>\n<meta name=\"twitter:card\" content=\"summary_large_image\" \/>\n<script type=\"application\/ld+json\" class=\"yoast-schema-graph\">{\"@context\":\"https:\/\/schema.org\",\"@graph\":[{\"@type\":\"WebSite\",\"@id\":\"https:\/\/livrariasolmar.pt\/#website\",\"url\":\"https:\/\/livrariasolmar.pt\/\",\"name\":\"Livraria Solmar - Livraria online\",\"description\":\"Com\\u00e9rcio Livros E Objetos De Arte, Lda - Ponta Delgada, A\\u00e7ores\",\"potentialAction\":[{\"@type\":\"SearchAction\",\"target\":{\"@type\":\"EntryPoint\",\"urlTemplate\":\"https:\/\/livrariasolmar.pt\/?s={search_term_string}\"},\"query-input\":\"required name=search_term_string\"}],\"inLanguage\":\"en-US\"},{\"@type\":\"ImageObject\",\"@id\":\"https:\/\/livrariasolmar.pt\/produto\/a-forca-das-sentencas\/#primaryimage\",\"inLanguage\":\"en-US\",\"url\":\"https:\/\/livrariasolmar.pt\/wp-content\/uploads\/2024\/06\/500_9789895770779_capa.jpg\",\"contentUrl\":\"https:\/\/livrariasolmar.pt\/wp-content\/uploads\/2024\/06\/500_9789895770779_capa.jpg\",\"width\":327,\"height\":500},{\"@type\":\"WebPage\",\"@id\":\"https:\/\/livrariasolmar.pt\/produto\/a-forca-das-sentencas\/#webpage\",\"url\":\"https:\/\/livrariasolmar.pt\/produto\/a-forca-das-sentencas\/\",\"name\":\"A For\\u00e7a das Senten\\u00e7as - Livraria Solmar - Livraria online\",\"isPartOf\":{\"@id\":\"https:\/\/livrariasolmar.pt\/#website\"},\"primaryImageOfPage\":{\"@id\":\"https:\/\/livrariasolmar.pt\/produto\/a-forca-das-sentencas\/#primaryimage\"},\"datePublished\":\"2024-06-19T16:09:49+00:00\",\"dateModified\":\"2024-10-07T18:06:58+00:00\",\"breadcrumb\":{\"@id\":\"https:\/\/livrariasolmar.pt\/produto\/a-forca-das-sentencas\/#breadcrumb\"},\"inLanguage\":\"en-US\",\"potentialAction\":[{\"@type\":\"ReadAction\",\"target\":[\"https:\/\/livrariasolmar.pt\/produto\/a-forca-das-sentencas\/\"]}]},{\"@type\":\"BreadcrumbList\",\"@id\":\"https:\/\/livrariasolmar.pt\/produto\/a-forca-das-sentencas\/#breadcrumb\",\"itemListElement\":[{\"@type\":\"ListItem\",\"position\":1,\"name\":\"In\\u00edcio\",\"item\":\"https:\/\/livrariasolmar.pt\/en\/\"},{\"@type\":\"ListItem\",\"position\":2,\"name\":\"Shop\",\"item\":\"https:\/\/livrariasolmar.pt\/en\/shop\/\"},{\"@type\":\"ListItem\",\"position\":3,\"name\":\"A For\\u00e7a das Senten\\u00e7as\"}]}]}<\/script>\n<!-- \/ Yoast SEO plugin. -->","_links":{"self":[{"href":"https:\/\/livrariasolmar.pt\/en\/wp-json\/wp\/v2\/product\/9162"}],"collection":[{"href":"https:\/\/livrariasolmar.pt\/en\/wp-json\/wp\/v2\/product"}],"about":[{"href":"https:\/\/livrariasolmar.pt\/en\/wp-json\/wp\/v2\/types\/product"}],"author":[{"embeddable":true,"href":"https:\/\/livrariasolmar.pt\/en\/wp-json\/wp\/v2\/users\/2"}],"wp:featuredmedia":[{"embeddable":true,"href":"https:\/\/livrariasolmar.pt\/en\/wp-json\/wp\/v2\/media\/9163"}],"wp:attachment":[{"href":"https:\/\/livrariasolmar.pt\/en\/wp-json\/wp\/v2\/media?parent=9162"}],"wp:term":[{"taxonomy":"product_cat","embeddable":true,"href":"https:\/\/livrariasolmar.pt\/en\/wp-json\/wp\/v2\/product_cat?post=9162"},{"taxonomy":"product_tag","embeddable":true,"href":"https:\/\/livrariasolmar.pt\/en\/wp-json\/wp\/v2\/product_tag?post=9162"},{"taxonomy":"cat_produtos","embeddable":true,"href":"https:\/\/livrariasolmar.pt\/en\/wp-json\/wp\/v2\/cat_produtos?post=9162"}],"curies":[{"name":"wp","href":"https:\/\/api.w.org\/{rel}","templated":true}]}}