{"id":9168,"date":"2024-06-19T16:33:31","date_gmt":"2024-06-19T16:33:31","guid":{"rendered":"https:\/\/livrariasolmar.pt\/?post_type=product&#038;p=9168"},"modified":"2024-08-12T17:24:58","modified_gmt":"2024-08-12T17:24:58","slug":"poesia-antologia-minima","status":"publish","type":"product","link":"https:\/\/livrariasolmar.pt\/en\/produto\/poesia-antologia-minima\/","title":{"rendered":"Poesia &#8211; Antologia M\u00ednima"},"content":{"rendered":"","protected":false},"excerpt":{"rendered":"<p>Nos \u00faltimos anos, Fernando Pessoa passou a fazer parte de um cen\u00e1rio urbano e comercial. \u00c9-nos mais familiar a cada dia que passa, mas tamb\u00e9m mais estranho, porque uma imagem que surge em tantas montras e tabuletas come\u00e7a a converter-se numa miragem. Neste contexto, \u00e9 preciso desaprender Pessoa, para citar Caeiro, e l\u00ea-lo como se o tiv\u00e9ssemos descoberto ontem. Esta antologia m\u00ednima da sua poesia (a contar com os heter\u00f3nimos, claro) destina-se a quem quer descobrir Pessoa, a quem o quer partilhar com outros, a quem quer passar um bom momento entre alguns dos mais espantosos versos do s\u00e9culo xx, escolhidos a dedo por quem conhece a fundo a vast\u00edssima obra do poeta. Nesta antologia vai encontrar a \u00abOde Mar\u00edtima\u00bb, a \u00abTabacaria\u00bb e outros poemas inilud\u00edveis, mas tamb\u00e9m alguns menos conhecidos, sempre acompanhados por uma imagem ilustrativa do tanto que o poeta deixou.<\/p>\n<p>Afinal, Pessoa tamb\u00e9m \u00e9 as suas arcas, esse arquivo que n\u00e3o deixa de surpreender mesmo quem j\u00e1 o anda a descobrir h\u00e1 muitos anos.<\/p>\n","protected":false},"author":2,"featured_media":9169,"template":"","meta":[],"product_cat":[162],"product_tag":[],"cat_produtos":[337],"yoast_head":"<!-- This site is optimized with the Yoast SEO plugin v16.6 - https:\/\/yoast.com\/wordpress\/plugins\/seo\/ -->\n<title>Poesia - Antologia M\u00ednima - Livraria Solmar - Livraria online<\/title>\n<meta name=\"robots\" content=\"index, follow, max-snippet:-1, max-image-preview:large, max-video-preview:-1\" \/>\n<link rel=\"canonical\" href=\"https:\/\/livrariasolmar.pt\/en\/produto\/poesia-antologia-minima\/\" \/>\n<meta property=\"og:locale\" content=\"en_US\" \/>\n<meta property=\"og:type\" content=\"article\" \/>\n<meta property=\"og:title\" content=\"Poesia - Antologia M\u00ednima - Livraria Solmar - Livraria online\" \/>\n<meta property=\"og:description\" content=\"Nos \u00faltimos anos, Fernando Pessoa passou a fazer parte de um cen\u00e1rio urbano e comercial. \u00c9-nos mais familiar a cada dia que passa, mas tamb\u00e9m mais estranho, porque uma imagem que surge em tantas montras e tabuletas come\u00e7a a converter-se numa miragem. Neste contexto, \u00e9 preciso desaprender Pessoa, para citar Caeiro, e l\u00ea-lo como se o tiv\u00e9ssemos descoberto ontem. Esta antologia m\u00ednima da sua poesia (a contar com os heter\u00f3nimos, claro) destina-se a quem quer descobrir Pessoa, a quem o quer partilhar com outros, a quem quer passar um bom momento entre alguns dos mais espantosos versos do s\u00e9culo xx, escolhidos a dedo por quem conhece a fundo a vast\u00edssima obra do poeta. Nesta antologia vai encontrar a \u00abOde Mar\u00edtima\u00bb, a \u00abTabacaria\u00bb e outros poemas inilud\u00edveis, mas tamb\u00e9m alguns menos conhecidos, sempre acompanhados por uma imagem ilustrativa do tanto que o poeta deixou.  Afinal, Pessoa tamb\u00e9m \u00e9 as suas arcas, esse arquivo que n\u00e3o deixa de surpreender mesmo quem j\u00e1 o anda a descobrir h\u00e1 muitos anos.\" \/>\n<meta property=\"og:url\" content=\"https:\/\/livrariasolmar.pt\/produto\/poesia-antologia-minima\/\" \/>\n<meta property=\"og:site_name\" content=\"Livraria Solmar - Livraria online\" \/>\n<meta property=\"article:modified_time\" content=\"2024-08-12T17:24:58+00:00\" \/>\n<meta property=\"og:image\" content=\"https:\/\/livrariasolmar.pt\/wp-content\/uploads\/2024\/06\/500_9789896714543_poesia_antologia_minima.jpg\" \/>\n\t<meta property=\"og:image:width\" content=\"500\" \/>\n\t<meta property=\"og:image:height\" content=\"500\" \/>\n<meta name=\"twitter:card\" content=\"summary_large_image\" \/>\n<script type=\"application\/ld+json\" class=\"yoast-schema-graph\">{\"@context\":\"https:\/\/schema.org\",\"@graph\":[{\"@type\":\"WebSite\",\"@id\":\"https:\/\/livrariasolmar.pt\/#website\",\"url\":\"https:\/\/livrariasolmar.pt\/\",\"name\":\"Livraria Solmar - Livraria online\",\"description\":\"Com\\u00e9rcio Livros E Objetos De Arte, Lda - Ponta Delgada, A\\u00e7ores\",\"potentialAction\":[{\"@type\":\"SearchAction\",\"target\":{\"@type\":\"EntryPoint\",\"urlTemplate\":\"https:\/\/livrariasolmar.pt\/?s={search_term_string}\"},\"query-input\":\"required name=search_term_string\"}],\"inLanguage\":\"en-US\"},{\"@type\":\"ImageObject\",\"@id\":\"https:\/\/livrariasolmar.pt\/produto\/poesia-antologia-minima\/#primaryimage\",\"inLanguage\":\"en-US\",\"url\":\"https:\/\/livrariasolmar.pt\/wp-content\/uploads\/2024\/06\/500_9789896714543_poesia_antologia_minima.jpg\",\"contentUrl\":\"https:\/\/livrariasolmar.pt\/wp-content\/uploads\/2024\/06\/500_9789896714543_poesia_antologia_minima.jpg\",\"width\":500,\"height\":500},{\"@type\":\"WebPage\",\"@id\":\"https:\/\/livrariasolmar.pt\/produto\/poesia-antologia-minima\/#webpage\",\"url\":\"https:\/\/livrariasolmar.pt\/produto\/poesia-antologia-minima\/\",\"name\":\"Poesia - Antologia M\\u00ednima - Livraria Solmar - Livraria online\",\"isPartOf\":{\"@id\":\"https:\/\/livrariasolmar.pt\/#website\"},\"primaryImageOfPage\":{\"@id\":\"https:\/\/livrariasolmar.pt\/produto\/poesia-antologia-minima\/#primaryimage\"},\"datePublished\":\"2024-06-19T16:33:31+00:00\",\"dateModified\":\"2024-08-12T17:24:58+00:00\",\"breadcrumb\":{\"@id\":\"https:\/\/livrariasolmar.pt\/produto\/poesia-antologia-minima\/#breadcrumb\"},\"inLanguage\":\"en-US\",\"potentialAction\":[{\"@type\":\"ReadAction\",\"target\":[\"https:\/\/livrariasolmar.pt\/produto\/poesia-antologia-minima\/\"]}]},{\"@type\":\"BreadcrumbList\",\"@id\":\"https:\/\/livrariasolmar.pt\/produto\/poesia-antologia-minima\/#breadcrumb\",\"itemListElement\":[{\"@type\":\"ListItem\",\"position\":1,\"name\":\"In\\u00edcio\",\"item\":\"https:\/\/livrariasolmar.pt\/en\/\"},{\"@type\":\"ListItem\",\"position\":2,\"name\":\"Shop\",\"item\":\"https:\/\/livrariasolmar.pt\/en\/shop\/\"},{\"@type\":\"ListItem\",\"position\":3,\"name\":\"Poesia &#8211; Antologia M\\u00ednima\"}]}]}<\/script>\n<!-- \/ Yoast SEO plugin. -->","_links":{"self":[{"href":"https:\/\/livrariasolmar.pt\/en\/wp-json\/wp\/v2\/product\/9168"}],"collection":[{"href":"https:\/\/livrariasolmar.pt\/en\/wp-json\/wp\/v2\/product"}],"about":[{"href":"https:\/\/livrariasolmar.pt\/en\/wp-json\/wp\/v2\/types\/product"}],"author":[{"embeddable":true,"href":"https:\/\/livrariasolmar.pt\/en\/wp-json\/wp\/v2\/users\/2"}],"wp:featuredmedia":[{"embeddable":true,"href":"https:\/\/livrariasolmar.pt\/en\/wp-json\/wp\/v2\/media\/9169"}],"wp:attachment":[{"href":"https:\/\/livrariasolmar.pt\/en\/wp-json\/wp\/v2\/media?parent=9168"}],"wp:term":[{"taxonomy":"product_cat","embeddable":true,"href":"https:\/\/livrariasolmar.pt\/en\/wp-json\/wp\/v2\/product_cat?post=9168"},{"taxonomy":"product_tag","embeddable":true,"href":"https:\/\/livrariasolmar.pt\/en\/wp-json\/wp\/v2\/product_tag?post=9168"},{"taxonomy":"cat_produtos","embeddable":true,"href":"https:\/\/livrariasolmar.pt\/en\/wp-json\/wp\/v2\/cat_produtos?post=9168"}],"curies":[{"name":"wp","href":"https:\/\/api.w.org\/{rel}","templated":true}]}}