{"id":9171,"date":"2024-06-19T16:46:28","date_gmt":"2024-06-19T16:46:28","guid":{"rendered":"https:\/\/livrariasolmar.pt\/?post_type=product&#038;p=9171"},"modified":"2025-05-31T17:49:14","modified_gmt":"2025-05-31T17:49:14","slug":"obra-completa-de-alvaro-de-campos","status":"publish","type":"product","link":"https:\/\/livrariasolmar.pt\/en\/produto\/obra-completa-de-alvaro-de-campos\/","title":{"rendered":"Obra Completa de \u00c1lvaro de Campos"},"content":{"rendered":"","protected":false},"excerpt":{"rendered":"<p>Os tr\u00eas heter\u00f3nimos mais conhecidos de Fernando Pessoa.<\/p>\n<p>Tr\u00eas obras completas reunidas pela primeira vez em tr\u00eas volumes que j\u00e1 se tornaram de refer\u00eancia para os estudos pessoanos agora, pela primeira vez, a trilogia ganha novas vers\u00f5es de bolso, nas edi\u00e7\u00f5es de cantos redondos, com a ortografia actualizada (adequada tamb\u00e9m para o p\u00fablico escolar), mas com o rigor de sempre.<\/p>\n<p>Tr\u00eas novos livros de bolso na Colec\u00e7\u00e3o Pessoa, dirigida por Jer\u00f3nimo Pizarro<\/p>\n","protected":false},"author":2,"featured_media":9172,"template":"","meta":[],"product_cat":[162],"product_tag":[],"cat_produtos":[337],"yoast_head":"<!-- This site is optimized with the Yoast SEO plugin v16.6 - https:\/\/yoast.com\/wordpress\/plugins\/seo\/ -->\n<title>Obra Completa de \u00c1lvaro de Campos - Livraria Solmar - Livraria online<\/title>\n<meta name=\"robots\" content=\"index, follow, max-snippet:-1, max-image-preview:large, max-video-preview:-1\" \/>\n<link rel=\"canonical\" href=\"https:\/\/livrariasolmar.pt\/en\/produto\/obra-completa-de-alvaro-de-campos\/\" \/>\n<meta property=\"og:locale\" content=\"en_US\" \/>\n<meta property=\"og:type\" content=\"article\" \/>\n<meta property=\"og:title\" content=\"Obra Completa de \u00c1lvaro de Campos - Livraria Solmar - Livraria online\" \/>\n<meta property=\"og:description\" content=\"Os tr\u00eas heter\u00f3nimos mais conhecidos de Fernando Pessoa.  Tr\u00eas obras completas reunidas pela primeira vez em tr\u00eas volumes que j\u00e1 se tornaram de refer\u00eancia para os estudos pessoanos agora, pela primeira vez, a trilogia ganha novas vers\u00f5es de bolso, nas edi\u00e7\u00f5es de cantos redondos, com a ortografia actualizada (adequada tamb\u00e9m para o p\u00fablico escolar), mas com o rigor de sempre.  Tr\u00eas novos livros de bolso na Colec\u00e7\u00e3o Pessoa, dirigida por Jer\u00f3nimo Pizarro\" \/>\n<meta property=\"og:url\" content=\"https:\/\/livrariasolmar.pt\/produto\/obra-completa-de-alvaro-de-campos\/\" \/>\n<meta property=\"og:site_name\" content=\"Livraria Solmar - Livraria online\" \/>\n<meta property=\"article:modified_time\" content=\"2025-05-31T17:49:14+00:00\" \/>\n<meta property=\"og:image\" content=\"https:\/\/livrariasolmar.pt\/wp-content\/uploads\/2024\/06\/500_9789896715052_capa.jpg\" \/>\n\t<meta property=\"og:image:width\" content=\"400\" \/>\n\t<meta property=\"og:image:height\" content=\"500\" \/>\n<meta name=\"twitter:card\" content=\"summary_large_image\" \/>\n<script type=\"application\/ld+json\" class=\"yoast-schema-graph\">{\"@context\":\"https:\/\/schema.org\",\"@graph\":[{\"@type\":\"WebSite\",\"@id\":\"https:\/\/livrariasolmar.pt\/#website\",\"url\":\"https:\/\/livrariasolmar.pt\/\",\"name\":\"Livraria Solmar - Livraria online\",\"description\":\"Com\\u00e9rcio Livros E Objetos De Arte, Lda - Ponta Delgada, A\\u00e7ores\",\"potentialAction\":[{\"@type\":\"SearchAction\",\"target\":{\"@type\":\"EntryPoint\",\"urlTemplate\":\"https:\/\/livrariasolmar.pt\/?s={search_term_string}\"},\"query-input\":\"required name=search_term_string\"}],\"inLanguage\":\"en-US\"},{\"@type\":\"ImageObject\",\"@id\":\"https:\/\/livrariasolmar.pt\/produto\/obra-completa-de-alvaro-de-campos\/#primaryimage\",\"inLanguage\":\"en-US\",\"url\":\"https:\/\/livrariasolmar.pt\/wp-content\/uploads\/2024\/06\/500_9789896715052_capa.jpg\",\"contentUrl\":\"https:\/\/livrariasolmar.pt\/wp-content\/uploads\/2024\/06\/500_9789896715052_capa.jpg\",\"width\":400,\"height\":500},{\"@type\":\"WebPage\",\"@id\":\"https:\/\/livrariasolmar.pt\/produto\/obra-completa-de-alvaro-de-campos\/#webpage\",\"url\":\"https:\/\/livrariasolmar.pt\/produto\/obra-completa-de-alvaro-de-campos\/\",\"name\":\"Obra Completa de \\u00c1lvaro de Campos - Livraria Solmar - Livraria online\",\"isPartOf\":{\"@id\":\"https:\/\/livrariasolmar.pt\/#website\"},\"primaryImageOfPage\":{\"@id\":\"https:\/\/livrariasolmar.pt\/produto\/obra-completa-de-alvaro-de-campos\/#primaryimage\"},\"datePublished\":\"2024-06-19T16:46:28+00:00\",\"dateModified\":\"2025-05-31T17:49:14+00:00\",\"breadcrumb\":{\"@id\":\"https:\/\/livrariasolmar.pt\/produto\/obra-completa-de-alvaro-de-campos\/#breadcrumb\"},\"inLanguage\":\"en-US\",\"potentialAction\":[{\"@type\":\"ReadAction\",\"target\":[\"https:\/\/livrariasolmar.pt\/produto\/obra-completa-de-alvaro-de-campos\/\"]}]},{\"@type\":\"BreadcrumbList\",\"@id\":\"https:\/\/livrariasolmar.pt\/produto\/obra-completa-de-alvaro-de-campos\/#breadcrumb\",\"itemListElement\":[{\"@type\":\"ListItem\",\"position\":1,\"name\":\"In\\u00edcio\",\"item\":\"https:\/\/livrariasolmar.pt\/en\/\"},{\"@type\":\"ListItem\",\"position\":2,\"name\":\"Shop\",\"item\":\"https:\/\/livrariasolmar.pt\/en\/shop\/\"},{\"@type\":\"ListItem\",\"position\":3,\"name\":\"Obra Completa de \\u00c1lvaro de Campos\"}]}]}<\/script>\n<!-- \/ Yoast SEO plugin. -->","_links":{"self":[{"href":"https:\/\/livrariasolmar.pt\/en\/wp-json\/wp\/v2\/product\/9171"}],"collection":[{"href":"https:\/\/livrariasolmar.pt\/en\/wp-json\/wp\/v2\/product"}],"about":[{"href":"https:\/\/livrariasolmar.pt\/en\/wp-json\/wp\/v2\/types\/product"}],"author":[{"embeddable":true,"href":"https:\/\/livrariasolmar.pt\/en\/wp-json\/wp\/v2\/users\/2"}],"wp:featuredmedia":[{"embeddable":true,"href":"https:\/\/livrariasolmar.pt\/en\/wp-json\/wp\/v2\/media\/9172"}],"wp:attachment":[{"href":"https:\/\/livrariasolmar.pt\/en\/wp-json\/wp\/v2\/media?parent=9171"}],"wp:term":[{"taxonomy":"product_cat","embeddable":true,"href":"https:\/\/livrariasolmar.pt\/en\/wp-json\/wp\/v2\/product_cat?post=9171"},{"taxonomy":"product_tag","embeddable":true,"href":"https:\/\/livrariasolmar.pt\/en\/wp-json\/wp\/v2\/product_tag?post=9171"},{"taxonomy":"cat_produtos","embeddable":true,"href":"https:\/\/livrariasolmar.pt\/en\/wp-json\/wp\/v2\/cat_produtos?post=9171"}],"curies":[{"name":"wp","href":"https:\/\/api.w.org\/{rel}","templated":true}]}}