{"id":9177,"date":"2024-06-19T17:13:47","date_gmt":"2024-06-19T17:13:47","guid":{"rendered":"https:\/\/livrariasolmar.pt\/?post_type=product&#038;p=9177"},"modified":"2024-08-15T19:23:19","modified_gmt":"2024-08-15T19:23:19","slug":"historia-da-china","status":"publish","type":"product","link":"https:\/\/livrariasolmar.pt\/en\/produto\/historia-da-china\/","title":{"rendered":"Hist\u00f3ria da China"},"content":{"rendered":"","protected":false},"excerpt":{"rendered":"<p>Este livro conta o percurso da China desde os seus prim\u00f3rdios at\u00e9 \u00e0 transforma\u00e7\u00e3o em superpot\u00eancia econ\u00f3mica.<br \/>\nO autor percorre toda a hist\u00f3ria do pa\u00eds, das gloriosas dinastias Tang e Song, durante as quais nasceriam as grandes cidades chinesas, ao per\u00edodo de decl\u00ednio e do esfor\u00e7o ocidental para dominar este vasto territ\u00f3rio, incluindo os anos conturbados da Revolu\u00e7\u00e3o Chinesa e as mudan\u00e7as progressivas que foram ocorrendo desde os anos 70 at\u00e9 aos dias de hoje.<br \/>\nA transfer\u00eancia dos \u00faltimos territ\u00f3rios sob controlo ocidental para o governo chin\u00eas e o desenvolvimento fulminante da economia nas \u00faltimas d\u00e9cadas s\u00e3o os grandes temas abordados no final deste volume.<\/p>\n","protected":false},"author":2,"featured_media":9178,"template":"","meta":[],"product_cat":[366],"product_tag":[],"cat_produtos":[],"yoast_head":"<!-- This site is optimized with the Yoast SEO plugin v16.6 - https:\/\/yoast.com\/wordpress\/plugins\/seo\/ -->\n<title>Hist\u00f3ria da China - Livraria Solmar - Livraria online<\/title>\n<meta name=\"robots\" content=\"index, follow, max-snippet:-1, max-image-preview:large, max-video-preview:-1\" \/>\n<link rel=\"canonical\" href=\"https:\/\/livrariasolmar.pt\/en\/produto\/historia-da-china\/\" \/>\n<meta property=\"og:locale\" content=\"en_US\" \/>\n<meta property=\"og:type\" content=\"article\" \/>\n<meta property=\"og:title\" content=\"Hist\u00f3ria da China - Livraria Solmar - Livraria online\" \/>\n<meta property=\"og:description\" content=\"Este livro conta o percurso da China desde os seus prim\u00f3rdios at\u00e9 \u00e0 transforma\u00e7\u00e3o em superpot\u00eancia econ\u00f3mica. O autor percorre toda a hist\u00f3ria do pa\u00eds, das gloriosas dinastias Tang e Song, durante as quais nasceriam as grandes cidades chinesas, ao per\u00edodo de decl\u00ednio e do esfor\u00e7o ocidental para dominar este vasto territ\u00f3rio, incluindo os anos conturbados da Revolu\u00e7\u00e3o Chinesa e as mudan\u00e7as progressivas que foram ocorrendo desde os anos 70 at\u00e9 aos dias de hoje. A transfer\u00eancia dos \u00faltimos territ\u00f3rios sob controlo ocidental para o governo chin\u00eas e o desenvolvimento fulminante da economia nas \u00faltimas d\u00e9cadas s\u00e3o os grandes temas abordados no final deste volume.\" \/>\n<meta property=\"og:url\" content=\"https:\/\/livrariasolmar.pt\/produto\/historia-da-china\/\" \/>\n<meta property=\"og:site_name\" content=\"Livraria Solmar - Livraria online\" \/>\n<meta property=\"article:modified_time\" content=\"2024-08-15T19:23:19+00:00\" \/>\n<meta property=\"og:image\" content=\"https:\/\/livrariasolmar.pt\/wp-content\/uploads\/2024\/06\/Historia-da-China.jpg\" \/>\n\t<meta property=\"og:image:width\" content=\"340\" \/>\n\t<meta property=\"og:image:height\" content=\"340\" \/>\n<meta name=\"twitter:card\" content=\"summary_large_image\" \/>\n<script type=\"application\/ld+json\" class=\"yoast-schema-graph\">{\"@context\":\"https:\/\/schema.org\",\"@graph\":[{\"@type\":\"WebSite\",\"@id\":\"https:\/\/livrariasolmar.pt\/#website\",\"url\":\"https:\/\/livrariasolmar.pt\/\",\"name\":\"Livraria Solmar - Livraria online\",\"description\":\"Com\\u00e9rcio Livros E Objetos De Arte, Lda - Ponta Delgada, A\\u00e7ores\",\"potentialAction\":[{\"@type\":\"SearchAction\",\"target\":{\"@type\":\"EntryPoint\",\"urlTemplate\":\"https:\/\/livrariasolmar.pt\/?s={search_term_string}\"},\"query-input\":\"required name=search_term_string\"}],\"inLanguage\":\"en-US\"},{\"@type\":\"ImageObject\",\"@id\":\"https:\/\/livrariasolmar.pt\/produto\/historia-da-china\/#primaryimage\",\"inLanguage\":\"en-US\",\"url\":\"https:\/\/livrariasolmar.pt\/wp-content\/uploads\/2024\/06\/Historia-da-China.jpg\",\"contentUrl\":\"https:\/\/livrariasolmar.pt\/wp-content\/uploads\/2024\/06\/Historia-da-China.jpg\",\"width\":340,\"height\":340},{\"@type\":\"WebPage\",\"@id\":\"https:\/\/livrariasolmar.pt\/produto\/historia-da-china\/#webpage\",\"url\":\"https:\/\/livrariasolmar.pt\/produto\/historia-da-china\/\",\"name\":\"Hist\\u00f3ria da China - Livraria Solmar - Livraria online\",\"isPartOf\":{\"@id\":\"https:\/\/livrariasolmar.pt\/#website\"},\"primaryImageOfPage\":{\"@id\":\"https:\/\/livrariasolmar.pt\/produto\/historia-da-china\/#primaryimage\"},\"datePublished\":\"2024-06-19T17:13:47+00:00\",\"dateModified\":\"2024-08-15T19:23:19+00:00\",\"breadcrumb\":{\"@id\":\"https:\/\/livrariasolmar.pt\/produto\/historia-da-china\/#breadcrumb\"},\"inLanguage\":\"en-US\",\"potentialAction\":[{\"@type\":\"ReadAction\",\"target\":[\"https:\/\/livrariasolmar.pt\/produto\/historia-da-china\/\"]}]},{\"@type\":\"BreadcrumbList\",\"@id\":\"https:\/\/livrariasolmar.pt\/produto\/historia-da-china\/#breadcrumb\",\"itemListElement\":[{\"@type\":\"ListItem\",\"position\":1,\"name\":\"In\\u00edcio\",\"item\":\"https:\/\/livrariasolmar.pt\/en\/\"},{\"@type\":\"ListItem\",\"position\":2,\"name\":\"Shop\",\"item\":\"https:\/\/livrariasolmar.pt\/en\/shop\/\"},{\"@type\":\"ListItem\",\"position\":3,\"name\":\"Hist\\u00f3ria da China\"}]}]}<\/script>\n<!-- \/ Yoast SEO plugin. -->","_links":{"self":[{"href":"https:\/\/livrariasolmar.pt\/en\/wp-json\/wp\/v2\/product\/9177"}],"collection":[{"href":"https:\/\/livrariasolmar.pt\/en\/wp-json\/wp\/v2\/product"}],"about":[{"href":"https:\/\/livrariasolmar.pt\/en\/wp-json\/wp\/v2\/types\/product"}],"author":[{"embeddable":true,"href":"https:\/\/livrariasolmar.pt\/en\/wp-json\/wp\/v2\/users\/2"}],"wp:featuredmedia":[{"embeddable":true,"href":"https:\/\/livrariasolmar.pt\/en\/wp-json\/wp\/v2\/media\/9178"}],"wp:attachment":[{"href":"https:\/\/livrariasolmar.pt\/en\/wp-json\/wp\/v2\/media?parent=9177"}],"wp:term":[{"taxonomy":"product_cat","embeddable":true,"href":"https:\/\/livrariasolmar.pt\/en\/wp-json\/wp\/v2\/product_cat?post=9177"},{"taxonomy":"product_tag","embeddable":true,"href":"https:\/\/livrariasolmar.pt\/en\/wp-json\/wp\/v2\/product_tag?post=9177"},{"taxonomy":"cat_produtos","embeddable":true,"href":"https:\/\/livrariasolmar.pt\/en\/wp-json\/wp\/v2\/cat_produtos?post=9177"}],"curies":[{"name":"wp","href":"https:\/\/api.w.org\/{rel}","templated":true}]}}