{"id":9222,"date":"2024-06-20T17:57:50","date_gmt":"2024-06-20T17:57:50","guid":{"rendered":"https:\/\/livrariasolmar.pt\/?post_type=product&#038;p=9222"},"modified":"2024-08-07T16:02:36","modified_gmt":"2024-08-07T16:02:36","slug":"historia-do-fascismo-volume-i","status":"publish","type":"product","link":"https:\/\/livrariasolmar.pt\/en\/produto\/historia-do-fascismo-volume-i\/","title":{"rendered":"Hist\u00f3ria do Fascismo &#8211; Volume I"},"content":{"rendered":"","protected":false},"excerpt":{"rendered":"<p>Em 1944, um antifascista an\u00f3nimo publicou um panfleto cujo primeiro cap\u00edtulo se intitulava\u00a0<i>O fascismo nunca existiu<\/i>. Cinquenta anos mais tarde, um ilustre intelectual antifascista declarou:\u00a0<i>O fascismo \u00e9 eterno<\/i>.<\/p>\n<p>A hist\u00f3ria do fascismo foi muitas vezes contada para apoiar ou refutar uma teoria. Esta\u00a0<i>Hist\u00f3ria do Fascismo<\/i>\u00a0n\u00e3o pressup\u00f5e nem prop\u00f5e uma teoria. Conta os factos, tal como foi poss\u00edvel conhec\u00ea-los atrav\u00e9s de documentos.<\/p>\n<p>Sendo uma hist\u00f3ria e n\u00e3o uma cr\u00f3nica, o autor deu \u00eanfase \u00e0s pessoas, aos momentos, \u00e0s condi\u00e7\u00f5es e aos acontecimentos que mais contribu\u00edram para transformar o pequeno movimento de 1919 num regime totalit\u00e1rio em 1926, com tudo o que se seguiu nos dezanove anos seguintes.<\/p>\n<p>Neste Volume I, Emilio Gentile fala-nos dos fasces de combate, da mil\u00edcia, do primeiro ano da era fascista, do seu regime totalit\u00e1rio e das suas par\u00e1bolas &#8211; da\u00a0<i>pr\u00e1xis<\/i>\u00a0e cultura totalit\u00e1ria ao culto do Duce e \u00e0s vanguardas imperiais.<\/p>\n","protected":false},"author":2,"featured_media":9223,"template":"","meta":[],"product_cat":[366],"product_tag":[],"cat_produtos":[],"yoast_head":"<!-- This site is optimized with the Yoast SEO plugin v16.6 - https:\/\/yoast.com\/wordpress\/plugins\/seo\/ -->\n<title>Hist\u00f3ria do Fascismo - Volume I - Livraria Solmar - Livraria online<\/title>\n<meta name=\"robots\" content=\"index, follow, max-snippet:-1, max-image-preview:large, max-video-preview:-1\" \/>\n<link rel=\"canonical\" href=\"https:\/\/livrariasolmar.pt\/en\/produto\/historia-do-fascismo-volume-i\/\" \/>\n<meta property=\"og:locale\" content=\"en_US\" \/>\n<meta property=\"og:type\" content=\"article\" \/>\n<meta property=\"og:title\" content=\"Hist\u00f3ria do Fascismo - Volume I - Livraria Solmar - Livraria online\" \/>\n<meta property=\"og:description\" content=\"Em 1944, um antifascista an\u00f3nimo publicou um panfleto cujo primeiro cap\u00edtulo se intitulava\u00a0O fascismo nunca existiu. Cinquenta anos mais tarde, um ilustre intelectual antifascista declarou:\u00a0O fascismo \u00e9 eterno.  A hist\u00f3ria do fascismo foi muitas vezes contada para apoiar ou refutar uma teoria. Esta\u00a0Hist\u00f3ria do Fascismo\u00a0n\u00e3o pressup\u00f5e nem prop\u00f5e uma teoria. Conta os factos, tal como foi poss\u00edvel conhec\u00ea-los atrav\u00e9s de documentos.  Sendo uma hist\u00f3ria e n\u00e3o uma cr\u00f3nica, o autor deu \u00eanfase \u00e0s pessoas, aos momentos, \u00e0s condi\u00e7\u00f5es e aos acontecimentos que mais contribu\u00edram para transformar o pequeno movimento de 1919 num regime totalit\u00e1rio em 1926, com tudo o que se seguiu nos dezanove anos seguintes.  Neste Volume I, Emilio Gentile fala-nos dos fasces de combate, da mil\u00edcia, do primeiro ano da era fascista, do seu regime totalit\u00e1rio e das suas par\u00e1bolas - da\u00a0pr\u00e1xis\u00a0e cultura totalit\u00e1ria ao culto do Duce e \u00e0s vanguardas imperiais.\" \/>\n<meta property=\"og:url\" content=\"https:\/\/livrariasolmar.pt\/produto\/historia-do-fascismo-volume-i\/\" \/>\n<meta property=\"og:site_name\" content=\"Livraria Solmar - Livraria online\" \/>\n<meta property=\"article:modified_time\" content=\"2024-08-07T16:02:36+00:00\" \/>\n<meta property=\"og:image\" content=\"https:\/\/livrariasolmar.pt\/wp-content\/uploads\/2024\/06\/500_9789895760657_capa.jpg\" \/>\n\t<meta property=\"og:image:width\" content=\"321\" \/>\n\t<meta property=\"og:image:height\" content=\"500\" \/>\n<meta name=\"twitter:card\" content=\"summary_large_image\" \/>\n<script type=\"application\/ld+json\" class=\"yoast-schema-graph\">{\"@context\":\"https:\/\/schema.org\",\"@graph\":[{\"@type\":\"WebSite\",\"@id\":\"https:\/\/livrariasolmar.pt\/#website\",\"url\":\"https:\/\/livrariasolmar.pt\/\",\"name\":\"Livraria Solmar - Livraria online\",\"description\":\"Com\\u00e9rcio Livros E Objetos De Arte, Lda - Ponta Delgada, A\\u00e7ores\",\"potentialAction\":[{\"@type\":\"SearchAction\",\"target\":{\"@type\":\"EntryPoint\",\"urlTemplate\":\"https:\/\/livrariasolmar.pt\/?s={search_term_string}\"},\"query-input\":\"required name=search_term_string\"}],\"inLanguage\":\"en-US\"},{\"@type\":\"ImageObject\",\"@id\":\"https:\/\/livrariasolmar.pt\/produto\/historia-do-fascismo-volume-i\/#primaryimage\",\"inLanguage\":\"en-US\",\"url\":\"https:\/\/livrariasolmar.pt\/wp-content\/uploads\/2024\/06\/500_9789895760657_capa.jpg\",\"contentUrl\":\"https:\/\/livrariasolmar.pt\/wp-content\/uploads\/2024\/06\/500_9789895760657_capa.jpg\",\"width\":321,\"height\":500},{\"@type\":\"WebPage\",\"@id\":\"https:\/\/livrariasolmar.pt\/produto\/historia-do-fascismo-volume-i\/#webpage\",\"url\":\"https:\/\/livrariasolmar.pt\/produto\/historia-do-fascismo-volume-i\/\",\"name\":\"Hist\\u00f3ria do Fascismo - Volume I - Livraria Solmar - Livraria online\",\"isPartOf\":{\"@id\":\"https:\/\/livrariasolmar.pt\/#website\"},\"primaryImageOfPage\":{\"@id\":\"https:\/\/livrariasolmar.pt\/produto\/historia-do-fascismo-volume-i\/#primaryimage\"},\"datePublished\":\"2024-06-20T17:57:50+00:00\",\"dateModified\":\"2024-08-07T16:02:36+00:00\",\"breadcrumb\":{\"@id\":\"https:\/\/livrariasolmar.pt\/produto\/historia-do-fascismo-volume-i\/#breadcrumb\"},\"inLanguage\":\"en-US\",\"potentialAction\":[{\"@type\":\"ReadAction\",\"target\":[\"https:\/\/livrariasolmar.pt\/produto\/historia-do-fascismo-volume-i\/\"]}]},{\"@type\":\"BreadcrumbList\",\"@id\":\"https:\/\/livrariasolmar.pt\/produto\/historia-do-fascismo-volume-i\/#breadcrumb\",\"itemListElement\":[{\"@type\":\"ListItem\",\"position\":1,\"name\":\"In\\u00edcio\",\"item\":\"https:\/\/livrariasolmar.pt\/en\/\"},{\"@type\":\"ListItem\",\"position\":2,\"name\":\"Shop\",\"item\":\"https:\/\/livrariasolmar.pt\/en\/shop\/\"},{\"@type\":\"ListItem\",\"position\":3,\"name\":\"Hist\\u00f3ria do Fascismo &#8211; Volume I\"}]}]}<\/script>\n<!-- \/ Yoast SEO plugin. -->","_links":{"self":[{"href":"https:\/\/livrariasolmar.pt\/en\/wp-json\/wp\/v2\/product\/9222"}],"collection":[{"href":"https:\/\/livrariasolmar.pt\/en\/wp-json\/wp\/v2\/product"}],"about":[{"href":"https:\/\/livrariasolmar.pt\/en\/wp-json\/wp\/v2\/types\/product"}],"author":[{"embeddable":true,"href":"https:\/\/livrariasolmar.pt\/en\/wp-json\/wp\/v2\/users\/2"}],"wp:featuredmedia":[{"embeddable":true,"href":"https:\/\/livrariasolmar.pt\/en\/wp-json\/wp\/v2\/media\/9223"}],"wp:attachment":[{"href":"https:\/\/livrariasolmar.pt\/en\/wp-json\/wp\/v2\/media?parent=9222"}],"wp:term":[{"taxonomy":"product_cat","embeddable":true,"href":"https:\/\/livrariasolmar.pt\/en\/wp-json\/wp\/v2\/product_cat?post=9222"},{"taxonomy":"product_tag","embeddable":true,"href":"https:\/\/livrariasolmar.pt\/en\/wp-json\/wp\/v2\/product_tag?post=9222"},{"taxonomy":"cat_produtos","embeddable":true,"href":"https:\/\/livrariasolmar.pt\/en\/wp-json\/wp\/v2\/cat_produtos?post=9222"}],"curies":[{"name":"wp","href":"https:\/\/api.w.org\/{rel}","templated":true}]}}