{"id":9229,"date":"2024-06-20T18:39:56","date_gmt":"2024-06-20T18:39:56","guid":{"rendered":"https:\/\/livrariasolmar.pt\/?post_type=product&#038;p=9229"},"modified":"2024-08-20T17:06:36","modified_gmt":"2024-08-20T17:06:36","slug":"brevissima-historia-de-portugal","status":"publish","type":"product","link":"https:\/\/livrariasolmar.pt\/en\/produto\/brevissima-historia-de-portugal\/","title":{"rendered":"Brev\u00edssima Hist\u00f3ria de Portugal"},"content":{"rendered":"","protected":false},"excerpt":{"rendered":"<p>A conceituada \u00abHist\u00f3ria de Portugal\u00bb de A.H. de Oliveira Marques, numa vers\u00e3o abreviada, h\u00e1 d\u00e9cadas ausente das livrarias.<br \/>\nEdi\u00e7\u00e3o simult\u00e2nea em portugu\u00eas, ingl\u00eas e franc\u00eas.<br \/>\nA hist\u00f3ria de Portugal \u00e9 longa e complexa, e por isso o pr\u00f3prio de Oliveira Marques come\u00e7ou por fix\u00e1-la em tr\u00eas volumes que se tornaram um cl\u00e1ssico da historiografia nacional. Mas foi tamb\u00e9m ele, um dos mais eminentes historiadores portugueses, a preparar a partir da\u00ed esta vers\u00e3o brev\u00edssima, com todas as linhas essenciais concentradas em apenas 250 p\u00e1ginas, num pequeno formato raro, h\u00e1 muito esgotado.<\/p>\n<p>Uma vers\u00e3o que conserva todo o rigor e alcance hist\u00f3rico das edi\u00e7\u00f5es mais alargadas, privilegiando uma rela\u00e7\u00e3o mais directa, clara e certeira com o leitor, \u00fatil tanto para estudiosos como para curiosos.<\/p>\n","protected":false},"author":2,"featured_media":9230,"template":"","meta":[],"product_cat":[366],"product_tag":[],"cat_produtos":[],"yoast_head":"<!-- This site is optimized with the Yoast SEO plugin v16.6 - https:\/\/yoast.com\/wordpress\/plugins\/seo\/ -->\n<title>Brev\u00edssima Hist\u00f3ria de Portugal - Livraria Solmar - Livraria online<\/title>\n<meta name=\"robots\" content=\"index, follow, max-snippet:-1, max-image-preview:large, max-video-preview:-1\" \/>\n<link rel=\"canonical\" href=\"https:\/\/livrariasolmar.pt\/en\/produto\/brevissima-historia-de-portugal\/\" \/>\n<meta property=\"og:locale\" content=\"en_US\" \/>\n<meta property=\"og:type\" content=\"article\" \/>\n<meta property=\"og:title\" content=\"Brev\u00edssima Hist\u00f3ria de Portugal - Livraria Solmar - Livraria online\" \/>\n<meta property=\"og:description\" content=\"A conceituada \u00abHist\u00f3ria de Portugal\u00bb de A.H. de Oliveira Marques, numa vers\u00e3o abreviada, h\u00e1 d\u00e9cadas ausente das livrarias. Edi\u00e7\u00e3o simult\u00e2nea em portugu\u00eas, ingl\u00eas e franc\u00eas. A hist\u00f3ria de Portugal \u00e9 longa e complexa, e por isso o pr\u00f3prio de Oliveira Marques come\u00e7ou por fix\u00e1-la em tr\u00eas volumes que se tornaram um cl\u00e1ssico da historiografia nacional. Mas foi tamb\u00e9m ele, um dos mais eminentes historiadores portugueses, a preparar a partir da\u00ed esta vers\u00e3o brev\u00edssima, com todas as linhas essenciais concentradas em apenas 250 p\u00e1ginas, num pequeno formato raro, h\u00e1 muito esgotado.  Uma vers\u00e3o que conserva todo o rigor e alcance hist\u00f3rico das edi\u00e7\u00f5es mais alargadas, privilegiando uma rela\u00e7\u00e3o mais directa, clara e certeira com o leitor, \u00fatil tanto para estudiosos como para curiosos.\" \/>\n<meta property=\"og:url\" content=\"https:\/\/livrariasolmar.pt\/produto\/brevissima-historia-de-portugal\/\" \/>\n<meta property=\"og:site_name\" content=\"Livraria Solmar - Livraria online\" \/>\n<meta property=\"article:modified_time\" content=\"2024-08-20T17:06:36+00:00\" \/>\n<meta property=\"og:image\" content=\"https:\/\/livrariasolmar.pt\/wp-content\/uploads\/2024\/06\/500_9789896714185_brevissima_historia_de_portugal.jpg\" \/>\n\t<meta property=\"og:image:width\" content=\"500\" \/>\n\t<meta property=\"og:image:height\" content=\"500\" \/>\n<meta name=\"twitter:card\" content=\"summary_large_image\" \/>\n<script type=\"application\/ld+json\" class=\"yoast-schema-graph\">{\"@context\":\"https:\/\/schema.org\",\"@graph\":[{\"@type\":\"WebSite\",\"@id\":\"https:\/\/livrariasolmar.pt\/#website\",\"url\":\"https:\/\/livrariasolmar.pt\/\",\"name\":\"Livraria Solmar - Livraria online\",\"description\":\"Com\\u00e9rcio Livros E Objetos De Arte, Lda - Ponta Delgada, A\\u00e7ores\",\"potentialAction\":[{\"@type\":\"SearchAction\",\"target\":{\"@type\":\"EntryPoint\",\"urlTemplate\":\"https:\/\/livrariasolmar.pt\/?s={search_term_string}\"},\"query-input\":\"required name=search_term_string\"}],\"inLanguage\":\"en-US\"},{\"@type\":\"ImageObject\",\"@id\":\"https:\/\/livrariasolmar.pt\/produto\/brevissima-historia-de-portugal\/#primaryimage\",\"inLanguage\":\"en-US\",\"url\":\"https:\/\/livrariasolmar.pt\/wp-content\/uploads\/2024\/06\/500_9789896714185_brevissima_historia_de_portugal.jpg\",\"contentUrl\":\"https:\/\/livrariasolmar.pt\/wp-content\/uploads\/2024\/06\/500_9789896714185_brevissima_historia_de_portugal.jpg\",\"width\":500,\"height\":500},{\"@type\":\"WebPage\",\"@id\":\"https:\/\/livrariasolmar.pt\/produto\/brevissima-historia-de-portugal\/#webpage\",\"url\":\"https:\/\/livrariasolmar.pt\/produto\/brevissima-historia-de-portugal\/\",\"name\":\"Brev\\u00edssima Hist\\u00f3ria de Portugal - Livraria Solmar - Livraria online\",\"isPartOf\":{\"@id\":\"https:\/\/livrariasolmar.pt\/#website\"},\"primaryImageOfPage\":{\"@id\":\"https:\/\/livrariasolmar.pt\/produto\/brevissima-historia-de-portugal\/#primaryimage\"},\"datePublished\":\"2024-06-20T18:39:56+00:00\",\"dateModified\":\"2024-08-20T17:06:36+00:00\",\"breadcrumb\":{\"@id\":\"https:\/\/livrariasolmar.pt\/produto\/brevissima-historia-de-portugal\/#breadcrumb\"},\"inLanguage\":\"en-US\",\"potentialAction\":[{\"@type\":\"ReadAction\",\"target\":[\"https:\/\/livrariasolmar.pt\/produto\/brevissima-historia-de-portugal\/\"]}]},{\"@type\":\"BreadcrumbList\",\"@id\":\"https:\/\/livrariasolmar.pt\/produto\/brevissima-historia-de-portugal\/#breadcrumb\",\"itemListElement\":[{\"@type\":\"ListItem\",\"position\":1,\"name\":\"In\\u00edcio\",\"item\":\"https:\/\/livrariasolmar.pt\/en\/\"},{\"@type\":\"ListItem\",\"position\":2,\"name\":\"Shop\",\"item\":\"https:\/\/livrariasolmar.pt\/en\/shop\/\"},{\"@type\":\"ListItem\",\"position\":3,\"name\":\"Brev\\u00edssima Hist\\u00f3ria de Portugal\"}]}]}<\/script>\n<!-- \/ Yoast SEO plugin. -->","_links":{"self":[{"href":"https:\/\/livrariasolmar.pt\/en\/wp-json\/wp\/v2\/product\/9229"}],"collection":[{"href":"https:\/\/livrariasolmar.pt\/en\/wp-json\/wp\/v2\/product"}],"about":[{"href":"https:\/\/livrariasolmar.pt\/en\/wp-json\/wp\/v2\/types\/product"}],"author":[{"embeddable":true,"href":"https:\/\/livrariasolmar.pt\/en\/wp-json\/wp\/v2\/users\/2"}],"wp:featuredmedia":[{"embeddable":true,"href":"https:\/\/livrariasolmar.pt\/en\/wp-json\/wp\/v2\/media\/9230"}],"wp:attachment":[{"href":"https:\/\/livrariasolmar.pt\/en\/wp-json\/wp\/v2\/media?parent=9229"}],"wp:term":[{"taxonomy":"product_cat","embeddable":true,"href":"https:\/\/livrariasolmar.pt\/en\/wp-json\/wp\/v2\/product_cat?post=9229"},{"taxonomy":"product_tag","embeddable":true,"href":"https:\/\/livrariasolmar.pt\/en\/wp-json\/wp\/v2\/product_tag?post=9229"},{"taxonomy":"cat_produtos","embeddable":true,"href":"https:\/\/livrariasolmar.pt\/en\/wp-json\/wp\/v2\/cat_produtos?post=9229"}],"curies":[{"name":"wp","href":"https:\/\/api.w.org\/{rel}","templated":true}]}}