{"id":9242,"date":"2024-06-21T17:10:14","date_gmt":"2024-06-21T17:10:14","guid":{"rendered":"https:\/\/livrariasolmar.pt\/?post_type=product&#038;p=9242"},"modified":"2024-08-07T18:17:08","modified_gmt":"2024-08-07T18:17:08","slug":"o-perfume-das-flores-a-noite","status":"publish","type":"product","link":"https:\/\/livrariasolmar.pt\/en\/produto\/o-perfume-das-flores-a-noite\/","title":{"rendered":"O Perfume das Flores \u00e0 Noite"},"content":{"rendered":"","protected":false},"excerpt":{"rendered":"<p>De uma das vozes mais estimulantes da literatura europeia, um texto magn\u00edfico, que combina uma viagem pela mem\u00f3ria com uma reflex\u00e3o instigante.<\/p>\n<p>Como escritora que acredita que a verdadeira aud\u00e1cia vem do interior, Le\u00efla Slimani n\u00e3o gosta de sair e prefere a solid\u00e3o \u00e0 distra\u00e7\u00e3o. No entanto, aceita um inusitado convite para passar uma noite num museu em Veneza &#8211; um edif\u00edcio m\u00edtico na Punta della Dogana. A noite insone acaba por ser o pretexto para a escritora deambular por outras paragens e outros tempos.<\/p>\n<p>Percorrendo, de p\u00e9s descal\u00e7os, as salas e os corredores do museu, estimulada pelo perfume das damas-da-noite que a transportam para a inf\u00e2ncia em Rabat, Le\u00efla Slimani fala-nos do belo e do ef\u00e9mero, da virtude do sil\u00eancio, da magia da cria\u00e7\u00e3o art\u00edstica, da solid\u00e3o e do sacrif\u00edcio da escrita. Acompanhada pelas palavras e hist\u00f3rias de outros criadores, como Virginia Woolf, Rilke, Montaigne, Murakami e Emily Dickinson, Le\u00efla conduz o leitor por uma viagem intensa, uma reflex\u00e3o iluminada e um desfile de mem\u00f3rias comoventes.<\/p>\n","protected":false},"author":2,"featured_media":9243,"template":"","meta":[],"product_cat":[153],"product_tag":[],"cat_produtos":[],"yoast_head":"<!-- This site is optimized with the Yoast SEO plugin v16.6 - https:\/\/yoast.com\/wordpress\/plugins\/seo\/ -->\n<title>O Perfume das Flores \u00e0 Noite - Livraria Solmar - Livraria online<\/title>\n<meta name=\"robots\" content=\"index, follow, max-snippet:-1, max-image-preview:large, max-video-preview:-1\" \/>\n<link rel=\"canonical\" href=\"https:\/\/livrariasolmar.pt\/en\/produto\/o-perfume-das-flores-a-noite\/\" \/>\n<meta property=\"og:locale\" content=\"en_US\" \/>\n<meta property=\"og:type\" content=\"article\" \/>\n<meta property=\"og:title\" content=\"O Perfume das Flores \u00e0 Noite - Livraria Solmar - Livraria online\" \/>\n<meta property=\"og:description\" content=\"De uma das vozes mais estimulantes da literatura europeia, um texto magn\u00edfico, que combina uma viagem pela mem\u00f3ria com uma reflex\u00e3o instigante.  Como escritora que acredita que a verdadeira aud\u00e1cia vem do interior, Le\u00efla Slimani n\u00e3o gosta de sair e prefere a solid\u00e3o \u00e0 distra\u00e7\u00e3o. No entanto, aceita um inusitado convite para passar uma noite num museu em Veneza - um edif\u00edcio m\u00edtico na Punta della Dogana. A noite insone acaba por ser o pretexto para a escritora deambular por outras paragens e outros tempos.  Percorrendo, de p\u00e9s descal\u00e7os, as salas e os corredores do museu, estimulada pelo perfume das damas-da-noite que a transportam para a inf\u00e2ncia em Rabat, Le\u00efla Slimani fala-nos do belo e do ef\u00e9mero, da virtude do sil\u00eancio, da magia da cria\u00e7\u00e3o art\u00edstica, da solid\u00e3o e do sacrif\u00edcio da escrita. Acompanhada pelas palavras e hist\u00f3rias de outros criadores, como Virginia Woolf, Rilke, Montaigne, Murakami e Emily Dickinson, Le\u00efla conduz o leitor por uma viagem intensa, uma reflex\u00e3o iluminada e um desfile de mem\u00f3rias comoventes.\" \/>\n<meta property=\"og:url\" content=\"https:\/\/livrariasolmar.pt\/produto\/o-perfume-das-flores-a-noite\/\" \/>\n<meta property=\"og:site_name\" content=\"Livraria Solmar - Livraria online\" \/>\n<meta property=\"article:modified_time\" content=\"2024-08-07T18:17:08+00:00\" \/>\n<meta property=\"og:image\" content=\"https:\/\/livrariasolmar.pt\/wp-content\/uploads\/2024\/06\/1540-1-2.jpg\" \/>\n\t<meta property=\"og:image:width\" content=\"340\" \/>\n\t<meta property=\"og:image:height\" content=\"340\" \/>\n<meta name=\"twitter:card\" content=\"summary_large_image\" \/>\n<script type=\"application\/ld+json\" class=\"yoast-schema-graph\">{\"@context\":\"https:\/\/schema.org\",\"@graph\":[{\"@type\":\"WebSite\",\"@id\":\"https:\/\/livrariasolmar.pt\/#website\",\"url\":\"https:\/\/livrariasolmar.pt\/\",\"name\":\"Livraria Solmar - Livraria online\",\"description\":\"Com\\u00e9rcio Livros E Objetos De Arte, Lda - Ponta Delgada, A\\u00e7ores\",\"potentialAction\":[{\"@type\":\"SearchAction\",\"target\":{\"@type\":\"EntryPoint\",\"urlTemplate\":\"https:\/\/livrariasolmar.pt\/?s={search_term_string}\"},\"query-input\":\"required name=search_term_string\"}],\"inLanguage\":\"en-US\"},{\"@type\":\"ImageObject\",\"@id\":\"https:\/\/livrariasolmar.pt\/produto\/o-perfume-das-flores-a-noite\/#primaryimage\",\"inLanguage\":\"en-US\",\"url\":\"https:\/\/livrariasolmar.pt\/wp-content\/uploads\/2024\/06\/1540-1-2.jpg\",\"contentUrl\":\"https:\/\/livrariasolmar.pt\/wp-content\/uploads\/2024\/06\/1540-1-2.jpg\",\"width\":340,\"height\":340},{\"@type\":\"WebPage\",\"@id\":\"https:\/\/livrariasolmar.pt\/produto\/o-perfume-das-flores-a-noite\/#webpage\",\"url\":\"https:\/\/livrariasolmar.pt\/produto\/o-perfume-das-flores-a-noite\/\",\"name\":\"O Perfume das Flores \\u00e0 Noite - Livraria Solmar - Livraria online\",\"isPartOf\":{\"@id\":\"https:\/\/livrariasolmar.pt\/#website\"},\"primaryImageOfPage\":{\"@id\":\"https:\/\/livrariasolmar.pt\/produto\/o-perfume-das-flores-a-noite\/#primaryimage\"},\"datePublished\":\"2024-06-21T17:10:14+00:00\",\"dateModified\":\"2024-08-07T18:17:08+00:00\",\"breadcrumb\":{\"@id\":\"https:\/\/livrariasolmar.pt\/produto\/o-perfume-das-flores-a-noite\/#breadcrumb\"},\"inLanguage\":\"en-US\",\"potentialAction\":[{\"@type\":\"ReadAction\",\"target\":[\"https:\/\/livrariasolmar.pt\/produto\/o-perfume-das-flores-a-noite\/\"]}]},{\"@type\":\"BreadcrumbList\",\"@id\":\"https:\/\/livrariasolmar.pt\/produto\/o-perfume-das-flores-a-noite\/#breadcrumb\",\"itemListElement\":[{\"@type\":\"ListItem\",\"position\":1,\"name\":\"In\\u00edcio\",\"item\":\"https:\/\/livrariasolmar.pt\/en\/\"},{\"@type\":\"ListItem\",\"position\":2,\"name\":\"Shop\",\"item\":\"https:\/\/livrariasolmar.pt\/en\/shop\/\"},{\"@type\":\"ListItem\",\"position\":3,\"name\":\"O Perfume das Flores \\u00e0 Noite\"}]}]}<\/script>\n<!-- \/ Yoast SEO plugin. -->","_links":{"self":[{"href":"https:\/\/livrariasolmar.pt\/en\/wp-json\/wp\/v2\/product\/9242"}],"collection":[{"href":"https:\/\/livrariasolmar.pt\/en\/wp-json\/wp\/v2\/product"}],"about":[{"href":"https:\/\/livrariasolmar.pt\/en\/wp-json\/wp\/v2\/types\/product"}],"author":[{"embeddable":true,"href":"https:\/\/livrariasolmar.pt\/en\/wp-json\/wp\/v2\/users\/2"}],"wp:featuredmedia":[{"embeddable":true,"href":"https:\/\/livrariasolmar.pt\/en\/wp-json\/wp\/v2\/media\/9243"}],"wp:attachment":[{"href":"https:\/\/livrariasolmar.pt\/en\/wp-json\/wp\/v2\/media?parent=9242"}],"wp:term":[{"taxonomy":"product_cat","embeddable":true,"href":"https:\/\/livrariasolmar.pt\/en\/wp-json\/wp\/v2\/product_cat?post=9242"},{"taxonomy":"product_tag","embeddable":true,"href":"https:\/\/livrariasolmar.pt\/en\/wp-json\/wp\/v2\/product_tag?post=9242"},{"taxonomy":"cat_produtos","embeddable":true,"href":"https:\/\/livrariasolmar.pt\/en\/wp-json\/wp\/v2\/cat_produtos?post=9242"}],"curies":[{"name":"wp","href":"https:\/\/api.w.org\/{rel}","templated":true}]}}