{"id":9248,"date":"2024-06-21T18:33:58","date_gmt":"2024-06-21T18:33:58","guid":{"rendered":"https:\/\/livrariasolmar.pt\/?post_type=product&#038;p=9248"},"modified":"2025-12-13T19:11:58","modified_gmt":"2025-12-13T19:11:58","slug":"por-m-i-m-o-livro-de-manuel-inacio-de-melo-que-ficou-60-anos-fechado-numa-caixa-de-sapatos","status":"publish","type":"product","link":"https:\/\/livrariasolmar.pt\/en\/produto\/por-m-i-m-o-livro-de-manuel-inacio-de-melo-que-ficou-60-anos-fechado-numa-caixa-de-sapatos\/","title":{"rendered":"Por M.I.M. &#8211; O livro de Manuel In\u00e1cio de Melo que ficou 60 anos fechado numa caixa de sapatos"},"content":{"rendered":"","protected":false},"excerpt":{"rendered":"<p>O livro que Manuel In\u00e1cio de Melo n\u00e3o conseguiu concretizar em vida, e para o qual fez uma vasta recolha de informa\u00e7\u00e3o sobre as Romarias Quaresmais na Ilha de S\u00e3o Miguel \u2013 1961, tomou forma pelas m\u00e3os do autor Luis H. Bettencourt Reis, que selecionou e organizou a informa\u00e7\u00e3o. \u00c9 um livro que conta hist\u00f3rias. \u00c9 um livro que concretiza um sonho, atrav\u00e9s do esp\u00f3lio fornecido por um dos familiares de Manuel In\u00e1cio de Melo.<\/p>\n<p>Este \u00e9 um livro de homenagem, a uma das nossas figuras maiores dos A\u00e7ores.<\/p>\n","protected":false},"author":2,"featured_media":9251,"template":"","meta":[],"product_cat":[146],"product_tag":[],"cat_produtos":[],"yoast_head":"<!-- This site is optimized with the Yoast SEO plugin v16.6 - https:\/\/yoast.com\/wordpress\/plugins\/seo\/ -->\n<title>Por M.I.M. - O livro de Manuel In\u00e1cio de Melo que ficou 60 anos fechado numa caixa de sapatos - Livraria Solmar - Livraria online<\/title>\n<meta name=\"robots\" content=\"index, follow, max-snippet:-1, max-image-preview:large, max-video-preview:-1\" \/>\n<link rel=\"canonical\" href=\"https:\/\/livrariasolmar.pt\/en\/produto\/por-m-i-m-o-livro-de-manuel-inacio-de-melo-que-ficou-60-anos-fechado-numa-caixa-de-sapatos\/\" \/>\n<meta property=\"og:locale\" content=\"en_US\" \/>\n<meta property=\"og:type\" content=\"article\" \/>\n<meta property=\"og:title\" content=\"Por M.I.M. - O livro de Manuel In\u00e1cio de Melo que ficou 60 anos fechado numa caixa de sapatos - Livraria Solmar - Livraria online\" \/>\n<meta property=\"og:description\" content=\"O livro que Manuel In\u00e1cio de Melo n\u00e3o conseguiu concretizar em vida, e para o qual fez uma vasta recolha de informa\u00e7\u00e3o sobre as Romarias Quaresmais na Ilha de S\u00e3o Miguel \u2013 1961, tomou forma pelas m\u00e3os do autor Luis H. Bettencourt Reis, que selecionou e organizou a informa\u00e7\u00e3o. \u00c9 um livro que conta hist\u00f3rias. \u00c9 um livro que concretiza um sonho, atrav\u00e9s do esp\u00f3lio fornecido por um dos familiares de Manuel In\u00e1cio de Melo.  Este \u00e9 um livro de homenagem, a uma das nossas figuras maiores dos A\u00e7ores.\" \/>\n<meta property=\"og:url\" content=\"https:\/\/livrariasolmar.pt\/produto\/por-m-i-m-o-livro-de-manuel-inacio-de-melo-que-ficou-60-anos-fechado-numa-caixa-de-sapatos\/\" \/>\n<meta property=\"og:site_name\" content=\"Livraria Solmar - Livraria online\" \/>\n<meta property=\"article:modified_time\" content=\"2025-12-13T19:11:58+00:00\" \/>\n<meta property=\"og:image\" content=\"https:\/\/livrariasolmar.pt\/wp-content\/uploads\/2024\/06\/IMG_20240621_182827-scaled.jpg\" \/>\n\t<meta property=\"og:image:width\" content=\"1803\" \/>\n\t<meta property=\"og:image:height\" content=\"2560\" \/>\n<meta name=\"twitter:card\" content=\"summary_large_image\" \/>\n<script type=\"application\/ld+json\" class=\"yoast-schema-graph\">{\"@context\":\"https:\/\/schema.org\",\"@graph\":[{\"@type\":\"WebSite\",\"@id\":\"https:\/\/livrariasolmar.pt\/#website\",\"url\":\"https:\/\/livrariasolmar.pt\/\",\"name\":\"Livraria Solmar - Livraria online\",\"description\":\"Com\\u00e9rcio Livros E Objetos De Arte, Lda - Ponta Delgada, A\\u00e7ores\",\"potentialAction\":[{\"@type\":\"SearchAction\",\"target\":{\"@type\":\"EntryPoint\",\"urlTemplate\":\"https:\/\/livrariasolmar.pt\/?s={search_term_string}\"},\"query-input\":\"required name=search_term_string\"}],\"inLanguage\":\"en-US\"},{\"@type\":\"ImageObject\",\"@id\":\"https:\/\/livrariasolmar.pt\/produto\/por-m-i-m-o-livro-de-manuel-inacio-de-melo-que-ficou-60-anos-fechado-numa-caixa-de-sapatos\/#primaryimage\",\"inLanguage\":\"en-US\",\"url\":\"https:\/\/livrariasolmar.pt\/wp-content\/uploads\/2024\/06\/IMG_20240621_182827-scaled.jpg\",\"contentUrl\":\"https:\/\/livrariasolmar.pt\/wp-content\/uploads\/2024\/06\/IMG_20240621_182827-scaled.jpg\",\"width\":1803,\"height\":2560,\"caption\":\"smart\"},{\"@type\":\"WebPage\",\"@id\":\"https:\/\/livrariasolmar.pt\/produto\/por-m-i-m-o-livro-de-manuel-inacio-de-melo-que-ficou-60-anos-fechado-numa-caixa-de-sapatos\/#webpage\",\"url\":\"https:\/\/livrariasolmar.pt\/produto\/por-m-i-m-o-livro-de-manuel-inacio-de-melo-que-ficou-60-anos-fechado-numa-caixa-de-sapatos\/\",\"name\":\"Por M.I.M. - O livro de Manuel In\\u00e1cio de Melo que ficou 60 anos fechado numa caixa de sapatos - Livraria Solmar - Livraria online\",\"isPartOf\":{\"@id\":\"https:\/\/livrariasolmar.pt\/#website\"},\"primaryImageOfPage\":{\"@id\":\"https:\/\/livrariasolmar.pt\/produto\/por-m-i-m-o-livro-de-manuel-inacio-de-melo-que-ficou-60-anos-fechado-numa-caixa-de-sapatos\/#primaryimage\"},\"datePublished\":\"2024-06-21T18:33:58+00:00\",\"dateModified\":\"2025-12-13T19:11:58+00:00\",\"breadcrumb\":{\"@id\":\"https:\/\/livrariasolmar.pt\/produto\/por-m-i-m-o-livro-de-manuel-inacio-de-melo-que-ficou-60-anos-fechado-numa-caixa-de-sapatos\/#breadcrumb\"},\"inLanguage\":\"en-US\",\"potentialAction\":[{\"@type\":\"ReadAction\",\"target\":[\"https:\/\/livrariasolmar.pt\/produto\/por-m-i-m-o-livro-de-manuel-inacio-de-melo-que-ficou-60-anos-fechado-numa-caixa-de-sapatos\/\"]}]},{\"@type\":\"BreadcrumbList\",\"@id\":\"https:\/\/livrariasolmar.pt\/produto\/por-m-i-m-o-livro-de-manuel-inacio-de-melo-que-ficou-60-anos-fechado-numa-caixa-de-sapatos\/#breadcrumb\",\"itemListElement\":[{\"@type\":\"ListItem\",\"position\":1,\"name\":\"In\\u00edcio\",\"item\":\"https:\/\/livrariasolmar.pt\/en\/\"},{\"@type\":\"ListItem\",\"position\":2,\"name\":\"Shop\",\"item\":\"https:\/\/livrariasolmar.pt\/en\/shop\/\"},{\"@type\":\"ListItem\",\"position\":3,\"name\":\"Por M.I.M. &#8211; O livro de Manuel In\\u00e1cio de Melo que ficou 60 anos fechado numa caixa de sapatos\"}]}]}<\/script>\n<!-- \/ Yoast SEO plugin. -->","_links":{"self":[{"href":"https:\/\/livrariasolmar.pt\/en\/wp-json\/wp\/v2\/product\/9248"}],"collection":[{"href":"https:\/\/livrariasolmar.pt\/en\/wp-json\/wp\/v2\/product"}],"about":[{"href":"https:\/\/livrariasolmar.pt\/en\/wp-json\/wp\/v2\/types\/product"}],"author":[{"embeddable":true,"href":"https:\/\/livrariasolmar.pt\/en\/wp-json\/wp\/v2\/users\/2"}],"wp:featuredmedia":[{"embeddable":true,"href":"https:\/\/livrariasolmar.pt\/en\/wp-json\/wp\/v2\/media\/9251"}],"wp:attachment":[{"href":"https:\/\/livrariasolmar.pt\/en\/wp-json\/wp\/v2\/media?parent=9248"}],"wp:term":[{"taxonomy":"product_cat","embeddable":true,"href":"https:\/\/livrariasolmar.pt\/en\/wp-json\/wp\/v2\/product_cat?post=9248"},{"taxonomy":"product_tag","embeddable":true,"href":"https:\/\/livrariasolmar.pt\/en\/wp-json\/wp\/v2\/product_tag?post=9248"},{"taxonomy":"cat_produtos","embeddable":true,"href":"https:\/\/livrariasolmar.pt\/en\/wp-json\/wp\/v2\/cat_produtos?post=9248"}],"curies":[{"name":"wp","href":"https:\/\/api.w.org\/{rel}","templated":true}]}}