{"id":9279,"date":"2024-06-25T17:40:41","date_gmt":"2024-06-25T17:40:41","guid":{"rendered":"https:\/\/livrariasolmar.pt\/?post_type=product&#038;p=9279"},"modified":"2025-11-02T13:06:40","modified_gmt":"2025-11-02T13:06:40","slug":"corsario-das-ilhas-o-retrato-do-semeador","status":"publish","type":"product","link":"https:\/\/livrariasolmar.pt\/en\/produto\/corsario-das-ilhas-o-retrato-do-semeador\/","title":{"rendered":"Cors\u00e1rio das Ilhas | O Retrato do Semeador"},"content":{"rendered":"","protected":false},"excerpt":{"rendered":"<p>Na edi\u00e7\u00e3o original de\u00a0<i>Cors\u00e1rio das Ilhas<\/i>, Vitorino Nem\u00e9sio deixou-nos uma\u00a0<i>Advert\u00eancia<\/i>\u00a0onde dava a conhecer o contexto em que as cr\u00f3nicas haviam sido escritas (o de duas viagens aos A\u00e7ores, uma delas com passagem pela Madeira), e o car\u00e1ter formal de que se revestiam: narrativa de viagens e mem\u00f3rias. Afirmava ainda entend\u00ea-las como um\u00a0<i>Jornal<\/i>\u00a0escrito e falado, a partir de interven\u00e7\u00f5es no\u00a0<i>Di\u00e1rio Popular<\/i>\u00a0e ao microfone da Emissora Nacional, em cuja categoria integra tamb\u00e9m\u00a0<i>Ondas M\u00e9dias<\/i>\u00a0e\u00a0<i>O Segredo de Ouro Preto e Outros Caminhos<\/i>.<\/p>\n<p>S\u00f3 mais tarde, aquando da publica\u00e7\u00e3o da edi\u00e7\u00e3o cr\u00edtica das\u00a0<i>Obras Completas de Vitorino Nem\u00e9sio<\/i>, empreendida pela Imprensa Nacional-Casa da Moeda, \u00e9 desenvolvido um esfor\u00e7o de interpreta\u00e7\u00e3o destes textos. a presente edi\u00e7\u00e3o procurou ser o mais fiel poss\u00edvel \u00e0s escolhas de Nem\u00e9sio, apenas aproveitando a divis\u00e3o em par\u00e1grafos que o autor afirmou preferir.<\/p>\n<p>Este \u00e9 o segundo volume da s\u00e9rie Cr\u00f3nica da Obra Completa de Vitorino Nem\u00e9sio. Com esta edi\u00e7\u00e3o, destinada a um p\u00fablico vasto, em que cada volume \u00e9 revisto e apresentado por um especialista na mat\u00e9ria, a Imprensa Nacional e a editora Companhia das Ilhas d\u00e3o um contributo decisivo para a divulga\u00e7\u00e3o e o conhecimento da obra de um dos escritores que ficar\u00e3o para a hist\u00f3ria da literatura portuguesa do s\u00e9culo XX.<\/p>\n","protected":false},"author":2,"featured_media":9280,"template":"","meta":[],"product_cat":[146],"product_tag":[],"cat_produtos":[390],"yoast_head":"<!-- This site is optimized with the Yoast SEO plugin v16.6 - https:\/\/yoast.com\/wordpress\/plugins\/seo\/ -->\n<title>Cors\u00e1rio das Ilhas | O Retrato do Semeador - Livraria Solmar - Livraria online<\/title>\n<meta name=\"robots\" content=\"index, follow, max-snippet:-1, max-image-preview:large, max-video-preview:-1\" \/>\n<link rel=\"canonical\" href=\"https:\/\/livrariasolmar.pt\/en\/produto\/corsario-das-ilhas-o-retrato-do-semeador\/\" \/>\n<meta property=\"og:locale\" content=\"en_US\" \/>\n<meta property=\"og:type\" content=\"article\" \/>\n<meta property=\"og:title\" content=\"Cors\u00e1rio das Ilhas | O Retrato do Semeador - Livraria Solmar - Livraria online\" \/>\n<meta property=\"og:description\" content=\"Na edi\u00e7\u00e3o original de\u00a0Cors\u00e1rio das Ilhas, Vitorino Nem\u00e9sio deixou-nos uma\u00a0Advert\u00eancia\u00a0onde dava a conhecer o contexto em que as cr\u00f3nicas haviam sido escritas (o de duas viagens aos A\u00e7ores, uma delas com passagem pela Madeira), e o car\u00e1ter formal de que se revestiam: narrativa de viagens e mem\u00f3rias. Afirmava ainda entend\u00ea-las como um\u00a0Jornal\u00a0escrito e falado, a partir de interven\u00e7\u00f5es no\u00a0Di\u00e1rio Popular\u00a0e ao microfone da Emissora Nacional, em cuja categoria integra tamb\u00e9m\u00a0Ondas M\u00e9dias\u00a0e\u00a0O Segredo de Ouro Preto e Outros Caminhos.  S\u00f3 mais tarde, aquando da publica\u00e7\u00e3o da edi\u00e7\u00e3o cr\u00edtica das\u00a0Obras Completas de Vitorino Nem\u00e9sio, empreendida pela Imprensa Nacional-Casa da Moeda, \u00e9 desenvolvido um esfor\u00e7o de interpreta\u00e7\u00e3o destes textos. a presente edi\u00e7\u00e3o procurou ser o mais fiel poss\u00edvel \u00e0s escolhas de Nem\u00e9sio, apenas aproveitando a divis\u00e3o em par\u00e1grafos que o autor afirmou preferir.  Este \u00e9 o segundo volume da s\u00e9rie Cr\u00f3nica da Obra Completa de Vitorino Nem\u00e9sio. Com esta edi\u00e7\u00e3o, destinada a um p\u00fablico vasto, em que cada volume \u00e9 revisto e apresentado por um especialista na mat\u00e9ria, a Imprensa Nacional e a editora Companhia das Ilhas d\u00e3o um contributo decisivo para a divulga\u00e7\u00e3o e o conhecimento da obra de um dos escritores que ficar\u00e3o para a hist\u00f3ria da literatura portuguesa do s\u00e9culo XX.\" \/>\n<meta property=\"og:url\" content=\"https:\/\/livrariasolmar.pt\/produto\/corsario-das-ilhas-o-retrato-do-semeador\/\" \/>\n<meta property=\"og:site_name\" content=\"Livraria Solmar - Livraria online\" \/>\n<meta property=\"article:modified_time\" content=\"2025-11-02T13:06:40+00:00\" \/>\n<meta property=\"og:image\" content=\"https:\/\/livrariasolmar.pt\/wp-content\/uploads\/2024\/06\/500_9789722729550_capa.jpg\" \/>\n\t<meta property=\"og:image:width\" content=\"394\" \/>\n\t<meta property=\"og:image:height\" content=\"500\" \/>\n<meta name=\"twitter:card\" content=\"summary_large_image\" \/>\n<script type=\"application\/ld+json\" class=\"yoast-schema-graph\">{\"@context\":\"https:\/\/schema.org\",\"@graph\":[{\"@type\":\"WebSite\",\"@id\":\"https:\/\/livrariasolmar.pt\/#website\",\"url\":\"https:\/\/livrariasolmar.pt\/\",\"name\":\"Livraria Solmar - Livraria online\",\"description\":\"Com\\u00e9rcio Livros E Objetos De Arte, Lda - Ponta Delgada, A\\u00e7ores\",\"potentialAction\":[{\"@type\":\"SearchAction\",\"target\":{\"@type\":\"EntryPoint\",\"urlTemplate\":\"https:\/\/livrariasolmar.pt\/?s={search_term_string}\"},\"query-input\":\"required name=search_term_string\"}],\"inLanguage\":\"en-US\"},{\"@type\":\"ImageObject\",\"@id\":\"https:\/\/livrariasolmar.pt\/produto\/corsario-das-ilhas-o-retrato-do-semeador\/#primaryimage\",\"inLanguage\":\"en-US\",\"url\":\"https:\/\/livrariasolmar.pt\/wp-content\/uploads\/2024\/06\/500_9789722729550_capa.jpg\",\"contentUrl\":\"https:\/\/livrariasolmar.pt\/wp-content\/uploads\/2024\/06\/500_9789722729550_capa.jpg\",\"width\":394,\"height\":500},{\"@type\":\"WebPage\",\"@id\":\"https:\/\/livrariasolmar.pt\/produto\/corsario-das-ilhas-o-retrato-do-semeador\/#webpage\",\"url\":\"https:\/\/livrariasolmar.pt\/produto\/corsario-das-ilhas-o-retrato-do-semeador\/\",\"name\":\"Cors\\u00e1rio das Ilhas | O Retrato do Semeador - Livraria Solmar - Livraria online\",\"isPartOf\":{\"@id\":\"https:\/\/livrariasolmar.pt\/#website\"},\"primaryImageOfPage\":{\"@id\":\"https:\/\/livrariasolmar.pt\/produto\/corsario-das-ilhas-o-retrato-do-semeador\/#primaryimage\"},\"datePublished\":\"2024-06-25T17:40:41+00:00\",\"dateModified\":\"2025-11-02T13:06:40+00:00\",\"breadcrumb\":{\"@id\":\"https:\/\/livrariasolmar.pt\/produto\/corsario-das-ilhas-o-retrato-do-semeador\/#breadcrumb\"},\"inLanguage\":\"en-US\",\"potentialAction\":[{\"@type\":\"ReadAction\",\"target\":[\"https:\/\/livrariasolmar.pt\/produto\/corsario-das-ilhas-o-retrato-do-semeador\/\"]}]},{\"@type\":\"BreadcrumbList\",\"@id\":\"https:\/\/livrariasolmar.pt\/produto\/corsario-das-ilhas-o-retrato-do-semeador\/#breadcrumb\",\"itemListElement\":[{\"@type\":\"ListItem\",\"position\":1,\"name\":\"In\\u00edcio\",\"item\":\"https:\/\/livrariasolmar.pt\/en\/\"},{\"@type\":\"ListItem\",\"position\":2,\"name\":\"Shop\",\"item\":\"https:\/\/livrariasolmar.pt\/en\/shop\/\"},{\"@type\":\"ListItem\",\"position\":3,\"name\":\"Cors\\u00e1rio das Ilhas | O Retrato do Semeador\"}]}]}<\/script>\n<!-- \/ Yoast SEO plugin. -->","_links":{"self":[{"href":"https:\/\/livrariasolmar.pt\/en\/wp-json\/wp\/v2\/product\/9279"}],"collection":[{"href":"https:\/\/livrariasolmar.pt\/en\/wp-json\/wp\/v2\/product"}],"about":[{"href":"https:\/\/livrariasolmar.pt\/en\/wp-json\/wp\/v2\/types\/product"}],"author":[{"embeddable":true,"href":"https:\/\/livrariasolmar.pt\/en\/wp-json\/wp\/v2\/users\/2"}],"wp:featuredmedia":[{"embeddable":true,"href":"https:\/\/livrariasolmar.pt\/en\/wp-json\/wp\/v2\/media\/9280"}],"wp:attachment":[{"href":"https:\/\/livrariasolmar.pt\/en\/wp-json\/wp\/v2\/media?parent=9279"}],"wp:term":[{"taxonomy":"product_cat","embeddable":true,"href":"https:\/\/livrariasolmar.pt\/en\/wp-json\/wp\/v2\/product_cat?post=9279"},{"taxonomy":"product_tag","embeddable":true,"href":"https:\/\/livrariasolmar.pt\/en\/wp-json\/wp\/v2\/product_tag?post=9279"},{"taxonomy":"cat_produtos","embeddable":true,"href":"https:\/\/livrariasolmar.pt\/en\/wp-json\/wp\/v2\/cat_produtos?post=9279"}],"curies":[{"name":"wp","href":"https:\/\/api.w.org\/{rel}","templated":true}]}}