{"id":9293,"date":"2024-07-05T16:23:25","date_gmt":"2024-07-05T16:23:25","guid":{"rendered":"https:\/\/livrariasolmar.pt\/?post_type=product&#038;p=9293"},"modified":"2024-08-16T19:36:37","modified_gmt":"2024-08-16T19:36:37","slug":"a-noiva-errada","status":"publish","type":"product","link":"https:\/\/livrariasolmar.pt\/en\/produto\/a-noiva-errada\/","title":{"rendered":"A Noiva Errada"},"content":{"rendered":"","protected":false},"excerpt":{"rendered":"<p>Ares Windsor \u00e9 rico e poderoso. O seu casamento com a filha mais velha dos DuPont, Hannah, foi combinado h\u00e1 j\u00e1 muito tempo. Contudo, Hannah tem sempre procurado adiar o enlace.<\/p>\n<p>Ambas as fam\u00edlias s\u00e3o influentes e poderosas. A m\u00e3e de Hannah \u00e9 extremamente narcisista. A av\u00f3 de Ares, implac\u00e1vel. Como n\u00e3o pretendem esperar mais tempo pelo matrim\u00f3nio, decidem encontrar outra noiva para o jovem Windsor. A escolhida \u00e9 Raven, a irm\u00e3 mais nova de Hannah, amiga de Ares e secretamente apaixonada por ele h\u00e1 anos.<\/p>\n<p>Raven n\u00e3o tem como escapar aos planos da fam\u00edlia. V\u00ea-se obrigada a casar com o noivo da irm\u00e3, por\u00e9m, \u00e9 assaltada por imensas d\u00favidas: Poder\u00e1 ela assumir o lugar de Hannah? Conseguir\u00e1 que Ares esque\u00e7a a irm\u00e3 e se apaixone por ela? Que tipo de casamento ser\u00e1 o deles? Ser\u00e1 poss\u00edvel ao verdadeiro amor florescer no seio de um casamento arranjado?<\/p>\n","protected":false},"author":2,"featured_media":9294,"template":"","meta":[],"product_cat":[477],"product_tag":[],"cat_produtos":[],"yoast_head":"<!-- This site is optimized with the Yoast SEO plugin v16.6 - https:\/\/yoast.com\/wordpress\/plugins\/seo\/ -->\n<title>A Noiva Errada - Livraria Solmar - Livraria online<\/title>\n<meta name=\"robots\" content=\"index, follow, max-snippet:-1, max-image-preview:large, max-video-preview:-1\" \/>\n<link rel=\"canonical\" href=\"https:\/\/livrariasolmar.pt\/en\/produto\/a-noiva-errada\/\" \/>\n<meta property=\"og:locale\" content=\"en_US\" \/>\n<meta property=\"og:type\" content=\"article\" \/>\n<meta property=\"og:title\" content=\"A Noiva Errada - Livraria Solmar - Livraria online\" \/>\n<meta property=\"og:description\" content=\"Ares Windsor \u00e9 rico e poderoso. O seu casamento com a filha mais velha dos DuPont, Hannah, foi combinado h\u00e1 j\u00e1 muito tempo. Contudo, Hannah tem sempre procurado adiar o enlace.  Ambas as fam\u00edlias s\u00e3o influentes e poderosas. A m\u00e3e de Hannah \u00e9 extremamente narcisista. A av\u00f3 de Ares, implac\u00e1vel. Como n\u00e3o pretendem esperar mais tempo pelo matrim\u00f3nio, decidem encontrar outra noiva para o jovem Windsor. A escolhida \u00e9 Raven, a irm\u00e3 mais nova de Hannah, amiga de Ares e secretamente apaixonada por ele h\u00e1 anos.  Raven n\u00e3o tem como escapar aos planos da fam\u00edlia. V\u00ea-se obrigada a casar com o noivo da irm\u00e3, por\u00e9m, \u00e9 assaltada por imensas d\u00favidas: Poder\u00e1 ela assumir o lugar de Hannah? Conseguir\u00e1 que Ares esque\u00e7a a irm\u00e3 e se apaixone por ela? Que tipo de casamento ser\u00e1 o deles? Ser\u00e1 poss\u00edvel ao verdadeiro amor florescer no seio de um casamento arranjado?\" \/>\n<meta property=\"og:url\" content=\"https:\/\/livrariasolmar.pt\/produto\/a-noiva-errada\/\" \/>\n<meta property=\"og:site_name\" content=\"Livraria Solmar - Livraria online\" \/>\n<meta property=\"article:modified_time\" content=\"2024-08-16T19:36:37+00:00\" \/>\n<meta property=\"og:image\" content=\"https:\/\/livrariasolmar.pt\/wp-content\/uploads\/2024\/07\/1540-1.jpg\" \/>\n\t<meta property=\"og:image:width\" content=\"340\" \/>\n\t<meta property=\"og:image:height\" content=\"340\" \/>\n<meta name=\"twitter:card\" content=\"summary_large_image\" \/>\n<script type=\"application\/ld+json\" class=\"yoast-schema-graph\">{\"@context\":\"https:\/\/schema.org\",\"@graph\":[{\"@type\":\"WebSite\",\"@id\":\"https:\/\/livrariasolmar.pt\/#website\",\"url\":\"https:\/\/livrariasolmar.pt\/\",\"name\":\"Livraria Solmar - Livraria online\",\"description\":\"Com\\u00e9rcio Livros E Objetos De Arte, Lda - Ponta Delgada, A\\u00e7ores\",\"potentialAction\":[{\"@type\":\"SearchAction\",\"target\":{\"@type\":\"EntryPoint\",\"urlTemplate\":\"https:\/\/livrariasolmar.pt\/?s={search_term_string}\"},\"query-input\":\"required name=search_term_string\"}],\"inLanguage\":\"en-US\"},{\"@type\":\"ImageObject\",\"@id\":\"https:\/\/livrariasolmar.pt\/produto\/a-noiva-errada\/#primaryimage\",\"inLanguage\":\"en-US\",\"url\":\"https:\/\/livrariasolmar.pt\/wp-content\/uploads\/2024\/07\/1540-1.jpg\",\"contentUrl\":\"https:\/\/livrariasolmar.pt\/wp-content\/uploads\/2024\/07\/1540-1.jpg\",\"width\":340,\"height\":340},{\"@type\":\"WebPage\",\"@id\":\"https:\/\/livrariasolmar.pt\/produto\/a-noiva-errada\/#webpage\",\"url\":\"https:\/\/livrariasolmar.pt\/produto\/a-noiva-errada\/\",\"name\":\"A Noiva Errada - Livraria Solmar - Livraria online\",\"isPartOf\":{\"@id\":\"https:\/\/livrariasolmar.pt\/#website\"},\"primaryImageOfPage\":{\"@id\":\"https:\/\/livrariasolmar.pt\/produto\/a-noiva-errada\/#primaryimage\"},\"datePublished\":\"2024-07-05T16:23:25+00:00\",\"dateModified\":\"2024-08-16T19:36:37+00:00\",\"breadcrumb\":{\"@id\":\"https:\/\/livrariasolmar.pt\/produto\/a-noiva-errada\/#breadcrumb\"},\"inLanguage\":\"en-US\",\"potentialAction\":[{\"@type\":\"ReadAction\",\"target\":[\"https:\/\/livrariasolmar.pt\/produto\/a-noiva-errada\/\"]}]},{\"@type\":\"BreadcrumbList\",\"@id\":\"https:\/\/livrariasolmar.pt\/produto\/a-noiva-errada\/#breadcrumb\",\"itemListElement\":[{\"@type\":\"ListItem\",\"position\":1,\"name\":\"In\\u00edcio\",\"item\":\"https:\/\/livrariasolmar.pt\/en\/\"},{\"@type\":\"ListItem\",\"position\":2,\"name\":\"Shop\",\"item\":\"https:\/\/livrariasolmar.pt\/en\/shop\/\"},{\"@type\":\"ListItem\",\"position\":3,\"name\":\"A Noiva Errada\"}]}]}<\/script>\n<!-- \/ Yoast SEO plugin. -->","_links":{"self":[{"href":"https:\/\/livrariasolmar.pt\/en\/wp-json\/wp\/v2\/product\/9293"}],"collection":[{"href":"https:\/\/livrariasolmar.pt\/en\/wp-json\/wp\/v2\/product"}],"about":[{"href":"https:\/\/livrariasolmar.pt\/en\/wp-json\/wp\/v2\/types\/product"}],"author":[{"embeddable":true,"href":"https:\/\/livrariasolmar.pt\/en\/wp-json\/wp\/v2\/users\/2"}],"wp:featuredmedia":[{"embeddable":true,"href":"https:\/\/livrariasolmar.pt\/en\/wp-json\/wp\/v2\/media\/9294"}],"wp:attachment":[{"href":"https:\/\/livrariasolmar.pt\/en\/wp-json\/wp\/v2\/media?parent=9293"}],"wp:term":[{"taxonomy":"product_cat","embeddable":true,"href":"https:\/\/livrariasolmar.pt\/en\/wp-json\/wp\/v2\/product_cat?post=9293"},{"taxonomy":"product_tag","embeddable":true,"href":"https:\/\/livrariasolmar.pt\/en\/wp-json\/wp\/v2\/product_tag?post=9293"},{"taxonomy":"cat_produtos","embeddable":true,"href":"https:\/\/livrariasolmar.pt\/en\/wp-json\/wp\/v2\/cat_produtos?post=9293"}],"curies":[{"name":"wp","href":"https:\/\/api.w.org\/{rel}","templated":true}]}}