{"id":9296,"date":"2024-07-05T16:50:37","date_gmt":"2024-07-05T16:50:37","guid":{"rendered":"https:\/\/livrariasolmar.pt\/?post_type=product&#038;p=9296"},"modified":"2025-03-14T18:50:36","modified_gmt":"2025-03-14T18:50:36","slug":"coisa-que-nao-edifica-nem-destroi-2-o-volume","status":"publish","type":"product","link":"https:\/\/livrariasolmar.pt\/en\/produto\/coisa-que-nao-edifica-nem-destroi-2-o-volume\/","title":{"rendered":"Coisa que N\u00e3o Edifica Nem Destr\u00f3i &#8211; 2.\u00ba volume"},"content":{"rendered":"","protected":false},"excerpt":{"rendered":"<p>O volume que completa a publica\u00e7\u00e3o de todos os textos do podcast hom\u00f3nimo de Ricardo Ara\u00fajo Pereira.<\/p>\n<p>Para quem j\u00e1 tem o primeiro livro, para quem ainda n\u00e3o tem volume nenhum, para quem ouviu este podcast sobre humor e tamb\u00e9m para quem n\u00e3o ouviu. Ou seja, um livro para toda a gente. \u00abCome\u00e7o por avisar que vou ensaiar uma teoria. J\u00e1 sei que, quando algu\u00e9m ensaia uma teoria, h\u00e1 sempre um desmancha-prazeres que tenta contest\u00e1-la, apontar-lhe fragilidades, inconsist\u00eancias, excep\u00e7\u00f5es. N\u00e3o me interessa. A teoria \u00e9 esta: na epopeia, n\u00f3s sa\u00edmos de casa e vamos matar gente de outras fam\u00edlias; na trag\u00e9dia, ficamos em casa a matar gente da nossa fam\u00edlia; na com\u00e9dia, n\u00e3o sa\u00edmos do quarto e ficamos sobretudo a pensar na nossa pr\u00f3pria morte.\u00bb Ricardo Ara\u00fajo Pereira<\/p>\n","protected":false},"author":2,"featured_media":9297,"template":"","meta":[],"product_cat":[153],"product_tag":[],"cat_produtos":[],"yoast_head":"<!-- This site is optimized with the Yoast SEO plugin v16.6 - https:\/\/yoast.com\/wordpress\/plugins\/seo\/ -->\n<title>Coisa que N\u00e3o Edifica Nem Destr\u00f3i - 2.\u00ba volume - Livraria Solmar - Livraria online<\/title>\n<meta name=\"robots\" content=\"index, follow, max-snippet:-1, max-image-preview:large, max-video-preview:-1\" \/>\n<link rel=\"canonical\" href=\"https:\/\/livrariasolmar.pt\/en\/produto\/coisa-que-nao-edifica-nem-destroi-2-o-volume\/\" \/>\n<meta property=\"og:locale\" content=\"en_US\" \/>\n<meta property=\"og:type\" content=\"article\" \/>\n<meta property=\"og:title\" content=\"Coisa que N\u00e3o Edifica Nem Destr\u00f3i - 2.\u00ba volume - Livraria Solmar - Livraria online\" \/>\n<meta property=\"og:description\" content=\"O volume que completa a publica\u00e7\u00e3o de todos os textos do podcast hom\u00f3nimo de Ricardo Ara\u00fajo Pereira.  Para quem j\u00e1 tem o primeiro livro, para quem ainda n\u00e3o tem volume nenhum, para quem ouviu este podcast sobre humor e tamb\u00e9m para quem n\u00e3o ouviu. Ou seja, um livro para toda a gente. \u00abCome\u00e7o por avisar que vou ensaiar uma teoria. J\u00e1 sei que, quando algu\u00e9m ensaia uma teoria, h\u00e1 sempre um desmancha-prazeres que tenta contest\u00e1-la, apontar-lhe fragilidades, inconsist\u00eancias, excep\u00e7\u00f5es. N\u00e3o me interessa. A teoria \u00e9 esta: na epopeia, n\u00f3s sa\u00edmos de casa e vamos matar gente de outras fam\u00edlias; na trag\u00e9dia, ficamos em casa a matar gente da nossa fam\u00edlia; na com\u00e9dia, n\u00e3o sa\u00edmos do quarto e ficamos sobretudo a pensar na nossa pr\u00f3pria morte.\u00bb Ricardo Ara\u00fajo Pereira\" \/>\n<meta property=\"og:url\" content=\"https:\/\/livrariasolmar.pt\/produto\/coisa-que-nao-edifica-nem-destroi-2-o-volume\/\" \/>\n<meta property=\"og:site_name\" content=\"Livraria Solmar - Livraria online\" \/>\n<meta property=\"article:modified_time\" content=\"2025-03-14T18:50:36+00:00\" \/>\n<meta property=\"og:image\" content=\"https:\/\/livrariasolmar.pt\/wp-content\/uploads\/2024\/07\/500_9789896718473_capa.jpg\" \/>\n\t<meta property=\"og:image:width\" content=\"329\" \/>\n\t<meta property=\"og:image:height\" content=\"500\" \/>\n<meta name=\"twitter:card\" content=\"summary_large_image\" \/>\n<script type=\"application\/ld+json\" class=\"yoast-schema-graph\">{\"@context\":\"https:\/\/schema.org\",\"@graph\":[{\"@type\":\"WebSite\",\"@id\":\"https:\/\/livrariasolmar.pt\/#website\",\"url\":\"https:\/\/livrariasolmar.pt\/\",\"name\":\"Livraria Solmar - Livraria online\",\"description\":\"Com\\u00e9rcio Livros E Objetos De Arte, Lda - Ponta Delgada, A\\u00e7ores\",\"potentialAction\":[{\"@type\":\"SearchAction\",\"target\":{\"@type\":\"EntryPoint\",\"urlTemplate\":\"https:\/\/livrariasolmar.pt\/?s={search_term_string}\"},\"query-input\":\"required name=search_term_string\"}],\"inLanguage\":\"en-US\"},{\"@type\":\"ImageObject\",\"@id\":\"https:\/\/livrariasolmar.pt\/produto\/coisa-que-nao-edifica-nem-destroi-2-o-volume\/#primaryimage\",\"inLanguage\":\"en-US\",\"url\":\"https:\/\/livrariasolmar.pt\/wp-content\/uploads\/2024\/07\/500_9789896718473_capa.jpg\",\"contentUrl\":\"https:\/\/livrariasolmar.pt\/wp-content\/uploads\/2024\/07\/500_9789896718473_capa.jpg\",\"width\":329,\"height\":500},{\"@type\":\"WebPage\",\"@id\":\"https:\/\/livrariasolmar.pt\/produto\/coisa-que-nao-edifica-nem-destroi-2-o-volume\/#webpage\",\"url\":\"https:\/\/livrariasolmar.pt\/produto\/coisa-que-nao-edifica-nem-destroi-2-o-volume\/\",\"name\":\"Coisa que N\\u00e3o Edifica Nem Destr\\u00f3i - 2.\\u00ba volume - Livraria Solmar - Livraria online\",\"isPartOf\":{\"@id\":\"https:\/\/livrariasolmar.pt\/#website\"},\"primaryImageOfPage\":{\"@id\":\"https:\/\/livrariasolmar.pt\/produto\/coisa-que-nao-edifica-nem-destroi-2-o-volume\/#primaryimage\"},\"datePublished\":\"2024-07-05T16:50:37+00:00\",\"dateModified\":\"2025-03-14T18:50:36+00:00\",\"breadcrumb\":{\"@id\":\"https:\/\/livrariasolmar.pt\/produto\/coisa-que-nao-edifica-nem-destroi-2-o-volume\/#breadcrumb\"},\"inLanguage\":\"en-US\",\"potentialAction\":[{\"@type\":\"ReadAction\",\"target\":[\"https:\/\/livrariasolmar.pt\/produto\/coisa-que-nao-edifica-nem-destroi-2-o-volume\/\"]}]},{\"@type\":\"BreadcrumbList\",\"@id\":\"https:\/\/livrariasolmar.pt\/produto\/coisa-que-nao-edifica-nem-destroi-2-o-volume\/#breadcrumb\",\"itemListElement\":[{\"@type\":\"ListItem\",\"position\":1,\"name\":\"In\\u00edcio\",\"item\":\"https:\/\/livrariasolmar.pt\/en\/\"},{\"@type\":\"ListItem\",\"position\":2,\"name\":\"Shop\",\"item\":\"https:\/\/livrariasolmar.pt\/en\/shop\/\"},{\"@type\":\"ListItem\",\"position\":3,\"name\":\"Coisa que N\\u00e3o Edifica Nem Destr\\u00f3i &#8211; 2.\\u00ba volume\"}]}]}<\/script>\n<!-- \/ Yoast SEO plugin. -->","_links":{"self":[{"href":"https:\/\/livrariasolmar.pt\/en\/wp-json\/wp\/v2\/product\/9296"}],"collection":[{"href":"https:\/\/livrariasolmar.pt\/en\/wp-json\/wp\/v2\/product"}],"about":[{"href":"https:\/\/livrariasolmar.pt\/en\/wp-json\/wp\/v2\/types\/product"}],"author":[{"embeddable":true,"href":"https:\/\/livrariasolmar.pt\/en\/wp-json\/wp\/v2\/users\/2"}],"wp:featuredmedia":[{"embeddable":true,"href":"https:\/\/livrariasolmar.pt\/en\/wp-json\/wp\/v2\/media\/9297"}],"wp:attachment":[{"href":"https:\/\/livrariasolmar.pt\/en\/wp-json\/wp\/v2\/media?parent=9296"}],"wp:term":[{"taxonomy":"product_cat","embeddable":true,"href":"https:\/\/livrariasolmar.pt\/en\/wp-json\/wp\/v2\/product_cat?post=9296"},{"taxonomy":"product_tag","embeddable":true,"href":"https:\/\/livrariasolmar.pt\/en\/wp-json\/wp\/v2\/product_tag?post=9296"},{"taxonomy":"cat_produtos","embeddable":true,"href":"https:\/\/livrariasolmar.pt\/en\/wp-json\/wp\/v2\/cat_produtos?post=9296"}],"curies":[{"name":"wp","href":"https:\/\/api.w.org\/{rel}","templated":true}]}}