{"id":9305,"date":"2024-07-06T14:34:33","date_gmt":"2024-07-06T14:34:33","guid":{"rendered":"https:\/\/livrariasolmar.pt\/?post_type=product&#038;p=9305"},"modified":"2024-08-06T18:00:32","modified_gmt":"2024-08-06T18:00:32","slug":"a-sociedade-muito-secreta-dos-caminhantes-solitarios","status":"publish","type":"product","link":"https:\/\/livrariasolmar.pt\/en\/produto\/a-sociedade-muito-secreta-dos-caminhantes-solitarios\/","title":{"rendered":"A Sociedade Muito Secreta dos Caminhantes Solit\u00e1rios"},"content":{"rendered":"","protected":false},"excerpt":{"rendered":"<p>Ningu\u00e9m suspeita da sua exist\u00eancia \u2014 e, no entanto, est\u00e3o por toda a parte. Quem s\u00e3o esses caminhantes solit\u00e1rios que encontramos a passear nas praias, nas montanhas, ao longo de estradas desoladas, entre as sombras das florestas? R\u00e9my Oudghiri, que tem vindo a dedicar-se a estudar as formas de nos isolarmos e procurarmos a solid\u00e3o num mundo cada vez mais estereotipado, convida-nos a descobrir esses caminhantes inusitados.<\/p>\n<p>Para isso, conta v\u00e1rias hist\u00f3rias de caminhantes e recorda o dia em que percebeu que pertencia a uma comunidade invis\u00edvel &#8211; a das pessoas que caminham sozinhas, ao acaso. Desde a adolesc\u00eancia, dedicou-se a esta arte que tem representantes de prest\u00edgio, como Rousseau, Baudelaire, Pascal, Montaigne ou Andr\u00e9 Breton. Foi como soci\u00f3logo que iniciou uma investiga\u00e7\u00e3o para conhecer esses caminhantes do acaso. Descobre ent\u00e3o um mundo com personalidades coloridas: os andarilhos, os andarilhos dominicais, os m\u00edsticos, os rom\u00e2nticos, os fugitivos, os compenetrados, os disciplinados, os regulares, os sonhadores, etc. Este \u00e9 o resumo de uma viagem para compreender a ess\u00eancia da caminhada solit\u00e1ria e o v\u00ednculo profundo e m\u00edstico que une os membros desta sociedade t\u00e3o secreta.<\/p>\n","protected":false},"author":2,"featured_media":9306,"template":"","meta":[],"product_cat":[153],"product_tag":[],"cat_produtos":[],"yoast_head":"<!-- This site is optimized with the Yoast SEO plugin v16.6 - https:\/\/yoast.com\/wordpress\/plugins\/seo\/ -->\n<title>A Sociedade Muito Secreta dos Caminhantes Solit\u00e1rios - Livraria Solmar - Livraria online<\/title>\n<meta name=\"robots\" content=\"index, follow, max-snippet:-1, max-image-preview:large, max-video-preview:-1\" \/>\n<link rel=\"canonical\" href=\"https:\/\/livrariasolmar.pt\/en\/produto\/a-sociedade-muito-secreta-dos-caminhantes-solitarios\/\" \/>\n<meta property=\"og:locale\" content=\"en_US\" \/>\n<meta property=\"og:type\" content=\"article\" \/>\n<meta property=\"og:title\" content=\"A Sociedade Muito Secreta dos Caminhantes Solit\u00e1rios - Livraria Solmar - Livraria online\" \/>\n<meta property=\"og:description\" content=\"Ningu\u00e9m suspeita da sua exist\u00eancia \u2014 e, no entanto, est\u00e3o por toda a parte. Quem s\u00e3o esses caminhantes solit\u00e1rios que encontramos a passear nas praias, nas montanhas, ao longo de estradas desoladas, entre as sombras das florestas? R\u00e9my Oudghiri, que tem vindo a dedicar-se a estudar as formas de nos isolarmos e procurarmos a solid\u00e3o num mundo cada vez mais estereotipado, convida-nos a descobrir esses caminhantes inusitados.  Para isso, conta v\u00e1rias hist\u00f3rias de caminhantes e recorda o dia em que percebeu que pertencia a uma comunidade invis\u00edvel - a das pessoas que caminham sozinhas, ao acaso. Desde a adolesc\u00eancia, dedicou-se a esta arte que tem representantes de prest\u00edgio, como Rousseau, Baudelaire, Pascal, Montaigne ou Andr\u00e9 Breton. Foi como soci\u00f3logo que iniciou uma investiga\u00e7\u00e3o para conhecer esses caminhantes do acaso. Descobre ent\u00e3o um mundo com personalidades coloridas: os andarilhos, os andarilhos dominicais, os m\u00edsticos, os rom\u00e2nticos, os fugitivos, os compenetrados, os disciplinados, os regulares, os sonhadores, etc. Este \u00e9 o resumo de uma viagem para compreender a ess\u00eancia da caminhada solit\u00e1ria e o v\u00ednculo profundo e m\u00edstico que une os membros desta sociedade t\u00e3o secreta.\" \/>\n<meta property=\"og:url\" content=\"https:\/\/livrariasolmar.pt\/produto\/a-sociedade-muito-secreta-dos-caminhantes-solitarios\/\" \/>\n<meta property=\"og:site_name\" content=\"Livraria Solmar - Livraria online\" \/>\n<meta property=\"article:modified_time\" content=\"2024-08-06T18:00:32+00:00\" \/>\n<meta property=\"og:image\" content=\"https:\/\/livrariasolmar.pt\/wp-content\/uploads\/2024\/07\/500_9789897228780_capa.jpg\" \/>\n\t<meta property=\"og:image:width\" content=\"318\" \/>\n\t<meta property=\"og:image:height\" content=\"500\" \/>\n<meta name=\"twitter:card\" content=\"summary_large_image\" \/>\n<script type=\"application\/ld+json\" class=\"yoast-schema-graph\">{\"@context\":\"https:\/\/schema.org\",\"@graph\":[{\"@type\":\"WebSite\",\"@id\":\"https:\/\/livrariasolmar.pt\/#website\",\"url\":\"https:\/\/livrariasolmar.pt\/\",\"name\":\"Livraria Solmar - Livraria online\",\"description\":\"Com\\u00e9rcio Livros E Objetos De Arte, Lda - Ponta Delgada, A\\u00e7ores\",\"potentialAction\":[{\"@type\":\"SearchAction\",\"target\":{\"@type\":\"EntryPoint\",\"urlTemplate\":\"https:\/\/livrariasolmar.pt\/?s={search_term_string}\"},\"query-input\":\"required name=search_term_string\"}],\"inLanguage\":\"en-US\"},{\"@type\":\"ImageObject\",\"@id\":\"https:\/\/livrariasolmar.pt\/produto\/a-sociedade-muito-secreta-dos-caminhantes-solitarios\/#primaryimage\",\"inLanguage\":\"en-US\",\"url\":\"https:\/\/livrariasolmar.pt\/wp-content\/uploads\/2024\/07\/500_9789897228780_capa.jpg\",\"contentUrl\":\"https:\/\/livrariasolmar.pt\/wp-content\/uploads\/2024\/07\/500_9789897228780_capa.jpg\",\"width\":318,\"height\":500},{\"@type\":\"WebPage\",\"@id\":\"https:\/\/livrariasolmar.pt\/produto\/a-sociedade-muito-secreta-dos-caminhantes-solitarios\/#webpage\",\"url\":\"https:\/\/livrariasolmar.pt\/produto\/a-sociedade-muito-secreta-dos-caminhantes-solitarios\/\",\"name\":\"A Sociedade Muito Secreta dos Caminhantes Solit\\u00e1rios - Livraria Solmar - Livraria online\",\"isPartOf\":{\"@id\":\"https:\/\/livrariasolmar.pt\/#website\"},\"primaryImageOfPage\":{\"@id\":\"https:\/\/livrariasolmar.pt\/produto\/a-sociedade-muito-secreta-dos-caminhantes-solitarios\/#primaryimage\"},\"datePublished\":\"2024-07-06T14:34:33+00:00\",\"dateModified\":\"2024-08-06T18:00:32+00:00\",\"breadcrumb\":{\"@id\":\"https:\/\/livrariasolmar.pt\/produto\/a-sociedade-muito-secreta-dos-caminhantes-solitarios\/#breadcrumb\"},\"inLanguage\":\"en-US\",\"potentialAction\":[{\"@type\":\"ReadAction\",\"target\":[\"https:\/\/livrariasolmar.pt\/produto\/a-sociedade-muito-secreta-dos-caminhantes-solitarios\/\"]}]},{\"@type\":\"BreadcrumbList\",\"@id\":\"https:\/\/livrariasolmar.pt\/produto\/a-sociedade-muito-secreta-dos-caminhantes-solitarios\/#breadcrumb\",\"itemListElement\":[{\"@type\":\"ListItem\",\"position\":1,\"name\":\"In\\u00edcio\",\"item\":\"https:\/\/livrariasolmar.pt\/en\/\"},{\"@type\":\"ListItem\",\"position\":2,\"name\":\"Shop\",\"item\":\"https:\/\/livrariasolmar.pt\/en\/shop\/\"},{\"@type\":\"ListItem\",\"position\":3,\"name\":\"A Sociedade Muito Secreta dos Caminhantes Solit\\u00e1rios\"}]}]}<\/script>\n<!-- \/ Yoast SEO plugin. -->","_links":{"self":[{"href":"https:\/\/livrariasolmar.pt\/en\/wp-json\/wp\/v2\/product\/9305"}],"collection":[{"href":"https:\/\/livrariasolmar.pt\/en\/wp-json\/wp\/v2\/product"}],"about":[{"href":"https:\/\/livrariasolmar.pt\/en\/wp-json\/wp\/v2\/types\/product"}],"author":[{"embeddable":true,"href":"https:\/\/livrariasolmar.pt\/en\/wp-json\/wp\/v2\/users\/2"}],"wp:featuredmedia":[{"embeddable":true,"href":"https:\/\/livrariasolmar.pt\/en\/wp-json\/wp\/v2\/media\/9306"}],"wp:attachment":[{"href":"https:\/\/livrariasolmar.pt\/en\/wp-json\/wp\/v2\/media?parent=9305"}],"wp:term":[{"taxonomy":"product_cat","embeddable":true,"href":"https:\/\/livrariasolmar.pt\/en\/wp-json\/wp\/v2\/product_cat?post=9305"},{"taxonomy":"product_tag","embeddable":true,"href":"https:\/\/livrariasolmar.pt\/en\/wp-json\/wp\/v2\/product_tag?post=9305"},{"taxonomy":"cat_produtos","embeddable":true,"href":"https:\/\/livrariasolmar.pt\/en\/wp-json\/wp\/v2\/cat_produtos?post=9305"}],"curies":[{"name":"wp","href":"https:\/\/api.w.org\/{rel}","templated":true}]}}