{"id":9308,"date":"2024-07-06T14:41:58","date_gmt":"2024-07-06T14:41:58","guid":{"rendered":"https:\/\/livrariasolmar.pt\/?post_type=product&#038;p=9308"},"modified":"2024-08-16T19:36:19","modified_gmt":"2024-08-16T19:36:19","slug":"as-melhoras-da-morte","status":"publish","type":"product","link":"https:\/\/livrariasolmar.pt\/en\/produto\/as-melhoras-da-morte\/","title":{"rendered":"As Melhoras da Morte"},"content":{"rendered":"","protected":false},"excerpt":{"rendered":"<p>Dez anos depois, um novo romance de Rui Cardoso Martins. No Alentejo podemos matar-nos, mas n\u00e3o h\u00e1-de ser de aborrecimento. A morte apote\u00f3tica de um amigo leva Cruzeta de volta ao Alentejo. Muitos anos e viagens passaram at\u00e9 chegar o dia do regresso \u00e0 terra onde at\u00e9 o coveiro se mata, a mesma de E Se Eu Gostasse Muito de Morrer, para mais uma grande aventura interior, dores e alegrias, fantasmas e afectos.<\/p>\n<p>Chuva de enforcados, monstros na catedral, a cave dos morcegos, um dente pilar do universo, espadas de matar drag\u00f5es, passarinhos, luas, guerras antigas e novas, um capote napole\u00f3nico, aranhas, o peixe-bolha. Aqui, as pessoas s\u00e3o capazes dos mais fant\u00e1sticos tipos de grandeza, e n\u00e3o s\u00f3 de mis\u00e9rias. Atravessada a cidade, subida a Serra, haver\u00e1 esperan\u00e7a para um novo come\u00e7o? Se h\u00e1 as melhoras da morte, tamb\u00e9m ter\u00e1 de haver as melhoras da vida.<\/p>\n<p>Do autor vencedor do GRANDE PR\u00c9MIO DE ROMANCE E NOVELA APE 2009 e do GRANDE PR\u00c9MIO DE CR\u00d3NICA E DISPERSOS LITER\u00c1RIOS APE 2017, e argumentista de filmes como A Herdade e Zona J e das s\u00e9ries policiais Sul, Causa Pr\u00f3pria e Matilha (RTP).<\/p>\n","protected":false},"author":2,"featured_media":9309,"template":"","meta":[],"product_cat":[153],"product_tag":[],"cat_produtos":[],"yoast_head":"<!-- This site is optimized with the Yoast SEO plugin v16.6 - https:\/\/yoast.com\/wordpress\/plugins\/seo\/ -->\n<title>As Melhoras da Morte - Livraria Solmar - Livraria online<\/title>\n<meta name=\"robots\" content=\"index, follow, max-snippet:-1, max-image-preview:large, max-video-preview:-1\" \/>\n<link rel=\"canonical\" href=\"https:\/\/livrariasolmar.pt\/en\/produto\/as-melhoras-da-morte\/\" \/>\n<meta property=\"og:locale\" content=\"en_US\" \/>\n<meta property=\"og:type\" content=\"article\" \/>\n<meta property=\"og:title\" content=\"As Melhoras da Morte - Livraria Solmar - Livraria online\" \/>\n<meta property=\"og:description\" content=\"Dez anos depois, um novo romance de Rui Cardoso Martins. No Alentejo podemos matar-nos, mas n\u00e3o h\u00e1-de ser de aborrecimento. A morte apote\u00f3tica de um amigo leva Cruzeta de volta ao Alentejo. Muitos anos e viagens passaram at\u00e9 chegar o dia do regresso \u00e0 terra onde at\u00e9 o coveiro se mata, a mesma de E Se Eu Gostasse Muito de Morrer, para mais uma grande aventura interior, dores e alegrias, fantasmas e afectos.  Chuva de enforcados, monstros na catedral, a cave dos morcegos, um dente pilar do universo, espadas de matar drag\u00f5es, passarinhos, luas, guerras antigas e novas, um capote napole\u00f3nico, aranhas, o peixe-bolha. Aqui, as pessoas s\u00e3o capazes dos mais fant\u00e1sticos tipos de grandeza, e n\u00e3o s\u00f3 de mis\u00e9rias. Atravessada a cidade, subida a Serra, haver\u00e1 esperan\u00e7a para um novo come\u00e7o? Se h\u00e1 as melhoras da morte, tamb\u00e9m ter\u00e1 de haver as melhoras da vida.  Do autor vencedor do GRANDE PR\u00c9MIO DE ROMANCE E NOVELA APE 2009 e do GRANDE PR\u00c9MIO DE CR\u00d3NICA E DISPERSOS LITER\u00c1RIOS APE 2017, e argumentista de filmes como A Herdade e Zona J e das s\u00e9ries policiais Sul, Causa Pr\u00f3pria e Matilha (RTP).\" \/>\n<meta property=\"og:url\" content=\"https:\/\/livrariasolmar.pt\/produto\/as-melhoras-da-morte\/\" \/>\n<meta property=\"og:site_name\" content=\"Livraria Solmar - Livraria online\" \/>\n<meta property=\"article:modified_time\" content=\"2024-08-16T19:36:19+00:00\" \/>\n<meta property=\"og:image\" content=\"https:\/\/livrariasolmar.pt\/wp-content\/uploads\/2024\/07\/1507-1.jpg\" \/>\n\t<meta property=\"og:image:width\" content=\"400\" \/>\n\t<meta property=\"og:image:height\" content=\"500\" \/>\n<meta name=\"twitter:card\" content=\"summary_large_image\" \/>\n<script type=\"application\/ld+json\" class=\"yoast-schema-graph\">{\"@context\":\"https:\/\/schema.org\",\"@graph\":[{\"@type\":\"WebSite\",\"@id\":\"https:\/\/livrariasolmar.pt\/#website\",\"url\":\"https:\/\/livrariasolmar.pt\/\",\"name\":\"Livraria Solmar - Livraria online\",\"description\":\"Com\\u00e9rcio Livros E Objetos De Arte, Lda - Ponta Delgada, A\\u00e7ores\",\"potentialAction\":[{\"@type\":\"SearchAction\",\"target\":{\"@type\":\"EntryPoint\",\"urlTemplate\":\"https:\/\/livrariasolmar.pt\/?s={search_term_string}\"},\"query-input\":\"required name=search_term_string\"}],\"inLanguage\":\"en-US\"},{\"@type\":\"ImageObject\",\"@id\":\"https:\/\/livrariasolmar.pt\/produto\/as-melhoras-da-morte\/#primaryimage\",\"inLanguage\":\"en-US\",\"url\":\"https:\/\/livrariasolmar.pt\/wp-content\/uploads\/2024\/07\/1507-1.jpg\",\"contentUrl\":\"https:\/\/livrariasolmar.pt\/wp-content\/uploads\/2024\/07\/1507-1.jpg\",\"width\":400,\"height\":500},{\"@type\":\"WebPage\",\"@id\":\"https:\/\/livrariasolmar.pt\/produto\/as-melhoras-da-morte\/#webpage\",\"url\":\"https:\/\/livrariasolmar.pt\/produto\/as-melhoras-da-morte\/\",\"name\":\"As Melhoras da Morte - Livraria Solmar - Livraria online\",\"isPartOf\":{\"@id\":\"https:\/\/livrariasolmar.pt\/#website\"},\"primaryImageOfPage\":{\"@id\":\"https:\/\/livrariasolmar.pt\/produto\/as-melhoras-da-morte\/#primaryimage\"},\"datePublished\":\"2024-07-06T14:41:58+00:00\",\"dateModified\":\"2024-08-16T19:36:19+00:00\",\"breadcrumb\":{\"@id\":\"https:\/\/livrariasolmar.pt\/produto\/as-melhoras-da-morte\/#breadcrumb\"},\"inLanguage\":\"en-US\",\"potentialAction\":[{\"@type\":\"ReadAction\",\"target\":[\"https:\/\/livrariasolmar.pt\/produto\/as-melhoras-da-morte\/\"]}]},{\"@type\":\"BreadcrumbList\",\"@id\":\"https:\/\/livrariasolmar.pt\/produto\/as-melhoras-da-morte\/#breadcrumb\",\"itemListElement\":[{\"@type\":\"ListItem\",\"position\":1,\"name\":\"In\\u00edcio\",\"item\":\"https:\/\/livrariasolmar.pt\/en\/\"},{\"@type\":\"ListItem\",\"position\":2,\"name\":\"Shop\",\"item\":\"https:\/\/livrariasolmar.pt\/en\/shop\/\"},{\"@type\":\"ListItem\",\"position\":3,\"name\":\"As Melhoras da Morte\"}]}]}<\/script>\n<!-- \/ Yoast SEO plugin. -->","_links":{"self":[{"href":"https:\/\/livrariasolmar.pt\/en\/wp-json\/wp\/v2\/product\/9308"}],"collection":[{"href":"https:\/\/livrariasolmar.pt\/en\/wp-json\/wp\/v2\/product"}],"about":[{"href":"https:\/\/livrariasolmar.pt\/en\/wp-json\/wp\/v2\/types\/product"}],"author":[{"embeddable":true,"href":"https:\/\/livrariasolmar.pt\/en\/wp-json\/wp\/v2\/users\/2"}],"wp:featuredmedia":[{"embeddable":true,"href":"https:\/\/livrariasolmar.pt\/en\/wp-json\/wp\/v2\/media\/9309"}],"wp:attachment":[{"href":"https:\/\/livrariasolmar.pt\/en\/wp-json\/wp\/v2\/media?parent=9308"}],"wp:term":[{"taxonomy":"product_cat","embeddable":true,"href":"https:\/\/livrariasolmar.pt\/en\/wp-json\/wp\/v2\/product_cat?post=9308"},{"taxonomy":"product_tag","embeddable":true,"href":"https:\/\/livrariasolmar.pt\/en\/wp-json\/wp\/v2\/product_tag?post=9308"},{"taxonomy":"cat_produtos","embeddable":true,"href":"https:\/\/livrariasolmar.pt\/en\/wp-json\/wp\/v2\/cat_produtos?post=9308"}],"curies":[{"name":"wp","href":"https:\/\/api.w.org\/{rel}","templated":true}]}}