{"id":9329,"date":"2024-07-13T17:16:43","date_gmt":"2024-07-13T17:16:43","guid":{"rendered":"https:\/\/livrariasolmar.pt\/?post_type=product&#038;p=9329"},"modified":"2024-10-31T17:59:53","modified_gmt":"2024-10-31T17:59:53","slug":"nasci-para-isto","status":"publish","type":"product","link":"https:\/\/livrariasolmar.pt\/en\/produto\/nasci-para-isto\/","title":{"rendered":"Nasci para Isto"},"content":{"rendered":"","protected":false},"excerpt":{"rendered":"<p>Uma f\u00e3 apaixonada. Um vocalista em crise. Quando os dois colidirem, ambos ir\u00e3o desabar no mundo real\u2026<\/p>\n<p>Para Angel Rahimi, a vida resume-se a uma coisa: os The Ark, uma boysband que est\u00e1 a conquistar o mundo. Fazer parte do fandom dos The Ark deu-lhe tudo o que ela ama: a sua amiga Juliet, os seus sonhos, o seu lugar no mundo. A sua fam\u00edlia mu\u00e7ulmana n\u00e3o compreende o fasc\u00ednio pela banda \u2014 mas Angel sente que h\u00e1 coisas sobre ela que eles nunca compreender\u00e3o.<\/p>\n<p>Jimmy Kaga-Ricci deve tudo aos The Ark. Ele \u00e9 o vocalista e tocar numa banda com os seus amigos \u00e9 tudo o que sempre sonhou fazer, mesmo que isso s\u00f3 aumente a sua ansiedade. Os f\u00e3s aceitam muito bem o facto de ele ser trans, mas tamb\u00e9m continuam a querer v\u00ea-lo com o seu amigo de longa data e colega de banda, Rowan. Mas Jimmy e Rowan s\u00e3o apenas amigos, e Rowan tem uma namorada secreta que os f\u00e3s nunca poder\u00e3o descobrir.<\/p>\n<p>Os sonhos nem sempre correm como se pensa e quando Jimmy e Angel s\u00e3o inesperadamente empurrados um para o outro, descobrem como pode ser estranho e surpreendente enfrentar a realidade.<\/p>\n","protected":false},"author":2,"featured_media":9330,"template":"","meta":[],"product_cat":[172],"product_tag":[],"cat_produtos":[],"yoast_head":"<!-- This site is optimized with the Yoast SEO plugin v16.6 - https:\/\/yoast.com\/wordpress\/plugins\/seo\/ -->\n<title>Nasci para Isto - Livraria Solmar - Livraria online<\/title>\n<meta name=\"robots\" content=\"index, follow, max-snippet:-1, max-image-preview:large, max-video-preview:-1\" \/>\n<link rel=\"canonical\" href=\"https:\/\/livrariasolmar.pt\/en\/produto\/nasci-para-isto\/\" \/>\n<meta property=\"og:locale\" content=\"en_US\" \/>\n<meta property=\"og:type\" content=\"article\" \/>\n<meta property=\"og:title\" content=\"Nasci para Isto - Livraria Solmar - Livraria online\" \/>\n<meta property=\"og:description\" content=\"Uma f\u00e3 apaixonada. Um vocalista em crise. Quando os dois colidirem, ambos ir\u00e3o desabar no mundo real\u2026  Para Angel Rahimi, a vida resume-se a uma coisa: os The Ark, uma boysband que est\u00e1 a conquistar o mundo. Fazer parte do fandom dos The Ark deu-lhe tudo o que ela ama: a sua amiga Juliet, os seus sonhos, o seu lugar no mundo. A sua fam\u00edlia mu\u00e7ulmana n\u00e3o compreende o fasc\u00ednio pela banda \u2014 mas Angel sente que h\u00e1 coisas sobre ela que eles nunca compreender\u00e3o.  Jimmy Kaga-Ricci deve tudo aos The Ark. Ele \u00e9 o vocalista e tocar numa banda com os seus amigos \u00e9 tudo o que sempre sonhou fazer, mesmo que isso s\u00f3 aumente a sua ansiedade. Os f\u00e3s aceitam muito bem o facto de ele ser trans, mas tamb\u00e9m continuam a querer v\u00ea-lo com o seu amigo de longa data e colega de banda, Rowan. Mas Jimmy e Rowan s\u00e3o apenas amigos, e Rowan tem uma namorada secreta que os f\u00e3s nunca poder\u00e3o descobrir.  Os sonhos nem sempre correm como se pensa e quando Jimmy e Angel s\u00e3o inesperadamente empurrados um para o outro, descobrem como pode ser estranho e surpreendente enfrentar a realidade.\" \/>\n<meta property=\"og:url\" content=\"https:\/\/livrariasolmar.pt\/produto\/nasci-para-isto\/\" \/>\n<meta property=\"og:site_name\" content=\"Livraria Solmar - Livraria online\" \/>\n<meta property=\"article:modified_time\" content=\"2024-10-31T17:59:53+00:00\" \/>\n<meta property=\"og:image\" content=\"https:\/\/livrariasolmar.pt\/wp-content\/uploads\/2024\/07\/500_9789895771356_capa.jpg\" \/>\n\t<meta property=\"og:image:width\" content=\"325\" \/>\n\t<meta property=\"og:image:height\" content=\"500\" \/>\n<meta name=\"twitter:card\" content=\"summary_large_image\" \/>\n<script type=\"application\/ld+json\" class=\"yoast-schema-graph\">{\"@context\":\"https:\/\/schema.org\",\"@graph\":[{\"@type\":\"WebSite\",\"@id\":\"https:\/\/livrariasolmar.pt\/#website\",\"url\":\"https:\/\/livrariasolmar.pt\/\",\"name\":\"Livraria Solmar - Livraria online\",\"description\":\"Com\\u00e9rcio Livros E Objetos De Arte, Lda - Ponta Delgada, A\\u00e7ores\",\"potentialAction\":[{\"@type\":\"SearchAction\",\"target\":{\"@type\":\"EntryPoint\",\"urlTemplate\":\"https:\/\/livrariasolmar.pt\/?s={search_term_string}\"},\"query-input\":\"required name=search_term_string\"}],\"inLanguage\":\"en-US\"},{\"@type\":\"ImageObject\",\"@id\":\"https:\/\/livrariasolmar.pt\/produto\/nasci-para-isto\/#primaryimage\",\"inLanguage\":\"en-US\",\"url\":\"https:\/\/livrariasolmar.pt\/wp-content\/uploads\/2024\/07\/500_9789895771356_capa.jpg\",\"contentUrl\":\"https:\/\/livrariasolmar.pt\/wp-content\/uploads\/2024\/07\/500_9789895771356_capa.jpg\",\"width\":325,\"height\":500},{\"@type\":\"WebPage\",\"@id\":\"https:\/\/livrariasolmar.pt\/produto\/nasci-para-isto\/#webpage\",\"url\":\"https:\/\/livrariasolmar.pt\/produto\/nasci-para-isto\/\",\"name\":\"Nasci para Isto - Livraria Solmar - Livraria online\",\"isPartOf\":{\"@id\":\"https:\/\/livrariasolmar.pt\/#website\"},\"primaryImageOfPage\":{\"@id\":\"https:\/\/livrariasolmar.pt\/produto\/nasci-para-isto\/#primaryimage\"},\"datePublished\":\"2024-07-13T17:16:43+00:00\",\"dateModified\":\"2024-10-31T17:59:53+00:00\",\"breadcrumb\":{\"@id\":\"https:\/\/livrariasolmar.pt\/produto\/nasci-para-isto\/#breadcrumb\"},\"inLanguage\":\"en-US\",\"potentialAction\":[{\"@type\":\"ReadAction\",\"target\":[\"https:\/\/livrariasolmar.pt\/produto\/nasci-para-isto\/\"]}]},{\"@type\":\"BreadcrumbList\",\"@id\":\"https:\/\/livrariasolmar.pt\/produto\/nasci-para-isto\/#breadcrumb\",\"itemListElement\":[{\"@type\":\"ListItem\",\"position\":1,\"name\":\"In\\u00edcio\",\"item\":\"https:\/\/livrariasolmar.pt\/en\/\"},{\"@type\":\"ListItem\",\"position\":2,\"name\":\"Shop\",\"item\":\"https:\/\/livrariasolmar.pt\/en\/shop\/\"},{\"@type\":\"ListItem\",\"position\":3,\"name\":\"Nasci para Isto\"}]}]}<\/script>\n<!-- \/ Yoast SEO plugin. -->","_links":{"self":[{"href":"https:\/\/livrariasolmar.pt\/en\/wp-json\/wp\/v2\/product\/9329"}],"collection":[{"href":"https:\/\/livrariasolmar.pt\/en\/wp-json\/wp\/v2\/product"}],"about":[{"href":"https:\/\/livrariasolmar.pt\/en\/wp-json\/wp\/v2\/types\/product"}],"author":[{"embeddable":true,"href":"https:\/\/livrariasolmar.pt\/en\/wp-json\/wp\/v2\/users\/2"}],"wp:featuredmedia":[{"embeddable":true,"href":"https:\/\/livrariasolmar.pt\/en\/wp-json\/wp\/v2\/media\/9330"}],"wp:attachment":[{"href":"https:\/\/livrariasolmar.pt\/en\/wp-json\/wp\/v2\/media?parent=9329"}],"wp:term":[{"taxonomy":"product_cat","embeddable":true,"href":"https:\/\/livrariasolmar.pt\/en\/wp-json\/wp\/v2\/product_cat?post=9329"},{"taxonomy":"product_tag","embeddable":true,"href":"https:\/\/livrariasolmar.pt\/en\/wp-json\/wp\/v2\/product_tag?post=9329"},{"taxonomy":"cat_produtos","embeddable":true,"href":"https:\/\/livrariasolmar.pt\/en\/wp-json\/wp\/v2\/cat_produtos?post=9329"}],"curies":[{"name":"wp","href":"https:\/\/api.w.org\/{rel}","templated":true}]}}