{"id":9350,"date":"2024-07-13T18:46:46","date_gmt":"2024-07-13T18:46:46","guid":{"rendered":"https:\/\/livrariasolmar.pt\/?post_type=product&#038;p=9350"},"modified":"2024-08-16T19:35:54","modified_gmt":"2024-08-16T19:35:54","slug":"o-som-em-mim","status":"publish","type":"product","link":"https:\/\/livrariasolmar.pt\/en\/produto\/o-som-em-mim\/","title":{"rendered":"O Som em Mim"},"content":{"rendered":"","protected":false},"excerpt":{"rendered":"<p>Francisca \u00e9 uma fugitiva. Esconde-se do passado, marcado pela viol\u00eancia. Em Lisboa, juntamente com a m\u00e3e e a irm\u00e3, forjou uma nova vida para as tr\u00eas, mantendo-se na clandestinidade \u00e0 custa de \u00e1rduos sacrif\u00edcios.<\/p>\n<p>S\u00f3 quando canta reencontra o seu lugar. \u00c9 atrav\u00e9s da sua voz que alcan\u00e7a a realidade paralela que lhe alimenta a verdadeira identidade, uma fr\u00e1gil luz interior que sente minguar a cada dia que passa.<\/p>\n<p>A sorte pareceu favorec\u00ea-la depois de ser contratada para cantar no clube \u00c1libi e conhecer Pedro, mas \u00e9 quando acredita que os seus dias negros chegaram ao fim, que a realidade a ir\u00e1 confrontar com os seus piores pesadelos. Uma hist\u00f3ria sobre nascer-se mulher, her\u00f3is improv\u00e1veis, amor e resili\u00eancia.<\/p>\n","protected":false},"author":2,"featured_media":9351,"template":"","meta":[],"product_cat":[477],"product_tag":[],"cat_produtos":[],"yoast_head":"<!-- This site is optimized with the Yoast SEO plugin v16.6 - https:\/\/yoast.com\/wordpress\/plugins\/seo\/ -->\n<title>O Som em Mim - Livraria Solmar - Livraria online<\/title>\n<meta name=\"robots\" content=\"index, follow, max-snippet:-1, max-image-preview:large, max-video-preview:-1\" \/>\n<link rel=\"canonical\" href=\"https:\/\/livrariasolmar.pt\/en\/produto\/o-som-em-mim\/\" \/>\n<meta property=\"og:locale\" content=\"en_US\" \/>\n<meta property=\"og:type\" content=\"article\" \/>\n<meta property=\"og:title\" content=\"O Som em Mim - Livraria Solmar - Livraria online\" \/>\n<meta property=\"og:description\" content=\"Francisca \u00e9 uma fugitiva. Esconde-se do passado, marcado pela viol\u00eancia. Em Lisboa, juntamente com a m\u00e3e e a irm\u00e3, forjou uma nova vida para as tr\u00eas, mantendo-se na clandestinidade \u00e0 custa de \u00e1rduos sacrif\u00edcios.  S\u00f3 quando canta reencontra o seu lugar. \u00c9 atrav\u00e9s da sua voz que alcan\u00e7a a realidade paralela que lhe alimenta a verdadeira identidade, uma fr\u00e1gil luz interior que sente minguar a cada dia que passa.  A sorte pareceu favorec\u00ea-la depois de ser contratada para cantar no clube \u00c1libi e conhecer Pedro, mas \u00e9 quando acredita que os seus dias negros chegaram ao fim, que a realidade a ir\u00e1 confrontar com os seus piores pesadelos. Uma hist\u00f3ria sobre nascer-se mulher, her\u00f3is improv\u00e1veis, amor e resili\u00eancia.\" \/>\n<meta property=\"og:url\" content=\"https:\/\/livrariasolmar.pt\/produto\/o-som-em-mim\/\" \/>\n<meta property=\"og:site_name\" content=\"Livraria Solmar - Livraria online\" \/>\n<meta property=\"article:modified_time\" content=\"2024-08-16T19:35:54+00:00\" \/>\n<meta property=\"og:image\" content=\"https:\/\/livrariasolmar.pt\/wp-content\/uploads\/2024\/07\/500_9789895771394_capa.jpg\" \/>\n\t<meta property=\"og:image:width\" content=\"326\" \/>\n\t<meta property=\"og:image:height\" content=\"500\" \/>\n<meta name=\"twitter:card\" content=\"summary_large_image\" \/>\n<script type=\"application\/ld+json\" class=\"yoast-schema-graph\">{\"@context\":\"https:\/\/schema.org\",\"@graph\":[{\"@type\":\"WebSite\",\"@id\":\"https:\/\/livrariasolmar.pt\/#website\",\"url\":\"https:\/\/livrariasolmar.pt\/\",\"name\":\"Livraria Solmar - Livraria online\",\"description\":\"Com\\u00e9rcio Livros E Objetos De Arte, Lda - Ponta Delgada, A\\u00e7ores\",\"potentialAction\":[{\"@type\":\"SearchAction\",\"target\":{\"@type\":\"EntryPoint\",\"urlTemplate\":\"https:\/\/livrariasolmar.pt\/?s={search_term_string}\"},\"query-input\":\"required name=search_term_string\"}],\"inLanguage\":\"en-US\"},{\"@type\":\"ImageObject\",\"@id\":\"https:\/\/livrariasolmar.pt\/produto\/o-som-em-mim\/#primaryimage\",\"inLanguage\":\"en-US\",\"url\":\"https:\/\/livrariasolmar.pt\/wp-content\/uploads\/2024\/07\/500_9789895771394_capa.jpg\",\"contentUrl\":\"https:\/\/livrariasolmar.pt\/wp-content\/uploads\/2024\/07\/500_9789895771394_capa.jpg\",\"width\":326,\"height\":500},{\"@type\":\"WebPage\",\"@id\":\"https:\/\/livrariasolmar.pt\/produto\/o-som-em-mim\/#webpage\",\"url\":\"https:\/\/livrariasolmar.pt\/produto\/o-som-em-mim\/\",\"name\":\"O Som em Mim - Livraria Solmar - Livraria online\",\"isPartOf\":{\"@id\":\"https:\/\/livrariasolmar.pt\/#website\"},\"primaryImageOfPage\":{\"@id\":\"https:\/\/livrariasolmar.pt\/produto\/o-som-em-mim\/#primaryimage\"},\"datePublished\":\"2024-07-13T18:46:46+00:00\",\"dateModified\":\"2024-08-16T19:35:54+00:00\",\"breadcrumb\":{\"@id\":\"https:\/\/livrariasolmar.pt\/produto\/o-som-em-mim\/#breadcrumb\"},\"inLanguage\":\"en-US\",\"potentialAction\":[{\"@type\":\"ReadAction\",\"target\":[\"https:\/\/livrariasolmar.pt\/produto\/o-som-em-mim\/\"]}]},{\"@type\":\"BreadcrumbList\",\"@id\":\"https:\/\/livrariasolmar.pt\/produto\/o-som-em-mim\/#breadcrumb\",\"itemListElement\":[{\"@type\":\"ListItem\",\"position\":1,\"name\":\"In\\u00edcio\",\"item\":\"https:\/\/livrariasolmar.pt\/en\/\"},{\"@type\":\"ListItem\",\"position\":2,\"name\":\"Shop\",\"item\":\"https:\/\/livrariasolmar.pt\/en\/shop\/\"},{\"@type\":\"ListItem\",\"position\":3,\"name\":\"O Som em Mim\"}]}]}<\/script>\n<!-- \/ Yoast SEO plugin. -->","_links":{"self":[{"href":"https:\/\/livrariasolmar.pt\/en\/wp-json\/wp\/v2\/product\/9350"}],"collection":[{"href":"https:\/\/livrariasolmar.pt\/en\/wp-json\/wp\/v2\/product"}],"about":[{"href":"https:\/\/livrariasolmar.pt\/en\/wp-json\/wp\/v2\/types\/product"}],"author":[{"embeddable":true,"href":"https:\/\/livrariasolmar.pt\/en\/wp-json\/wp\/v2\/users\/2"}],"wp:featuredmedia":[{"embeddable":true,"href":"https:\/\/livrariasolmar.pt\/en\/wp-json\/wp\/v2\/media\/9351"}],"wp:attachment":[{"href":"https:\/\/livrariasolmar.pt\/en\/wp-json\/wp\/v2\/media?parent=9350"}],"wp:term":[{"taxonomy":"product_cat","embeddable":true,"href":"https:\/\/livrariasolmar.pt\/en\/wp-json\/wp\/v2\/product_cat?post=9350"},{"taxonomy":"product_tag","embeddable":true,"href":"https:\/\/livrariasolmar.pt\/en\/wp-json\/wp\/v2\/product_tag?post=9350"},{"taxonomy":"cat_produtos","embeddable":true,"href":"https:\/\/livrariasolmar.pt\/en\/wp-json\/wp\/v2\/cat_produtos?post=9350"}],"curies":[{"name":"wp","href":"https:\/\/api.w.org\/{rel}","templated":true}]}}