{"id":9354,"date":"2024-07-13T19:22:59","date_gmt":"2024-07-13T19:22:59","guid":{"rendered":"https:\/\/livrariasolmar.pt\/?post_type=product&#038;p=9354"},"modified":"2025-11-02T13:26:18","modified_gmt":"2025-11-02T13:26:18","slug":"fortuna-caso-tempo-e-sorte","status":"publish","type":"product","link":"https:\/\/livrariasolmar.pt\/en\/produto\/fortuna-caso-tempo-e-sorte\/","title":{"rendered":"Fortuna, Caso, Tempo e Sorte"},"content":{"rendered":"","protected":false},"excerpt":{"rendered":"<p>Quem foi o homem antes da lenda? Que circunst\u00e2ncias da sua vida levaram a que se tornasse um mito?<\/p>\n<p>Antes de ser convertido em s\u00edmbolo da nacionalidade ou em paradigma do poeta genial, Lu\u00eds Vaz de Cam\u00f5es foi quase tudo quanto um homem podia ser no tempo em que viveu. Um estudioso e um humanista. Um sedutor que perseguiu amores proibidos. Um cortes\u00e3o e um bo\u00e9mio, movimentando-se entre as casas dos grandes senhores e as ruelas da cidade. Um desordeiro, frequentemente envolvido em arrua\u00e7as, que se viu atirado para a pris\u00e3o. Um soldado que combateu no Norte de \u00c1frica, de onde saiu mutilado, perdendo um olho, e depois na \u00c1sia, onde passou dezassete anos, naufragou e escapou \u00e0 morte. Um viajante deslumbrado com os mundos que as viagens mar\u00edtimas revelaram ao Ocidente. Um escritor que renovou a l\u00edngua portuguesa, publicando uma obra excecional e perdendo outra de igual valor.<\/p>\n<p>Nascido no apogeu do imp\u00e9rio, testemunhando-lhe os primeiros sinais de decad\u00eancia e as consequ\u00eancias do desaparecimento de D. Sebasti\u00e3o, a quem dedicou o seu poema \u00e9pico, morto no dealbar da domina\u00e7\u00e3o espanhola, Cam\u00f5es celebrou e contestou os feitos do peito ilustre lusitano e p\u00f4s em verso as contradi\u00e7\u00f5es de uma vida pelo mundo em peda\u00e7os repartida. Morreu doente, pobre e desalentado.<\/p>\n<p>Coligindo e relacionando centenas de contributos, compulsando as fontes conhecidas, mas apresentando tamb\u00e9m dados novos, confrontando as li\u00e7\u00f5es adquiridas sobre a vida do autor de Os Lus\u00edadas, Isabel Rio Novo reconstitui a \u00e9poca para reerguer o indiv\u00edduo, revelar aspetos escondidos durante s\u00e9culos e assim restituir a hist\u00f3ria de uma personalidade extraordin\u00e1ria.<\/p>\n<p>500 anos depois do nascimento de Lu\u00eds Vaz de Cam\u00f5es, Fortuna, Caso, Tempo e Sorte \u00e9 um avan\u00e7o decisivo no conhecimento da biografia do homem e do poeta, em que o rigor da pesquisa se alia ao registo inconfund\u00edvel de umas das grandes vozes da literatura portuguesa contempor\u00e2nea.<\/p>\n","protected":false},"author":2,"featured_media":9355,"template":"","meta":[],"product_cat":[176],"product_tag":[],"cat_produtos":[],"yoast_head":"<!-- This site is optimized with the Yoast SEO plugin v16.6 - https:\/\/yoast.com\/wordpress\/plugins\/seo\/ -->\n<title>Fortuna, Caso, Tempo e Sorte - Livraria Solmar - Livraria online<\/title>\n<meta name=\"robots\" content=\"index, follow, max-snippet:-1, max-image-preview:large, max-video-preview:-1\" \/>\n<link rel=\"canonical\" href=\"https:\/\/livrariasolmar.pt\/en\/produto\/fortuna-caso-tempo-e-sorte\/\" \/>\n<meta property=\"og:locale\" content=\"en_US\" \/>\n<meta property=\"og:type\" content=\"article\" \/>\n<meta property=\"og:title\" content=\"Fortuna, Caso, Tempo e Sorte - Livraria Solmar - Livraria online\" \/>\n<meta property=\"og:description\" content=\"Quem foi o homem antes da lenda? Que circunst\u00e2ncias da sua vida levaram a que se tornasse um mito?  Antes de ser convertido em s\u00edmbolo da nacionalidade ou em paradigma do poeta genial, Lu\u00eds Vaz de Cam\u00f5es foi quase tudo quanto um homem podia ser no tempo em que viveu. Um estudioso e um humanista. Um sedutor que perseguiu amores proibidos. Um cortes\u00e3o e um bo\u00e9mio, movimentando-se entre as casas dos grandes senhores e as ruelas da cidade. Um desordeiro, frequentemente envolvido em arrua\u00e7as, que se viu atirado para a pris\u00e3o. Um soldado que combateu no Norte de \u00c1frica, de onde saiu mutilado, perdendo um olho, e depois na \u00c1sia, onde passou dezassete anos, naufragou e escapou \u00e0 morte. Um viajante deslumbrado com os mundos que as viagens mar\u00edtimas revelaram ao Ocidente. Um escritor que renovou a l\u00edngua portuguesa, publicando uma obra excecional e perdendo outra de igual valor.  Nascido no apogeu do imp\u00e9rio, testemunhando-lhe os primeiros sinais de decad\u00eancia e as consequ\u00eancias do desaparecimento de D. Sebasti\u00e3o, a quem dedicou o seu poema \u00e9pico, morto no dealbar da domina\u00e7\u00e3o espanhola, Cam\u00f5es celebrou e contestou os feitos do peito ilustre lusitano e p\u00f4s em verso as contradi\u00e7\u00f5es de uma vida pelo mundo em peda\u00e7os repartida. Morreu doente, pobre e desalentado.  Coligindo e relacionando centenas de contributos, compulsando as fontes conhecidas, mas apresentando tamb\u00e9m dados novos, confrontando as li\u00e7\u00f5es adquiridas sobre a vida do autor de Os Lus\u00edadas, Isabel Rio Novo reconstitui a \u00e9poca para reerguer o indiv\u00edduo, revelar aspetos escondidos durante s\u00e9culos e assim restituir a hist\u00f3ria de uma personalidade extraordin\u00e1ria.  500 anos depois do nascimento de Lu\u00eds Vaz de Cam\u00f5es, Fortuna, Caso, Tempo e Sorte \u00e9 um avan\u00e7o decisivo no conhecimento da biografia do homem e do poeta, em que o rigor da pesquisa se alia ao registo inconfund\u00edvel de umas das grandes vozes da literatura portuguesa contempor\u00e2nea.\" \/>\n<meta property=\"og:url\" content=\"https:\/\/livrariasolmar.pt\/produto\/fortuna-caso-tempo-e-sorte\/\" \/>\n<meta property=\"og:site_name\" content=\"Livraria Solmar - Livraria online\" \/>\n<meta property=\"article:modified_time\" content=\"2025-11-02T13:26:18+00:00\" \/>\n<meta property=\"og:image\" content=\"https:\/\/livrariasolmar.pt\/wp-content\/uploads\/2024\/07\/1507-1-1-1.jpg\" \/>\n\t<meta property=\"og:image:width\" content=\"400\" \/>\n\t<meta property=\"og:image:height\" content=\"448\" \/>\n<meta name=\"twitter:card\" content=\"summary_large_image\" \/>\n<script type=\"application\/ld+json\" class=\"yoast-schema-graph\">{\"@context\":\"https:\/\/schema.org\",\"@graph\":[{\"@type\":\"WebSite\",\"@id\":\"https:\/\/livrariasolmar.pt\/#website\",\"url\":\"https:\/\/livrariasolmar.pt\/\",\"name\":\"Livraria Solmar - Livraria online\",\"description\":\"Com\\u00e9rcio Livros E Objetos De Arte, Lda - Ponta Delgada, A\\u00e7ores\",\"potentialAction\":[{\"@type\":\"SearchAction\",\"target\":{\"@type\":\"EntryPoint\",\"urlTemplate\":\"https:\/\/livrariasolmar.pt\/?s={search_term_string}\"},\"query-input\":\"required name=search_term_string\"}],\"inLanguage\":\"en-US\"},{\"@type\":\"ImageObject\",\"@id\":\"https:\/\/livrariasolmar.pt\/produto\/fortuna-caso-tempo-e-sorte\/#primaryimage\",\"inLanguage\":\"en-US\",\"url\":\"https:\/\/livrariasolmar.pt\/wp-content\/uploads\/2024\/07\/1507-1-1-1.jpg\",\"contentUrl\":\"https:\/\/livrariasolmar.pt\/wp-content\/uploads\/2024\/07\/1507-1-1-1.jpg\",\"width\":400,\"height\":448},{\"@type\":\"WebPage\",\"@id\":\"https:\/\/livrariasolmar.pt\/produto\/fortuna-caso-tempo-e-sorte\/#webpage\",\"url\":\"https:\/\/livrariasolmar.pt\/produto\/fortuna-caso-tempo-e-sorte\/\",\"name\":\"Fortuna, Caso, Tempo e Sorte - Livraria Solmar - Livraria online\",\"isPartOf\":{\"@id\":\"https:\/\/livrariasolmar.pt\/#website\"},\"primaryImageOfPage\":{\"@id\":\"https:\/\/livrariasolmar.pt\/produto\/fortuna-caso-tempo-e-sorte\/#primaryimage\"},\"datePublished\":\"2024-07-13T19:22:59+00:00\",\"dateModified\":\"2025-11-02T13:26:18+00:00\",\"breadcrumb\":{\"@id\":\"https:\/\/livrariasolmar.pt\/produto\/fortuna-caso-tempo-e-sorte\/#breadcrumb\"},\"inLanguage\":\"en-US\",\"potentialAction\":[{\"@type\":\"ReadAction\",\"target\":[\"https:\/\/livrariasolmar.pt\/produto\/fortuna-caso-tempo-e-sorte\/\"]}]},{\"@type\":\"BreadcrumbList\",\"@id\":\"https:\/\/livrariasolmar.pt\/produto\/fortuna-caso-tempo-e-sorte\/#breadcrumb\",\"itemListElement\":[{\"@type\":\"ListItem\",\"position\":1,\"name\":\"In\\u00edcio\",\"item\":\"https:\/\/livrariasolmar.pt\/en\/\"},{\"@type\":\"ListItem\",\"position\":2,\"name\":\"Shop\",\"item\":\"https:\/\/livrariasolmar.pt\/en\/shop\/\"},{\"@type\":\"ListItem\",\"position\":3,\"name\":\"Fortuna, Caso, Tempo e Sorte\"}]}]}<\/script>\n<!-- \/ Yoast SEO plugin. -->","_links":{"self":[{"href":"https:\/\/livrariasolmar.pt\/en\/wp-json\/wp\/v2\/product\/9354"}],"collection":[{"href":"https:\/\/livrariasolmar.pt\/en\/wp-json\/wp\/v2\/product"}],"about":[{"href":"https:\/\/livrariasolmar.pt\/en\/wp-json\/wp\/v2\/types\/product"}],"author":[{"embeddable":true,"href":"https:\/\/livrariasolmar.pt\/en\/wp-json\/wp\/v2\/users\/2"}],"wp:featuredmedia":[{"embeddable":true,"href":"https:\/\/livrariasolmar.pt\/en\/wp-json\/wp\/v2\/media\/9355"}],"wp:attachment":[{"href":"https:\/\/livrariasolmar.pt\/en\/wp-json\/wp\/v2\/media?parent=9354"}],"wp:term":[{"taxonomy":"product_cat","embeddable":true,"href":"https:\/\/livrariasolmar.pt\/en\/wp-json\/wp\/v2\/product_cat?post=9354"},{"taxonomy":"product_tag","embeddable":true,"href":"https:\/\/livrariasolmar.pt\/en\/wp-json\/wp\/v2\/product_tag?post=9354"},{"taxonomy":"cat_produtos","embeddable":true,"href":"https:\/\/livrariasolmar.pt\/en\/wp-json\/wp\/v2\/cat_produtos?post=9354"}],"curies":[{"name":"wp","href":"https:\/\/api.w.org\/{rel}","templated":true}]}}