{"id":9397,"date":"2024-07-31T17:02:13","date_gmt":"2024-07-31T17:02:13","guid":{"rendered":"https:\/\/livrariasolmar.pt\/?post_type=product&#038;p=9397"},"modified":"2024-10-31T17:10:58","modified_gmt":"2024-10-31T17:10:58","slug":"a-rapariga-que-mataste","status":"publish","type":"product","link":"https:\/\/livrariasolmar.pt\/en\/produto\/a-rapariga-que-mataste\/","title":{"rendered":"A Rapariga que Mataste"},"content":{"rendered":"","protected":false},"excerpt":{"rendered":"<p>A rapariga que tu mataste est\u00e1 a olhar por ti do para\u00edso com uma margarita na m\u00e3o, e a desejar que tenhas tudo o que mereces nesta vida depois de ela se ter ido. Adeus, meu amor. Tu foste o tal.<\/p>\n<p>Andrea e Craig tinham a vida quase perfeita. Acabadinhos de se mudar para um dos sub\u00farbios mais desejados de Houston, planeavam desfrutar da nova casa e do bairro onde viviam.<\/p>\n<p>Por\u00e9m, alguns meses mais tarde, Craig v\u00ea-se preso numa teia intrincada e acusado do assass\u00ednio da sua jovem esposa. Assassino ou v\u00edtima? As opini\u00f5es dividem-se, e o julgamento polariza a cidade. O caso, altamente mediatizado, alimenta a imprensa e as redes sociais.<\/p>\n<p>O seu casamento est\u00e1 na boca do mundo e \u00e9 exposto e esmiu\u00e7ado ao detalhe. Mas a n\u00e9voa n\u00e3o se dissipa. A vida de Andrea continua um mist\u00e9rio que nem a pol\u00edcia consegue resolver. Seria ela a esposa feliz e dedicada que todos julgavam ser? Ou era tudo uma grande mentira?<\/p>\n<p>Quando est\u00e1s a ser manipulada psicologicamente, depressa aprendes que n\u00e3o tens valor, que o teu sofrimento n\u00e3o tem import\u00e2ncia e que n\u00e3o h\u00e1 escapat\u00f3ria\u2026<\/p>\n","protected":false},"author":2,"featured_media":9398,"template":"","meta":[],"product_cat":[588],"product_tag":[],"cat_produtos":[],"yoast_head":"<!-- This site is optimized with the Yoast SEO plugin v16.6 - https:\/\/yoast.com\/wordpress\/plugins\/seo\/ -->\n<title>A Rapariga que Mataste - Livraria Solmar - Livraria online<\/title>\n<meta name=\"robots\" content=\"index, follow, max-snippet:-1, max-image-preview:large, max-video-preview:-1\" \/>\n<link rel=\"canonical\" href=\"https:\/\/livrariasolmar.pt\/en\/produto\/a-rapariga-que-mataste\/\" \/>\n<meta property=\"og:locale\" content=\"en_US\" \/>\n<meta property=\"og:type\" content=\"article\" \/>\n<meta property=\"og:title\" content=\"A Rapariga que Mataste - Livraria Solmar - Livraria online\" \/>\n<meta property=\"og:description\" content=\"A rapariga que tu mataste est\u00e1 a olhar por ti do para\u00edso com uma margarita na m\u00e3o, e a desejar que tenhas tudo o que mereces nesta vida depois de ela se ter ido. Adeus, meu amor. Tu foste o tal.  Andrea e Craig tinham a vida quase perfeita. Acabadinhos de se mudar para um dos sub\u00farbios mais desejados de Houston, planeavam desfrutar da nova casa e do bairro onde viviam.  Por\u00e9m, alguns meses mais tarde, Craig v\u00ea-se preso numa teia intrincada e acusado do assass\u00ednio da sua jovem esposa. Assassino ou v\u00edtima? As opini\u00f5es dividem-se, e o julgamento polariza a cidade. O caso, altamente mediatizado, alimenta a imprensa e as redes sociais.  O seu casamento est\u00e1 na boca do mundo e \u00e9 exposto e esmiu\u00e7ado ao detalhe. Mas a n\u00e9voa n\u00e3o se dissipa. A vida de Andrea continua um mist\u00e9rio que nem a pol\u00edcia consegue resolver. Seria ela a esposa feliz e dedicada que todos julgavam ser? Ou era tudo uma grande mentira?  Quando est\u00e1s a ser manipulada psicologicamente, depressa aprendes que n\u00e3o tens valor, que o teu sofrimento n\u00e3o tem import\u00e2ncia e que n\u00e3o h\u00e1 escapat\u00f3ria\u2026\" \/>\n<meta property=\"og:url\" content=\"https:\/\/livrariasolmar.pt\/produto\/a-rapariga-que-mataste\/\" \/>\n<meta property=\"og:site_name\" content=\"Livraria Solmar - Livraria online\" \/>\n<meta property=\"article:modified_time\" content=\"2024-10-31T17:10:58+00:00\" \/>\n<meta property=\"og:image\" content=\"https:\/\/livrariasolmar.pt\/wp-content\/uploads\/2024\/07\/500_9789895702794_capa.jpg\" \/>\n\t<meta property=\"og:image:width\" content=\"330\" \/>\n\t<meta property=\"og:image:height\" content=\"500\" \/>\n<meta name=\"twitter:card\" content=\"summary_large_image\" \/>\n<script type=\"application\/ld+json\" class=\"yoast-schema-graph\">{\"@context\":\"https:\/\/schema.org\",\"@graph\":[{\"@type\":\"WebSite\",\"@id\":\"https:\/\/livrariasolmar.pt\/#website\",\"url\":\"https:\/\/livrariasolmar.pt\/\",\"name\":\"Livraria Solmar - Livraria online\",\"description\":\"Com\\u00e9rcio Livros E Objetos De Arte, Lda - Ponta Delgada, A\\u00e7ores\",\"potentialAction\":[{\"@type\":\"SearchAction\",\"target\":{\"@type\":\"EntryPoint\",\"urlTemplate\":\"https:\/\/livrariasolmar.pt\/?s={search_term_string}\"},\"query-input\":\"required name=search_term_string\"}],\"inLanguage\":\"en-US\"},{\"@type\":\"ImageObject\",\"@id\":\"https:\/\/livrariasolmar.pt\/produto\/a-rapariga-que-mataste\/#primaryimage\",\"inLanguage\":\"en-US\",\"url\":\"https:\/\/livrariasolmar.pt\/wp-content\/uploads\/2024\/07\/500_9789895702794_capa.jpg\",\"contentUrl\":\"https:\/\/livrariasolmar.pt\/wp-content\/uploads\/2024\/07\/500_9789895702794_capa.jpg\",\"width\":330,\"height\":500},{\"@type\":\"WebPage\",\"@id\":\"https:\/\/livrariasolmar.pt\/produto\/a-rapariga-que-mataste\/#webpage\",\"url\":\"https:\/\/livrariasolmar.pt\/produto\/a-rapariga-que-mataste\/\",\"name\":\"A Rapariga que Mataste - Livraria Solmar - Livraria online\",\"isPartOf\":{\"@id\":\"https:\/\/livrariasolmar.pt\/#website\"},\"primaryImageOfPage\":{\"@id\":\"https:\/\/livrariasolmar.pt\/produto\/a-rapariga-que-mataste\/#primaryimage\"},\"datePublished\":\"2024-07-31T17:02:13+00:00\",\"dateModified\":\"2024-10-31T17:10:58+00:00\",\"breadcrumb\":{\"@id\":\"https:\/\/livrariasolmar.pt\/produto\/a-rapariga-que-mataste\/#breadcrumb\"},\"inLanguage\":\"en-US\",\"potentialAction\":[{\"@type\":\"ReadAction\",\"target\":[\"https:\/\/livrariasolmar.pt\/produto\/a-rapariga-que-mataste\/\"]}]},{\"@type\":\"BreadcrumbList\",\"@id\":\"https:\/\/livrariasolmar.pt\/produto\/a-rapariga-que-mataste\/#breadcrumb\",\"itemListElement\":[{\"@type\":\"ListItem\",\"position\":1,\"name\":\"In\\u00edcio\",\"item\":\"https:\/\/livrariasolmar.pt\/en\/\"},{\"@type\":\"ListItem\",\"position\":2,\"name\":\"Shop\",\"item\":\"https:\/\/livrariasolmar.pt\/en\/shop\/\"},{\"@type\":\"ListItem\",\"position\":3,\"name\":\"A Rapariga que Mataste\"}]}]}<\/script>\n<!-- \/ Yoast SEO plugin. -->","_links":{"self":[{"href":"https:\/\/livrariasolmar.pt\/en\/wp-json\/wp\/v2\/product\/9397"}],"collection":[{"href":"https:\/\/livrariasolmar.pt\/en\/wp-json\/wp\/v2\/product"}],"about":[{"href":"https:\/\/livrariasolmar.pt\/en\/wp-json\/wp\/v2\/types\/product"}],"author":[{"embeddable":true,"href":"https:\/\/livrariasolmar.pt\/en\/wp-json\/wp\/v2\/users\/2"}],"wp:featuredmedia":[{"embeddable":true,"href":"https:\/\/livrariasolmar.pt\/en\/wp-json\/wp\/v2\/media\/9398"}],"wp:attachment":[{"href":"https:\/\/livrariasolmar.pt\/en\/wp-json\/wp\/v2\/media?parent=9397"}],"wp:term":[{"taxonomy":"product_cat","embeddable":true,"href":"https:\/\/livrariasolmar.pt\/en\/wp-json\/wp\/v2\/product_cat?post=9397"},{"taxonomy":"product_tag","embeddable":true,"href":"https:\/\/livrariasolmar.pt\/en\/wp-json\/wp\/v2\/product_tag?post=9397"},{"taxonomy":"cat_produtos","embeddable":true,"href":"https:\/\/livrariasolmar.pt\/en\/wp-json\/wp\/v2\/cat_produtos?post=9397"}],"curies":[{"name":"wp","href":"https:\/\/api.w.org\/{rel}","templated":true}]}}