{"id":9444,"date":"2024-08-05T17:17:34","date_gmt":"2024-08-05T17:17:34","guid":{"rendered":"https:\/\/livrariasolmar.pt\/?post_type=product&#038;p=9444"},"modified":"2024-09-20T16:50:16","modified_gmt":"2024-09-20T16:50:16","slug":"estrela-do-mar-carlota-e-carminho-e-as-historias-de-adormecer","status":"publish","type":"product","link":"https:\/\/livrariasolmar.pt\/en\/produto\/estrela-do-mar-carlota-e-carminho-e-as-historias-de-adormecer\/","title":{"rendered":"Estrela do Mar: Carlota e Carminho e as Hist\u00f3rias de Adormecer"},"content":{"rendered":"","protected":false},"excerpt":{"rendered":"<p>O livro infantil da autora do blogue de sucesso Blog da Carlota<\/p>\n<p>Um conjunto de hist\u00f3rias infantis perfeito para a biblioteca de todas as crian\u00e7as.<\/p>\n<p>Neste livro poder\u00e3o conhecer a hist\u00f3ria in\u00e9dita A Estrela do Mar, que tem como protagonistas as irm\u00e3s Carlota e Carminho, e a m\u00e3e, Fernanda. Esta hist\u00f3ria original \u00e9 acompanhada ainda por vers\u00f5es in\u00e9ditas dos cl\u00e1ssicos infantis Branca de Neve e os Sete An\u00f5es e Capuchinho Vermelho e o Lobo Mau.<\/p>\n<p>As ilustra\u00e7\u00f5es s\u00e3o da autoria de Joana Soares, autora do blogue Violeta Cor de Rosa, e enriquecem as p\u00e1ginas deste livro de beleza e um toque de magia e sonho que encantar\u00e1 mi\u00fados e gra\u00fados.<\/p>\n","protected":false},"author":2,"featured_media":9445,"template":"","meta":[],"product_cat":[172],"product_tag":[],"cat_produtos":[],"yoast_head":"<!-- This site is optimized with the Yoast SEO plugin v16.6 - https:\/\/yoast.com\/wordpress\/plugins\/seo\/ -->\n<title>Estrela do Mar: Carlota e Carminho e as Hist\u00f3rias de Adormecer - Livraria Solmar - Livraria online<\/title>\n<meta name=\"robots\" content=\"index, follow, max-snippet:-1, max-image-preview:large, max-video-preview:-1\" \/>\n<link rel=\"canonical\" href=\"https:\/\/livrariasolmar.pt\/en\/produto\/estrela-do-mar-carlota-e-carminho-e-as-historias-de-adormecer\/\" \/>\n<meta property=\"og:locale\" content=\"en_US\" \/>\n<meta property=\"og:type\" content=\"article\" \/>\n<meta property=\"og:title\" content=\"Estrela do Mar: Carlota e Carminho e as Hist\u00f3rias de Adormecer - Livraria Solmar - Livraria online\" \/>\n<meta property=\"og:description\" content=\"O livro infantil da autora do blogue de sucesso Blog da Carlota  Um conjunto de hist\u00f3rias infantis perfeito para a biblioteca de todas as crian\u00e7as.  Neste livro poder\u00e3o conhecer a hist\u00f3ria in\u00e9dita A Estrela do Mar, que tem como protagonistas as irm\u00e3s Carlota e Carminho, e a m\u00e3e, Fernanda. Esta hist\u00f3ria original \u00e9 acompanhada ainda por vers\u00f5es in\u00e9ditas dos cl\u00e1ssicos infantis Branca de Neve e os Sete An\u00f5es e Capuchinho Vermelho e o Lobo Mau.  As ilustra\u00e7\u00f5es s\u00e3o da autoria de Joana Soares, autora do blogue Violeta Cor de Rosa, e enriquecem as p\u00e1ginas deste livro de beleza e um toque de magia e sonho que encantar\u00e1 mi\u00fados e gra\u00fados.\" \/>\n<meta property=\"og:url\" content=\"https:\/\/livrariasolmar.pt\/produto\/estrela-do-mar-carlota-e-carminho-e-as-historias-de-adormecer\/\" \/>\n<meta property=\"og:site_name\" content=\"Livraria Solmar - Livraria online\" \/>\n<meta property=\"article:modified_time\" content=\"2024-09-20T16:50:16+00:00\" \/>\n<meta property=\"og:image\" content=\"https:\/\/livrariasolmar.pt\/wp-content\/uploads\/2024\/08\/A-Estrela-do-Mar-1.jpg\" \/>\n\t<meta property=\"og:image:width\" content=\"340\" \/>\n\t<meta property=\"og:image:height\" content=\"340\" \/>\n<meta name=\"twitter:card\" content=\"summary_large_image\" \/>\n<script type=\"application\/ld+json\" class=\"yoast-schema-graph\">{\"@context\":\"https:\/\/schema.org\",\"@graph\":[{\"@type\":\"WebSite\",\"@id\":\"https:\/\/livrariasolmar.pt\/#website\",\"url\":\"https:\/\/livrariasolmar.pt\/\",\"name\":\"Livraria Solmar - Livraria online\",\"description\":\"Com\\u00e9rcio Livros E Objetos De Arte, Lda - Ponta Delgada, A\\u00e7ores\",\"potentialAction\":[{\"@type\":\"SearchAction\",\"target\":{\"@type\":\"EntryPoint\",\"urlTemplate\":\"https:\/\/livrariasolmar.pt\/?s={search_term_string}\"},\"query-input\":\"required name=search_term_string\"}],\"inLanguage\":\"en-US\"},{\"@type\":\"ImageObject\",\"@id\":\"https:\/\/livrariasolmar.pt\/produto\/estrela-do-mar-carlota-e-carminho-e-as-historias-de-adormecer\/#primaryimage\",\"inLanguage\":\"en-US\",\"url\":\"https:\/\/livrariasolmar.pt\/wp-content\/uploads\/2024\/08\/A-Estrela-do-Mar-1.jpg\",\"contentUrl\":\"https:\/\/livrariasolmar.pt\/wp-content\/uploads\/2024\/08\/A-Estrela-do-Mar-1.jpg\",\"width\":340,\"height\":340},{\"@type\":\"WebPage\",\"@id\":\"https:\/\/livrariasolmar.pt\/produto\/estrela-do-mar-carlota-e-carminho-e-as-historias-de-adormecer\/#webpage\",\"url\":\"https:\/\/livrariasolmar.pt\/produto\/estrela-do-mar-carlota-e-carminho-e-as-historias-de-adormecer\/\",\"name\":\"Estrela do Mar: Carlota e Carminho e as Hist\\u00f3rias de Adormecer - Livraria Solmar - Livraria online\",\"isPartOf\":{\"@id\":\"https:\/\/livrariasolmar.pt\/#website\"},\"primaryImageOfPage\":{\"@id\":\"https:\/\/livrariasolmar.pt\/produto\/estrela-do-mar-carlota-e-carminho-e-as-historias-de-adormecer\/#primaryimage\"},\"datePublished\":\"2024-08-05T17:17:34+00:00\",\"dateModified\":\"2024-09-20T16:50:16+00:00\",\"breadcrumb\":{\"@id\":\"https:\/\/livrariasolmar.pt\/produto\/estrela-do-mar-carlota-e-carminho-e-as-historias-de-adormecer\/#breadcrumb\"},\"inLanguage\":\"en-US\",\"potentialAction\":[{\"@type\":\"ReadAction\",\"target\":[\"https:\/\/livrariasolmar.pt\/produto\/estrela-do-mar-carlota-e-carminho-e-as-historias-de-adormecer\/\"]}]},{\"@type\":\"BreadcrumbList\",\"@id\":\"https:\/\/livrariasolmar.pt\/produto\/estrela-do-mar-carlota-e-carminho-e-as-historias-de-adormecer\/#breadcrumb\",\"itemListElement\":[{\"@type\":\"ListItem\",\"position\":1,\"name\":\"In\\u00edcio\",\"item\":\"https:\/\/livrariasolmar.pt\/en\/\"},{\"@type\":\"ListItem\",\"position\":2,\"name\":\"Shop\",\"item\":\"https:\/\/livrariasolmar.pt\/en\/shop\/\"},{\"@type\":\"ListItem\",\"position\":3,\"name\":\"Estrela do Mar: Carlota e Carminho e as Hist\\u00f3rias de Adormecer\"}]}]}<\/script>\n<!-- \/ Yoast SEO plugin. -->","_links":{"self":[{"href":"https:\/\/livrariasolmar.pt\/en\/wp-json\/wp\/v2\/product\/9444"}],"collection":[{"href":"https:\/\/livrariasolmar.pt\/en\/wp-json\/wp\/v2\/product"}],"about":[{"href":"https:\/\/livrariasolmar.pt\/en\/wp-json\/wp\/v2\/types\/product"}],"author":[{"embeddable":true,"href":"https:\/\/livrariasolmar.pt\/en\/wp-json\/wp\/v2\/users\/2"}],"wp:featuredmedia":[{"embeddable":true,"href":"https:\/\/livrariasolmar.pt\/en\/wp-json\/wp\/v2\/media\/9445"}],"wp:attachment":[{"href":"https:\/\/livrariasolmar.pt\/en\/wp-json\/wp\/v2\/media?parent=9444"}],"wp:term":[{"taxonomy":"product_cat","embeddable":true,"href":"https:\/\/livrariasolmar.pt\/en\/wp-json\/wp\/v2\/product_cat?post=9444"},{"taxonomy":"product_tag","embeddable":true,"href":"https:\/\/livrariasolmar.pt\/en\/wp-json\/wp\/v2\/product_tag?post=9444"},{"taxonomy":"cat_produtos","embeddable":true,"href":"https:\/\/livrariasolmar.pt\/en\/wp-json\/wp\/v2\/cat_produtos?post=9444"}],"curies":[{"name":"wp","href":"https:\/\/api.w.org\/{rel}","templated":true}]}}