{"id":9453,"date":"2024-08-07T16:43:53","date_gmt":"2024-08-07T16:43:53","guid":{"rendered":"https:\/\/livrariasolmar.pt\/?post_type=product&#038;p=9453"},"modified":"2024-09-20T17:55:39","modified_gmt":"2024-09-20T17:55:39","slug":"perestroika","status":"publish","type":"product","link":"https:\/\/livrariasolmar.pt\/en\/produto\/perestroika\/","title":{"rendered":"Perestroika"},"content":{"rendered":"","protected":false},"excerpt":{"rendered":"<p>A Perestroika derruba os regimes comunistas na Europa. Na Rep\u00fablica Popular da Esl\u00e1via os antigos dirigentes tentam sobreviver aos novos tempos, enquanto as suas v\u00edtimas procuram vingar-se.<br \/>\nO ex-presidente Alfred Ionescu \u00e9 colocado num asilo que ele pr\u00f3prio constru\u00edra. Zut Zdanov, o respons\u00e1vel pela cultura, \u00e9 confrontado com os seus abusos de crian\u00e7as. Helena Yava, a respons\u00e1vel pela educa\u00e7\u00e3o, quer vingar a morte da amante. Igor Olin, o respons\u00e1vel pela economia, luta para que o filho deficiente possa ter uma vida digna. A historiadora da arte Silvia Lenka quer saber quem s\u00e3o os seus pais. Lia Kirchner, filha de um pintor que morreu num campo de reeduca\u00e7\u00e3o, quer saber a verdade.<\/p>\n<p>Tendo como elemento aglutinador a pergunta de Pilatos a Jesus \u00abo que \u00e9 a verdade?\u00bb, Perestroika \u00e9 um romance de vingan\u00e7a, reden\u00e7\u00e3o e catarse inspirado na hist\u00f3ria europeia recente.<\/p>\n","protected":false},"author":2,"featured_media":9454,"template":"","meta":[],"product_cat":[153],"product_tag":[],"cat_produtos":[],"yoast_head":"<!-- This site is optimized with the Yoast SEO plugin v16.6 - https:\/\/yoast.com\/wordpress\/plugins\/seo\/ -->\n<title>Perestroika - Livraria Solmar - Livraria online<\/title>\n<meta name=\"robots\" content=\"index, follow, max-snippet:-1, max-image-preview:large, max-video-preview:-1\" \/>\n<link rel=\"canonical\" href=\"https:\/\/livrariasolmar.pt\/en\/produto\/perestroika\/\" \/>\n<meta property=\"og:locale\" content=\"en_US\" \/>\n<meta property=\"og:type\" content=\"article\" \/>\n<meta property=\"og:title\" content=\"Perestroika - Livraria Solmar - Livraria online\" \/>\n<meta property=\"og:description\" content=\"A Perestroika derruba os regimes comunistas na Europa. Na Rep\u00fablica Popular da Esl\u00e1via os antigos dirigentes tentam sobreviver aos novos tempos, enquanto as suas v\u00edtimas procuram vingar-se. O ex-presidente Alfred Ionescu \u00e9 colocado num asilo que ele pr\u00f3prio constru\u00edra. Zut Zdanov, o respons\u00e1vel pela cultura, \u00e9 confrontado com os seus abusos de crian\u00e7as. Helena Yava, a respons\u00e1vel pela educa\u00e7\u00e3o, quer vingar a morte da amante. Igor Olin, o respons\u00e1vel pela economia, luta para que o filho deficiente possa ter uma vida digna. A historiadora da arte Silvia Lenka quer saber quem s\u00e3o os seus pais. Lia Kirchner, filha de um pintor que morreu num campo de reeduca\u00e7\u00e3o, quer saber a verdade.  Tendo como elemento aglutinador a pergunta de Pilatos a Jesus \u00abo que \u00e9 a verdade?\u00bb, Perestroika \u00e9 um romance de vingan\u00e7a, reden\u00e7\u00e3o e catarse inspirado na hist\u00f3ria europeia recente.\" \/>\n<meta property=\"og:url\" content=\"https:\/\/livrariasolmar.pt\/produto\/perestroika\/\" \/>\n<meta property=\"og:site_name\" content=\"Livraria Solmar - Livraria online\" \/>\n<meta property=\"article:modified_time\" content=\"2024-09-20T17:55:39+00:00\" \/>\n<meta property=\"og:image\" content=\"https:\/\/livrariasolmar.pt\/wp-content\/uploads\/2024\/08\/9789899077584_1655826346.jpg\" \/>\n\t<meta property=\"og:image:width\" content=\"451\" \/>\n\t<meta property=\"og:image:height\" content=\"704\" \/>\n<meta name=\"twitter:card\" content=\"summary_large_image\" \/>\n<script type=\"application\/ld+json\" class=\"yoast-schema-graph\">{\"@context\":\"https:\/\/schema.org\",\"@graph\":[{\"@type\":\"WebSite\",\"@id\":\"https:\/\/livrariasolmar.pt\/#website\",\"url\":\"https:\/\/livrariasolmar.pt\/\",\"name\":\"Livraria Solmar - Livraria online\",\"description\":\"Com\\u00e9rcio Livros E Objetos De Arte, Lda - Ponta Delgada, A\\u00e7ores\",\"potentialAction\":[{\"@type\":\"SearchAction\",\"target\":{\"@type\":\"EntryPoint\",\"urlTemplate\":\"https:\/\/livrariasolmar.pt\/?s={search_term_string}\"},\"query-input\":\"required name=search_term_string\"}],\"inLanguage\":\"en-US\"},{\"@type\":\"ImageObject\",\"@id\":\"https:\/\/livrariasolmar.pt\/produto\/perestroika\/#primaryimage\",\"inLanguage\":\"en-US\",\"url\":\"https:\/\/livrariasolmar.pt\/wp-content\/uploads\/2024\/08\/9789899077584_1655826346.jpg\",\"contentUrl\":\"https:\/\/livrariasolmar.pt\/wp-content\/uploads\/2024\/08\/9789899077584_1655826346.jpg\",\"width\":451,\"height\":704},{\"@type\":\"WebPage\",\"@id\":\"https:\/\/livrariasolmar.pt\/produto\/perestroika\/#webpage\",\"url\":\"https:\/\/livrariasolmar.pt\/produto\/perestroika\/\",\"name\":\"Perestroika - Livraria Solmar - Livraria online\",\"isPartOf\":{\"@id\":\"https:\/\/livrariasolmar.pt\/#website\"},\"primaryImageOfPage\":{\"@id\":\"https:\/\/livrariasolmar.pt\/produto\/perestroika\/#primaryimage\"},\"datePublished\":\"2024-08-07T16:43:53+00:00\",\"dateModified\":\"2024-09-20T17:55:39+00:00\",\"breadcrumb\":{\"@id\":\"https:\/\/livrariasolmar.pt\/produto\/perestroika\/#breadcrumb\"},\"inLanguage\":\"en-US\",\"potentialAction\":[{\"@type\":\"ReadAction\",\"target\":[\"https:\/\/livrariasolmar.pt\/produto\/perestroika\/\"]}]},{\"@type\":\"BreadcrumbList\",\"@id\":\"https:\/\/livrariasolmar.pt\/produto\/perestroika\/#breadcrumb\",\"itemListElement\":[{\"@type\":\"ListItem\",\"position\":1,\"name\":\"In\\u00edcio\",\"item\":\"https:\/\/livrariasolmar.pt\/en\/\"},{\"@type\":\"ListItem\",\"position\":2,\"name\":\"Shop\",\"item\":\"https:\/\/livrariasolmar.pt\/en\/shop\/\"},{\"@type\":\"ListItem\",\"position\":3,\"name\":\"Perestroika\"}]}]}<\/script>\n<!-- \/ Yoast SEO plugin. -->","_links":{"self":[{"href":"https:\/\/livrariasolmar.pt\/en\/wp-json\/wp\/v2\/product\/9453"}],"collection":[{"href":"https:\/\/livrariasolmar.pt\/en\/wp-json\/wp\/v2\/product"}],"about":[{"href":"https:\/\/livrariasolmar.pt\/en\/wp-json\/wp\/v2\/types\/product"}],"author":[{"embeddable":true,"href":"https:\/\/livrariasolmar.pt\/en\/wp-json\/wp\/v2\/users\/2"}],"wp:featuredmedia":[{"embeddable":true,"href":"https:\/\/livrariasolmar.pt\/en\/wp-json\/wp\/v2\/media\/9454"}],"wp:attachment":[{"href":"https:\/\/livrariasolmar.pt\/en\/wp-json\/wp\/v2\/media?parent=9453"}],"wp:term":[{"taxonomy":"product_cat","embeddable":true,"href":"https:\/\/livrariasolmar.pt\/en\/wp-json\/wp\/v2\/product_cat?post=9453"},{"taxonomy":"product_tag","embeddable":true,"href":"https:\/\/livrariasolmar.pt\/en\/wp-json\/wp\/v2\/product_tag?post=9453"},{"taxonomy":"cat_produtos","embeddable":true,"href":"https:\/\/livrariasolmar.pt\/en\/wp-json\/wp\/v2\/cat_produtos?post=9453"}],"curies":[{"name":"wp","href":"https:\/\/api.w.org\/{rel}","templated":true}]}}