{"id":9456,"date":"2024-08-08T16:33:19","date_gmt":"2024-08-08T16:33:19","guid":{"rendered":"https:\/\/livrariasolmar.pt\/?post_type=product&#038;p=9456"},"modified":"2025-08-13T18:03:54","modified_gmt":"2025-08-13T18:03:54","slug":"comer-a-moda-dos-acores","status":"publish","type":"product","link":"https:\/\/livrariasolmar.pt\/en\/produto\/comer-a-moda-dos-acores\/","title":{"rendered":"Comer \u00e0 Moda dos A\u00e7ores"},"content":{"rendered":"","protected":false},"excerpt":{"rendered":"<p>O autor chama-lhes nove peda\u00e7os m\u00e1gicos de terra.<\/p>\n<p>Os A\u00e7ores s\u00e3o uma combina\u00e7\u00e3o de muitos fatores: os aromas de mel, maracuj\u00e1 e anan\u00e1s, a qualidade \u00fanica do peixe do mar azul, as pastagens verdes, a suavidade \u00fanica do ch\u00e1, o odor a funcho nas serras, a hortel\u00e3 nos campos, a salsa nos jardins ou a amoras silvestres que gritam pelos muros das ilhas. Os A\u00e7ores de R\u00faben Pacheco Correia sabem a angelica, a vinho de czares, a malassadas nas festas de freguesia, a sopas de Esp\u00edrito Santo dos Imp\u00e9rios. S\u00e3o terras de temperos \u00fanicos, do queijo branco em folha de conteira e do bife flamejado em vinho e temperado com pimenta inteira.<\/p>\n<p>R\u00faben Pacheco Correia nasceu numa fam\u00edlia na qual os assuntos importantes s\u00e3o tratados \u00e0 mesa. A m\u00e3e \u00e9 cozinheira e ensinou-o a gostar de comer, a apreciar o que \u00e9 bom e a distingui-lo do que \u00e9 menos bom. Tamb\u00e9m a av\u00f3 paterna \u00e9 chefe de cozinha e uma grande pasteleira. Com a av\u00f3 materna, que cozinha com aquilo que a terra e o mar d\u00e3o, aprendeu o valor da comida que nos liga ao passado e a ela deve a paix\u00e3o pela gastronomia a\u00e7oriana.<\/p>\n<p>Na mem\u00f3ria do autor, a av\u00f3 prepara o peixe, antes de o passar por farinha e fritar. Sente-se o cheiro dos chicharros fritos, com o molho de vil\u00e3o que ela faz de forma exemplar, acompanhado pelo bolo da sert\u00e3 quentinho, feito mesmo ali, com m\u00e3os treinadas ao longo de d\u00e9cadas, na sert\u00e3 de barro antiga, ainda herdada da sua bisav\u00f3.<\/p>\n<p>Porque acredita que somos aquilo que comemos e que a gastronomia \u00e9 a melhor forma de nos identificarmos enquanto povo, este livro de R\u00faben Pacheco Correia \u00e9 muito mais do que um livro de receitas &#8211; \u00e9 uma verdadeira carta de amor aos A\u00e7ores e \u00e0 sua cultura.<\/p>\n<p><b>MENSAGEM DO AUTOR<\/b><br \/>\nCaro Leitor,<br \/>\nAceite este meu desafio e venha comigo descobrir os segredos de bem se \u201cComer \u00e0 Moda dos A\u00e7ores\u201d.<br \/>\nBoas leituras e \u2026 boa viagem!<br \/>\nR\u00faben Correia<\/p>\n","protected":false},"author":2,"featured_media":9457,"template":"","meta":[],"product_cat":[146,281],"product_tag":[],"cat_produtos":[],"yoast_head":"<!-- This site is optimized with the Yoast SEO plugin v16.6 - https:\/\/yoast.com\/wordpress\/plugins\/seo\/ -->\n<title>Comer \u00e0 Moda dos A\u00e7ores - Livraria Solmar - Livraria online<\/title>\n<meta name=\"robots\" content=\"index, follow, max-snippet:-1, max-image-preview:large, max-video-preview:-1\" \/>\n<link rel=\"canonical\" href=\"https:\/\/livrariasolmar.pt\/en\/produto\/comer-a-moda-dos-acores\/\" \/>\n<meta property=\"og:locale\" content=\"en_US\" \/>\n<meta property=\"og:type\" content=\"article\" \/>\n<meta property=\"og:title\" content=\"Comer \u00e0 Moda dos A\u00e7ores - Livraria Solmar - Livraria online\" \/>\n<meta property=\"og:description\" content=\"O autor chama-lhes nove peda\u00e7os m\u00e1gicos de terra.  Os A\u00e7ores s\u00e3o uma combina\u00e7\u00e3o de muitos fatores: os aromas de mel, maracuj\u00e1 e anan\u00e1s, a qualidade \u00fanica do peixe do mar azul, as pastagens verdes, a suavidade \u00fanica do ch\u00e1, o odor a funcho nas serras, a hortel\u00e3 nos campos, a salsa nos jardins ou a amoras silvestres que gritam pelos muros das ilhas. Os A\u00e7ores de R\u00faben Pacheco Correia sabem a angelica, a vinho de czares, a malassadas nas festas de freguesia, a sopas de Esp\u00edrito Santo dos Imp\u00e9rios. S\u00e3o terras de temperos \u00fanicos, do queijo branco em folha de conteira e do bife flamejado em vinho e temperado com pimenta inteira.  R\u00faben Pacheco Correia nasceu numa fam\u00edlia na qual os assuntos importantes s\u00e3o tratados \u00e0 mesa. A m\u00e3e \u00e9 cozinheira e ensinou-o a gostar de comer, a apreciar o que \u00e9 bom e a distingui-lo do que \u00e9 menos bom. Tamb\u00e9m a av\u00f3 paterna \u00e9 chefe de cozinha e uma grande pasteleira. Com a av\u00f3 materna, que cozinha com aquilo que a terra e o mar d\u00e3o, aprendeu o valor da comida que nos liga ao passado e a ela deve a paix\u00e3o pela gastronomia a\u00e7oriana.  Na mem\u00f3ria do autor, a av\u00f3 prepara o peixe, antes de o passar por farinha e fritar. Sente-se o cheiro dos chicharros fritos, com o molho de vil\u00e3o que ela faz de forma exemplar, acompanhado pelo bolo da sert\u00e3 quentinho, feito mesmo ali, com m\u00e3os treinadas ao longo de d\u00e9cadas, na sert\u00e3 de barro antiga, ainda herdada da sua bisav\u00f3.  Porque acredita que somos aquilo que comemos e que a gastronomia \u00e9 a melhor forma de nos identificarmos enquanto povo, este livro de R\u00faben Pacheco Correia \u00e9 muito mais do que um livro de receitas - \u00e9 uma verdadeira carta de amor aos A\u00e7ores e \u00e0 sua cultura.  MENSAGEM DO AUTOR Caro Leitor, Aceite este meu desafio e venha comigo descobrir os segredos de bem se \u201cComer \u00e0 Moda dos A\u00e7ores\u201d. Boas leituras e \u2026 boa viagem! R\u00faben Correia\" \/>\n<meta property=\"og:url\" content=\"https:\/\/livrariasolmar.pt\/produto\/comer-a-moda-dos-acores\/\" \/>\n<meta property=\"og:site_name\" content=\"Livraria Solmar - Livraria online\" \/>\n<meta property=\"article:modified_time\" content=\"2025-08-13T18:03:54+00:00\" \/>\n<meta property=\"og:image\" content=\"https:\/\/livrariasolmar.pt\/wp-content\/uploads\/2024\/08\/1540-1.jpg\" \/>\n\t<meta property=\"og:image:width\" content=\"340\" \/>\n\t<meta property=\"og:image:height\" content=\"340\" \/>\n<meta name=\"twitter:card\" content=\"summary_large_image\" \/>\n<script type=\"application\/ld+json\" class=\"yoast-schema-graph\">{\"@context\":\"https:\/\/schema.org\",\"@graph\":[{\"@type\":\"WebSite\",\"@id\":\"https:\/\/livrariasolmar.pt\/#website\",\"url\":\"https:\/\/livrariasolmar.pt\/\",\"name\":\"Livraria Solmar - Livraria online\",\"description\":\"Com\\u00e9rcio Livros E Objetos De Arte, Lda - Ponta Delgada, A\\u00e7ores\",\"potentialAction\":[{\"@type\":\"SearchAction\",\"target\":{\"@type\":\"EntryPoint\",\"urlTemplate\":\"https:\/\/livrariasolmar.pt\/?s={search_term_string}\"},\"query-input\":\"required name=search_term_string\"}],\"inLanguage\":\"en-US\"},{\"@type\":\"ImageObject\",\"@id\":\"https:\/\/livrariasolmar.pt\/produto\/comer-a-moda-dos-acores\/#primaryimage\",\"inLanguage\":\"en-US\",\"url\":\"https:\/\/livrariasolmar.pt\/wp-content\/uploads\/2024\/08\/1540-1.jpg\",\"contentUrl\":\"https:\/\/livrariasolmar.pt\/wp-content\/uploads\/2024\/08\/1540-1.jpg\",\"width\":340,\"height\":340},{\"@type\":\"WebPage\",\"@id\":\"https:\/\/livrariasolmar.pt\/produto\/comer-a-moda-dos-acores\/#webpage\",\"url\":\"https:\/\/livrariasolmar.pt\/produto\/comer-a-moda-dos-acores\/\",\"name\":\"Comer \\u00e0 Moda dos A\\u00e7ores - Livraria Solmar - Livraria online\",\"isPartOf\":{\"@id\":\"https:\/\/livrariasolmar.pt\/#website\"},\"primaryImageOfPage\":{\"@id\":\"https:\/\/livrariasolmar.pt\/produto\/comer-a-moda-dos-acores\/#primaryimage\"},\"datePublished\":\"2024-08-08T16:33:19+00:00\",\"dateModified\":\"2025-08-13T18:03:54+00:00\",\"breadcrumb\":{\"@id\":\"https:\/\/livrariasolmar.pt\/produto\/comer-a-moda-dos-acores\/#breadcrumb\"},\"inLanguage\":\"en-US\",\"potentialAction\":[{\"@type\":\"ReadAction\",\"target\":[\"https:\/\/livrariasolmar.pt\/produto\/comer-a-moda-dos-acores\/\"]}]},{\"@type\":\"BreadcrumbList\",\"@id\":\"https:\/\/livrariasolmar.pt\/produto\/comer-a-moda-dos-acores\/#breadcrumb\",\"itemListElement\":[{\"@type\":\"ListItem\",\"position\":1,\"name\":\"In\\u00edcio\",\"item\":\"https:\/\/livrariasolmar.pt\/en\/\"},{\"@type\":\"ListItem\",\"position\":2,\"name\":\"Shop\",\"item\":\"https:\/\/livrariasolmar.pt\/en\/shop\/\"},{\"@type\":\"ListItem\",\"position\":3,\"name\":\"Comer \\u00e0 Moda dos A\\u00e7ores\"}]}]}<\/script>\n<!-- \/ Yoast SEO plugin. -->","_links":{"self":[{"href":"https:\/\/livrariasolmar.pt\/en\/wp-json\/wp\/v2\/product\/9456"}],"collection":[{"href":"https:\/\/livrariasolmar.pt\/en\/wp-json\/wp\/v2\/product"}],"about":[{"href":"https:\/\/livrariasolmar.pt\/en\/wp-json\/wp\/v2\/types\/product"}],"author":[{"embeddable":true,"href":"https:\/\/livrariasolmar.pt\/en\/wp-json\/wp\/v2\/users\/2"}],"wp:featuredmedia":[{"embeddable":true,"href":"https:\/\/livrariasolmar.pt\/en\/wp-json\/wp\/v2\/media\/9457"}],"wp:attachment":[{"href":"https:\/\/livrariasolmar.pt\/en\/wp-json\/wp\/v2\/media?parent=9456"}],"wp:term":[{"taxonomy":"product_cat","embeddable":true,"href":"https:\/\/livrariasolmar.pt\/en\/wp-json\/wp\/v2\/product_cat?post=9456"},{"taxonomy":"product_tag","embeddable":true,"href":"https:\/\/livrariasolmar.pt\/en\/wp-json\/wp\/v2\/product_tag?post=9456"},{"taxonomy":"cat_produtos","embeddable":true,"href":"https:\/\/livrariasolmar.pt\/en\/wp-json\/wp\/v2\/cat_produtos?post=9456"}],"curies":[{"name":"wp","href":"https:\/\/api.w.org\/{rel}","templated":true}]}}