{"id":9464,"date":"2024-08-08T17:06:04","date_gmt":"2024-08-08T17:06:04","guid":{"rendered":"https:\/\/livrariasolmar.pt\/?post_type=product&#038;p=9464"},"modified":"2025-03-26T19:46:56","modified_gmt":"2025-03-26T19:46:56","slug":"o-crepusculo-da-democracia","status":"publish","type":"product","link":"https:\/\/livrariasolmar.pt\/en\/produto\/o-crepusculo-da-democracia\/","title":{"rendered":"O Crep\u00fasculo da Democracia"},"content":{"rendered":"","protected":false},"excerpt":{"rendered":"<p>Em O Crep\u00fasculo da Democracia, Anne Applebaum argumenta que os sistemas pol\u00edticos baseados em cren\u00e7as radicalmente simples s\u00e3o mais cativantes, em especial quando recompensam e beneficiam os verdadeiros crentes, os soldados leais e os amigos e familiares do l\u00edder &#8211; e mais ningu\u00e9m. Nenhum d\u00e9spota governa sozinho: precisa de aliados, burocratas e personalidades p\u00fablicas que o apoiem e preparem o terreno para a sua ascens\u00e3o ao poder. Applebaum analisa como os novos adeptos do iliberalismo se organizam e mobilizam e demonstra como as teorias da conspira\u00e7\u00e3o, a polariza\u00e7\u00e3o da opini\u00e3o p\u00fablica, as redes sociais e a nostalgia por um passado idealizado s\u00e3o usadas como armas para transformar as sociedades em que vivem.<\/p>\n<p>Tomando como exemplo casos hist\u00f3ricos, do Estalinismo \u00e0 Alemanha Nazi, e atuais, de Boris Johnson ao desmantelar do Estado de direito na Pol\u00f3nia, passando pela Espanha e pelo Brasil, a historiadora revela como o sonho da democracia se esboroou nos \u00faltimos 30 anos, colocando amigos de longa data em trincheiras opostas, asfixiando o debate p\u00fablico e beneficiando aqueles que defendem uma mensagem divis\u00f3ria, repressiva e autorit\u00e1ria.<\/p>\n<p>O Crep\u00fasculo da Democracia \u00e9 uma an\u00e1lise brilhante de uma transforma\u00e7\u00e3o pol\u00edtica e social que est\u00e1 a deformar as nossas sociedades e permite entrever e mapear o caminho para recuperarmos os nossos valores democr\u00e1ticos.<\/p>\n","protected":false},"author":2,"featured_media":9465,"template":"","meta":[],"product_cat":[166],"product_tag":[],"cat_produtos":[],"yoast_head":"<!-- This site is optimized with the Yoast SEO plugin v16.6 - https:\/\/yoast.com\/wordpress\/plugins\/seo\/ -->\n<title>O Crep\u00fasculo da Democracia - Livraria Solmar - Livraria online<\/title>\n<meta name=\"robots\" content=\"index, follow, max-snippet:-1, max-image-preview:large, max-video-preview:-1\" \/>\n<link rel=\"canonical\" href=\"https:\/\/livrariasolmar.pt\/en\/produto\/o-crepusculo-da-democracia\/\" \/>\n<meta property=\"og:locale\" content=\"en_US\" \/>\n<meta property=\"og:type\" content=\"article\" \/>\n<meta property=\"og:title\" content=\"O Crep\u00fasculo da Democracia - Livraria Solmar - Livraria online\" \/>\n<meta property=\"og:description\" content=\"Em O Crep\u00fasculo da Democracia, Anne Applebaum argumenta que os sistemas pol\u00edticos baseados em cren\u00e7as radicalmente simples s\u00e3o mais cativantes, em especial quando recompensam e beneficiam os verdadeiros crentes, os soldados leais e os amigos e familiares do l\u00edder - e mais ningu\u00e9m. Nenhum d\u00e9spota governa sozinho: precisa de aliados, burocratas e personalidades p\u00fablicas que o apoiem e preparem o terreno para a sua ascens\u00e3o ao poder. Applebaum analisa como os novos adeptos do iliberalismo se organizam e mobilizam e demonstra como as teorias da conspira\u00e7\u00e3o, a polariza\u00e7\u00e3o da opini\u00e3o p\u00fablica, as redes sociais e a nostalgia por um passado idealizado s\u00e3o usadas como armas para transformar as sociedades em que vivem.  Tomando como exemplo casos hist\u00f3ricos, do Estalinismo \u00e0 Alemanha Nazi, e atuais, de Boris Johnson ao desmantelar do Estado de direito na Pol\u00f3nia, passando pela Espanha e pelo Brasil, a historiadora revela como o sonho da democracia se esboroou nos \u00faltimos 30 anos, colocando amigos de longa data em trincheiras opostas, asfixiando o debate p\u00fablico e beneficiando aqueles que defendem uma mensagem divis\u00f3ria, repressiva e autorit\u00e1ria.  O Crep\u00fasculo da Democracia \u00e9 uma an\u00e1lise brilhante de uma transforma\u00e7\u00e3o pol\u00edtica e social que est\u00e1 a deformar as nossas sociedades e permite entrever e mapear o caminho para recuperarmos os nossos valores democr\u00e1ticos.\" \/>\n<meta property=\"og:url\" content=\"https:\/\/livrariasolmar.pt\/produto\/o-crepusculo-da-democracia\/\" \/>\n<meta property=\"og:site_name\" content=\"Livraria Solmar - Livraria online\" \/>\n<meta property=\"article:modified_time\" content=\"2025-03-26T19:46:56+00:00\" \/>\n<meta property=\"og:image\" content=\"https:\/\/livrariasolmar.pt\/wp-content\/uploads\/2024\/08\/1540-1-1.jpg\" \/>\n\t<meta property=\"og:image:width\" content=\"340\" \/>\n\t<meta property=\"og:image:height\" content=\"340\" \/>\n<meta name=\"twitter:card\" content=\"summary_large_image\" \/>\n<script type=\"application\/ld+json\" class=\"yoast-schema-graph\">{\"@context\":\"https:\/\/schema.org\",\"@graph\":[{\"@type\":\"WebSite\",\"@id\":\"https:\/\/livrariasolmar.pt\/#website\",\"url\":\"https:\/\/livrariasolmar.pt\/\",\"name\":\"Livraria Solmar - Livraria online\",\"description\":\"Com\\u00e9rcio Livros E Objetos De Arte, Lda - Ponta Delgada, A\\u00e7ores\",\"potentialAction\":[{\"@type\":\"SearchAction\",\"target\":{\"@type\":\"EntryPoint\",\"urlTemplate\":\"https:\/\/livrariasolmar.pt\/?s={search_term_string}\"},\"query-input\":\"required name=search_term_string\"}],\"inLanguage\":\"en-US\"},{\"@type\":\"ImageObject\",\"@id\":\"https:\/\/livrariasolmar.pt\/produto\/o-crepusculo-da-democracia\/#primaryimage\",\"inLanguage\":\"en-US\",\"url\":\"https:\/\/livrariasolmar.pt\/wp-content\/uploads\/2024\/08\/1540-1-1.jpg\",\"contentUrl\":\"https:\/\/livrariasolmar.pt\/wp-content\/uploads\/2024\/08\/1540-1-1.jpg\",\"width\":340,\"height\":340},{\"@type\":\"WebPage\",\"@id\":\"https:\/\/livrariasolmar.pt\/produto\/o-crepusculo-da-democracia\/#webpage\",\"url\":\"https:\/\/livrariasolmar.pt\/produto\/o-crepusculo-da-democracia\/\",\"name\":\"O Crep\\u00fasculo da Democracia - Livraria Solmar - Livraria online\",\"isPartOf\":{\"@id\":\"https:\/\/livrariasolmar.pt\/#website\"},\"primaryImageOfPage\":{\"@id\":\"https:\/\/livrariasolmar.pt\/produto\/o-crepusculo-da-democracia\/#primaryimage\"},\"datePublished\":\"2024-08-08T17:06:04+00:00\",\"dateModified\":\"2025-03-26T19:46:56+00:00\",\"breadcrumb\":{\"@id\":\"https:\/\/livrariasolmar.pt\/produto\/o-crepusculo-da-democracia\/#breadcrumb\"},\"inLanguage\":\"en-US\",\"potentialAction\":[{\"@type\":\"ReadAction\",\"target\":[\"https:\/\/livrariasolmar.pt\/produto\/o-crepusculo-da-democracia\/\"]}]},{\"@type\":\"BreadcrumbList\",\"@id\":\"https:\/\/livrariasolmar.pt\/produto\/o-crepusculo-da-democracia\/#breadcrumb\",\"itemListElement\":[{\"@type\":\"ListItem\",\"position\":1,\"name\":\"In\\u00edcio\",\"item\":\"https:\/\/livrariasolmar.pt\/en\/\"},{\"@type\":\"ListItem\",\"position\":2,\"name\":\"Shop\",\"item\":\"https:\/\/livrariasolmar.pt\/en\/shop\/\"},{\"@type\":\"ListItem\",\"position\":3,\"name\":\"O Crep\\u00fasculo da Democracia\"}]}]}<\/script>\n<!-- \/ Yoast SEO plugin. -->","_links":{"self":[{"href":"https:\/\/livrariasolmar.pt\/en\/wp-json\/wp\/v2\/product\/9464"}],"collection":[{"href":"https:\/\/livrariasolmar.pt\/en\/wp-json\/wp\/v2\/product"}],"about":[{"href":"https:\/\/livrariasolmar.pt\/en\/wp-json\/wp\/v2\/types\/product"}],"author":[{"embeddable":true,"href":"https:\/\/livrariasolmar.pt\/en\/wp-json\/wp\/v2\/users\/2"}],"wp:featuredmedia":[{"embeddable":true,"href":"https:\/\/livrariasolmar.pt\/en\/wp-json\/wp\/v2\/media\/9465"}],"wp:attachment":[{"href":"https:\/\/livrariasolmar.pt\/en\/wp-json\/wp\/v2\/media?parent=9464"}],"wp:term":[{"taxonomy":"product_cat","embeddable":true,"href":"https:\/\/livrariasolmar.pt\/en\/wp-json\/wp\/v2\/product_cat?post=9464"},{"taxonomy":"product_tag","embeddable":true,"href":"https:\/\/livrariasolmar.pt\/en\/wp-json\/wp\/v2\/product_tag?post=9464"},{"taxonomy":"cat_produtos","embeddable":true,"href":"https:\/\/livrariasolmar.pt\/en\/wp-json\/wp\/v2\/cat_produtos?post=9464"}],"curies":[{"name":"wp","href":"https:\/\/api.w.org\/{rel}","templated":true}]}}