{"id":9470,"date":"2024-08-10T14:25:18","date_gmt":"2024-08-10T14:25:18","guid":{"rendered":"https:\/\/livrariasolmar.pt\/?post_type=product&#038;p=9470"},"modified":"2024-08-10T14:25:18","modified_gmt":"2024-08-10T14:25:18","slug":"morreremos-amanha","status":"publish","type":"product","link":"https:\/\/livrariasolmar.pt\/en\/produto\/morreremos-amanha\/","title":{"rendered":"Morreremos Amanh\u00e3"},"content":{"rendered":"","protected":false},"excerpt":{"rendered":"<p>\u201cCheguei a Angola com uma ideia errada do que acontece em combate. Embora soubesse que ia entrar numa guerra, pensava ter treinado o suficiente para enfrentar situa\u00e7\u00f5es dif\u00edceis e, com um pouco de sorte, sair delas com vida. Mas n\u00e3o h\u00e1 um simulador para o medo. Nem treino para a estupefac\u00e7\u00e3o ao som de uma rajada.<br \/>\nDe um momento para o outro somos invadidos, brutalmente, pela certeza de que algu\u00e9m nos quer matar.\u201d<\/p>\n","protected":false},"author":2,"featured_media":9471,"template":"","meta":[],"product_cat":[146],"product_tag":[],"cat_produtos":[1466],"yoast_head":"<!-- This site is optimized with the Yoast SEO plugin v16.6 - https:\/\/yoast.com\/wordpress\/plugins\/seo\/ -->\n<title>Morreremos Amanh\u00e3 - Livraria Solmar - Livraria online<\/title>\n<meta name=\"robots\" content=\"index, follow, max-snippet:-1, max-image-preview:large, max-video-preview:-1\" \/>\n<link rel=\"canonical\" href=\"https:\/\/livrariasolmar.pt\/en\/produto\/morreremos-amanha\/\" \/>\n<meta property=\"og:locale\" content=\"en_US\" \/>\n<meta property=\"og:type\" content=\"article\" \/>\n<meta property=\"og:title\" content=\"Morreremos Amanh\u00e3 - Livraria Solmar - Livraria online\" \/>\n<meta property=\"og:description\" content=\"\u201cCheguei a Angola com uma ideia errada do que acontece em combate. Embora soubesse que ia entrar numa guerra, pensava ter treinado o suficiente para enfrentar situa\u00e7\u00f5es dif\u00edceis e, com um pouco de sorte, sair delas com vida. Mas n\u00e3o h\u00e1 um simulador para o medo. Nem treino para a estupefac\u00e7\u00e3o ao som de uma rajada. De um momento para o outro somos invadidos, brutalmente, pela certeza de que algu\u00e9m nos quer matar.\u201d\" \/>\n<meta property=\"og:url\" content=\"https:\/\/livrariasolmar.pt\/produto\/morreremos-amanha\/\" \/>\n<meta property=\"og:site_name\" content=\"Livraria Solmar - Livraria online\" \/>\n<meta property=\"og:image\" content=\"https:\/\/livrariasolmar.pt\/wp-content\/uploads\/2024\/08\/Morreremos_Amanha.jpg\" \/>\n\t<meta property=\"og:image:width\" content=\"300\" \/>\n\t<meta property=\"og:image:height\" content=\"446\" \/>\n<meta name=\"twitter:card\" content=\"summary_large_image\" \/>\n<script type=\"application\/ld+json\" class=\"yoast-schema-graph\">{\"@context\":\"https:\/\/schema.org\",\"@graph\":[{\"@type\":\"WebSite\",\"@id\":\"https:\/\/livrariasolmar.pt\/#website\",\"url\":\"https:\/\/livrariasolmar.pt\/\",\"name\":\"Livraria Solmar - Livraria online\",\"description\":\"Com\\u00e9rcio Livros E Objetos De Arte, Lda - Ponta Delgada, A\\u00e7ores\",\"potentialAction\":[{\"@type\":\"SearchAction\",\"target\":{\"@type\":\"EntryPoint\",\"urlTemplate\":\"https:\/\/livrariasolmar.pt\/?s={search_term_string}\"},\"query-input\":\"required name=search_term_string\"}],\"inLanguage\":\"en-US\"},{\"@type\":\"ImageObject\",\"@id\":\"https:\/\/livrariasolmar.pt\/produto\/morreremos-amanha\/#primaryimage\",\"inLanguage\":\"en-US\",\"url\":\"https:\/\/livrariasolmar.pt\/wp-content\/uploads\/2024\/08\/Morreremos_Amanha.jpg\",\"contentUrl\":\"https:\/\/livrariasolmar.pt\/wp-content\/uploads\/2024\/08\/Morreremos_Amanha.jpg\",\"width\":300,\"height\":446},{\"@type\":\"WebPage\",\"@id\":\"https:\/\/livrariasolmar.pt\/produto\/morreremos-amanha\/#webpage\",\"url\":\"https:\/\/livrariasolmar.pt\/produto\/morreremos-amanha\/\",\"name\":\"Morreremos Amanh\\u00e3 - Livraria Solmar - Livraria online\",\"isPartOf\":{\"@id\":\"https:\/\/livrariasolmar.pt\/#website\"},\"primaryImageOfPage\":{\"@id\":\"https:\/\/livrariasolmar.pt\/produto\/morreremos-amanha\/#primaryimage\"},\"datePublished\":\"2024-08-10T14:25:18+00:00\",\"dateModified\":\"2024-08-10T14:25:18+00:00\",\"breadcrumb\":{\"@id\":\"https:\/\/livrariasolmar.pt\/produto\/morreremos-amanha\/#breadcrumb\"},\"inLanguage\":\"en-US\",\"potentialAction\":[{\"@type\":\"ReadAction\",\"target\":[\"https:\/\/livrariasolmar.pt\/produto\/morreremos-amanha\/\"]}]},{\"@type\":\"BreadcrumbList\",\"@id\":\"https:\/\/livrariasolmar.pt\/produto\/morreremos-amanha\/#breadcrumb\",\"itemListElement\":[{\"@type\":\"ListItem\",\"position\":1,\"name\":\"In\\u00edcio\",\"item\":\"https:\/\/livrariasolmar.pt\/en\/\"},{\"@type\":\"ListItem\",\"position\":2,\"name\":\"Shop\",\"item\":\"https:\/\/livrariasolmar.pt\/en\/shop\/\"},{\"@type\":\"ListItem\",\"position\":3,\"name\":\"Morreremos Amanh\\u00e3\"}]}]}<\/script>\n<!-- \/ Yoast SEO plugin. -->","_links":{"self":[{"href":"https:\/\/livrariasolmar.pt\/en\/wp-json\/wp\/v2\/product\/9470"}],"collection":[{"href":"https:\/\/livrariasolmar.pt\/en\/wp-json\/wp\/v2\/product"}],"about":[{"href":"https:\/\/livrariasolmar.pt\/en\/wp-json\/wp\/v2\/types\/product"}],"author":[{"embeddable":true,"href":"https:\/\/livrariasolmar.pt\/en\/wp-json\/wp\/v2\/users\/2"}],"wp:featuredmedia":[{"embeddable":true,"href":"https:\/\/livrariasolmar.pt\/en\/wp-json\/wp\/v2\/media\/9471"}],"wp:attachment":[{"href":"https:\/\/livrariasolmar.pt\/en\/wp-json\/wp\/v2\/media?parent=9470"}],"wp:term":[{"taxonomy":"product_cat","embeddable":true,"href":"https:\/\/livrariasolmar.pt\/en\/wp-json\/wp\/v2\/product_cat?post=9470"},{"taxonomy":"product_tag","embeddable":true,"href":"https:\/\/livrariasolmar.pt\/en\/wp-json\/wp\/v2\/product_tag?post=9470"},{"taxonomy":"cat_produtos","embeddable":true,"href":"https:\/\/livrariasolmar.pt\/en\/wp-json\/wp\/v2\/cat_produtos?post=9470"}],"curies":[{"name":"wp","href":"https:\/\/api.w.org\/{rel}","templated":true}]}}