{"id":9556,"date":"2024-09-18T16:42:06","date_gmt":"2024-09-18T16:42:06","guid":{"rendered":"https:\/\/livrariasolmar.pt\/?post_type=product&#038;p=9556"},"modified":"2026-03-06T17:40:27","modified_gmt":"2026-03-06T17:40:27","slug":"memorias-historicas-de-vila-franca-do-campo-vivencias-patrimonio-e-personalidades","status":"publish","type":"product","link":"https:\/\/livrariasolmar.pt\/en\/produto\/memorias-historicas-de-vila-franca-do-campo-vivencias-patrimonio-e-personalidades\/","title":{"rendered":"Mem\u00f3rias Hist\u00f3ricas De Vila Franca Do Campo: Viv\u00eancias, Patrim\u00f3nio e Personalidades"},"content":{"rendered":"","protected":false},"excerpt":{"rendered":"<p>Este livro encontra-se organizado em tr\u00eas grandes temas, respetivamente,<br \/>\nas viv\u00eancias, patrim\u00f3nio e personalidades, de Vila Franca do Campo. Com<br \/>\n21 cap\u00edtulos aut\u00f3nomos entre si. S\u00e3o tratados no livro, nomeadamente, os<br \/>\nantigos barcos de navega\u00e7\u00e3o costeira (\u201cBarcos da Vila\u201d), as dilig\u00eancias<br \/>\nque circulavam na costa sul de S\u00e3o Miguel no s\u00e9culo XIX, os velhos<br \/>\nancoradouros e caminhos do concelho, os \u201calevantes\u201d do milho, a<br \/>\nhist\u00f3rica visita do escritor Bulh\u00e3o Pato a Vila Franca do Campo, a<br \/>\nimprensa no concelho desde o seu primeiro jornal ou a excecional gera\u00e7\u00e3o<br \/>\nde intelectuais que a\u00ed existiu nas primeiras d\u00e9cadas do s\u00e9culo XX, em<br \/>\nque pontificam Armando C\u00f4rtes-Rodrigues, Manuel Monteiro Velho Arruda,<br \/>\nPadre Ernesto Ferreira e Urbano de Mendon\u00e7a Dias.<\/p>\n<p>O per\u00edodo tratado corresponde, principalmente, ao s\u00e9culo XIX e primeira<br \/>\nmetade do s\u00e9culo XX. Considerou-se neste \u00e2mbito quer manifesta\u00e7\u00f5es<br \/>\nlocais da grande hist\u00f3ria pol\u00edtica e institucional, quer aspetos de<br \/>\n\u00edndole puramente local que marcaram a viv\u00eancia da comunidade.<\/p>\n","protected":false},"author":2,"featured_media":9557,"template":"","meta":[],"product_cat":[146],"product_tag":[],"cat_produtos":[1480],"yoast_head":"<!-- This site is optimized with the Yoast SEO plugin v16.6 - https:\/\/yoast.com\/wordpress\/plugins\/seo\/ -->\n<title>Mem\u00f3rias Hist\u00f3ricas De Vila Franca Do Campo: Viv\u00eancias, Patrim\u00f3nio e Personalidades - Livraria Solmar - Livraria online<\/title>\n<meta name=\"robots\" content=\"index, follow, max-snippet:-1, max-image-preview:large, max-video-preview:-1\" \/>\n<link rel=\"canonical\" href=\"https:\/\/livrariasolmar.pt\/en\/produto\/memorias-historicas-de-vila-franca-do-campo-vivencias-patrimonio-e-personalidades\/\" \/>\n<meta property=\"og:locale\" content=\"en_US\" \/>\n<meta property=\"og:type\" content=\"article\" \/>\n<meta property=\"og:title\" content=\"Mem\u00f3rias Hist\u00f3ricas De Vila Franca Do Campo: Viv\u00eancias, Patrim\u00f3nio e Personalidades - Livraria Solmar - Livraria online\" \/>\n<meta property=\"og:description\" content=\"Este livro encontra-se organizado em tr\u00eas grandes temas, respetivamente, as viv\u00eancias, patrim\u00f3nio e personalidades, de Vila Franca do Campo. Com 21 cap\u00edtulos aut\u00f3nomos entre si. S\u00e3o tratados no livro, nomeadamente, os antigos barcos de navega\u00e7\u00e3o costeira (\u201cBarcos da Vila\u201d), as dilig\u00eancias que circulavam na costa sul de S\u00e3o Miguel no s\u00e9culo XIX, os velhos ancoradouros e caminhos do concelho, os \u201calevantes\u201d do milho, a hist\u00f3rica visita do escritor Bulh\u00e3o Pato a Vila Franca do Campo, a imprensa no concelho desde o seu primeiro jornal ou a excecional gera\u00e7\u00e3o de intelectuais que a\u00ed existiu nas primeiras d\u00e9cadas do s\u00e9culo XX, em que pontificam Armando C\u00f4rtes-Rodrigues, Manuel Monteiro Velho Arruda, Padre Ernesto Ferreira e Urbano de Mendon\u00e7a Dias.  O per\u00edodo tratado corresponde, principalmente, ao s\u00e9culo XIX e primeira metade do s\u00e9culo XX. Considerou-se neste \u00e2mbito quer manifesta\u00e7\u00f5es locais da grande hist\u00f3ria pol\u00edtica e institucional, quer aspetos de \u00edndole puramente local que marcaram a viv\u00eancia da comunidade.\" \/>\n<meta property=\"og:url\" content=\"https:\/\/livrariasolmar.pt\/produto\/memorias-historicas-de-vila-franca-do-campo-vivencias-patrimonio-e-personalidades\/\" \/>\n<meta property=\"og:site_name\" content=\"Livraria Solmar - Livraria online\" \/>\n<meta property=\"article:modified_time\" content=\"2026-03-06T17:40:27+00:00\" \/>\n<meta property=\"og:image\" content=\"https:\/\/livrariasolmar.pt\/wp-content\/uploads\/2024\/09\/VILA-FRANCA-CAPA-2-672x1024.png\" \/>\n\t<meta property=\"og:image:width\" content=\"672\" \/>\n\t<meta property=\"og:image:height\" content=\"1024\" \/>\n<meta name=\"twitter:card\" content=\"summary_large_image\" \/>\n<script type=\"application\/ld+json\" class=\"yoast-schema-graph\">{\"@context\":\"https:\/\/schema.org\",\"@graph\":[{\"@type\":\"WebSite\",\"@id\":\"https:\/\/livrariasolmar.pt\/#website\",\"url\":\"https:\/\/livrariasolmar.pt\/\",\"name\":\"Livraria Solmar - Livraria online\",\"description\":\"Com\\u00e9rcio Livros E Objetos De Arte, Lda - Ponta Delgada, A\\u00e7ores\",\"potentialAction\":[{\"@type\":\"SearchAction\",\"target\":{\"@type\":\"EntryPoint\",\"urlTemplate\":\"https:\/\/livrariasolmar.pt\/?s={search_term_string}\"},\"query-input\":\"required name=search_term_string\"}],\"inLanguage\":\"en-US\"},{\"@type\":\"ImageObject\",\"@id\":\"https:\/\/livrariasolmar.pt\/produto\/memorias-historicas-de-vila-franca-do-campo-vivencias-patrimonio-e-personalidades\/#primaryimage\",\"inLanguage\":\"en-US\",\"url\":\"https:\/\/livrariasolmar.pt\/wp-content\/uploads\/2024\/09\/VILA-FRANCA-CAPA-2.png\",\"contentUrl\":\"https:\/\/livrariasolmar.pt\/wp-content\/uploads\/2024\/09\/VILA-FRANCA-CAPA-2.png\",\"width\":1755,\"height\":2674},{\"@type\":\"WebPage\",\"@id\":\"https:\/\/livrariasolmar.pt\/produto\/memorias-historicas-de-vila-franca-do-campo-vivencias-patrimonio-e-personalidades\/#webpage\",\"url\":\"https:\/\/livrariasolmar.pt\/produto\/memorias-historicas-de-vila-franca-do-campo-vivencias-patrimonio-e-personalidades\/\",\"name\":\"Mem\\u00f3rias Hist\\u00f3ricas De Vila Franca Do Campo: Viv\\u00eancias, Patrim\\u00f3nio e Personalidades - Livraria Solmar - Livraria online\",\"isPartOf\":{\"@id\":\"https:\/\/livrariasolmar.pt\/#website\"},\"primaryImageOfPage\":{\"@id\":\"https:\/\/livrariasolmar.pt\/produto\/memorias-historicas-de-vila-franca-do-campo-vivencias-patrimonio-e-personalidades\/#primaryimage\"},\"datePublished\":\"2024-09-18T16:42:06+00:00\",\"dateModified\":\"2026-03-06T17:40:27+00:00\",\"breadcrumb\":{\"@id\":\"https:\/\/livrariasolmar.pt\/produto\/memorias-historicas-de-vila-franca-do-campo-vivencias-patrimonio-e-personalidades\/#breadcrumb\"},\"inLanguage\":\"en-US\",\"potentialAction\":[{\"@type\":\"ReadAction\",\"target\":[\"https:\/\/livrariasolmar.pt\/produto\/memorias-historicas-de-vila-franca-do-campo-vivencias-patrimonio-e-personalidades\/\"]}]},{\"@type\":\"BreadcrumbList\",\"@id\":\"https:\/\/livrariasolmar.pt\/produto\/memorias-historicas-de-vila-franca-do-campo-vivencias-patrimonio-e-personalidades\/#breadcrumb\",\"itemListElement\":[{\"@type\":\"ListItem\",\"position\":1,\"name\":\"In\\u00edcio\",\"item\":\"https:\/\/livrariasolmar.pt\/en\/\"},{\"@type\":\"ListItem\",\"position\":2,\"name\":\"Shop\",\"item\":\"https:\/\/livrariasolmar.pt\/en\/shop\/\"},{\"@type\":\"ListItem\",\"position\":3,\"name\":\"Mem\\u00f3rias Hist\\u00f3ricas De Vila Franca Do Campo: Viv\\u00eancias, Patrim\\u00f3nio e Personalidades\"}]}]}<\/script>\n<!-- \/ Yoast SEO plugin. -->","_links":{"self":[{"href":"https:\/\/livrariasolmar.pt\/en\/wp-json\/wp\/v2\/product\/9556"}],"collection":[{"href":"https:\/\/livrariasolmar.pt\/en\/wp-json\/wp\/v2\/product"}],"about":[{"href":"https:\/\/livrariasolmar.pt\/en\/wp-json\/wp\/v2\/types\/product"}],"author":[{"embeddable":true,"href":"https:\/\/livrariasolmar.pt\/en\/wp-json\/wp\/v2\/users\/2"}],"wp:featuredmedia":[{"embeddable":true,"href":"https:\/\/livrariasolmar.pt\/en\/wp-json\/wp\/v2\/media\/9557"}],"wp:attachment":[{"href":"https:\/\/livrariasolmar.pt\/en\/wp-json\/wp\/v2\/media?parent=9556"}],"wp:term":[{"taxonomy":"product_cat","embeddable":true,"href":"https:\/\/livrariasolmar.pt\/en\/wp-json\/wp\/v2\/product_cat?post=9556"},{"taxonomy":"product_tag","embeddable":true,"href":"https:\/\/livrariasolmar.pt\/en\/wp-json\/wp\/v2\/product_tag?post=9556"},{"taxonomy":"cat_produtos","embeddable":true,"href":"https:\/\/livrariasolmar.pt\/en\/wp-json\/wp\/v2\/cat_produtos?post=9556"}],"curies":[{"name":"wp","href":"https:\/\/api.w.org\/{rel}","templated":true}]}}