{"id":9559,"date":"2024-09-18T17:28:43","date_gmt":"2024-09-18T17:28:43","guid":{"rendered":"https:\/\/livrariasolmar.pt\/?post_type=product&#038;p=9559"},"modified":"2025-06-17T16:55:51","modified_gmt":"2025-06-17T16:55:51","slug":"dialogos-lusitanos","status":"publish","type":"product","link":"https:\/\/livrariasolmar.pt\/en\/produto\/dialogos-lusitanos\/","title":{"rendered":"Di\u00e1logos Lusitanos"},"content":{"rendered":"","protected":false},"excerpt":{"rendered":"<div class=\"collapse-container\">\n<div id=\"synopsis-toggle-collapse\" class=\"content right collapse\">\n<p>Os ensaios deste volume tratam de Fernando Pessoa, Verg\u00edlio Ferreira, Jos\u00e9 Saramago, Eduardo Louren\u00e7o, Nat\u00e1lia Correia, Jos\u00e9 Rodrigues Migu\u00e9is, Jos\u00e9 Enes ou Jorge de Sena. Como considera o autor, \u00abn\u00e3o se debru\u00e7am propriamente sobre quest\u00f5es liter\u00e1rias \u2014 e aqui est\u00e1 mais um elemento de unidade deste volume \u2014, mas sobre a problem\u00e1tica dos valores (nas suas dimens\u00f5es \u00e9tica e est\u00e9tica) relacionados com a obra de cada um desses autores. Mesmo o ensaio sobre o c\u00e2none liter\u00e1rio, ou at\u00e9 esse outro sobre o humor na literatura portuguesa, podem ser enquadrados num paradigma comum. Excetuado Fernando Pessoa, convivi com todos, o que me data implacavelmente.\u00bb<\/p>\n<p>O fio de unidade deste livro consiste no desenvolvimento de conversas em linguagem clara e distinta com autores tutelares da cultura portuguesa do s\u00e9culo XX. \u00abGostaria que os sentissem como conversas que me aprouvaria ter com as pessoas com quem convivo, por vezes demasiado furtivamente, em viagens r\u00e1pidas \u00e0 p\u00e1tria.\u00bb Um di\u00e1logo descontra\u00eddo com o vis\u00edvel e com o invis\u00edvel da cultura portuguesa.<\/p>\n<p>\u00abToda a vida tentei dialogar com os intelectuais portugueses procurando estabelecer uma conversa nacional sobre temas de interesse comum e que essa conversa fosse conduzida aberta e francamente numa linguagem clara e l\u00edmpida que qualquer pessoa culta e inteligente pudesse acompanhar. Estes ensaios prolongam as conversas que, com os livros De Marx a Darwin, Despenteando Par\u00e1grafos e A Obsess\u00e3o da Portugalidade, tenho tentado contribuir para o que at\u00e9 aqui me parece ser um di\u00e1logo de surdos em que cada um fala e ningu\u00e9m responde, nem sequer simplesmente fazendo um eco.\u00bb<\/p>\n<\/div>\n<\/div>\n<div class=\"details-collapse-container\">\n<div id=\"details\" class=\"anchor\"><\/div>\n<div class=\"collapse-container\"><\/div>\n<\/div>\n","protected":false},"author":2,"featured_media":9566,"template":"","meta":[],"product_cat":[146],"product_tag":[],"cat_produtos":[391],"yoast_head":"<!-- This site is optimized with the Yoast SEO plugin v16.6 - https:\/\/yoast.com\/wordpress\/plugins\/seo\/ -->\n<title>Di\u00e1logos Lusitanos - Livraria Solmar - Livraria online<\/title>\n<meta name=\"robots\" content=\"index, follow, max-snippet:-1, max-image-preview:large, max-video-preview:-1\" \/>\n<link rel=\"canonical\" href=\"https:\/\/livrariasolmar.pt\/en\/produto\/dialogos-lusitanos\/\" \/>\n<meta property=\"og:locale\" content=\"en_US\" \/>\n<meta property=\"og:type\" content=\"article\" \/>\n<meta property=\"og:title\" content=\"Di\u00e1logos Lusitanos - Livraria Solmar - Livraria online\" \/>\n<meta property=\"og:description\" content=\"Os ensaios deste volume tratam de Fernando Pessoa, Verg\u00edlio Ferreira, Jos\u00e9 Saramago, Eduardo Louren\u00e7o, Nat\u00e1lia Correia, Jos\u00e9 Rodrigues Migu\u00e9is, Jos\u00e9 Enes ou Jorge de Sena. Como considera o autor, \u00abn\u00e3o se debru\u00e7am propriamente sobre quest\u00f5es liter\u00e1rias \u2014 e aqui est\u00e1 mais um elemento de unidade deste volume \u2014, mas sobre a problem\u00e1tica dos valores (nas suas dimens\u00f5es \u00e9tica e est\u00e9tica) relacionados com a obra de cada um desses autores. Mesmo o ensaio sobre o c\u00e2none liter\u00e1rio, ou at\u00e9 esse outro sobre o humor na literatura portuguesa, podem ser enquadrados num paradigma comum. Excetuado Fernando Pessoa, convivi com todos, o que me data implacavelmente.\u00bb  O fio de unidade deste livro consiste no desenvolvimento de conversas em linguagem clara e distinta com autores tutelares da cultura portuguesa do s\u00e9culo XX. \u00abGostaria que os sentissem como conversas que me aprouvaria ter com as pessoas com quem convivo, por vezes demasiado furtivamente, em viagens r\u00e1pidas \u00e0 p\u00e1tria.\u00bb Um di\u00e1logo descontra\u00eddo com o vis\u00edvel e com o invis\u00edvel da cultura portuguesa.  \u00abToda a vida tentei dialogar com os intelectuais portugueses procurando estabelecer uma conversa nacional sobre temas de interesse comum e que essa conversa fosse conduzida aberta e francamente numa linguagem clara e l\u00edmpida que qualquer pessoa culta e inteligente pudesse acompanhar. Estes ensaios prolongam as conversas que, com os livros De Marx a Darwin, Despenteando Par\u00e1grafos e A Obsess\u00e3o da Portugalidade, tenho tentado contribuir para o que at\u00e9 aqui me parece ser um di\u00e1logo de surdos em que cada um fala e ningu\u00e9m responde, nem sequer simplesmente fazendo um eco.\u00bb\" \/>\n<meta property=\"og:url\" content=\"https:\/\/livrariasolmar.pt\/produto\/dialogos-lusitanos\/\" \/>\n<meta property=\"og:site_name\" content=\"Livraria Solmar - Livraria online\" \/>\n<meta property=\"article:modified_time\" content=\"2025-06-17T16:55:51+00:00\" \/>\n<meta property=\"og:image\" content=\"https:\/\/livrariasolmar.pt\/wp-content\/uploads\/2024\/09\/IMG_20240918_172515-scaled.jpg\" \/>\n\t<meta property=\"og:image:width\" content=\"1643\" \/>\n\t<meta property=\"og:image:height\" content=\"2560\" \/>\n<meta name=\"twitter:card\" content=\"summary_large_image\" \/>\n<script type=\"application\/ld+json\" class=\"yoast-schema-graph\">{\"@context\":\"https:\/\/schema.org\",\"@graph\":[{\"@type\":\"WebSite\",\"@id\":\"https:\/\/livrariasolmar.pt\/#website\",\"url\":\"https:\/\/livrariasolmar.pt\/\",\"name\":\"Livraria Solmar - Livraria online\",\"description\":\"Com\\u00e9rcio Livros E Objetos De Arte, Lda - Ponta Delgada, A\\u00e7ores\",\"potentialAction\":[{\"@type\":\"SearchAction\",\"target\":{\"@type\":\"EntryPoint\",\"urlTemplate\":\"https:\/\/livrariasolmar.pt\/?s={search_term_string}\"},\"query-input\":\"required name=search_term_string\"}],\"inLanguage\":\"en-US\"},{\"@type\":\"ImageObject\",\"@id\":\"https:\/\/livrariasolmar.pt\/produto\/dialogos-lusitanos\/#primaryimage\",\"inLanguage\":\"en-US\",\"url\":\"https:\/\/livrariasolmar.pt\/wp-content\/uploads\/2024\/09\/IMG_20240918_172515-scaled.jpg\",\"contentUrl\":\"https:\/\/livrariasolmar.pt\/wp-content\/uploads\/2024\/09\/IMG_20240918_172515-scaled.jpg\",\"width\":1643,\"height\":2560,\"caption\":\"smart\"},{\"@type\":\"WebPage\",\"@id\":\"https:\/\/livrariasolmar.pt\/produto\/dialogos-lusitanos\/#webpage\",\"url\":\"https:\/\/livrariasolmar.pt\/produto\/dialogos-lusitanos\/\",\"name\":\"Di\\u00e1logos Lusitanos - Livraria Solmar - Livraria online\",\"isPartOf\":{\"@id\":\"https:\/\/livrariasolmar.pt\/#website\"},\"primaryImageOfPage\":{\"@id\":\"https:\/\/livrariasolmar.pt\/produto\/dialogos-lusitanos\/#primaryimage\"},\"datePublished\":\"2024-09-18T17:28:43+00:00\",\"dateModified\":\"2025-06-17T16:55:51+00:00\",\"breadcrumb\":{\"@id\":\"https:\/\/livrariasolmar.pt\/produto\/dialogos-lusitanos\/#breadcrumb\"},\"inLanguage\":\"en-US\",\"potentialAction\":[{\"@type\":\"ReadAction\",\"target\":[\"https:\/\/livrariasolmar.pt\/produto\/dialogos-lusitanos\/\"]}]},{\"@type\":\"BreadcrumbList\",\"@id\":\"https:\/\/livrariasolmar.pt\/produto\/dialogos-lusitanos\/#breadcrumb\",\"itemListElement\":[{\"@type\":\"ListItem\",\"position\":1,\"name\":\"In\\u00edcio\",\"item\":\"https:\/\/livrariasolmar.pt\/en\/\"},{\"@type\":\"ListItem\",\"position\":2,\"name\":\"Shop\",\"item\":\"https:\/\/livrariasolmar.pt\/en\/shop\/\"},{\"@type\":\"ListItem\",\"position\":3,\"name\":\"Di\\u00e1logos Lusitanos\"}]}]}<\/script>\n<!-- \/ Yoast SEO plugin. -->","_links":{"self":[{"href":"https:\/\/livrariasolmar.pt\/en\/wp-json\/wp\/v2\/product\/9559"}],"collection":[{"href":"https:\/\/livrariasolmar.pt\/en\/wp-json\/wp\/v2\/product"}],"about":[{"href":"https:\/\/livrariasolmar.pt\/en\/wp-json\/wp\/v2\/types\/product"}],"author":[{"embeddable":true,"href":"https:\/\/livrariasolmar.pt\/en\/wp-json\/wp\/v2\/users\/2"}],"wp:featuredmedia":[{"embeddable":true,"href":"https:\/\/livrariasolmar.pt\/en\/wp-json\/wp\/v2\/media\/9566"}],"wp:attachment":[{"href":"https:\/\/livrariasolmar.pt\/en\/wp-json\/wp\/v2\/media?parent=9559"}],"wp:term":[{"taxonomy":"product_cat","embeddable":true,"href":"https:\/\/livrariasolmar.pt\/en\/wp-json\/wp\/v2\/product_cat?post=9559"},{"taxonomy":"product_tag","embeddable":true,"href":"https:\/\/livrariasolmar.pt\/en\/wp-json\/wp\/v2\/product_tag?post=9559"},{"taxonomy":"cat_produtos","embeddable":true,"href":"https:\/\/livrariasolmar.pt\/en\/wp-json\/wp\/v2\/cat_produtos?post=9559"}],"curies":[{"name":"wp","href":"https:\/\/api.w.org\/{rel}","templated":true}]}}