{"id":9580,"date":"2024-09-20T18:42:43","date_gmt":"2024-09-20T18:42:43","guid":{"rendered":"https:\/\/livrariasolmar.pt\/?post_type=product&#038;p=9580"},"modified":"2025-01-18T19:03:36","modified_gmt":"2025-01-18T19:03:36","slug":"a-ultima-licao-de-manuel-sobrinho-simoes","status":"publish","type":"product","link":"https:\/\/livrariasolmar.pt\/en\/produto\/a-ultima-licao-de-manuel-sobrinho-simoes\/","title":{"rendered":"A \u00daltima Li\u00e7\u00e3o de Manuel Sobrinho Sim\u00f5es"},"content":{"rendered":"","protected":false},"excerpt":{"rendered":"<p>Um dos mais destacados e brilhantes portugueses olha Portugal e o Mundo, percorrendo o passado e lendo o futuro com o seu olhar original, e partilha muito do seu pr\u00f3prio e fascinante mundo, bem como de tudo quanto ensinou e aprendeu.<\/p>\n<p>Manuel Sobrinho Sim\u00f5es defende que, do ponto de vista da evolu\u00e7\u00e3o, nunca houve um animal t\u00e3o eficiente e, em simult\u00e2neo, t\u00e3o desgra\u00e7ado como n\u00f3s. Mas o homem que tem medo de animais e adora plantas, porque n\u00e3o chateiam, o homem que diz n\u00e3o ter rela\u00e7\u00e3o com Deus mas ser quase crente, considera-se biol\u00f3gico em excesso. Apesar disso, s\u00f3 quando a primeira neta nasceu \u00e9 que, apesar de m\u00e9dico e patologista prestigiado e distinguido a n\u00edvel internacional, percebeu que iria morrer. Foi um momento fundador e esmagador, confessa.<\/p>\n<p>Hoje, tem mais medo de ter cancro do que de contrair outras doen\u00e7as. Mas tamb\u00e9m teme o g\u00e1s, a eletricidade, o sofrimento e a solid\u00e3o. Tem medo de tudo, admite. E tudo isto diz o Professor Manuel Sobrinho Sim\u00f5es, o homem que saliva nas livrarias, apenas nas primeiras cinco p\u00e1ginas deste livro.<\/p>\n","protected":false},"author":2,"featured_media":9581,"template":"","meta":[],"product_cat":[153],"product_tag":[],"cat_produtos":[],"yoast_head":"<!-- This site is optimized with the Yoast SEO plugin v16.6 - https:\/\/yoast.com\/wordpress\/plugins\/seo\/ -->\n<title>A \u00daltima Li\u00e7\u00e3o de Manuel Sobrinho Sim\u00f5es - Livraria Solmar - Livraria online<\/title>\n<meta name=\"robots\" content=\"index, follow, max-snippet:-1, max-image-preview:large, max-video-preview:-1\" \/>\n<link rel=\"canonical\" href=\"https:\/\/livrariasolmar.pt\/en\/produto\/a-ultima-licao-de-manuel-sobrinho-simoes\/\" \/>\n<meta property=\"og:locale\" content=\"en_US\" \/>\n<meta property=\"og:type\" content=\"article\" \/>\n<meta property=\"og:title\" content=\"A \u00daltima Li\u00e7\u00e3o de Manuel Sobrinho Sim\u00f5es - Livraria Solmar - Livraria online\" \/>\n<meta property=\"og:description\" content=\"Um dos mais destacados e brilhantes portugueses olha Portugal e o Mundo, percorrendo o passado e lendo o futuro com o seu olhar original, e partilha muito do seu pr\u00f3prio e fascinante mundo, bem como de tudo quanto ensinou e aprendeu.  Manuel Sobrinho Sim\u00f5es defende que, do ponto de vista da evolu\u00e7\u00e3o, nunca houve um animal t\u00e3o eficiente e, em simult\u00e2neo, t\u00e3o desgra\u00e7ado como n\u00f3s. Mas o homem que tem medo de animais e adora plantas, porque n\u00e3o chateiam, o homem que diz n\u00e3o ter rela\u00e7\u00e3o com Deus mas ser quase crente, considera-se biol\u00f3gico em excesso. Apesar disso, s\u00f3 quando a primeira neta nasceu \u00e9 que, apesar de m\u00e9dico e patologista prestigiado e distinguido a n\u00edvel internacional, percebeu que iria morrer. Foi um momento fundador e esmagador, confessa.  Hoje, tem mais medo de ter cancro do que de contrair outras doen\u00e7as. Mas tamb\u00e9m teme o g\u00e1s, a eletricidade, o sofrimento e a solid\u00e3o. Tem medo de tudo, admite. E tudo isto diz o Professor Manuel Sobrinho Sim\u00f5es, o homem que saliva nas livrarias, apenas nas primeiras cinco p\u00e1ginas deste livro.\" \/>\n<meta property=\"og:url\" content=\"https:\/\/livrariasolmar.pt\/produto\/a-ultima-licao-de-manuel-sobrinho-simoes\/\" \/>\n<meta property=\"og:site_name\" content=\"Livraria Solmar - Livraria online\" \/>\n<meta property=\"article:modified_time\" content=\"2025-01-18T19:03:36+00:00\" \/>\n<meta property=\"og:image\" content=\"https:\/\/livrariasolmar.pt\/wp-content\/uploads\/2024\/09\/500_9789896663506_capa.jpg\" \/>\n\t<meta property=\"og:image:width\" content=\"319\" \/>\n\t<meta property=\"og:image:height\" content=\"500\" \/>\n<meta name=\"twitter:card\" content=\"summary_large_image\" \/>\n<script type=\"application\/ld+json\" class=\"yoast-schema-graph\">{\"@context\":\"https:\/\/schema.org\",\"@graph\":[{\"@type\":\"WebSite\",\"@id\":\"https:\/\/livrariasolmar.pt\/#website\",\"url\":\"https:\/\/livrariasolmar.pt\/\",\"name\":\"Livraria Solmar - Livraria online\",\"description\":\"Com\\u00e9rcio Livros E Objetos De Arte, Lda - Ponta Delgada, A\\u00e7ores\",\"potentialAction\":[{\"@type\":\"SearchAction\",\"target\":{\"@type\":\"EntryPoint\",\"urlTemplate\":\"https:\/\/livrariasolmar.pt\/?s={search_term_string}\"},\"query-input\":\"required name=search_term_string\"}],\"inLanguage\":\"en-US\"},{\"@type\":\"ImageObject\",\"@id\":\"https:\/\/livrariasolmar.pt\/produto\/a-ultima-licao-de-manuel-sobrinho-simoes\/#primaryimage\",\"inLanguage\":\"en-US\",\"url\":\"https:\/\/livrariasolmar.pt\/wp-content\/uploads\/2024\/09\/500_9789896663506_capa.jpg\",\"contentUrl\":\"https:\/\/livrariasolmar.pt\/wp-content\/uploads\/2024\/09\/500_9789896663506_capa.jpg\",\"width\":319,\"height\":500},{\"@type\":\"WebPage\",\"@id\":\"https:\/\/livrariasolmar.pt\/produto\/a-ultima-licao-de-manuel-sobrinho-simoes\/#webpage\",\"url\":\"https:\/\/livrariasolmar.pt\/produto\/a-ultima-licao-de-manuel-sobrinho-simoes\/\",\"name\":\"A \\u00daltima Li\\u00e7\\u00e3o de Manuel Sobrinho Sim\\u00f5es - Livraria Solmar - Livraria online\",\"isPartOf\":{\"@id\":\"https:\/\/livrariasolmar.pt\/#website\"},\"primaryImageOfPage\":{\"@id\":\"https:\/\/livrariasolmar.pt\/produto\/a-ultima-licao-de-manuel-sobrinho-simoes\/#primaryimage\"},\"datePublished\":\"2024-09-20T18:42:43+00:00\",\"dateModified\":\"2025-01-18T19:03:36+00:00\",\"breadcrumb\":{\"@id\":\"https:\/\/livrariasolmar.pt\/produto\/a-ultima-licao-de-manuel-sobrinho-simoes\/#breadcrumb\"},\"inLanguage\":\"en-US\",\"potentialAction\":[{\"@type\":\"ReadAction\",\"target\":[\"https:\/\/livrariasolmar.pt\/produto\/a-ultima-licao-de-manuel-sobrinho-simoes\/\"]}]},{\"@type\":\"BreadcrumbList\",\"@id\":\"https:\/\/livrariasolmar.pt\/produto\/a-ultima-licao-de-manuel-sobrinho-simoes\/#breadcrumb\",\"itemListElement\":[{\"@type\":\"ListItem\",\"position\":1,\"name\":\"In\\u00edcio\",\"item\":\"https:\/\/livrariasolmar.pt\/en\/\"},{\"@type\":\"ListItem\",\"position\":2,\"name\":\"Shop\",\"item\":\"https:\/\/livrariasolmar.pt\/en\/shop\/\"},{\"@type\":\"ListItem\",\"position\":3,\"name\":\"A \\u00daltima Li\\u00e7\\u00e3o de Manuel Sobrinho Sim\\u00f5es\"}]}]}<\/script>\n<!-- \/ Yoast SEO plugin. -->","_links":{"self":[{"href":"https:\/\/livrariasolmar.pt\/en\/wp-json\/wp\/v2\/product\/9580"}],"collection":[{"href":"https:\/\/livrariasolmar.pt\/en\/wp-json\/wp\/v2\/product"}],"about":[{"href":"https:\/\/livrariasolmar.pt\/en\/wp-json\/wp\/v2\/types\/product"}],"author":[{"embeddable":true,"href":"https:\/\/livrariasolmar.pt\/en\/wp-json\/wp\/v2\/users\/2"}],"wp:featuredmedia":[{"embeddable":true,"href":"https:\/\/livrariasolmar.pt\/en\/wp-json\/wp\/v2\/media\/9581"}],"wp:attachment":[{"href":"https:\/\/livrariasolmar.pt\/en\/wp-json\/wp\/v2\/media?parent=9580"}],"wp:term":[{"taxonomy":"product_cat","embeddable":true,"href":"https:\/\/livrariasolmar.pt\/en\/wp-json\/wp\/v2\/product_cat?post=9580"},{"taxonomy":"product_tag","embeddable":true,"href":"https:\/\/livrariasolmar.pt\/en\/wp-json\/wp\/v2\/product_tag?post=9580"},{"taxonomy":"cat_produtos","embeddable":true,"href":"https:\/\/livrariasolmar.pt\/en\/wp-json\/wp\/v2\/cat_produtos?post=9580"}],"curies":[{"name":"wp","href":"https:\/\/api.w.org\/{rel}","templated":true}]}}