{"id":9610,"date":"2024-10-01T17:24:42","date_gmt":"2024-10-01T17:24:42","guid":{"rendered":"https:\/\/livrariasolmar.pt\/?post_type=product&#038;p=9610"},"modified":"2024-11-08T16:55:25","modified_gmt":"2024-11-08T16:55:25","slug":"determinado-uma-ciencia-da-vida-sem-livre-arbitrio","status":"publish","type":"product","link":"https:\/\/livrariasolmar.pt\/en\/produto\/determinado-uma-ciencia-da-vida-sem-livre-arbitrio\/","title":{"rendered":"Determinado: Uma ci\u00eancia da vida sem livre-arb\u00edtrio"},"content":{"rendered":"","protected":false},"excerpt":{"rendered":"<p>O grande cientista Robert M. Sapolsky, autor do best-seller Comportamento, vai ao \u00e2mago da ci\u00eancia e da filosofia da tomada de decis\u00f5es para questionar a exist\u00eancia do livre-arb\u00edtrio, uma ideia com consequ\u00eancias profundas.<\/p>\n<p>Em Comportamento, uma obra j\u00e1 cl\u00e1ssica onde explicita as raz\u00f5es pelas quais os seres humanos agem bem ou mal, Robert Sapolsky aponta uma conclus\u00e3o perturbadora: podemos desconhecer a liga\u00e7\u00e3o precisa entre a natureza e a educa\u00e7\u00e3o que cria a f\u00edsica e a qu\u00edmica na base do comportamento humano, mas isso n\u00e3o significa que essa liga\u00e7\u00e3o n\u00e3o exista.<\/p>\n<p>No presente livro, Sapolsky vai ainda mais longe, montando um brilhante (e, no seu estilo inconfund\u00edvel, delicioso) ataque \u00e0 fantasia simp\u00e1tica de que existe um eu independente que diz \u00e0 nossa biologia o que deve fazer.<\/p>\n<p>Sapolsky aplica este novo entendimento da vida sem livre-arb\u00edtrio a algumas quest\u00f5es humanas fundamentais, como a puni\u00e7\u00e3o, a moralidade e a conviv\u00eancia pac\u00edfica. Por \u00faltimo, defende que, embora viver o quotidiano reconhecendo que n\u00e3o se tem livre-arb\u00edtrio possa ser tremendamente dif\u00edcil, tal n\u00e3o tem de resultar em anarquia, falta de um prop\u00f3sito e mal-estar. Pelo contr\u00e1rio, produzir\u00e1 um mundo muito mais humano.<\/p>\n","protected":false},"author":2,"featured_media":9611,"template":"","meta":[],"product_cat":[178],"product_tag":[],"cat_produtos":[],"yoast_head":"<!-- This site is optimized with the Yoast SEO plugin v16.6 - https:\/\/yoast.com\/wordpress\/plugins\/seo\/ -->\n<title>Determinado: Uma ci\u00eancia da vida sem livre-arb\u00edtrio - Livraria Solmar - Livraria online<\/title>\n<meta name=\"robots\" content=\"index, follow, max-snippet:-1, max-image-preview:large, max-video-preview:-1\" \/>\n<link rel=\"canonical\" href=\"https:\/\/livrariasolmar.pt\/en\/produto\/determinado-uma-ciencia-da-vida-sem-livre-arbitrio\/\" \/>\n<meta property=\"og:locale\" content=\"en_US\" \/>\n<meta property=\"og:type\" content=\"article\" \/>\n<meta property=\"og:title\" content=\"Determinado: Uma ci\u00eancia da vida sem livre-arb\u00edtrio - Livraria Solmar - Livraria online\" \/>\n<meta property=\"og:description\" content=\"O grande cientista Robert M. Sapolsky, autor do best-seller Comportamento, vai ao \u00e2mago da ci\u00eancia e da filosofia da tomada de decis\u00f5es para questionar a exist\u00eancia do livre-arb\u00edtrio, uma ideia com consequ\u00eancias profundas.  Em Comportamento, uma obra j\u00e1 cl\u00e1ssica onde explicita as raz\u00f5es pelas quais os seres humanos agem bem ou mal, Robert Sapolsky aponta uma conclus\u00e3o perturbadora: podemos desconhecer a liga\u00e7\u00e3o precisa entre a natureza e a educa\u00e7\u00e3o que cria a f\u00edsica e a qu\u00edmica na base do comportamento humano, mas isso n\u00e3o significa que essa liga\u00e7\u00e3o n\u00e3o exista.  No presente livro, Sapolsky vai ainda mais longe, montando um brilhante (e, no seu estilo inconfund\u00edvel, delicioso) ataque \u00e0 fantasia simp\u00e1tica de que existe um eu independente que diz \u00e0 nossa biologia o que deve fazer.  Sapolsky aplica este novo entendimento da vida sem livre-arb\u00edtrio a algumas quest\u00f5es humanas fundamentais, como a puni\u00e7\u00e3o, a moralidade e a conviv\u00eancia pac\u00edfica. Por \u00faltimo, defende que, embora viver o quotidiano reconhecendo que n\u00e3o se tem livre-arb\u00edtrio possa ser tremendamente dif\u00edcil, tal n\u00e3o tem de resultar em anarquia, falta de um prop\u00f3sito e mal-estar. Pelo contr\u00e1rio, produzir\u00e1 um mundo muito mais humano.\" \/>\n<meta property=\"og:url\" content=\"https:\/\/livrariasolmar.pt\/produto\/determinado-uma-ciencia-da-vida-sem-livre-arbitrio\/\" \/>\n<meta property=\"og:site_name\" content=\"Livraria Solmar - Livraria online\" \/>\n<meta property=\"article:modified_time\" content=\"2024-11-08T16:55:25+00:00\" \/>\n<meta property=\"og:image\" content=\"https:\/\/livrariasolmar.pt\/wp-content\/uploads\/2024\/10\/1540-1.jpg\" \/>\n\t<meta property=\"og:image:width\" content=\"340\" \/>\n\t<meta property=\"og:image:height\" content=\"340\" \/>\n<meta name=\"twitter:card\" content=\"summary_large_image\" \/>\n<script type=\"application\/ld+json\" class=\"yoast-schema-graph\">{\"@context\":\"https:\/\/schema.org\",\"@graph\":[{\"@type\":\"WebSite\",\"@id\":\"https:\/\/livrariasolmar.pt\/#website\",\"url\":\"https:\/\/livrariasolmar.pt\/\",\"name\":\"Livraria Solmar - Livraria online\",\"description\":\"Com\\u00e9rcio Livros E Objetos De Arte, Lda - Ponta Delgada, A\\u00e7ores\",\"potentialAction\":[{\"@type\":\"SearchAction\",\"target\":{\"@type\":\"EntryPoint\",\"urlTemplate\":\"https:\/\/livrariasolmar.pt\/?s={search_term_string}\"},\"query-input\":\"required name=search_term_string\"}],\"inLanguage\":\"en-US\"},{\"@type\":\"ImageObject\",\"@id\":\"https:\/\/livrariasolmar.pt\/produto\/determinado-uma-ciencia-da-vida-sem-livre-arbitrio\/#primaryimage\",\"inLanguage\":\"en-US\",\"url\":\"https:\/\/livrariasolmar.pt\/wp-content\/uploads\/2024\/10\/1540-1.jpg\",\"contentUrl\":\"https:\/\/livrariasolmar.pt\/wp-content\/uploads\/2024\/10\/1540-1.jpg\",\"width\":340,\"height\":340},{\"@type\":\"WebPage\",\"@id\":\"https:\/\/livrariasolmar.pt\/produto\/determinado-uma-ciencia-da-vida-sem-livre-arbitrio\/#webpage\",\"url\":\"https:\/\/livrariasolmar.pt\/produto\/determinado-uma-ciencia-da-vida-sem-livre-arbitrio\/\",\"name\":\"Determinado: Uma ci\\u00eancia da vida sem livre-arb\\u00edtrio - Livraria Solmar - Livraria online\",\"isPartOf\":{\"@id\":\"https:\/\/livrariasolmar.pt\/#website\"},\"primaryImageOfPage\":{\"@id\":\"https:\/\/livrariasolmar.pt\/produto\/determinado-uma-ciencia-da-vida-sem-livre-arbitrio\/#primaryimage\"},\"datePublished\":\"2024-10-01T17:24:42+00:00\",\"dateModified\":\"2024-11-08T16:55:25+00:00\",\"breadcrumb\":{\"@id\":\"https:\/\/livrariasolmar.pt\/produto\/determinado-uma-ciencia-da-vida-sem-livre-arbitrio\/#breadcrumb\"},\"inLanguage\":\"en-US\",\"potentialAction\":[{\"@type\":\"ReadAction\",\"target\":[\"https:\/\/livrariasolmar.pt\/produto\/determinado-uma-ciencia-da-vida-sem-livre-arbitrio\/\"]}]},{\"@type\":\"BreadcrumbList\",\"@id\":\"https:\/\/livrariasolmar.pt\/produto\/determinado-uma-ciencia-da-vida-sem-livre-arbitrio\/#breadcrumb\",\"itemListElement\":[{\"@type\":\"ListItem\",\"position\":1,\"name\":\"In\\u00edcio\",\"item\":\"https:\/\/livrariasolmar.pt\/en\/\"},{\"@type\":\"ListItem\",\"position\":2,\"name\":\"Shop\",\"item\":\"https:\/\/livrariasolmar.pt\/en\/shop\/\"},{\"@type\":\"ListItem\",\"position\":3,\"name\":\"Determinado: Uma ci\\u00eancia da vida sem livre-arb\\u00edtrio\"}]}]}<\/script>\n<!-- \/ Yoast SEO plugin. -->","_links":{"self":[{"href":"https:\/\/livrariasolmar.pt\/en\/wp-json\/wp\/v2\/product\/9610"}],"collection":[{"href":"https:\/\/livrariasolmar.pt\/en\/wp-json\/wp\/v2\/product"}],"about":[{"href":"https:\/\/livrariasolmar.pt\/en\/wp-json\/wp\/v2\/types\/product"}],"author":[{"embeddable":true,"href":"https:\/\/livrariasolmar.pt\/en\/wp-json\/wp\/v2\/users\/2"}],"wp:featuredmedia":[{"embeddable":true,"href":"https:\/\/livrariasolmar.pt\/en\/wp-json\/wp\/v2\/media\/9611"}],"wp:attachment":[{"href":"https:\/\/livrariasolmar.pt\/en\/wp-json\/wp\/v2\/media?parent=9610"}],"wp:term":[{"taxonomy":"product_cat","embeddable":true,"href":"https:\/\/livrariasolmar.pt\/en\/wp-json\/wp\/v2\/product_cat?post=9610"},{"taxonomy":"product_tag","embeddable":true,"href":"https:\/\/livrariasolmar.pt\/en\/wp-json\/wp\/v2\/product_tag?post=9610"},{"taxonomy":"cat_produtos","embeddable":true,"href":"https:\/\/livrariasolmar.pt\/en\/wp-json\/wp\/v2\/cat_produtos?post=9610"}],"curies":[{"name":"wp","href":"https:\/\/api.w.org\/{rel}","templated":true}]}}