{"id":9690,"date":"2024-10-05T14:40:07","date_gmt":"2024-10-05T14:40:07","guid":{"rendered":"https:\/\/livrariasolmar.pt\/?post_type=product&#038;p=9690"},"modified":"2024-12-14T19:07:42","modified_gmt":"2024-12-14T19:07:42","slug":"se-eu-desaparecer","status":"publish","type":"product","link":"https:\/\/livrariasolmar.pt\/en\/produto\/se-eu-desaparecer\/","title":{"rendered":"Se Eu Desaparecer"},"content":{"rendered":"","protected":false},"excerpt":{"rendered":"<p>Pasta Se Eu Desaparecer: arquivo onde se re\u00fane o necess\u00e1rio para procurar algu\u00e9m desaparecido, contendo informa\u00e7\u00e3o que a pessoa considerou privilegiada, sobre amigos, familiares e relacionamentos, e poder ajudar a pol\u00edcia, sem atrasos que podem fazer a diferen\u00e7a entre a vida e a morte.<\/p>\n<p>Todos temos segredos. Alguns podem ser mortais.<\/p>\n<p>Fecho a pasta onde tenho estado a escrever e entro na sala de estar. Enquanto olho pela janela para a casa ao lado, penso em todas as coisas que posso perder se algu\u00e9m vier atr\u00e1s de mim. o meu querido marido, que n\u00e3o faz ideia do que eu fiz. a minha fam\u00edlia, que me apoiou sempre em tudo. Esta bela casa perto do oceano, onde pensei que estaria segura. Toda a gente me diz que sou paranoica, mas eu acho que estou a ser previdente.<\/p>\n<p>Minha querida, se est\u00e1s a ler isto, \u00e9 porque eu desapareci. Quando comecei, era apenas um papel com informa\u00e7\u00f5es cruciais, n\u00e3o uma verdadeira pasta, como hoje. T\u00ednhamos tamb\u00e9m muito menos informa\u00e7\u00e3o nesse tempo; as nossas vidas costumavam ser muito mais simples. Por isso, se o pior acontecer, esta pasta cont\u00e9m tudo o que precisas, escondido num lugar que s\u00f3 tu poderias adivinhar. Sempre me conheceste melhor do que ningu\u00e9m. Ser\u00e1s capaz de juntar as pe\u00e7as e descobrir a verdade. S\u00f3 tu me podes encontrar. F\u00e1-lo rapidamente, porque, se n\u00e3o o fizeres, as tuas mentiras tamb\u00e9m ser\u00e3o reveladas\u2026<\/p>\n","protected":false},"author":2,"featured_media":9691,"template":"","meta":[],"product_cat":[588],"product_tag":[],"cat_produtos":[],"yoast_head":"<!-- This site is optimized with the Yoast SEO plugin v16.6 - https:\/\/yoast.com\/wordpress\/plugins\/seo\/ -->\n<title>Se Eu Desaparecer - Livraria Solmar - Livraria online<\/title>\n<meta name=\"robots\" content=\"index, follow, max-snippet:-1, max-image-preview:large, max-video-preview:-1\" \/>\n<link rel=\"canonical\" href=\"https:\/\/livrariasolmar.pt\/en\/produto\/se-eu-desaparecer\/\" \/>\n<meta property=\"og:locale\" content=\"en_US\" \/>\n<meta property=\"og:type\" content=\"article\" \/>\n<meta property=\"og:title\" content=\"Se Eu Desaparecer - Livraria Solmar - Livraria online\" \/>\n<meta property=\"og:description\" content=\"Pasta Se Eu Desaparecer: arquivo onde se re\u00fane o necess\u00e1rio para procurar algu\u00e9m desaparecido, contendo informa\u00e7\u00e3o que a pessoa considerou privilegiada, sobre amigos, familiares e relacionamentos, e poder ajudar a pol\u00edcia, sem atrasos que podem fazer a diferen\u00e7a entre a vida e a morte.  Todos temos segredos. Alguns podem ser mortais.  Fecho a pasta onde tenho estado a escrever e entro na sala de estar. Enquanto olho pela janela para a casa ao lado, penso em todas as coisas que posso perder se algu\u00e9m vier atr\u00e1s de mim. o meu querido marido, que n\u00e3o faz ideia do que eu fiz. a minha fam\u00edlia, que me apoiou sempre em tudo. Esta bela casa perto do oceano, onde pensei que estaria segura. Toda a gente me diz que sou paranoica, mas eu acho que estou a ser previdente.  Minha querida, se est\u00e1s a ler isto, \u00e9 porque eu desapareci. Quando comecei, era apenas um papel com informa\u00e7\u00f5es cruciais, n\u00e3o uma verdadeira pasta, como hoje. T\u00ednhamos tamb\u00e9m muito menos informa\u00e7\u00e3o nesse tempo; as nossas vidas costumavam ser muito mais simples. Por isso, se o pior acontecer, esta pasta cont\u00e9m tudo o que precisas, escondido num lugar que s\u00f3 tu poderias adivinhar. Sempre me conheceste melhor do que ningu\u00e9m. Ser\u00e1s capaz de juntar as pe\u00e7as e descobrir a verdade. S\u00f3 tu me podes encontrar. F\u00e1-lo rapidamente, porque, se n\u00e3o o fizeres, as tuas mentiras tamb\u00e9m ser\u00e3o reveladas\u2026\" \/>\n<meta property=\"og:url\" content=\"https:\/\/livrariasolmar.pt\/produto\/se-eu-desaparecer\/\" \/>\n<meta property=\"og:site_name\" content=\"Livraria Solmar - Livraria online\" \/>\n<meta property=\"article:modified_time\" content=\"2024-12-14T19:07:42+00:00\" \/>\n<meta property=\"og:image\" content=\"https:\/\/livrariasolmar.pt\/wp-content\/uploads\/2024\/10\/79dd4c48395430e762ef8f73aac34ee5.jpg\" \/>\n\t<meta property=\"og:image:width\" content=\"440\" \/>\n\t<meta property=\"og:image:height\" content=\"666\" \/>\n<meta name=\"twitter:card\" content=\"summary_large_image\" \/>\n<script type=\"application\/ld+json\" class=\"yoast-schema-graph\">{\"@context\":\"https:\/\/schema.org\",\"@graph\":[{\"@type\":\"WebSite\",\"@id\":\"https:\/\/livrariasolmar.pt\/#website\",\"url\":\"https:\/\/livrariasolmar.pt\/\",\"name\":\"Livraria Solmar - Livraria online\",\"description\":\"Com\\u00e9rcio Livros E Objetos De Arte, Lda - Ponta Delgada, A\\u00e7ores\",\"potentialAction\":[{\"@type\":\"SearchAction\",\"target\":{\"@type\":\"EntryPoint\",\"urlTemplate\":\"https:\/\/livrariasolmar.pt\/?s={search_term_string}\"},\"query-input\":\"required name=search_term_string\"}],\"inLanguage\":\"en-US\"},{\"@type\":\"ImageObject\",\"@id\":\"https:\/\/livrariasolmar.pt\/produto\/se-eu-desaparecer\/#primaryimage\",\"inLanguage\":\"en-US\",\"url\":\"https:\/\/livrariasolmar.pt\/wp-content\/uploads\/2024\/10\/79dd4c48395430e762ef8f73aac34ee5.jpg\",\"contentUrl\":\"https:\/\/livrariasolmar.pt\/wp-content\/uploads\/2024\/10\/79dd4c48395430e762ef8f73aac34ee5.jpg\",\"width\":440,\"height\":666},{\"@type\":\"WebPage\",\"@id\":\"https:\/\/livrariasolmar.pt\/produto\/se-eu-desaparecer\/#webpage\",\"url\":\"https:\/\/livrariasolmar.pt\/produto\/se-eu-desaparecer\/\",\"name\":\"Se Eu Desaparecer - Livraria Solmar - Livraria online\",\"isPartOf\":{\"@id\":\"https:\/\/livrariasolmar.pt\/#website\"},\"primaryImageOfPage\":{\"@id\":\"https:\/\/livrariasolmar.pt\/produto\/se-eu-desaparecer\/#primaryimage\"},\"datePublished\":\"2024-10-05T14:40:07+00:00\",\"dateModified\":\"2024-12-14T19:07:42+00:00\",\"breadcrumb\":{\"@id\":\"https:\/\/livrariasolmar.pt\/produto\/se-eu-desaparecer\/#breadcrumb\"},\"inLanguage\":\"en-US\",\"potentialAction\":[{\"@type\":\"ReadAction\",\"target\":[\"https:\/\/livrariasolmar.pt\/produto\/se-eu-desaparecer\/\"]}]},{\"@type\":\"BreadcrumbList\",\"@id\":\"https:\/\/livrariasolmar.pt\/produto\/se-eu-desaparecer\/#breadcrumb\",\"itemListElement\":[{\"@type\":\"ListItem\",\"position\":1,\"name\":\"In\\u00edcio\",\"item\":\"https:\/\/livrariasolmar.pt\/en\/\"},{\"@type\":\"ListItem\",\"position\":2,\"name\":\"Shop\",\"item\":\"https:\/\/livrariasolmar.pt\/en\/shop\/\"},{\"@type\":\"ListItem\",\"position\":3,\"name\":\"Se Eu Desaparecer\"}]}]}<\/script>\n<!-- \/ Yoast SEO plugin. -->","_links":{"self":[{"href":"https:\/\/livrariasolmar.pt\/en\/wp-json\/wp\/v2\/product\/9690"}],"collection":[{"href":"https:\/\/livrariasolmar.pt\/en\/wp-json\/wp\/v2\/product"}],"about":[{"href":"https:\/\/livrariasolmar.pt\/en\/wp-json\/wp\/v2\/types\/product"}],"author":[{"embeddable":true,"href":"https:\/\/livrariasolmar.pt\/en\/wp-json\/wp\/v2\/users\/2"}],"wp:featuredmedia":[{"embeddable":true,"href":"https:\/\/livrariasolmar.pt\/en\/wp-json\/wp\/v2\/media\/9691"}],"wp:attachment":[{"href":"https:\/\/livrariasolmar.pt\/en\/wp-json\/wp\/v2\/media?parent=9690"}],"wp:term":[{"taxonomy":"product_cat","embeddable":true,"href":"https:\/\/livrariasolmar.pt\/en\/wp-json\/wp\/v2\/product_cat?post=9690"},{"taxonomy":"product_tag","embeddable":true,"href":"https:\/\/livrariasolmar.pt\/en\/wp-json\/wp\/v2\/product_tag?post=9690"},{"taxonomy":"cat_produtos","embeddable":true,"href":"https:\/\/livrariasolmar.pt\/en\/wp-json\/wp\/v2\/cat_produtos?post=9690"}],"curies":[{"name":"wp","href":"https:\/\/api.w.org\/{rel}","templated":true}]}}