{"id":9716,"date":"2024-10-07T16:12:44","date_gmt":"2024-10-07T16:12:44","guid":{"rendered":"https:\/\/livrariasolmar.pt\/?post_type=product&#038;p=9716"},"modified":"2025-05-31T17:35:55","modified_gmt":"2025-05-31T17:35:55","slug":"autocracia-inc","status":"publish","type":"product","link":"https:\/\/livrariasolmar.pt\/en\/produto\/autocracia-inc\/","title":{"rendered":"Autocracia, Inc."},"content":{"rendered":"","protected":false},"excerpt":{"rendered":"<p>Todos temos em mente uma no\u00e7\u00e3o de como \u00e9 um Estado autocr\u00e1tico: h\u00e1 um l\u00edder todo-poderoso no topo e esse l\u00edder controla a pol\u00edcia. A pol\u00edcia amea\u00e7a as pessoas com o uso de viol\u00eancia. E inclui colaboradores malignos e talvez alguns dissidentes corajosos.<\/p>\n<p>Mas, no s\u00e9culo xxi, a realidade j\u00e1 n\u00e3o \u00e9 essa. Hoje em dia, as autocracias n\u00e3o s\u00e3o sustentadas por um ditador, mas por redes sofisticadas compostas por estruturas financeiras cleptocr\u00e1ticas, tecnologias de vigil\u00e2ncia e propagandistas profissionais, que operam em v\u00e1rios regimes, desde a China \u00e0 R\u00fassia ou ao Ir\u00e3o. As empresas corruptas de um pa\u00eds fazem neg\u00f3cios com as empresas corruptas de outro. A pol\u00edcia de um pa\u00eds pode treinar a pol\u00edcia de outro e fornecer-lhe armamento. Os propagandistas partilham recursos e temas, transmitindo as mesmas mensagens sobre a fraqueza da democracia e os males da Am\u00e9rica.<\/p>\n<p>A condena\u00e7\u00e3o internacional e as san\u00e7\u00f5es econ\u00f3micas n\u00e3o conseguem afastar os autocratas. Mesmo os movimentos populares de oposi\u00e7\u00e3o, da Venezuela a Hong Kong e Moscovo, n\u00e3o t\u00eam qualquer hip\u00f3tese. Os membros da Autocracia, Inc. n\u00e3o est\u00e3o ligados por uma ideologia unificadora, mas sim por um desejo comum de poder, riqueza e impunidade.<\/p>\n<p>Neste tratado urgente, que evoca o ensaio de George Kennan apelando \u00e0 \u00abconten\u00e7\u00e3o\u00bb da Uni\u00e3o Sovi\u00e9tica, Anne Applebaum lan\u00e7a um apelo para que as democracias reorientem fundamentalmente as suas pol\u00edticas para combater este novo tipo de amea\u00e7a.<\/p>\n","protected":false},"author":2,"featured_media":9717,"template":"","meta":[],"product_cat":[166],"product_tag":[],"cat_produtos":[],"yoast_head":"<!-- This site is optimized with the Yoast SEO plugin v16.6 - https:\/\/yoast.com\/wordpress\/plugins\/seo\/ -->\n<title>Autocracia, Inc. - Livraria Solmar - Livraria online<\/title>\n<meta name=\"robots\" content=\"index, follow, max-snippet:-1, max-image-preview:large, max-video-preview:-1\" \/>\n<link rel=\"canonical\" href=\"https:\/\/livrariasolmar.pt\/en\/produto\/autocracia-inc\/\" \/>\n<meta property=\"og:locale\" content=\"en_US\" \/>\n<meta property=\"og:type\" content=\"article\" \/>\n<meta property=\"og:title\" content=\"Autocracia, Inc. - Livraria Solmar - Livraria online\" \/>\n<meta property=\"og:description\" content=\"Todos temos em mente uma no\u00e7\u00e3o de como \u00e9 um Estado autocr\u00e1tico: h\u00e1 um l\u00edder todo-poderoso no topo e esse l\u00edder controla a pol\u00edcia. A pol\u00edcia amea\u00e7a as pessoas com o uso de viol\u00eancia. E inclui colaboradores malignos e talvez alguns dissidentes corajosos.  Mas, no s\u00e9culo xxi, a realidade j\u00e1 n\u00e3o \u00e9 essa. Hoje em dia, as autocracias n\u00e3o s\u00e3o sustentadas por um ditador, mas por redes sofisticadas compostas por estruturas financeiras cleptocr\u00e1ticas, tecnologias de vigil\u00e2ncia e propagandistas profissionais, que operam em v\u00e1rios regimes, desde a China \u00e0 R\u00fassia ou ao Ir\u00e3o. As empresas corruptas de um pa\u00eds fazem neg\u00f3cios com as empresas corruptas de outro. A pol\u00edcia de um pa\u00eds pode treinar a pol\u00edcia de outro e fornecer-lhe armamento. Os propagandistas partilham recursos e temas, transmitindo as mesmas mensagens sobre a fraqueza da democracia e os males da Am\u00e9rica.  A condena\u00e7\u00e3o internacional e as san\u00e7\u00f5es econ\u00f3micas n\u00e3o conseguem afastar os autocratas. Mesmo os movimentos populares de oposi\u00e7\u00e3o, da Venezuela a Hong Kong e Moscovo, n\u00e3o t\u00eam qualquer hip\u00f3tese. Os membros da Autocracia, Inc. n\u00e3o est\u00e3o ligados por uma ideologia unificadora, mas sim por um desejo comum de poder, riqueza e impunidade.  Neste tratado urgente, que evoca o ensaio de George Kennan apelando \u00e0 \u00abconten\u00e7\u00e3o\u00bb da Uni\u00e3o Sovi\u00e9tica, Anne Applebaum lan\u00e7a um apelo para que as democracias reorientem fundamentalmente as suas pol\u00edticas para combater este novo tipo de amea\u00e7a.\" \/>\n<meta property=\"og:url\" content=\"https:\/\/livrariasolmar.pt\/produto\/autocracia-inc\/\" \/>\n<meta property=\"og:site_name\" content=\"Livraria Solmar - Livraria online\" \/>\n<meta property=\"article:modified_time\" content=\"2025-05-31T17:35:55+00:00\" \/>\n<meta property=\"og:image\" content=\"https:\/\/livrariasolmar.pt\/wp-content\/uploads\/2024\/10\/1507-1-1.jpg\" \/>\n\t<meta property=\"og:image:width\" content=\"400\" \/>\n\t<meta property=\"og:image:height\" content=\"448\" \/>\n<meta name=\"twitter:card\" content=\"summary_large_image\" \/>\n<script type=\"application\/ld+json\" class=\"yoast-schema-graph\">{\"@context\":\"https:\/\/schema.org\",\"@graph\":[{\"@type\":\"WebSite\",\"@id\":\"https:\/\/livrariasolmar.pt\/#website\",\"url\":\"https:\/\/livrariasolmar.pt\/\",\"name\":\"Livraria Solmar - Livraria online\",\"description\":\"Com\\u00e9rcio Livros E Objetos De Arte, Lda - Ponta Delgada, A\\u00e7ores\",\"potentialAction\":[{\"@type\":\"SearchAction\",\"target\":{\"@type\":\"EntryPoint\",\"urlTemplate\":\"https:\/\/livrariasolmar.pt\/?s={search_term_string}\"},\"query-input\":\"required name=search_term_string\"}],\"inLanguage\":\"en-US\"},{\"@type\":\"ImageObject\",\"@id\":\"https:\/\/livrariasolmar.pt\/produto\/autocracia-inc\/#primaryimage\",\"inLanguage\":\"en-US\",\"url\":\"https:\/\/livrariasolmar.pt\/wp-content\/uploads\/2024\/10\/1507-1-1.jpg\",\"contentUrl\":\"https:\/\/livrariasolmar.pt\/wp-content\/uploads\/2024\/10\/1507-1-1.jpg\",\"width\":400,\"height\":448},{\"@type\":\"WebPage\",\"@id\":\"https:\/\/livrariasolmar.pt\/produto\/autocracia-inc\/#webpage\",\"url\":\"https:\/\/livrariasolmar.pt\/produto\/autocracia-inc\/\",\"name\":\"Autocracia, Inc. - Livraria Solmar - Livraria online\",\"isPartOf\":{\"@id\":\"https:\/\/livrariasolmar.pt\/#website\"},\"primaryImageOfPage\":{\"@id\":\"https:\/\/livrariasolmar.pt\/produto\/autocracia-inc\/#primaryimage\"},\"datePublished\":\"2024-10-07T16:12:44+00:00\",\"dateModified\":\"2025-05-31T17:35:55+00:00\",\"breadcrumb\":{\"@id\":\"https:\/\/livrariasolmar.pt\/produto\/autocracia-inc\/#breadcrumb\"},\"inLanguage\":\"en-US\",\"potentialAction\":[{\"@type\":\"ReadAction\",\"target\":[\"https:\/\/livrariasolmar.pt\/produto\/autocracia-inc\/\"]}]},{\"@type\":\"BreadcrumbList\",\"@id\":\"https:\/\/livrariasolmar.pt\/produto\/autocracia-inc\/#breadcrumb\",\"itemListElement\":[{\"@type\":\"ListItem\",\"position\":1,\"name\":\"In\\u00edcio\",\"item\":\"https:\/\/livrariasolmar.pt\/en\/\"},{\"@type\":\"ListItem\",\"position\":2,\"name\":\"Shop\",\"item\":\"https:\/\/livrariasolmar.pt\/en\/shop\/\"},{\"@type\":\"ListItem\",\"position\":3,\"name\":\"Autocracia, Inc.\"}]}]}<\/script>\n<!-- \/ Yoast SEO plugin. -->","_links":{"self":[{"href":"https:\/\/livrariasolmar.pt\/en\/wp-json\/wp\/v2\/product\/9716"}],"collection":[{"href":"https:\/\/livrariasolmar.pt\/en\/wp-json\/wp\/v2\/product"}],"about":[{"href":"https:\/\/livrariasolmar.pt\/en\/wp-json\/wp\/v2\/types\/product"}],"author":[{"embeddable":true,"href":"https:\/\/livrariasolmar.pt\/en\/wp-json\/wp\/v2\/users\/2"}],"wp:featuredmedia":[{"embeddable":true,"href":"https:\/\/livrariasolmar.pt\/en\/wp-json\/wp\/v2\/media\/9717"}],"wp:attachment":[{"href":"https:\/\/livrariasolmar.pt\/en\/wp-json\/wp\/v2\/media?parent=9716"}],"wp:term":[{"taxonomy":"product_cat","embeddable":true,"href":"https:\/\/livrariasolmar.pt\/en\/wp-json\/wp\/v2\/product_cat?post=9716"},{"taxonomy":"product_tag","embeddable":true,"href":"https:\/\/livrariasolmar.pt\/en\/wp-json\/wp\/v2\/product_tag?post=9716"},{"taxonomy":"cat_produtos","embeddable":true,"href":"https:\/\/livrariasolmar.pt\/en\/wp-json\/wp\/v2\/cat_produtos?post=9716"}],"curies":[{"name":"wp","href":"https:\/\/api.w.org\/{rel}","templated":true}]}}