{"id":9737,"date":"2024-10-08T16:26:09","date_gmt":"2024-10-08T16:26:09","guid":{"rendered":"https:\/\/livrariasolmar.pt\/?post_type=product&#038;p=9737"},"modified":"2024-11-19T18:03:34","modified_gmt":"2024-11-19T18:03:34","slug":"bambino-a-roma","status":"publish","type":"product","link":"https:\/\/livrariasolmar.pt\/en\/produto\/bambino-a-roma\/","title":{"rendered":"Bambino a Roma"},"content":{"rendered":"","protected":false},"excerpt":{"rendered":"<p>Via San Marino, 12: no r\u00e9s do ch\u00e3o de um pequeno pr\u00e9dio amarelo, um menino tra\u00e7a caminhos no mapa-m\u00fandi que cobre a parede do seu quarto. As n\u00e1useas que sentiu durante a viagem de barco entre o Brasil e It\u00e1lia ficaram para tr\u00e1s, e o desejo de tra\u00e7ar novas rotas cartogr\u00e1ficas \u00e9 deslocado para as ruas de uma cidade inteira por descobrir.<br \/>\nPela m\u00e3o de Chico Buarque, somos levados num p\u00e9riplo por uma Roma que j\u00e1 n\u00e3o existe e talvez n\u00e3o tenha existido, a cidade que o recebeu quando, aos seus nove anos, a fam\u00edlia se mudou para l\u00e1. Vivemos com o autor a aventura de todas as reminisc\u00eancias do fim da inf\u00e2ncia: as partidas de futebol com Amadeo, o filho do merceeiro; as saudades do feij\u00e3o com arroz; as escapadelas da escola; as primeiras erup\u00e7\u00f5es do desejo; a paix\u00e3o juvenil por Sandy L., alimentada por cartas e bilhetes rom\u00e2nticos.<br \/>\nMontado na sua bicicleta niquelada, Chico Buarque ziguezagueia pelas ruas da Cidade Eterna num equil\u00edbrio delicado e irresist\u00edvel entre mem\u00f3ria e imagina\u00e7\u00e3o, compondo uma narrativa sedutora e comovente, que abre as portas ao passado e a todos os mundos poss\u00edveis. Bambino a Roma \u00e9 uma deliciosa aguarela de lugares, recorda\u00e7\u00f5es e sonhos.<\/p>\n","protected":false},"author":2,"featured_media":9738,"template":"","meta":[],"product_cat":[153],"product_tag":[],"cat_produtos":[1510],"yoast_head":"<!-- This site is optimized with the Yoast SEO plugin v16.6 - https:\/\/yoast.com\/wordpress\/plugins\/seo\/ -->\n<title>Bambino a Roma - Livraria Solmar - Livraria online<\/title>\n<meta name=\"robots\" content=\"index, follow, max-snippet:-1, max-image-preview:large, max-video-preview:-1\" \/>\n<link rel=\"canonical\" href=\"https:\/\/livrariasolmar.pt\/en\/produto\/bambino-a-roma\/\" \/>\n<meta property=\"og:locale\" content=\"en_US\" \/>\n<meta property=\"og:type\" content=\"article\" \/>\n<meta property=\"og:title\" content=\"Bambino a Roma - Livraria Solmar - Livraria online\" \/>\n<meta property=\"og:description\" content=\"Via San Marino, 12: no r\u00e9s do ch\u00e3o de um pequeno pr\u00e9dio amarelo, um menino tra\u00e7a caminhos no mapa-m\u00fandi que cobre a parede do seu quarto. As n\u00e1useas que sentiu durante a viagem de barco entre o Brasil e It\u00e1lia ficaram para tr\u00e1s, e o desejo de tra\u00e7ar novas rotas cartogr\u00e1ficas \u00e9 deslocado para as ruas de uma cidade inteira por descobrir. Pela m\u00e3o de Chico Buarque, somos levados num p\u00e9riplo por uma Roma que j\u00e1 n\u00e3o existe e talvez n\u00e3o tenha existido, a cidade que o recebeu quando, aos seus nove anos, a fam\u00edlia se mudou para l\u00e1. Vivemos com o autor a aventura de todas as reminisc\u00eancias do fim da inf\u00e2ncia: as partidas de futebol com Amadeo, o filho do merceeiro; as saudades do feij\u00e3o com arroz; as escapadelas da escola; as primeiras erup\u00e7\u00f5es do desejo; a paix\u00e3o juvenil por Sandy L., alimentada por cartas e bilhetes rom\u00e2nticos. Montado na sua bicicleta niquelada, Chico Buarque ziguezagueia pelas ruas da Cidade Eterna num equil\u00edbrio delicado e irresist\u00edvel entre mem\u00f3ria e imagina\u00e7\u00e3o, compondo uma narrativa sedutora e comovente, que abre as portas ao passado e a todos os mundos poss\u00edveis. Bambino a Roma \u00e9 uma deliciosa aguarela de lugares, recorda\u00e7\u00f5es e sonhos.\" \/>\n<meta property=\"og:url\" content=\"https:\/\/livrariasolmar.pt\/produto\/bambino-a-roma\/\" \/>\n<meta property=\"og:site_name\" content=\"Livraria Solmar - Livraria online\" \/>\n<meta property=\"article:modified_time\" content=\"2024-11-19T18:03:34+00:00\" \/>\n<meta property=\"og:image\" content=\"https:\/\/livrariasolmar.pt\/wp-content\/uploads\/2024\/10\/1540-1-3.jpg\" \/>\n\t<meta property=\"og:image:width\" content=\"340\" \/>\n\t<meta property=\"og:image:height\" content=\"340\" \/>\n<meta name=\"twitter:card\" content=\"summary_large_image\" \/>\n<script type=\"application\/ld+json\" class=\"yoast-schema-graph\">{\"@context\":\"https:\/\/schema.org\",\"@graph\":[{\"@type\":\"WebSite\",\"@id\":\"https:\/\/livrariasolmar.pt\/#website\",\"url\":\"https:\/\/livrariasolmar.pt\/\",\"name\":\"Livraria Solmar - Livraria online\",\"description\":\"Com\\u00e9rcio Livros E Objetos De Arte, Lda - Ponta Delgada, A\\u00e7ores\",\"potentialAction\":[{\"@type\":\"SearchAction\",\"target\":{\"@type\":\"EntryPoint\",\"urlTemplate\":\"https:\/\/livrariasolmar.pt\/?s={search_term_string}\"},\"query-input\":\"required name=search_term_string\"}],\"inLanguage\":\"en-US\"},{\"@type\":\"ImageObject\",\"@id\":\"https:\/\/livrariasolmar.pt\/produto\/bambino-a-roma\/#primaryimage\",\"inLanguage\":\"en-US\",\"url\":\"https:\/\/livrariasolmar.pt\/wp-content\/uploads\/2024\/10\/1540-1-3.jpg\",\"contentUrl\":\"https:\/\/livrariasolmar.pt\/wp-content\/uploads\/2024\/10\/1540-1-3.jpg\",\"width\":340,\"height\":340},{\"@type\":\"WebPage\",\"@id\":\"https:\/\/livrariasolmar.pt\/produto\/bambino-a-roma\/#webpage\",\"url\":\"https:\/\/livrariasolmar.pt\/produto\/bambino-a-roma\/\",\"name\":\"Bambino a Roma - Livraria Solmar - Livraria online\",\"isPartOf\":{\"@id\":\"https:\/\/livrariasolmar.pt\/#website\"},\"primaryImageOfPage\":{\"@id\":\"https:\/\/livrariasolmar.pt\/produto\/bambino-a-roma\/#primaryimage\"},\"datePublished\":\"2024-10-08T16:26:09+00:00\",\"dateModified\":\"2024-11-19T18:03:34+00:00\",\"breadcrumb\":{\"@id\":\"https:\/\/livrariasolmar.pt\/produto\/bambino-a-roma\/#breadcrumb\"},\"inLanguage\":\"en-US\",\"potentialAction\":[{\"@type\":\"ReadAction\",\"target\":[\"https:\/\/livrariasolmar.pt\/produto\/bambino-a-roma\/\"]}]},{\"@type\":\"BreadcrumbList\",\"@id\":\"https:\/\/livrariasolmar.pt\/produto\/bambino-a-roma\/#breadcrumb\",\"itemListElement\":[{\"@type\":\"ListItem\",\"position\":1,\"name\":\"In\\u00edcio\",\"item\":\"https:\/\/livrariasolmar.pt\/en\/\"},{\"@type\":\"ListItem\",\"position\":2,\"name\":\"Shop\",\"item\":\"https:\/\/livrariasolmar.pt\/en\/shop\/\"},{\"@type\":\"ListItem\",\"position\":3,\"name\":\"Bambino a Roma\"}]}]}<\/script>\n<!-- \/ Yoast SEO plugin. -->","_links":{"self":[{"href":"https:\/\/livrariasolmar.pt\/en\/wp-json\/wp\/v2\/product\/9737"}],"collection":[{"href":"https:\/\/livrariasolmar.pt\/en\/wp-json\/wp\/v2\/product"}],"about":[{"href":"https:\/\/livrariasolmar.pt\/en\/wp-json\/wp\/v2\/types\/product"}],"author":[{"embeddable":true,"href":"https:\/\/livrariasolmar.pt\/en\/wp-json\/wp\/v2\/users\/2"}],"wp:featuredmedia":[{"embeddable":true,"href":"https:\/\/livrariasolmar.pt\/en\/wp-json\/wp\/v2\/media\/9738"}],"wp:attachment":[{"href":"https:\/\/livrariasolmar.pt\/en\/wp-json\/wp\/v2\/media?parent=9737"}],"wp:term":[{"taxonomy":"product_cat","embeddable":true,"href":"https:\/\/livrariasolmar.pt\/en\/wp-json\/wp\/v2\/product_cat?post=9737"},{"taxonomy":"product_tag","embeddable":true,"href":"https:\/\/livrariasolmar.pt\/en\/wp-json\/wp\/v2\/product_tag?post=9737"},{"taxonomy":"cat_produtos","embeddable":true,"href":"https:\/\/livrariasolmar.pt\/en\/wp-json\/wp\/v2\/cat_produtos?post=9737"}],"curies":[{"name":"wp","href":"https:\/\/api.w.org\/{rel}","templated":true}]}}