{"id":9744,"date":"2024-10-11T17:02:45","date_gmt":"2024-10-11T17:02:45","guid":{"rendered":"https:\/\/livrariasolmar.pt\/?post_type=product&#038;p=9744"},"modified":"2024-11-08T17:02:33","modified_gmt":"2024-11-08T17:02:33","slug":"vive-a-tua-vida-e-o-resto-que-se-fda","status":"publish","type":"product","link":"https:\/\/livrariasolmar.pt\/en\/produto\/vive-a-tua-vida-e-o-resto-que-se-fda\/","title":{"rendered":"Vive a Tua Vida e o Resto que se F*da"},"content":{"rendered":"","protected":false},"excerpt":{"rendered":"<p>Estamos presos numa hist\u00f3ria. A hist\u00f3ria de que temos de ser bem-sucedidos e felizes, em que n\u00e3o h\u00e1 lugar para d\u00favidas, fracassos, vergonha, tristeza ou vulnerabilidade. Quanto mais tentamos estar \u00e0 altura das expectativas que nos s\u00e3o impostas, mais nos afastamos da conex\u00e3o com o significado das nossas vidas e de n\u00f3s pr\u00f3prios.<\/p>\n<p>Temos de mudar o discurso. E contar outra hist\u00f3ria, aquela em que somos suficientes sendo n\u00f3s mesmos, com os nossos defeitos, imperfei\u00e7\u00f5es e caracter\u00edsticas negativas.<\/p>\n<p>Precisamos de aprender a gerir melhor as expectativas, a saber dizer n\u00e3o, a ficar satisfeitos com quem somos e a reconhecer que j\u00e1 dispomos do essencial que nos permite alcan\u00e7ar uma vida mais plena e feliz.<\/p>\n<p>Que se f*dam as pessoas cheias de virtude que sabem sempre o que fazem. Que se f*dam os gurus, os life coaches e os oradores motivacionais. Que se f*da a imagem ideal. Que se f*da a ostenta\u00e7\u00e3o. Que se f*dam os an\u00fancios que te fazem sentir que a tua vida n\u00e3o ficar\u00e1 completa sem aquele produto. Que se f*da aquela sensa\u00e7\u00e3o inc\u00f3moda de que ainda n\u00e3o est\u00e1s onde devias estar.<\/p>\n<p>N\u00e3o, n\u00e3o s\u00e3o precisos superpoderes. Basta o teu compromisso. Vive a tua vida e o resto que se f*da.<\/p>\n","protected":false},"author":2,"featured_media":9745,"template":"","meta":[],"product_cat":[173],"product_tag":[],"cat_produtos":[],"yoast_head":"<!-- This site is optimized with the Yoast SEO plugin v16.6 - https:\/\/yoast.com\/wordpress\/plugins\/seo\/ -->\n<title>Vive a Tua Vida e o Resto que se F*da - Livraria Solmar - Livraria online<\/title>\n<meta name=\"robots\" content=\"index, follow, max-snippet:-1, max-image-preview:large, max-video-preview:-1\" \/>\n<link rel=\"canonical\" href=\"https:\/\/livrariasolmar.pt\/en\/produto\/vive-a-tua-vida-e-o-resto-que-se-fda\/\" \/>\n<meta property=\"og:locale\" content=\"en_US\" \/>\n<meta property=\"og:type\" content=\"article\" \/>\n<meta property=\"og:title\" content=\"Vive a Tua Vida e o Resto que se F*da - Livraria Solmar - Livraria online\" \/>\n<meta property=\"og:description\" content=\"Estamos presos numa hist\u00f3ria. A hist\u00f3ria de que temos de ser bem-sucedidos e felizes, em que n\u00e3o h\u00e1 lugar para d\u00favidas, fracassos, vergonha, tristeza ou vulnerabilidade. Quanto mais tentamos estar \u00e0 altura das expectativas que nos s\u00e3o impostas, mais nos afastamos da conex\u00e3o com o significado das nossas vidas e de n\u00f3s pr\u00f3prios.  Temos de mudar o discurso. E contar outra hist\u00f3ria, aquela em que somos suficientes sendo n\u00f3s mesmos, com os nossos defeitos, imperfei\u00e7\u00f5es e caracter\u00edsticas negativas.  Precisamos de aprender a gerir melhor as expectativas, a saber dizer n\u00e3o, a ficar satisfeitos com quem somos e a reconhecer que j\u00e1 dispomos do essencial que nos permite alcan\u00e7ar uma vida mais plena e feliz.  Que se f*dam as pessoas cheias de virtude que sabem sempre o que fazem. Que se f*dam os gurus, os life coaches e os oradores motivacionais. Que se f*da a imagem ideal. Que se f*da a ostenta\u00e7\u00e3o. Que se f*dam os an\u00fancios que te fazem sentir que a tua vida n\u00e3o ficar\u00e1 completa sem aquele produto. Que se f*da aquela sensa\u00e7\u00e3o inc\u00f3moda de que ainda n\u00e3o est\u00e1s onde devias estar.  N\u00e3o, n\u00e3o s\u00e3o precisos superpoderes. Basta o teu compromisso. Vive a tua vida e o resto que se f*da.\" \/>\n<meta property=\"og:url\" content=\"https:\/\/livrariasolmar.pt\/produto\/vive-a-tua-vida-e-o-resto-que-se-fda\/\" \/>\n<meta property=\"og:site_name\" content=\"Livraria Solmar - Livraria online\" \/>\n<meta property=\"article:modified_time\" content=\"2024-11-08T17:02:33+00:00\" \/>\n<meta property=\"og:image\" content=\"https:\/\/livrariasolmar.pt\/wp-content\/uploads\/2024\/10\/500_9789895702718_capa.jpg\" \/>\n\t<meta property=\"og:image:width\" content=\"330\" \/>\n\t<meta property=\"og:image:height\" content=\"500\" \/>\n<meta name=\"twitter:card\" content=\"summary_large_image\" \/>\n<script type=\"application\/ld+json\" class=\"yoast-schema-graph\">{\"@context\":\"https:\/\/schema.org\",\"@graph\":[{\"@type\":\"WebSite\",\"@id\":\"https:\/\/livrariasolmar.pt\/#website\",\"url\":\"https:\/\/livrariasolmar.pt\/\",\"name\":\"Livraria Solmar - Livraria online\",\"description\":\"Com\\u00e9rcio Livros E Objetos De Arte, Lda - Ponta Delgada, A\\u00e7ores\",\"potentialAction\":[{\"@type\":\"SearchAction\",\"target\":{\"@type\":\"EntryPoint\",\"urlTemplate\":\"https:\/\/livrariasolmar.pt\/?s={search_term_string}\"},\"query-input\":\"required name=search_term_string\"}],\"inLanguage\":\"en-US\"},{\"@type\":\"ImageObject\",\"@id\":\"https:\/\/livrariasolmar.pt\/produto\/vive-a-tua-vida-e-o-resto-que-se-fda\/#primaryimage\",\"inLanguage\":\"en-US\",\"url\":\"https:\/\/livrariasolmar.pt\/wp-content\/uploads\/2024\/10\/500_9789895702718_capa.jpg\",\"contentUrl\":\"https:\/\/livrariasolmar.pt\/wp-content\/uploads\/2024\/10\/500_9789895702718_capa.jpg\",\"width\":330,\"height\":500},{\"@type\":\"WebPage\",\"@id\":\"https:\/\/livrariasolmar.pt\/produto\/vive-a-tua-vida-e-o-resto-que-se-fda\/#webpage\",\"url\":\"https:\/\/livrariasolmar.pt\/produto\/vive-a-tua-vida-e-o-resto-que-se-fda\/\",\"name\":\"Vive a Tua Vida e o Resto que se F*da - Livraria Solmar - Livraria online\",\"isPartOf\":{\"@id\":\"https:\/\/livrariasolmar.pt\/#website\"},\"primaryImageOfPage\":{\"@id\":\"https:\/\/livrariasolmar.pt\/produto\/vive-a-tua-vida-e-o-resto-que-se-fda\/#primaryimage\"},\"datePublished\":\"2024-10-11T17:02:45+00:00\",\"dateModified\":\"2024-11-08T17:02:33+00:00\",\"breadcrumb\":{\"@id\":\"https:\/\/livrariasolmar.pt\/produto\/vive-a-tua-vida-e-o-resto-que-se-fda\/#breadcrumb\"},\"inLanguage\":\"en-US\",\"potentialAction\":[{\"@type\":\"ReadAction\",\"target\":[\"https:\/\/livrariasolmar.pt\/produto\/vive-a-tua-vida-e-o-resto-que-se-fda\/\"]}]},{\"@type\":\"BreadcrumbList\",\"@id\":\"https:\/\/livrariasolmar.pt\/produto\/vive-a-tua-vida-e-o-resto-que-se-fda\/#breadcrumb\",\"itemListElement\":[{\"@type\":\"ListItem\",\"position\":1,\"name\":\"In\\u00edcio\",\"item\":\"https:\/\/livrariasolmar.pt\/en\/\"},{\"@type\":\"ListItem\",\"position\":2,\"name\":\"Shop\",\"item\":\"https:\/\/livrariasolmar.pt\/en\/shop\/\"},{\"@type\":\"ListItem\",\"position\":3,\"name\":\"Vive a Tua Vida e o Resto que se F*da\"}]}]}<\/script>\n<!-- \/ Yoast SEO plugin. -->","_links":{"self":[{"href":"https:\/\/livrariasolmar.pt\/en\/wp-json\/wp\/v2\/product\/9744"}],"collection":[{"href":"https:\/\/livrariasolmar.pt\/en\/wp-json\/wp\/v2\/product"}],"about":[{"href":"https:\/\/livrariasolmar.pt\/en\/wp-json\/wp\/v2\/types\/product"}],"author":[{"embeddable":true,"href":"https:\/\/livrariasolmar.pt\/en\/wp-json\/wp\/v2\/users\/2"}],"wp:featuredmedia":[{"embeddable":true,"href":"https:\/\/livrariasolmar.pt\/en\/wp-json\/wp\/v2\/media\/9745"}],"wp:attachment":[{"href":"https:\/\/livrariasolmar.pt\/en\/wp-json\/wp\/v2\/media?parent=9744"}],"wp:term":[{"taxonomy":"product_cat","embeddable":true,"href":"https:\/\/livrariasolmar.pt\/en\/wp-json\/wp\/v2\/product_cat?post=9744"},{"taxonomy":"product_tag","embeddable":true,"href":"https:\/\/livrariasolmar.pt\/en\/wp-json\/wp\/v2\/product_tag?post=9744"},{"taxonomy":"cat_produtos","embeddable":true,"href":"https:\/\/livrariasolmar.pt\/en\/wp-json\/wp\/v2\/cat_produtos?post=9744"}],"curies":[{"name":"wp","href":"https:\/\/api.w.org\/{rel}","templated":true}]}}