{"id":9868,"date":"2024-11-06T16:02:22","date_gmt":"2024-11-06T16:02:22","guid":{"rendered":"https:\/\/livrariasolmar.pt\/?post_type=product&#038;p=9868"},"modified":"2025-12-14T16:11:46","modified_gmt":"2025-12-14T16:11:46","slug":"nexus","status":"publish","type":"product","link":"https:\/\/livrariasolmar.pt\/en\/produto\/nexus\/","title":{"rendered":"Nexus"},"content":{"rendered":"","protected":false},"excerpt":{"rendered":"<p>Ao longo dos \u00faltimos cem mil anos, os seres humanos acumularam um enorme poder. Contudo, apesar de todas as nossas descobertas, inven\u00e7\u00f5es e conquistas, vivemos uma crise existencial. O mundo est\u00e1 \u00e0 beira de um colapso ecol\u00f3gico. A desinforma\u00e7\u00e3o abunda. Avan\u00e7amos r\u00e1pida e apressadamente para a era da intelig\u00eancia artificial &#8211; uma nova rede de informa\u00e7\u00e3o diferente de todas as anteriores, que pode inclusivamente representar uma s\u00e9ria amea\u00e7a para a pr\u00f3pria humanidade. Se somos assim t\u00e3o s\u00e1bios, porque somos t\u00e3o autodestrutivos?<\/p>\n<p>Ao contr\u00e1rio das respostas tradicionais &#8211; cient\u00edficas, ideol\u00f3gicas ou culturais -, que se concentram em encontrar a raiz do problema na nossa psicologia,\u00a0<i>Nexus<\/i>\u00a0analisa antes o modo como o fluxo de informa\u00e7\u00e3o moldou o ser humano e o mundo. Come\u00e7ando na Idade da Pedra, passando pela B\u00edblia, a ca\u00e7a \u00e0s bruxas do in\u00edcio da Idade Moderna, o estalinismo e o nazismo, at\u00e9 ao ressurgimento hodierno do populismo, Yuval Noah Harari convida-nos neste seu novo livro, original e de grande f\u00f4lego, a refletir sobre a rela\u00e7\u00e3o complexa entre informa\u00e7\u00e3o e verdade, burocracia e mitologia, sabedoria e poder.<\/p>\n<p>Ao mesmo tempo, escrutina as formas em que as diferentes sociedades e os diferentes sistemas pol\u00edticos usaram a informa\u00e7\u00e3o em seu favor, tanto para o bem como para o mal, e aborda as escolhas urgentes que temos pela frente dada a amea\u00e7a da intelig\u00eancia n\u00e3o-humana contra a nossa exist\u00eancia.<\/p>\n<p>A informa\u00e7\u00e3o n\u00e3o \u00e9 a mat\u00e9ria-prima da verdade, nem t\u00e3o-pouco uma simples arma.\u00a0<i>Nexus<\/i>\u00a0aborda o terreno interm\u00e9dio entre estes dois extremos, redescobrindo assim a nossa humanidade comum.<\/p>\n","protected":false},"author":2,"featured_media":9869,"template":"","meta":[],"product_cat":[366],"product_tag":[],"cat_produtos":[],"yoast_head":"<!-- This site is optimized with the Yoast SEO plugin v16.6 - https:\/\/yoast.com\/wordpress\/plugins\/seo\/ -->\n<title>Nexus - Livraria Solmar - Livraria online<\/title>\n<meta name=\"robots\" content=\"index, follow, max-snippet:-1, max-image-preview:large, max-video-preview:-1\" \/>\n<link rel=\"canonical\" href=\"https:\/\/livrariasolmar.pt\/en\/produto\/nexus\/\" \/>\n<meta property=\"og:locale\" content=\"en_US\" \/>\n<meta property=\"og:type\" content=\"article\" \/>\n<meta property=\"og:title\" content=\"Nexus - Livraria Solmar - Livraria online\" \/>\n<meta property=\"og:description\" content=\"Ao longo dos \u00faltimos cem mil anos, os seres humanos acumularam um enorme poder. Contudo, apesar de todas as nossas descobertas, inven\u00e7\u00f5es e conquistas, vivemos uma crise existencial. O mundo est\u00e1 \u00e0 beira de um colapso ecol\u00f3gico. A desinforma\u00e7\u00e3o abunda. Avan\u00e7amos r\u00e1pida e apressadamente para a era da intelig\u00eancia artificial - uma nova rede de informa\u00e7\u00e3o diferente de todas as anteriores, que pode inclusivamente representar uma s\u00e9ria amea\u00e7a para a pr\u00f3pria humanidade. Se somos assim t\u00e3o s\u00e1bios, porque somos t\u00e3o autodestrutivos?  Ao contr\u00e1rio das respostas tradicionais - cient\u00edficas, ideol\u00f3gicas ou culturais -, que se concentram em encontrar a raiz do problema na nossa psicologia,\u00a0Nexus\u00a0analisa antes o modo como o fluxo de informa\u00e7\u00e3o moldou o ser humano e o mundo. Come\u00e7ando na Idade da Pedra, passando pela B\u00edblia, a ca\u00e7a \u00e0s bruxas do in\u00edcio da Idade Moderna, o estalinismo e o nazismo, at\u00e9 ao ressurgimento hodierno do populismo, Yuval Noah Harari convida-nos neste seu novo livro, original e de grande f\u00f4lego, a refletir sobre a rela\u00e7\u00e3o complexa entre informa\u00e7\u00e3o e verdade, burocracia e mitologia, sabedoria e poder.  Ao mesmo tempo, escrutina as formas em que as diferentes sociedades e os diferentes sistemas pol\u00edticos usaram a informa\u00e7\u00e3o em seu favor, tanto para o bem como para o mal, e aborda as escolhas urgentes que temos pela frente dada a amea\u00e7a da intelig\u00eancia n\u00e3o-humana contra a nossa exist\u00eancia.  A informa\u00e7\u00e3o n\u00e3o \u00e9 a mat\u00e9ria-prima da verdade, nem t\u00e3o-pouco uma simples arma.\u00a0Nexus\u00a0aborda o terreno interm\u00e9dio entre estes dois extremos, redescobrindo assim a nossa humanidade comum.\" \/>\n<meta property=\"og:url\" content=\"https:\/\/livrariasolmar.pt\/produto\/nexus\/\" \/>\n<meta property=\"og:site_name\" content=\"Livraria Solmar - Livraria online\" \/>\n<meta property=\"article:modified_time\" content=\"2025-12-14T16:11:46+00:00\" \/>\n<meta property=\"og:image\" content=\"https:\/\/livrariasolmar.pt\/wp-content\/uploads\/2024\/11\/1540-1-2.jpg\" \/>\n\t<meta property=\"og:image:width\" content=\"340\" \/>\n\t<meta property=\"og:image:height\" content=\"340\" \/>\n<meta name=\"twitter:card\" content=\"summary_large_image\" \/>\n<script type=\"application\/ld+json\" class=\"yoast-schema-graph\">{\"@context\":\"https:\/\/schema.org\",\"@graph\":[{\"@type\":\"WebSite\",\"@id\":\"https:\/\/livrariasolmar.pt\/#website\",\"url\":\"https:\/\/livrariasolmar.pt\/\",\"name\":\"Livraria Solmar - Livraria online\",\"description\":\"Com\\u00e9rcio Livros E Objetos De Arte, Lda - Ponta Delgada, A\\u00e7ores\",\"potentialAction\":[{\"@type\":\"SearchAction\",\"target\":{\"@type\":\"EntryPoint\",\"urlTemplate\":\"https:\/\/livrariasolmar.pt\/?s={search_term_string}\"},\"query-input\":\"required name=search_term_string\"}],\"inLanguage\":\"en-US\"},{\"@type\":\"ImageObject\",\"@id\":\"https:\/\/livrariasolmar.pt\/produto\/nexus\/#primaryimage\",\"inLanguage\":\"en-US\",\"url\":\"https:\/\/livrariasolmar.pt\/wp-content\/uploads\/2024\/11\/1540-1-2.jpg\",\"contentUrl\":\"https:\/\/livrariasolmar.pt\/wp-content\/uploads\/2024\/11\/1540-1-2.jpg\",\"width\":340,\"height\":340},{\"@type\":\"WebPage\",\"@id\":\"https:\/\/livrariasolmar.pt\/produto\/nexus\/#webpage\",\"url\":\"https:\/\/livrariasolmar.pt\/produto\/nexus\/\",\"name\":\"Nexus - Livraria Solmar - Livraria online\",\"isPartOf\":{\"@id\":\"https:\/\/livrariasolmar.pt\/#website\"},\"primaryImageOfPage\":{\"@id\":\"https:\/\/livrariasolmar.pt\/produto\/nexus\/#primaryimage\"},\"datePublished\":\"2024-11-06T16:02:22+00:00\",\"dateModified\":\"2025-12-14T16:11:46+00:00\",\"breadcrumb\":{\"@id\":\"https:\/\/livrariasolmar.pt\/produto\/nexus\/#breadcrumb\"},\"inLanguage\":\"en-US\",\"potentialAction\":[{\"@type\":\"ReadAction\",\"target\":[\"https:\/\/livrariasolmar.pt\/produto\/nexus\/\"]}]},{\"@type\":\"BreadcrumbList\",\"@id\":\"https:\/\/livrariasolmar.pt\/produto\/nexus\/#breadcrumb\",\"itemListElement\":[{\"@type\":\"ListItem\",\"position\":1,\"name\":\"In\\u00edcio\",\"item\":\"https:\/\/livrariasolmar.pt\/en\/\"},{\"@type\":\"ListItem\",\"position\":2,\"name\":\"Shop\",\"item\":\"https:\/\/livrariasolmar.pt\/en\/shop\/\"},{\"@type\":\"ListItem\",\"position\":3,\"name\":\"Nexus\"}]}]}<\/script>\n<!-- \/ Yoast SEO plugin. -->","_links":{"self":[{"href":"https:\/\/livrariasolmar.pt\/en\/wp-json\/wp\/v2\/product\/9868"}],"collection":[{"href":"https:\/\/livrariasolmar.pt\/en\/wp-json\/wp\/v2\/product"}],"about":[{"href":"https:\/\/livrariasolmar.pt\/en\/wp-json\/wp\/v2\/types\/product"}],"author":[{"embeddable":true,"href":"https:\/\/livrariasolmar.pt\/en\/wp-json\/wp\/v2\/users\/2"}],"wp:featuredmedia":[{"embeddable":true,"href":"https:\/\/livrariasolmar.pt\/en\/wp-json\/wp\/v2\/media\/9869"}],"wp:attachment":[{"href":"https:\/\/livrariasolmar.pt\/en\/wp-json\/wp\/v2\/media?parent=9868"}],"wp:term":[{"taxonomy":"product_cat","embeddable":true,"href":"https:\/\/livrariasolmar.pt\/en\/wp-json\/wp\/v2\/product_cat?post=9868"},{"taxonomy":"product_tag","embeddable":true,"href":"https:\/\/livrariasolmar.pt\/en\/wp-json\/wp\/v2\/product_tag?post=9868"},{"taxonomy":"cat_produtos","embeddable":true,"href":"https:\/\/livrariasolmar.pt\/en\/wp-json\/wp\/v2\/cat_produtos?post=9868"}],"curies":[{"name":"wp","href":"https:\/\/api.w.org\/{rel}","templated":true}]}}