{"id":9877,"date":"2024-11-06T18:13:15","date_gmt":"2024-11-06T18:13:15","guid":{"rendered":"https:\/\/livrariasolmar.pt\/?post_type=product&#038;p=9877"},"modified":"2025-12-13T19:06:52","modified_gmt":"2025-12-13T19:06:52","slug":"as-ilhas-desconhecidas-notas-e-paisagens","status":"publish","type":"product","link":"https:\/\/livrariasolmar.pt\/en\/produto\/as-ilhas-desconhecidas-notas-e-paisagens\/","title":{"rendered":"As Ilhas Desconhecidas &#8211; Notas e paisagens"},"content":{"rendered":"","protected":false},"excerpt":{"rendered":"<p>\u00abSe os livros de Raul Brand\u00e3o foram sempre para mim de encanto<br \/>\nassegurado, As Ilhas Desconhecidas tem condi\u00e7\u00f5es especiais para me<br \/>\ncomover, n\u00e3o s\u00f3 porque o livro fala dos meus s\u00edtios, mas porque lhe<br \/>\nassisti \u00e0 nascen\u00e7a, nessa manh\u00e3 soalheira de 8 de Junho de 1924 em que o<br \/>\nS\u00e3o Miguel largou de Santos levando a bordo o mais simples, o menos<br \/>\nliterato e ao mesmo tempo um dos maiores escritores portugueses de todas<br \/>\nas \u00e9pocas.\u00bb<br \/>\nVitorino Nem\u00e9sio<\/p>\n","protected":false},"author":2,"featured_media":9878,"template":"","meta":[],"product_cat":[200],"product_tag":[],"cat_produtos":[1543],"yoast_head":"<!-- This site is optimized with the Yoast SEO plugin v16.6 - https:\/\/yoast.com\/wordpress\/plugins\/seo\/ -->\n<title>As Ilhas Desconhecidas - Notas e paisagens - Livraria Solmar - Livraria online<\/title>\n<meta name=\"robots\" content=\"index, follow, max-snippet:-1, max-image-preview:large, max-video-preview:-1\" \/>\n<link rel=\"canonical\" href=\"https:\/\/livrariasolmar.pt\/en\/produto\/as-ilhas-desconhecidas-notas-e-paisagens\/\" \/>\n<meta property=\"og:locale\" content=\"en_US\" \/>\n<meta property=\"og:type\" content=\"article\" \/>\n<meta property=\"og:title\" content=\"As Ilhas Desconhecidas - Notas e paisagens - Livraria Solmar - Livraria online\" \/>\n<meta property=\"og:description\" content=\"\u00abSe os livros de Raul Brand\u00e3o foram sempre para mim de encanto assegurado, As Ilhas Desconhecidas tem condi\u00e7\u00f5es especiais para me comover, n\u00e3o s\u00f3 porque o livro fala dos meus s\u00edtios, mas porque lhe assisti \u00e0 nascen\u00e7a, nessa manh\u00e3 soalheira de 8 de Junho de 1924 em que o S\u00e3o Miguel largou de Santos levando a bordo o mais simples, o menos literato e ao mesmo tempo um dos maiores escritores portugueses de todas as \u00e9pocas.\u00bb Vitorino Nem\u00e9sio\" \/>\n<meta property=\"og:url\" content=\"https:\/\/livrariasolmar.pt\/produto\/as-ilhas-desconhecidas-notas-e-paisagens\/\" \/>\n<meta property=\"og:site_name\" content=\"Livraria Solmar - Livraria online\" \/>\n<meta property=\"article:modified_time\" content=\"2025-12-13T19:06:52+00:00\" \/>\n<meta property=\"og:image\" content=\"https:\/\/livrariasolmar.pt\/wp-content\/uploads\/2024\/11\/ILHAS-DESCONHECIDAS-capa-site-1-677x1024.jpg\" \/>\n\t<meta property=\"og:image:width\" content=\"677\" \/>\n\t<meta property=\"og:image:height\" content=\"1024\" \/>\n<meta name=\"twitter:card\" content=\"summary_large_image\" \/>\n<script type=\"application\/ld+json\" class=\"yoast-schema-graph\">{\"@context\":\"https:\/\/schema.org\",\"@graph\":[{\"@type\":\"WebSite\",\"@id\":\"https:\/\/livrariasolmar.pt\/#website\",\"url\":\"https:\/\/livrariasolmar.pt\/\",\"name\":\"Livraria Solmar - Livraria online\",\"description\":\"Com\\u00e9rcio Livros E Objetos De Arte, Lda - Ponta Delgada, A\\u00e7ores\",\"potentialAction\":[{\"@type\":\"SearchAction\",\"target\":{\"@type\":\"EntryPoint\",\"urlTemplate\":\"https:\/\/livrariasolmar.pt\/?s={search_term_string}\"},\"query-input\":\"required name=search_term_string\"}],\"inLanguage\":\"en-US\"},{\"@type\":\"ImageObject\",\"@id\":\"https:\/\/livrariasolmar.pt\/produto\/as-ilhas-desconhecidas-notas-e-paisagens\/#primaryimage\",\"inLanguage\":\"en-US\",\"url\":\"https:\/\/livrariasolmar.pt\/wp-content\/uploads\/2024\/11\/ILHAS-DESCONHECIDAS-capa-site-1.jpg\",\"contentUrl\":\"https:\/\/livrariasolmar.pt\/wp-content\/uploads\/2024\/11\/ILHAS-DESCONHECIDAS-capa-site-1.jpg\",\"width\":1639,\"height\":2480},{\"@type\":\"WebPage\",\"@id\":\"https:\/\/livrariasolmar.pt\/produto\/as-ilhas-desconhecidas-notas-e-paisagens\/#webpage\",\"url\":\"https:\/\/livrariasolmar.pt\/produto\/as-ilhas-desconhecidas-notas-e-paisagens\/\",\"name\":\"As Ilhas Desconhecidas - Notas e paisagens - Livraria Solmar - Livraria online\",\"isPartOf\":{\"@id\":\"https:\/\/livrariasolmar.pt\/#website\"},\"primaryImageOfPage\":{\"@id\":\"https:\/\/livrariasolmar.pt\/produto\/as-ilhas-desconhecidas-notas-e-paisagens\/#primaryimage\"},\"datePublished\":\"2024-11-06T18:13:15+00:00\",\"dateModified\":\"2025-12-13T19:06:52+00:00\",\"breadcrumb\":{\"@id\":\"https:\/\/livrariasolmar.pt\/produto\/as-ilhas-desconhecidas-notas-e-paisagens\/#breadcrumb\"},\"inLanguage\":\"en-US\",\"potentialAction\":[{\"@type\":\"ReadAction\",\"target\":[\"https:\/\/livrariasolmar.pt\/produto\/as-ilhas-desconhecidas-notas-e-paisagens\/\"]}]},{\"@type\":\"BreadcrumbList\",\"@id\":\"https:\/\/livrariasolmar.pt\/produto\/as-ilhas-desconhecidas-notas-e-paisagens\/#breadcrumb\",\"itemListElement\":[{\"@type\":\"ListItem\",\"position\":1,\"name\":\"In\\u00edcio\",\"item\":\"https:\/\/livrariasolmar.pt\/en\/\"},{\"@type\":\"ListItem\",\"position\":2,\"name\":\"Shop\",\"item\":\"https:\/\/livrariasolmar.pt\/en\/shop\/\"},{\"@type\":\"ListItem\",\"position\":3,\"name\":\"As Ilhas Desconhecidas &#8211; Notas e paisagens\"}]}]}<\/script>\n<!-- \/ Yoast SEO plugin. -->","_links":{"self":[{"href":"https:\/\/livrariasolmar.pt\/en\/wp-json\/wp\/v2\/product\/9877"}],"collection":[{"href":"https:\/\/livrariasolmar.pt\/en\/wp-json\/wp\/v2\/product"}],"about":[{"href":"https:\/\/livrariasolmar.pt\/en\/wp-json\/wp\/v2\/types\/product"}],"author":[{"embeddable":true,"href":"https:\/\/livrariasolmar.pt\/en\/wp-json\/wp\/v2\/users\/2"}],"wp:featuredmedia":[{"embeddable":true,"href":"https:\/\/livrariasolmar.pt\/en\/wp-json\/wp\/v2\/media\/9878"}],"wp:attachment":[{"href":"https:\/\/livrariasolmar.pt\/en\/wp-json\/wp\/v2\/media?parent=9877"}],"wp:term":[{"taxonomy":"product_cat","embeddable":true,"href":"https:\/\/livrariasolmar.pt\/en\/wp-json\/wp\/v2\/product_cat?post=9877"},{"taxonomy":"product_tag","embeddable":true,"href":"https:\/\/livrariasolmar.pt\/en\/wp-json\/wp\/v2\/product_tag?post=9877"},{"taxonomy":"cat_produtos","embeddable":true,"href":"https:\/\/livrariasolmar.pt\/en\/wp-json\/wp\/v2\/cat_produtos?post=9877"}],"curies":[{"name":"wp","href":"https:\/\/api.w.org\/{rel}","templated":true}]}}