{"id":9894,"date":"2024-11-11T15:55:48","date_gmt":"2024-11-11T15:55:48","guid":{"rendered":"https:\/\/livrariasolmar.pt\/?post_type=product&#038;p=9894"},"modified":"2026-02-19T18:28:41","modified_gmt":"2026-02-19T18:28:41","slug":"o-coelho-um-pouco-valente","status":"publish","type":"product","link":"https:\/\/livrariasolmar.pt\/en\/produto\/o-coelho-um-pouco-valente\/","title":{"rendered":"O Coelho Um Pouco Valente"},"content":{"rendered":"","protected":false},"excerpt":{"rendered":"<p>Para n\u00e3o perder a sua amiga Luna, o coelho Lucas vai embarcar na sua primeira aventura\u2026 s\u00f3 que n\u00e3o est\u00e1 l\u00e1 muito convencido a sair da toca. Ser\u00e1 que ele vai conseguir reunir coragem para ir espreitar o mundo fant\u00e1stico que h\u00e1 l\u00e1 fora? Uma hist\u00f3ria divertida e animadora que nos mostra que somos sempre mais corajosos do que acreditamos ser.<\/p>\n<p>Este divertido conto ensina-nos que somos bem mais valentes do que pensamos. Uma hist\u00f3ria reconfortante sobre aprender a superar os medos. Afinal, por muito receio que tenhas, vais ver que afinal \u00e9s um pouco valente!<\/p>\n<p>Este livro faz parte de uma cole\u00e7\u00e3o de hist\u00f3rias muito bem escritas, que promovem o valor da amizade em m\u00faltiplas facetas. Soberbamente ilustradas por uma premiada ilustradora brit\u00e2nica, com tra\u00e7o humor\u00edstico e ternurento.<\/p>\n","protected":false},"author":2,"featured_media":9895,"template":"","meta":[],"product_cat":[172],"product_tag":[],"cat_produtos":[],"yoast_head":"<!-- This site is optimized with the Yoast SEO plugin v16.6 - https:\/\/yoast.com\/wordpress\/plugins\/seo\/ -->\n<title>O Coelho Um Pouco Valente - Livraria Solmar - Livraria online<\/title>\n<meta name=\"robots\" content=\"index, follow, max-snippet:-1, max-image-preview:large, max-video-preview:-1\" \/>\n<link rel=\"canonical\" href=\"https:\/\/livrariasolmar.pt\/en\/produto\/o-coelho-um-pouco-valente\/\" \/>\n<meta property=\"og:locale\" content=\"en_US\" \/>\n<meta property=\"og:type\" content=\"article\" \/>\n<meta property=\"og:title\" content=\"O Coelho Um Pouco Valente - Livraria Solmar - Livraria online\" \/>\n<meta property=\"og:description\" content=\"Para n\u00e3o perder a sua amiga Luna, o coelho Lucas vai embarcar na sua primeira aventura\u2026 s\u00f3 que n\u00e3o est\u00e1 l\u00e1 muito convencido a sair da toca. Ser\u00e1 que ele vai conseguir reunir coragem para ir espreitar o mundo fant\u00e1stico que h\u00e1 l\u00e1 fora? Uma hist\u00f3ria divertida e animadora que nos mostra que somos sempre mais corajosos do que acreditamos ser.  Este divertido conto ensina-nos que somos bem mais valentes do que pensamos. Uma hist\u00f3ria reconfortante sobre aprender a superar os medos. Afinal, por muito receio que tenhas, vais ver que afinal \u00e9s um pouco valente!  Este livro faz parte de uma cole\u00e7\u00e3o de hist\u00f3rias muito bem escritas, que promovem o valor da amizade em m\u00faltiplas facetas. Soberbamente ilustradas por uma premiada ilustradora brit\u00e2nica, com tra\u00e7o humor\u00edstico e ternurento.\" \/>\n<meta property=\"og:url\" content=\"https:\/\/livrariasolmar.pt\/produto\/o-coelho-um-pouco-valente\/\" \/>\n<meta property=\"og:site_name\" content=\"Livraria Solmar - Livraria online\" \/>\n<meta property=\"article:modified_time\" content=\"2026-02-19T18:28:41+00:00\" \/>\n<meta property=\"og:image\" content=\"https:\/\/livrariasolmar.pt\/wp-content\/uploads\/2024\/11\/1540-1-2-1.jpg\" \/>\n\t<meta property=\"og:image:width\" content=\"340\" \/>\n\t<meta property=\"og:image:height\" content=\"340\" \/>\n<meta name=\"twitter:card\" content=\"summary_large_image\" \/>\n<script type=\"application\/ld+json\" class=\"yoast-schema-graph\">{\"@context\":\"https:\/\/schema.org\",\"@graph\":[{\"@type\":\"WebSite\",\"@id\":\"https:\/\/livrariasolmar.pt\/#website\",\"url\":\"https:\/\/livrariasolmar.pt\/\",\"name\":\"Livraria Solmar - Livraria online\",\"description\":\"Com\\u00e9rcio Livros E Objetos De Arte, Lda - Ponta Delgada, A\\u00e7ores\",\"potentialAction\":[{\"@type\":\"SearchAction\",\"target\":{\"@type\":\"EntryPoint\",\"urlTemplate\":\"https:\/\/livrariasolmar.pt\/?s={search_term_string}\"},\"query-input\":\"required name=search_term_string\"}],\"inLanguage\":\"en-US\"},{\"@type\":\"ImageObject\",\"@id\":\"https:\/\/livrariasolmar.pt\/produto\/o-coelho-um-pouco-valente\/#primaryimage\",\"inLanguage\":\"en-US\",\"url\":\"https:\/\/livrariasolmar.pt\/wp-content\/uploads\/2024\/11\/1540-1-2-1.jpg\",\"contentUrl\":\"https:\/\/livrariasolmar.pt\/wp-content\/uploads\/2024\/11\/1540-1-2-1.jpg\",\"width\":340,\"height\":340},{\"@type\":\"WebPage\",\"@id\":\"https:\/\/livrariasolmar.pt\/produto\/o-coelho-um-pouco-valente\/#webpage\",\"url\":\"https:\/\/livrariasolmar.pt\/produto\/o-coelho-um-pouco-valente\/\",\"name\":\"O Coelho Um Pouco Valente - Livraria Solmar - Livraria online\",\"isPartOf\":{\"@id\":\"https:\/\/livrariasolmar.pt\/#website\"},\"primaryImageOfPage\":{\"@id\":\"https:\/\/livrariasolmar.pt\/produto\/o-coelho-um-pouco-valente\/#primaryimage\"},\"datePublished\":\"2024-11-11T15:55:48+00:00\",\"dateModified\":\"2026-02-19T18:28:41+00:00\",\"breadcrumb\":{\"@id\":\"https:\/\/livrariasolmar.pt\/produto\/o-coelho-um-pouco-valente\/#breadcrumb\"},\"inLanguage\":\"en-US\",\"potentialAction\":[{\"@type\":\"ReadAction\",\"target\":[\"https:\/\/livrariasolmar.pt\/produto\/o-coelho-um-pouco-valente\/\"]}]},{\"@type\":\"BreadcrumbList\",\"@id\":\"https:\/\/livrariasolmar.pt\/produto\/o-coelho-um-pouco-valente\/#breadcrumb\",\"itemListElement\":[{\"@type\":\"ListItem\",\"position\":1,\"name\":\"In\\u00edcio\",\"item\":\"https:\/\/livrariasolmar.pt\/en\/\"},{\"@type\":\"ListItem\",\"position\":2,\"name\":\"Shop\",\"item\":\"https:\/\/livrariasolmar.pt\/en\/shop\/\"},{\"@type\":\"ListItem\",\"position\":3,\"name\":\"O Coelho Um Pouco Valente\"}]}]}<\/script>\n<!-- \/ Yoast SEO plugin. -->","_links":{"self":[{"href":"https:\/\/livrariasolmar.pt\/en\/wp-json\/wp\/v2\/product\/9894"}],"collection":[{"href":"https:\/\/livrariasolmar.pt\/en\/wp-json\/wp\/v2\/product"}],"about":[{"href":"https:\/\/livrariasolmar.pt\/en\/wp-json\/wp\/v2\/types\/product"}],"author":[{"embeddable":true,"href":"https:\/\/livrariasolmar.pt\/en\/wp-json\/wp\/v2\/users\/2"}],"wp:featuredmedia":[{"embeddable":true,"href":"https:\/\/livrariasolmar.pt\/en\/wp-json\/wp\/v2\/media\/9895"}],"wp:attachment":[{"href":"https:\/\/livrariasolmar.pt\/en\/wp-json\/wp\/v2\/media?parent=9894"}],"wp:term":[{"taxonomy":"product_cat","embeddable":true,"href":"https:\/\/livrariasolmar.pt\/en\/wp-json\/wp\/v2\/product_cat?post=9894"},{"taxonomy":"product_tag","embeddable":true,"href":"https:\/\/livrariasolmar.pt\/en\/wp-json\/wp\/v2\/product_tag?post=9894"},{"taxonomy":"cat_produtos","embeddable":true,"href":"https:\/\/livrariasolmar.pt\/en\/wp-json\/wp\/v2\/cat_produtos?post=9894"}],"curies":[{"name":"wp","href":"https:\/\/api.w.org\/{rel}","templated":true}]}}