{"id":9912,"date":"2024-11-11T17:51:38","date_gmt":"2024-11-11T17:51:38","guid":{"rendered":"https:\/\/livrariasolmar.pt\/?post_type=product&#038;p=9912"},"modified":"2025-02-15T15:56:09","modified_gmt":"2025-02-15T15:56:09","slug":"o-infinito-num-junco-novela-grafica","status":"publish","type":"product","link":"https:\/\/livrariasolmar.pt\/en\/produto\/o-infinito-num-junco-novela-grafica\/","title":{"rendered":"O Infinito Num Junco- Novela Gr\u00e1fica"},"content":{"rendered":"","protected":false},"excerpt":{"rendered":"<p>O Infinito Num Junco, de Irene Vallejo, \u00e9 um hino extraordin\u00e1rio ao amor pelos livros que seduziu milh\u00f5es de pessoas em todo o mundo. Este livro sobre livros ganha uma nova vida sob a forma de uma adapta\u00e7\u00e3o gr\u00e1fica do desenhador Tyto Alba, cujas excecionais ilustra\u00e7\u00f5es nos transportam at\u00e9 aos campos de batalha de Alexandre, o Grande, aos pal\u00e1cios de Cle\u00f3patra, \u00e0s primeiras livrarias e \u00e0s oficinas de c\u00f3pias manuscritas, mas tamb\u00e9m \u00e0s fogueiras onde se queimavam c\u00f3dices proibidos, \u00e0 biblioteca bombardeada de Sarajevo e ao labirinto subterr\u00e2neo de Oxford no ano 2000.<\/p>\n<p>Estes desenhos e aguarelas, que contam a hist\u00f3ria de um artefacto incompar\u00e1vel nascido h\u00e1 cinco mil\u00e9nios, quando os eg\u00edpcios descobriram o potencial da cana de junco, a que chamaram papiro, tornam-nos participantes na aventura coletiva de quem foi salvaguardando os livros desde aqueles tempos.<\/p>\n","protected":false},"author":2,"featured_media":9913,"template":"","meta":[],"product_cat":[174],"product_tag":[],"cat_produtos":[],"yoast_head":"<!-- This site is optimized with the Yoast SEO plugin v16.6 - https:\/\/yoast.com\/wordpress\/plugins\/seo\/ -->\n<title>O Infinito Num Junco- Novela Gr\u00e1fica - Livraria Solmar - Livraria online<\/title>\n<meta name=\"robots\" content=\"index, follow, max-snippet:-1, max-image-preview:large, max-video-preview:-1\" \/>\n<link rel=\"canonical\" href=\"https:\/\/livrariasolmar.pt\/en\/produto\/o-infinito-num-junco-novela-grafica\/\" \/>\n<meta property=\"og:locale\" content=\"en_US\" \/>\n<meta property=\"og:type\" content=\"article\" \/>\n<meta property=\"og:title\" content=\"O Infinito Num Junco- Novela Gr\u00e1fica - Livraria Solmar - Livraria online\" \/>\n<meta property=\"og:description\" content=\"O Infinito Num Junco, de Irene Vallejo, \u00e9 um hino extraordin\u00e1rio ao amor pelos livros que seduziu milh\u00f5es de pessoas em todo o mundo. Este livro sobre livros ganha uma nova vida sob a forma de uma adapta\u00e7\u00e3o gr\u00e1fica do desenhador Tyto Alba, cujas excecionais ilustra\u00e7\u00f5es nos transportam at\u00e9 aos campos de batalha de Alexandre, o Grande, aos pal\u00e1cios de Cle\u00f3patra, \u00e0s primeiras livrarias e \u00e0s oficinas de c\u00f3pias manuscritas, mas tamb\u00e9m \u00e0s fogueiras onde se queimavam c\u00f3dices proibidos, \u00e0 biblioteca bombardeada de Sarajevo e ao labirinto subterr\u00e2neo de Oxford no ano 2000.  Estes desenhos e aguarelas, que contam a hist\u00f3ria de um artefacto incompar\u00e1vel nascido h\u00e1 cinco mil\u00e9nios, quando os eg\u00edpcios descobriram o potencial da cana de junco, a que chamaram papiro, tornam-nos participantes na aventura coletiva de quem foi salvaguardando os livros desde aqueles tempos.\" \/>\n<meta property=\"og:url\" content=\"https:\/\/livrariasolmar.pt\/produto\/o-infinito-num-junco-novela-grafica\/\" \/>\n<meta property=\"og:site_name\" content=\"Livraria Solmar - Livraria online\" \/>\n<meta property=\"article:modified_time\" content=\"2025-02-15T15:56:09+00:00\" \/>\n<meta property=\"og:image\" content=\"https:\/\/livrariasolmar.pt\/wp-content\/uploads\/2024\/11\/Capa_OInfinitoNumJunco_Novela.jpg\" \/>\n\t<meta property=\"og:image:width\" content=\"800\" \/>\n\t<meta property=\"og:image:height\" content=\"1094\" \/>\n<meta name=\"twitter:card\" content=\"summary_large_image\" \/>\n<script type=\"application\/ld+json\" class=\"yoast-schema-graph\">{\"@context\":\"https:\/\/schema.org\",\"@graph\":[{\"@type\":\"WebSite\",\"@id\":\"https:\/\/livrariasolmar.pt\/#website\",\"url\":\"https:\/\/livrariasolmar.pt\/\",\"name\":\"Livraria Solmar - Livraria online\",\"description\":\"Com\\u00e9rcio Livros E Objetos De Arte, Lda - Ponta Delgada, A\\u00e7ores\",\"potentialAction\":[{\"@type\":\"SearchAction\",\"target\":{\"@type\":\"EntryPoint\",\"urlTemplate\":\"https:\/\/livrariasolmar.pt\/?s={search_term_string}\"},\"query-input\":\"required name=search_term_string\"}],\"inLanguage\":\"en-US\"},{\"@type\":\"ImageObject\",\"@id\":\"https:\/\/livrariasolmar.pt\/produto\/o-infinito-num-junco-novela-grafica\/#primaryimage\",\"inLanguage\":\"en-US\",\"url\":\"https:\/\/livrariasolmar.pt\/wp-content\/uploads\/2024\/11\/Capa_OInfinitoNumJunco_Novela.jpg\",\"contentUrl\":\"https:\/\/livrariasolmar.pt\/wp-content\/uploads\/2024\/11\/Capa_OInfinitoNumJunco_Novela.jpg\",\"width\":800,\"height\":1094},{\"@type\":\"WebPage\",\"@id\":\"https:\/\/livrariasolmar.pt\/produto\/o-infinito-num-junco-novela-grafica\/#webpage\",\"url\":\"https:\/\/livrariasolmar.pt\/produto\/o-infinito-num-junco-novela-grafica\/\",\"name\":\"O Infinito Num Junco- Novela Gr\\u00e1fica - Livraria Solmar - Livraria online\",\"isPartOf\":{\"@id\":\"https:\/\/livrariasolmar.pt\/#website\"},\"primaryImageOfPage\":{\"@id\":\"https:\/\/livrariasolmar.pt\/produto\/o-infinito-num-junco-novela-grafica\/#primaryimage\"},\"datePublished\":\"2024-11-11T17:51:38+00:00\",\"dateModified\":\"2025-02-15T15:56:09+00:00\",\"breadcrumb\":{\"@id\":\"https:\/\/livrariasolmar.pt\/produto\/o-infinito-num-junco-novela-grafica\/#breadcrumb\"},\"inLanguage\":\"en-US\",\"potentialAction\":[{\"@type\":\"ReadAction\",\"target\":[\"https:\/\/livrariasolmar.pt\/produto\/o-infinito-num-junco-novela-grafica\/\"]}]},{\"@type\":\"BreadcrumbList\",\"@id\":\"https:\/\/livrariasolmar.pt\/produto\/o-infinito-num-junco-novela-grafica\/#breadcrumb\",\"itemListElement\":[{\"@type\":\"ListItem\",\"position\":1,\"name\":\"In\\u00edcio\",\"item\":\"https:\/\/livrariasolmar.pt\/en\/\"},{\"@type\":\"ListItem\",\"position\":2,\"name\":\"Shop\",\"item\":\"https:\/\/livrariasolmar.pt\/en\/shop\/\"},{\"@type\":\"ListItem\",\"position\":3,\"name\":\"O Infinito Num Junco- Novela Gr\\u00e1fica\"}]}]}<\/script>\n<!-- \/ Yoast SEO plugin. -->","_links":{"self":[{"href":"https:\/\/livrariasolmar.pt\/en\/wp-json\/wp\/v2\/product\/9912"}],"collection":[{"href":"https:\/\/livrariasolmar.pt\/en\/wp-json\/wp\/v2\/product"}],"about":[{"href":"https:\/\/livrariasolmar.pt\/en\/wp-json\/wp\/v2\/types\/product"}],"author":[{"embeddable":true,"href":"https:\/\/livrariasolmar.pt\/en\/wp-json\/wp\/v2\/users\/2"}],"wp:featuredmedia":[{"embeddable":true,"href":"https:\/\/livrariasolmar.pt\/en\/wp-json\/wp\/v2\/media\/9913"}],"wp:attachment":[{"href":"https:\/\/livrariasolmar.pt\/en\/wp-json\/wp\/v2\/media?parent=9912"}],"wp:term":[{"taxonomy":"product_cat","embeddable":true,"href":"https:\/\/livrariasolmar.pt\/en\/wp-json\/wp\/v2\/product_cat?post=9912"},{"taxonomy":"product_tag","embeddable":true,"href":"https:\/\/livrariasolmar.pt\/en\/wp-json\/wp\/v2\/product_tag?post=9912"},{"taxonomy":"cat_produtos","embeddable":true,"href":"https:\/\/livrariasolmar.pt\/en\/wp-json\/wp\/v2\/cat_produtos?post=9912"}],"curies":[{"name":"wp","href":"https:\/\/api.w.org\/{rel}","templated":true}]}}