{"id":9960,"date":"2024-11-21T18:56:34","date_gmt":"2024-11-21T18:56:34","guid":{"rendered":"https:\/\/livrariasolmar.pt\/?post_type=product&#038;p=9960"},"modified":"2025-05-31T17:34:29","modified_gmt":"2025-05-31T17:34:29","slug":"fomos-mais-do-que-um-erro","status":"publish","type":"product","link":"https:\/\/livrariasolmar.pt\/en\/produto\/fomos-mais-do-que-um-erro\/","title":{"rendered":"Fomos Mais do que um Erro"},"content":{"rendered":"","protected":false},"excerpt":{"rendered":"<p>No final de contas, \u00e9 melhor nada do que s\u00f3 metade.<\/p>\n<p>Quando Benedita chega \u00e0 Herdade do Arag\u00e3o, acompanhada pelo namorado que se prepara para fechar um grande neg\u00f3cio, est\u00e1 longe de imaginar que aquele lugar vai mudar a sua vida para sempre. A viver um relacionamento t\u00f3xico, mas incapaz de sair dele, v\u00ea-se mergulhada num dilema quando conhece Pedro, o tratador de cavalos da herdade.<\/p>\n<p>De poucas palavras, olhar misterioso e ar arrogante, Pedro parece reunir v\u00e1rios sinais de que seria um erro Benedita aproximar-se. S\u00f3 que h\u00e1 algo nele que a atrai, mais do que ela gostaria. Talvez por perceber que, por tr\u00e1s daquele ar insens\u00edvel, existe um bom cora\u00e7\u00e3o que o passado marcado pela viol\u00eancia acabou por esconder.<\/p>\n<p>H\u00e1 pessoas que t\u00eam mesmo de entrar na nossa vida e h\u00e1 pessoas que n\u00e3o podem mesmo ficar nela para podermos ser felizes. Ser\u00e1 Benedita capaz de perceber qual \u00e9 qual?<\/p>\n<p>Raul Minh\u2019alma, o autor portugu\u00eas mais vendido da atualidade, traz-nos mais uma hist\u00f3ria de amor comovente, como t\u00e3o bem nos habituou. Desta vez, transporta-nos at\u00e9 um ambiente inspirador de herdade onde os cavalos e o calor do ver\u00e3o t\u00eam um papel principal. Prepare-se para se emocionar nesta viagem at\u00e9 \u00e0 Herdade do Arag\u00e3o.<\/p>\n","protected":false},"author":2,"featured_media":9961,"template":"","meta":[],"product_cat":[477],"product_tag":[],"cat_produtos":[],"yoast_head":"<!-- This site is optimized with the Yoast SEO plugin v16.6 - https:\/\/yoast.com\/wordpress\/plugins\/seo\/ -->\n<title>Fomos Mais do que um Erro - Livraria Solmar - Livraria online<\/title>\n<meta name=\"robots\" content=\"index, follow, max-snippet:-1, max-image-preview:large, max-video-preview:-1\" \/>\n<link rel=\"canonical\" href=\"https:\/\/livrariasolmar.pt\/en\/produto\/fomos-mais-do-que-um-erro\/\" \/>\n<meta property=\"og:locale\" content=\"en_US\" \/>\n<meta property=\"og:type\" content=\"article\" \/>\n<meta property=\"og:title\" content=\"Fomos Mais do que um Erro - Livraria Solmar - Livraria online\" \/>\n<meta property=\"og:description\" content=\"No final de contas, \u00e9 melhor nada do que s\u00f3 metade.  Quando Benedita chega \u00e0 Herdade do Arag\u00e3o, acompanhada pelo namorado que se prepara para fechar um grande neg\u00f3cio, est\u00e1 longe de imaginar que aquele lugar vai mudar a sua vida para sempre. A viver um relacionamento t\u00f3xico, mas incapaz de sair dele, v\u00ea-se mergulhada num dilema quando conhece Pedro, o tratador de cavalos da herdade.  De poucas palavras, olhar misterioso e ar arrogante, Pedro parece reunir v\u00e1rios sinais de que seria um erro Benedita aproximar-se. S\u00f3 que h\u00e1 algo nele que a atrai, mais do que ela gostaria. Talvez por perceber que, por tr\u00e1s daquele ar insens\u00edvel, existe um bom cora\u00e7\u00e3o que o passado marcado pela viol\u00eancia acabou por esconder.  H\u00e1 pessoas que t\u00eam mesmo de entrar na nossa vida e h\u00e1 pessoas que n\u00e3o podem mesmo ficar nela para podermos ser felizes. Ser\u00e1 Benedita capaz de perceber qual \u00e9 qual?  Raul Minh\u2019alma, o autor portugu\u00eas mais vendido da atualidade, traz-nos mais uma hist\u00f3ria de amor comovente, como t\u00e3o bem nos habituou. Desta vez, transporta-nos at\u00e9 um ambiente inspirador de herdade onde os cavalos e o calor do ver\u00e3o t\u00eam um papel principal. Prepare-se para se emocionar nesta viagem at\u00e9 \u00e0 Herdade do Arag\u00e3o.\" \/>\n<meta property=\"og:url\" content=\"https:\/\/livrariasolmar.pt\/produto\/fomos-mais-do-que-um-erro\/\" \/>\n<meta property=\"og:site_name\" content=\"Livraria Solmar - Livraria online\" \/>\n<meta property=\"article:modified_time\" content=\"2025-05-31T17:34:29+00:00\" \/>\n<meta property=\"og:image\" content=\"https:\/\/livrariasolmar.pt\/wp-content\/uploads\/2024\/11\/500_9789899181663_capa.jpg\" \/>\n\t<meta property=\"og:image:width\" content=\"332\" \/>\n\t<meta property=\"og:image:height\" content=\"500\" \/>\n<meta name=\"twitter:card\" content=\"summary_large_image\" \/>\n<script type=\"application\/ld+json\" class=\"yoast-schema-graph\">{\"@context\":\"https:\/\/schema.org\",\"@graph\":[{\"@type\":\"WebSite\",\"@id\":\"https:\/\/livrariasolmar.pt\/#website\",\"url\":\"https:\/\/livrariasolmar.pt\/\",\"name\":\"Livraria Solmar - Livraria online\",\"description\":\"Com\\u00e9rcio Livros E Objetos De Arte, Lda - Ponta Delgada, A\\u00e7ores\",\"potentialAction\":[{\"@type\":\"SearchAction\",\"target\":{\"@type\":\"EntryPoint\",\"urlTemplate\":\"https:\/\/livrariasolmar.pt\/?s={search_term_string}\"},\"query-input\":\"required name=search_term_string\"}],\"inLanguage\":\"en-US\"},{\"@type\":\"ImageObject\",\"@id\":\"https:\/\/livrariasolmar.pt\/produto\/fomos-mais-do-que-um-erro\/#primaryimage\",\"inLanguage\":\"en-US\",\"url\":\"https:\/\/livrariasolmar.pt\/wp-content\/uploads\/2024\/11\/500_9789899181663_capa.jpg\",\"contentUrl\":\"https:\/\/livrariasolmar.pt\/wp-content\/uploads\/2024\/11\/500_9789899181663_capa.jpg\",\"width\":332,\"height\":500},{\"@type\":\"WebPage\",\"@id\":\"https:\/\/livrariasolmar.pt\/produto\/fomos-mais-do-que-um-erro\/#webpage\",\"url\":\"https:\/\/livrariasolmar.pt\/produto\/fomos-mais-do-que-um-erro\/\",\"name\":\"Fomos Mais do que um Erro - Livraria Solmar - Livraria online\",\"isPartOf\":{\"@id\":\"https:\/\/livrariasolmar.pt\/#website\"},\"primaryImageOfPage\":{\"@id\":\"https:\/\/livrariasolmar.pt\/produto\/fomos-mais-do-que-um-erro\/#primaryimage\"},\"datePublished\":\"2024-11-21T18:56:34+00:00\",\"dateModified\":\"2025-05-31T17:34:29+00:00\",\"breadcrumb\":{\"@id\":\"https:\/\/livrariasolmar.pt\/produto\/fomos-mais-do-que-um-erro\/#breadcrumb\"},\"inLanguage\":\"en-US\",\"potentialAction\":[{\"@type\":\"ReadAction\",\"target\":[\"https:\/\/livrariasolmar.pt\/produto\/fomos-mais-do-que-um-erro\/\"]}]},{\"@type\":\"BreadcrumbList\",\"@id\":\"https:\/\/livrariasolmar.pt\/produto\/fomos-mais-do-que-um-erro\/#breadcrumb\",\"itemListElement\":[{\"@type\":\"ListItem\",\"position\":1,\"name\":\"In\\u00edcio\",\"item\":\"https:\/\/livrariasolmar.pt\/en\/\"},{\"@type\":\"ListItem\",\"position\":2,\"name\":\"Shop\",\"item\":\"https:\/\/livrariasolmar.pt\/en\/shop\/\"},{\"@type\":\"ListItem\",\"position\":3,\"name\":\"Fomos Mais do que um Erro\"}]}]}<\/script>\n<!-- \/ Yoast SEO plugin. -->","_links":{"self":[{"href":"https:\/\/livrariasolmar.pt\/en\/wp-json\/wp\/v2\/product\/9960"}],"collection":[{"href":"https:\/\/livrariasolmar.pt\/en\/wp-json\/wp\/v2\/product"}],"about":[{"href":"https:\/\/livrariasolmar.pt\/en\/wp-json\/wp\/v2\/types\/product"}],"author":[{"embeddable":true,"href":"https:\/\/livrariasolmar.pt\/en\/wp-json\/wp\/v2\/users\/2"}],"wp:featuredmedia":[{"embeddable":true,"href":"https:\/\/livrariasolmar.pt\/en\/wp-json\/wp\/v2\/media\/9961"}],"wp:attachment":[{"href":"https:\/\/livrariasolmar.pt\/en\/wp-json\/wp\/v2\/media?parent=9960"}],"wp:term":[{"taxonomy":"product_cat","embeddable":true,"href":"https:\/\/livrariasolmar.pt\/en\/wp-json\/wp\/v2\/product_cat?post=9960"},{"taxonomy":"product_tag","embeddable":true,"href":"https:\/\/livrariasolmar.pt\/en\/wp-json\/wp\/v2\/product_tag?post=9960"},{"taxonomy":"cat_produtos","embeddable":true,"href":"https:\/\/livrariasolmar.pt\/en\/wp-json\/wp\/v2\/cat_produtos?post=9960"}],"curies":[{"name":"wp","href":"https:\/\/api.w.org\/{rel}","templated":true}]}}