{"id":9966,"date":"2024-11-21T19:09:00","date_gmt":"2024-11-21T19:09:00","guid":{"rendered":"https:\/\/livrariasolmar.pt\/?post_type=product&#038;p=9966"},"modified":"2025-02-15T17:45:05","modified_gmt":"2025-02-15T17:45:05","slug":"os-dias-contados","status":"publish","type":"product","link":"https:\/\/livrariasolmar.pt\/en\/produto\/os-dias-contados\/","title":{"rendered":"Os Dias Contados"},"content":{"rendered":"","protected":false},"excerpt":{"rendered":"<p>Fevereiro de 2013: um acidente na neve precipita uma cadeia de acontecimentos que culminam no primeiro caso de investiga\u00e7\u00e3o que cai nas m\u00e3os de Pilar Benamor. \u00c9 tamb\u00e9m o princ\u00edpio do seu confronto com o mal absoluto.<\/p>\n<p>Quando o compositor Flores Baltazar regressa, com o filho e a mulher, de umas malogradas f\u00e9rias de esqui durante as quais se feriu com gravidade, apodera-se da fam\u00edlia um mal-estar existencial. Tudo se agrava certa tarde, quando, \u00e0 porta da escola do filho, Baltazar se envolve num confronto com o pai de outro aluno. Os pol\u00edcias chamados ao local s\u00e3o os agentes Costa e Benamor.<\/p>\n<p>Ser\u00e3o tamb\u00e9m eles a atender, dias depois, a chamada relacionada com o cad\u00e1ver de uma prostituta num clube nocturno. Os contornos macabros do crime remetem Pilar Benamor para o c\u00e9lebre caso do Embalsamador, um psicopata que aterrorizou Lisboa anos antes e conduziu o seu pai ao desespero.<\/p>\n<p>Ao longo da investiga\u00e7\u00e3o, Pilar levanta o v\u00e9u de uma rede de tr\u00e1fico humano e enreda-se num perigoso feudo familiar. Quando um segundo cad\u00e1ver embalsamado aparece \u00e0 porta da esquadra, com um recado sinistro para a agente, instala-se a certeza de que o caso do Embalsamador n\u00e3o ficou resolvido.<\/p>\n<p>Obsessiva, vol\u00e1til, atormentada pela morte do pai e j\u00e1 a sucumbir \u00e0 depend\u00eancia que mais tarde a dominar\u00e1, Pilar Benamor corre contra o tempo e contra a pr\u00f3pria for\u00e7a policial para resolver este caso, ao mesmo tempo que procura proteger Flores Baltazar e o seu filho do violento cl\u00e3 Boki.<\/p>\n<p>As revela\u00e7\u00f5es sucedem-se neste thriller impar\u00e1vel, at\u00e9 ao electrizante cl\u00edmax no mesmo lugar onde tudo come\u00e7ou: a brancura a perder de vista da Serra Nevada.<\/p>\n<p>Os dias contados retrata o embate de Pilar Benamor com as v\u00e1rias faces do horror, mas \u00e9 tamb\u00e9m uma bonita hist\u00f3ria de amor entre um pai e um filho, que p\u00f5e a descoberto as pesadas consequ\u00eancias dos erros mais humanos.<\/p>\n","protected":false},"author":2,"featured_media":9967,"template":"","meta":[],"product_cat":[588],"product_tag":[],"cat_produtos":[1564],"yoast_head":"<!-- This site is optimized with the Yoast SEO plugin v16.6 - https:\/\/yoast.com\/wordpress\/plugins\/seo\/ -->\n<title>Os Dias Contados - Livraria Solmar - Livraria online<\/title>\n<meta name=\"robots\" content=\"index, follow, max-snippet:-1, max-image-preview:large, max-video-preview:-1\" \/>\n<link rel=\"canonical\" href=\"https:\/\/livrariasolmar.pt\/en\/produto\/os-dias-contados\/\" \/>\n<meta property=\"og:locale\" content=\"en_US\" \/>\n<meta property=\"og:type\" content=\"article\" \/>\n<meta property=\"og:title\" content=\"Os Dias Contados - Livraria Solmar - Livraria online\" \/>\n<meta property=\"og:description\" content=\"Fevereiro de 2013: um acidente na neve precipita uma cadeia de acontecimentos que culminam no primeiro caso de investiga\u00e7\u00e3o que cai nas m\u00e3os de Pilar Benamor. \u00c9 tamb\u00e9m o princ\u00edpio do seu confronto com o mal absoluto.  Quando o compositor Flores Baltazar regressa, com o filho e a mulher, de umas malogradas f\u00e9rias de esqui durante as quais se feriu com gravidade, apodera-se da fam\u00edlia um mal-estar existencial. Tudo se agrava certa tarde, quando, \u00e0 porta da escola do filho, Baltazar se envolve num confronto com o pai de outro aluno. Os pol\u00edcias chamados ao local s\u00e3o os agentes Costa e Benamor.  Ser\u00e3o tamb\u00e9m eles a atender, dias depois, a chamada relacionada com o cad\u00e1ver de uma prostituta num clube nocturno. Os contornos macabros do crime remetem Pilar Benamor para o c\u00e9lebre caso do Embalsamador, um psicopata que aterrorizou Lisboa anos antes e conduziu o seu pai ao desespero.  Ao longo da investiga\u00e7\u00e3o, Pilar levanta o v\u00e9u de uma rede de tr\u00e1fico humano e enreda-se num perigoso feudo familiar. Quando um segundo cad\u00e1ver embalsamado aparece \u00e0 porta da esquadra, com um recado sinistro para a agente, instala-se a certeza de que o caso do Embalsamador n\u00e3o ficou resolvido.  Obsessiva, vol\u00e1til, atormentada pela morte do pai e j\u00e1 a sucumbir \u00e0 depend\u00eancia que mais tarde a dominar\u00e1, Pilar Benamor corre contra o tempo e contra a pr\u00f3pria for\u00e7a policial para resolver este caso, ao mesmo tempo que procura proteger Flores Baltazar e o seu filho do violento cl\u00e3 Boki.  As revela\u00e7\u00f5es sucedem-se neste thriller impar\u00e1vel, at\u00e9 ao electrizante cl\u00edmax no mesmo lugar onde tudo come\u00e7ou: a brancura a perder de vista da Serra Nevada.  Os dias contados retrata o embate de Pilar Benamor com as v\u00e1rias faces do horror, mas \u00e9 tamb\u00e9m uma bonita hist\u00f3ria de amor entre um pai e um filho, que p\u00f5e a descoberto as pesadas consequ\u00eancias dos erros mais humanos.\" \/>\n<meta property=\"og:url\" content=\"https:\/\/livrariasolmar.pt\/produto\/os-dias-contados\/\" \/>\n<meta property=\"og:site_name\" content=\"Livraria Solmar - Livraria online\" \/>\n<meta property=\"article:modified_time\" content=\"2025-02-15T17:45:05+00:00\" \/>\n<meta property=\"og:image\" content=\"https:\/\/livrariasolmar.pt\/wp-content\/uploads\/2024\/11\/1507-1-1.jpg\" \/>\n\t<meta property=\"og:image:width\" content=\"400\" \/>\n\t<meta property=\"og:image:height\" content=\"626\" \/>\n<meta name=\"twitter:card\" content=\"summary_large_image\" \/>\n<script type=\"application\/ld+json\" class=\"yoast-schema-graph\">{\"@context\":\"https:\/\/schema.org\",\"@graph\":[{\"@type\":\"WebSite\",\"@id\":\"https:\/\/livrariasolmar.pt\/#website\",\"url\":\"https:\/\/livrariasolmar.pt\/\",\"name\":\"Livraria Solmar - Livraria online\",\"description\":\"Com\\u00e9rcio Livros E Objetos De Arte, Lda - Ponta Delgada, A\\u00e7ores\",\"potentialAction\":[{\"@type\":\"SearchAction\",\"target\":{\"@type\":\"EntryPoint\",\"urlTemplate\":\"https:\/\/livrariasolmar.pt\/?s={search_term_string}\"},\"query-input\":\"required name=search_term_string\"}],\"inLanguage\":\"en-US\"},{\"@type\":\"ImageObject\",\"@id\":\"https:\/\/livrariasolmar.pt\/produto\/os-dias-contados\/#primaryimage\",\"inLanguage\":\"en-US\",\"url\":\"https:\/\/livrariasolmar.pt\/wp-content\/uploads\/2024\/11\/1507-1-1.jpg\",\"contentUrl\":\"https:\/\/livrariasolmar.pt\/wp-content\/uploads\/2024\/11\/1507-1-1.jpg\",\"width\":400,\"height\":626},{\"@type\":\"WebPage\",\"@id\":\"https:\/\/livrariasolmar.pt\/produto\/os-dias-contados\/#webpage\",\"url\":\"https:\/\/livrariasolmar.pt\/produto\/os-dias-contados\/\",\"name\":\"Os Dias Contados - Livraria Solmar - Livraria online\",\"isPartOf\":{\"@id\":\"https:\/\/livrariasolmar.pt\/#website\"},\"primaryImageOfPage\":{\"@id\":\"https:\/\/livrariasolmar.pt\/produto\/os-dias-contados\/#primaryimage\"},\"datePublished\":\"2024-11-21T19:09:00+00:00\",\"dateModified\":\"2025-02-15T17:45:05+00:00\",\"breadcrumb\":{\"@id\":\"https:\/\/livrariasolmar.pt\/produto\/os-dias-contados\/#breadcrumb\"},\"inLanguage\":\"en-US\",\"potentialAction\":[{\"@type\":\"ReadAction\",\"target\":[\"https:\/\/livrariasolmar.pt\/produto\/os-dias-contados\/\"]}]},{\"@type\":\"BreadcrumbList\",\"@id\":\"https:\/\/livrariasolmar.pt\/produto\/os-dias-contados\/#breadcrumb\",\"itemListElement\":[{\"@type\":\"ListItem\",\"position\":1,\"name\":\"In\\u00edcio\",\"item\":\"https:\/\/livrariasolmar.pt\/en\/\"},{\"@type\":\"ListItem\",\"position\":2,\"name\":\"Shop\",\"item\":\"https:\/\/livrariasolmar.pt\/en\/shop\/\"},{\"@type\":\"ListItem\",\"position\":3,\"name\":\"Os Dias Contados\"}]}]}<\/script>\n<!-- \/ Yoast SEO plugin. -->","_links":{"self":[{"href":"https:\/\/livrariasolmar.pt\/en\/wp-json\/wp\/v2\/product\/9966"}],"collection":[{"href":"https:\/\/livrariasolmar.pt\/en\/wp-json\/wp\/v2\/product"}],"about":[{"href":"https:\/\/livrariasolmar.pt\/en\/wp-json\/wp\/v2\/types\/product"}],"author":[{"embeddable":true,"href":"https:\/\/livrariasolmar.pt\/en\/wp-json\/wp\/v2\/users\/2"}],"wp:featuredmedia":[{"embeddable":true,"href":"https:\/\/livrariasolmar.pt\/en\/wp-json\/wp\/v2\/media\/9967"}],"wp:attachment":[{"href":"https:\/\/livrariasolmar.pt\/en\/wp-json\/wp\/v2\/media?parent=9966"}],"wp:term":[{"taxonomy":"product_cat","embeddable":true,"href":"https:\/\/livrariasolmar.pt\/en\/wp-json\/wp\/v2\/product_cat?post=9966"},{"taxonomy":"product_tag","embeddable":true,"href":"https:\/\/livrariasolmar.pt\/en\/wp-json\/wp\/v2\/product_tag?post=9966"},{"taxonomy":"cat_produtos","embeddable":true,"href":"https:\/\/livrariasolmar.pt\/en\/wp-json\/wp\/v2\/cat_produtos?post=9966"}],"curies":[{"name":"wp","href":"https:\/\/api.w.org\/{rel}","templated":true}]}}