{"id":9969,"date":"2024-11-21T19:28:49","date_gmt":"2024-11-21T19:28:49","guid":{"rendered":"https:\/\/livrariasolmar.pt\/?post_type=product&#038;p=9969"},"modified":"2024-12-31T18:29:05","modified_gmt":"2024-12-31T18:29:05","slug":"os-100-mantras-de-jesus","status":"publish","type":"product","link":"https:\/\/livrariasolmar.pt\/en\/produto\/os-100-mantras-de-jesus\/","title":{"rendered":"Os 100 Mantras de Jesus"},"content":{"rendered":"","protected":false},"excerpt":{"rendered":"<p>Esta obra compila 100 Mantras que Jesus foi transmitindo a Alexandra Solnado, ao longo de mais de 23 anos de conex\u00e3o. Mensagens recebidas em momentos de medita\u00e7\u00e3o e de introspe\u00e7\u00e3o profunda, com significado e prop\u00f3sito singulares. S\u00e3o 100 frases que nortearam a vida da autora, mas s\u00e3o tamb\u00e9m ideias que, ouvidas e repetidas, propiciam a expans\u00e3o da consci\u00eancia e multiplicam a sabedoria. S\u00e3o frases para ler e reler que devemos ter sempre \u00e0 m\u00e3o e que, exatamente por isso, Alexandra Solnado designou como Mantras &#8211; para serem ditos e reditos dentro da nossa cabe\u00e7a durante muito tempo.<\/p>\n<p>Estes Mantras abordam, entre outros, temas como o amor, o perd\u00e3o, a gratid\u00e3o, e a import\u00e2ncia da conex\u00e3o com o divino. Cada um deles \u00e9 acompanhado por uma reflex\u00e3o da autora de forma a permitir a todos um maior desenvolvimento espiritual e bem-estar emocional. Uma obra, guiada pelas palavras de Jesus, que nos ajudam a encontrar uma maior paz interior e orienta\u00e7\u00e3o para uma vida mais plena que promova o autoconhecimento e a eleva\u00e7\u00e3o espiritual.<\/p>\n","protected":false},"author":2,"featured_media":9970,"template":"","meta":[],"product_cat":[173],"product_tag":[],"cat_produtos":[],"yoast_head":"<!-- This site is optimized with the Yoast SEO plugin v16.6 - https:\/\/yoast.com\/wordpress\/plugins\/seo\/ -->\n<title>Os 100 Mantras de Jesus - Livraria Solmar - Livraria online<\/title>\n<meta name=\"robots\" content=\"index, follow, max-snippet:-1, max-image-preview:large, max-video-preview:-1\" \/>\n<link rel=\"canonical\" href=\"https:\/\/livrariasolmar.pt\/en\/produto\/os-100-mantras-de-jesus\/\" \/>\n<meta property=\"og:locale\" content=\"en_US\" \/>\n<meta property=\"og:type\" content=\"article\" \/>\n<meta property=\"og:title\" content=\"Os 100 Mantras de Jesus - Livraria Solmar - Livraria online\" \/>\n<meta property=\"og:description\" content=\"Esta obra compila 100 Mantras que Jesus foi transmitindo a Alexandra Solnado, ao longo de mais de 23 anos de conex\u00e3o. Mensagens recebidas em momentos de medita\u00e7\u00e3o e de introspe\u00e7\u00e3o profunda, com significado e prop\u00f3sito singulares. S\u00e3o 100 frases que nortearam a vida da autora, mas s\u00e3o tamb\u00e9m ideias que, ouvidas e repetidas, propiciam a expans\u00e3o da consci\u00eancia e multiplicam a sabedoria. S\u00e3o frases para ler e reler que devemos ter sempre \u00e0 m\u00e3o e que, exatamente por isso, Alexandra Solnado designou como Mantras - para serem ditos e reditos dentro da nossa cabe\u00e7a durante muito tempo.  Estes Mantras abordam, entre outros, temas como o amor, o perd\u00e3o, a gratid\u00e3o, e a import\u00e2ncia da conex\u00e3o com o divino. Cada um deles \u00e9 acompanhado por uma reflex\u00e3o da autora de forma a permitir a todos um maior desenvolvimento espiritual e bem-estar emocional. Uma obra, guiada pelas palavras de Jesus, que nos ajudam a encontrar uma maior paz interior e orienta\u00e7\u00e3o para uma vida mais plena que promova o autoconhecimento e a eleva\u00e7\u00e3o espiritual.\" \/>\n<meta property=\"og:url\" content=\"https:\/\/livrariasolmar.pt\/produto\/os-100-mantras-de-jesus\/\" \/>\n<meta property=\"og:site_name\" content=\"Livraria Solmar - Livraria online\" \/>\n<meta property=\"article:modified_time\" content=\"2024-12-31T18:29:05+00:00\" \/>\n<meta property=\"og:image\" content=\"https:\/\/livrariasolmar.pt\/wp-content\/uploads\/2024\/11\/1540-1-2-2.jpg\" \/>\n\t<meta property=\"og:image:width\" content=\"340\" \/>\n\t<meta property=\"og:image:height\" content=\"340\" \/>\n<meta name=\"twitter:card\" content=\"summary_large_image\" \/>\n<script type=\"application\/ld+json\" class=\"yoast-schema-graph\">{\"@context\":\"https:\/\/schema.org\",\"@graph\":[{\"@type\":\"WebSite\",\"@id\":\"https:\/\/livrariasolmar.pt\/#website\",\"url\":\"https:\/\/livrariasolmar.pt\/\",\"name\":\"Livraria Solmar - Livraria online\",\"description\":\"Com\\u00e9rcio Livros E Objetos De Arte, Lda - Ponta Delgada, A\\u00e7ores\",\"potentialAction\":[{\"@type\":\"SearchAction\",\"target\":{\"@type\":\"EntryPoint\",\"urlTemplate\":\"https:\/\/livrariasolmar.pt\/?s={search_term_string}\"},\"query-input\":\"required name=search_term_string\"}],\"inLanguage\":\"en-US\"},{\"@type\":\"ImageObject\",\"@id\":\"https:\/\/livrariasolmar.pt\/produto\/os-100-mantras-de-jesus\/#primaryimage\",\"inLanguage\":\"en-US\",\"url\":\"https:\/\/livrariasolmar.pt\/wp-content\/uploads\/2024\/11\/1540-1-2-2.jpg\",\"contentUrl\":\"https:\/\/livrariasolmar.pt\/wp-content\/uploads\/2024\/11\/1540-1-2-2.jpg\",\"width\":340,\"height\":340},{\"@type\":\"WebPage\",\"@id\":\"https:\/\/livrariasolmar.pt\/produto\/os-100-mantras-de-jesus\/#webpage\",\"url\":\"https:\/\/livrariasolmar.pt\/produto\/os-100-mantras-de-jesus\/\",\"name\":\"Os 100 Mantras de Jesus - Livraria Solmar - Livraria online\",\"isPartOf\":{\"@id\":\"https:\/\/livrariasolmar.pt\/#website\"},\"primaryImageOfPage\":{\"@id\":\"https:\/\/livrariasolmar.pt\/produto\/os-100-mantras-de-jesus\/#primaryimage\"},\"datePublished\":\"2024-11-21T19:28:49+00:00\",\"dateModified\":\"2024-12-31T18:29:05+00:00\",\"breadcrumb\":{\"@id\":\"https:\/\/livrariasolmar.pt\/produto\/os-100-mantras-de-jesus\/#breadcrumb\"},\"inLanguage\":\"en-US\",\"potentialAction\":[{\"@type\":\"ReadAction\",\"target\":[\"https:\/\/livrariasolmar.pt\/produto\/os-100-mantras-de-jesus\/\"]}]},{\"@type\":\"BreadcrumbList\",\"@id\":\"https:\/\/livrariasolmar.pt\/produto\/os-100-mantras-de-jesus\/#breadcrumb\",\"itemListElement\":[{\"@type\":\"ListItem\",\"position\":1,\"name\":\"In\\u00edcio\",\"item\":\"https:\/\/livrariasolmar.pt\/en\/\"},{\"@type\":\"ListItem\",\"position\":2,\"name\":\"Shop\",\"item\":\"https:\/\/livrariasolmar.pt\/en\/shop\/\"},{\"@type\":\"ListItem\",\"position\":3,\"name\":\"Os 100 Mantras de Jesus\"}]}]}<\/script>\n<!-- \/ Yoast SEO plugin. -->","_links":{"self":[{"href":"https:\/\/livrariasolmar.pt\/en\/wp-json\/wp\/v2\/product\/9969"}],"collection":[{"href":"https:\/\/livrariasolmar.pt\/en\/wp-json\/wp\/v2\/product"}],"about":[{"href":"https:\/\/livrariasolmar.pt\/en\/wp-json\/wp\/v2\/types\/product"}],"author":[{"embeddable":true,"href":"https:\/\/livrariasolmar.pt\/en\/wp-json\/wp\/v2\/users\/2"}],"wp:featuredmedia":[{"embeddable":true,"href":"https:\/\/livrariasolmar.pt\/en\/wp-json\/wp\/v2\/media\/9970"}],"wp:attachment":[{"href":"https:\/\/livrariasolmar.pt\/en\/wp-json\/wp\/v2\/media?parent=9969"}],"wp:term":[{"taxonomy":"product_cat","embeddable":true,"href":"https:\/\/livrariasolmar.pt\/en\/wp-json\/wp\/v2\/product_cat?post=9969"},{"taxonomy":"product_tag","embeddable":true,"href":"https:\/\/livrariasolmar.pt\/en\/wp-json\/wp\/v2\/product_tag?post=9969"},{"taxonomy":"cat_produtos","embeddable":true,"href":"https:\/\/livrariasolmar.pt\/en\/wp-json\/wp\/v2\/cat_produtos?post=9969"}],"curies":[{"name":"wp","href":"https:\/\/api.w.org\/{rel}","templated":true}]}}