{"id":9981,"date":"2024-12-17T15:38:47","date_gmt":"2024-12-17T15:38:47","guid":{"rendered":"https:\/\/livrariasolmar.pt\/?post_type=product&#038;p=9981"},"modified":"2025-11-11T16:47:02","modified_gmt":"2025-11-11T16:47:02","slug":"viajante-nos-acores","status":"publish","type":"product","link":"https:\/\/livrariasolmar.pt\/en\/produto\/viajante-nos-acores\/","title":{"rendered":"Viajante Nos A\u00e7ores"},"content":{"rendered":"","protected":false},"excerpt":{"rendered":"<p>Pode ser uma Viagem, \u00e0 procura da nossa identidade, vista de fora e por quem nos visita desde o s\u00e9culo XVI; ou uma poss\u00edvel resposta a \u00abo que mos faz ser quem somos, tanto aos nossos olhos como aos olhos de quem nos visita?\u00bb; ou ser\u00e1 encontrar o arquip\u00e9lago em dimens\u00f5es liter\u00e1rias ou cient\u00edficas extraordin\u00e1rias, porque inesperadamente curiosas e reveladoras?\u2026Possivelmente, isto tudo. No embalo de nomes como Thevet, Bullar, Churchill , Drour\u00ebt, Gl\u00f6ckler, Jedina, Twain, Melville, Slocum, Darwin, Swindells, Chateaubriand, Tennyson, Cook, Trelease ou da Royal Geographic Society, navegamos ao longo de 5 s\u00e9culos e 9 ilhas (um para\u00edso [re]encontrado) que, afinal, est\u00e3o bem no centro da Hist\u00f3ria e do Mundo.<\/p>\n","protected":false},"author":2,"featured_media":9982,"template":"","meta":[],"product_cat":[146,200],"product_tag":[],"cat_produtos":[364],"yoast_head":"<!-- This site is optimized with the Yoast SEO plugin v16.6 - https:\/\/yoast.com\/wordpress\/plugins\/seo\/ -->\n<title>Viajante Nos A\u00e7ores - Livraria Solmar - Livraria online<\/title>\n<meta name=\"robots\" content=\"index, follow, max-snippet:-1, max-image-preview:large, max-video-preview:-1\" \/>\n<link rel=\"canonical\" href=\"https:\/\/livrariasolmar.pt\/en\/produto\/viajante-nos-acores\/\" \/>\n<meta property=\"og:locale\" content=\"en_US\" \/>\n<meta property=\"og:type\" content=\"article\" \/>\n<meta property=\"og:title\" content=\"Viajante Nos A\u00e7ores - Livraria Solmar - Livraria online\" \/>\n<meta property=\"og:description\" content=\"Pode ser uma Viagem, \u00e0 procura da nossa identidade, vista de fora e por quem nos visita desde o s\u00e9culo XVI; ou uma poss\u00edvel resposta a \u00abo que mos faz ser quem somos, tanto aos nossos olhos como aos olhos de quem nos visita?\u00bb; ou ser\u00e1 encontrar o arquip\u00e9lago em dimens\u00f5es liter\u00e1rias ou cient\u00edficas extraordin\u00e1rias, porque inesperadamente curiosas e reveladoras?\u2026Possivelmente, isto tudo. No embalo de nomes como Thevet, Bullar, Churchill , Drour\u00ebt, Gl\u00f6ckler, Jedina, Twain, Melville, Slocum, Darwin, Swindells, Chateaubriand, Tennyson, Cook, Trelease ou da Royal Geographic Society, navegamos ao longo de 5 s\u00e9culos e 9 ilhas (um para\u00edso [re]encontrado) que, afinal, est\u00e3o bem no centro da Hist\u00f3ria e do Mundo.\" \/>\n<meta property=\"og:url\" content=\"https:\/\/livrariasolmar.pt\/produto\/viajante-nos-acores\/\" \/>\n<meta property=\"og:site_name\" content=\"Livraria Solmar - Livraria online\" \/>\n<meta property=\"article:modified_time\" content=\"2025-11-11T16:47:02+00:00\" \/>\n<meta property=\"og:image\" content=\"https:\/\/livrariasolmar.pt\/wp-content\/uploads\/2024\/12\/VIAJANTES-NOS-ACORES-capa-para-site-1-scaled.jpg\" \/>\n\t<meta property=\"og:image:width\" content=\"1782\" \/>\n\t<meta property=\"og:image:height\" content=\"2560\" \/>\n<meta name=\"twitter:card\" content=\"summary_large_image\" \/>\n<script type=\"application\/ld+json\" class=\"yoast-schema-graph\">{\"@context\":\"https:\/\/schema.org\",\"@graph\":[{\"@type\":\"WebSite\",\"@id\":\"https:\/\/livrariasolmar.pt\/#website\",\"url\":\"https:\/\/livrariasolmar.pt\/\",\"name\":\"Livraria Solmar - Livraria online\",\"description\":\"Com\\u00e9rcio Livros E Objetos De Arte, Lda - Ponta Delgada, A\\u00e7ores\",\"potentialAction\":[{\"@type\":\"SearchAction\",\"target\":{\"@type\":\"EntryPoint\",\"urlTemplate\":\"https:\/\/livrariasolmar.pt\/?s={search_term_string}\"},\"query-input\":\"required name=search_term_string\"}],\"inLanguage\":\"en-US\"},{\"@type\":\"ImageObject\",\"@id\":\"https:\/\/livrariasolmar.pt\/produto\/viajante-nos-acores\/#primaryimage\",\"inLanguage\":\"en-US\",\"url\":\"https:\/\/livrariasolmar.pt\/wp-content\/uploads\/2024\/12\/VIAJANTES-NOS-ACORES-capa-para-site-1-scaled.jpg\",\"contentUrl\":\"https:\/\/livrariasolmar.pt\/wp-content\/uploads\/2024\/12\/VIAJANTES-NOS-ACORES-capa-para-site-1-scaled.jpg\",\"width\":1782,\"height\":2560},{\"@type\":\"WebPage\",\"@id\":\"https:\/\/livrariasolmar.pt\/produto\/viajante-nos-acores\/#webpage\",\"url\":\"https:\/\/livrariasolmar.pt\/produto\/viajante-nos-acores\/\",\"name\":\"Viajante Nos A\\u00e7ores - Livraria Solmar - Livraria online\",\"isPartOf\":{\"@id\":\"https:\/\/livrariasolmar.pt\/#website\"},\"primaryImageOfPage\":{\"@id\":\"https:\/\/livrariasolmar.pt\/produto\/viajante-nos-acores\/#primaryimage\"},\"datePublished\":\"2024-12-17T15:38:47+00:00\",\"dateModified\":\"2025-11-11T16:47:02+00:00\",\"breadcrumb\":{\"@id\":\"https:\/\/livrariasolmar.pt\/produto\/viajante-nos-acores\/#breadcrumb\"},\"inLanguage\":\"en-US\",\"potentialAction\":[{\"@type\":\"ReadAction\",\"target\":[\"https:\/\/livrariasolmar.pt\/produto\/viajante-nos-acores\/\"]}]},{\"@type\":\"BreadcrumbList\",\"@id\":\"https:\/\/livrariasolmar.pt\/produto\/viajante-nos-acores\/#breadcrumb\",\"itemListElement\":[{\"@type\":\"ListItem\",\"position\":1,\"name\":\"In\\u00edcio\",\"item\":\"https:\/\/livrariasolmar.pt\/en\/\"},{\"@type\":\"ListItem\",\"position\":2,\"name\":\"Shop\",\"item\":\"https:\/\/livrariasolmar.pt\/en\/shop\/\"},{\"@type\":\"ListItem\",\"position\":3,\"name\":\"Viajante Nos A\\u00e7ores\"}]}]}<\/script>\n<!-- \/ Yoast SEO plugin. -->","_links":{"self":[{"href":"https:\/\/livrariasolmar.pt\/en\/wp-json\/wp\/v2\/product\/9981"}],"collection":[{"href":"https:\/\/livrariasolmar.pt\/en\/wp-json\/wp\/v2\/product"}],"about":[{"href":"https:\/\/livrariasolmar.pt\/en\/wp-json\/wp\/v2\/types\/product"}],"author":[{"embeddable":true,"href":"https:\/\/livrariasolmar.pt\/en\/wp-json\/wp\/v2\/users\/2"}],"wp:featuredmedia":[{"embeddable":true,"href":"https:\/\/livrariasolmar.pt\/en\/wp-json\/wp\/v2\/media\/9982"}],"wp:attachment":[{"href":"https:\/\/livrariasolmar.pt\/en\/wp-json\/wp\/v2\/media?parent=9981"}],"wp:term":[{"taxonomy":"product_cat","embeddable":true,"href":"https:\/\/livrariasolmar.pt\/en\/wp-json\/wp\/v2\/product_cat?post=9981"},{"taxonomy":"product_tag","embeddable":true,"href":"https:\/\/livrariasolmar.pt\/en\/wp-json\/wp\/v2\/product_tag?post=9981"},{"taxonomy":"cat_produtos","embeddable":true,"href":"https:\/\/livrariasolmar.pt\/en\/wp-json\/wp\/v2\/cat_produtos?post=9981"}],"curies":[{"name":"wp","href":"https:\/\/api.w.org\/{rel}","templated":true}]}}