{"id":9984,"date":"2024-12-17T18:15:24","date_gmt":"2024-12-17T18:15:24","guid":{"rendered":"https:\/\/livrariasolmar.pt\/?post_type=product&#038;p=9984"},"modified":"2025-09-24T17:21:11","modified_gmt":"2025-09-24T17:21:11","slug":"o-mais-velho-surfista-do-atlantico","status":"publish","type":"product","link":"https:\/\/livrariasolmar.pt\/en\/produto\/o-mais-velho-surfista-do-atlantico\/","title":{"rendered":"O Mais Velho Surfista do Atl\u00e2ntico"},"content":{"rendered":"","protected":false},"excerpt":{"rendered":"<p>O surfing &#8211; conjunto de modalidades praticadas nas ondas &#8211; tem a sua origem no Pac\u00edfico, mais concretamente no Havai. Ter\u00e1 sido oferecido ao mundo por um jovem nadador havaiano chamado Duke Kahanamoku nos primeiros anos do s\u00e9culo XX, espalhando-se por todos os mares na efervesc\u00eancia do p\u00f3sguerra.<\/p>\n<p>Mas e se n\u00e3o for bem assim? E se o primeiro contacto de europeus com o Havai for anterior \u00e0 chegada do Capit\u00e3o Cook e for na verdade da responsabilidade de baleeiros a\u00e7orianos? O Mais Velho Surfista do Atl\u00e2ntico apresenta-nos um neto de a\u00e7orianos chamado George Cunha, que acompanhou Duke nas suas primeiras tourn\u00e9es por outras paragens, fazendo dos A\u00e7ores um dos primeiros ber\u00e7os do \u00abdesporto dos reis havaianos\u00bb.<\/p>\n<p>\u00c9 um livro que nos leva desde a chegada dos primeiros a\u00e7orianos ao Havai at\u00e9 aos dias de hoje, percorrendo dois s\u00e9culos da hist\u00f3ria das rela\u00e7\u00f5es entre os dois arquip\u00e9lagos e de uma modalidade desportiva que hoje toda a gente conhece.<\/p>\n","protected":false},"author":2,"featured_media":9987,"template":"","meta":[],"product_cat":[146],"product_tag":[],"cat_produtos":[1566],"yoast_head":"<!-- This site is optimized with the Yoast SEO plugin v16.6 - https:\/\/yoast.com\/wordpress\/plugins\/seo\/ -->\n<title>O Mais Velho Surfista do Atl\u00e2ntico - Livraria Solmar - Livraria online<\/title>\n<meta name=\"robots\" content=\"index, follow, max-snippet:-1, max-image-preview:large, max-video-preview:-1\" \/>\n<link rel=\"canonical\" href=\"https:\/\/livrariasolmar.pt\/en\/produto\/o-mais-velho-surfista-do-atlantico\/\" \/>\n<meta property=\"og:locale\" content=\"en_US\" \/>\n<meta property=\"og:type\" content=\"article\" \/>\n<meta property=\"og:title\" content=\"O Mais Velho Surfista do Atl\u00e2ntico - Livraria Solmar - Livraria online\" \/>\n<meta property=\"og:description\" content=\"O surfing - conjunto de modalidades praticadas nas ondas - tem a sua origem no Pac\u00edfico, mais concretamente no Havai. Ter\u00e1 sido oferecido ao mundo por um jovem nadador havaiano chamado Duke Kahanamoku nos primeiros anos do s\u00e9culo XX, espalhando-se por todos os mares na efervesc\u00eancia do p\u00f3sguerra.  Mas e se n\u00e3o for bem assim? E se o primeiro contacto de europeus com o Havai for anterior \u00e0 chegada do Capit\u00e3o Cook e for na verdade da responsabilidade de baleeiros a\u00e7orianos? O Mais Velho Surfista do Atl\u00e2ntico apresenta-nos um neto de a\u00e7orianos chamado George Cunha, que acompanhou Duke nas suas primeiras tourn\u00e9es por outras paragens, fazendo dos A\u00e7ores um dos primeiros ber\u00e7os do \u00abdesporto dos reis havaianos\u00bb.  \u00c9 um livro que nos leva desde a chegada dos primeiros a\u00e7orianos ao Havai at\u00e9 aos dias de hoje, percorrendo dois s\u00e9culos da hist\u00f3ria das rela\u00e7\u00f5es entre os dois arquip\u00e9lagos e de uma modalidade desportiva que hoje toda a gente conhece.\" \/>\n<meta property=\"og:url\" content=\"https:\/\/livrariasolmar.pt\/produto\/o-mais-velho-surfista-do-atlantico\/\" \/>\n<meta property=\"og:site_name\" content=\"Livraria Solmar - Livraria online\" \/>\n<meta property=\"article:modified_time\" content=\"2025-09-24T17:21:11+00:00\" \/>\n<meta property=\"og:image\" content=\"https:\/\/livrariasolmar.pt\/wp-content\/uploads\/2024\/12\/1507-1.jpg\" \/>\n\t<meta property=\"og:image:width\" content=\"400\" \/>\n\t<meta property=\"og:image:height\" content=\"448\" \/>\n<meta name=\"twitter:card\" content=\"summary_large_image\" \/>\n<script type=\"application\/ld+json\" class=\"yoast-schema-graph\">{\"@context\":\"https:\/\/schema.org\",\"@graph\":[{\"@type\":\"WebSite\",\"@id\":\"https:\/\/livrariasolmar.pt\/#website\",\"url\":\"https:\/\/livrariasolmar.pt\/\",\"name\":\"Livraria Solmar - Livraria online\",\"description\":\"Com\\u00e9rcio Livros E Objetos De Arte, Lda - Ponta Delgada, A\\u00e7ores\",\"potentialAction\":[{\"@type\":\"SearchAction\",\"target\":{\"@type\":\"EntryPoint\",\"urlTemplate\":\"https:\/\/livrariasolmar.pt\/?s={search_term_string}\"},\"query-input\":\"required name=search_term_string\"}],\"inLanguage\":\"en-US\"},{\"@type\":\"ImageObject\",\"@id\":\"https:\/\/livrariasolmar.pt\/produto\/o-mais-velho-surfista-do-atlantico\/#primaryimage\",\"inLanguage\":\"en-US\",\"url\":\"https:\/\/livrariasolmar.pt\/wp-content\/uploads\/2024\/12\/1507-1.jpg\",\"contentUrl\":\"https:\/\/livrariasolmar.pt\/wp-content\/uploads\/2024\/12\/1507-1.jpg\",\"width\":400,\"height\":448},{\"@type\":\"WebPage\",\"@id\":\"https:\/\/livrariasolmar.pt\/produto\/o-mais-velho-surfista-do-atlantico\/#webpage\",\"url\":\"https:\/\/livrariasolmar.pt\/produto\/o-mais-velho-surfista-do-atlantico\/\",\"name\":\"O Mais Velho Surfista do Atl\\u00e2ntico - Livraria Solmar - Livraria online\",\"isPartOf\":{\"@id\":\"https:\/\/livrariasolmar.pt\/#website\"},\"primaryImageOfPage\":{\"@id\":\"https:\/\/livrariasolmar.pt\/produto\/o-mais-velho-surfista-do-atlantico\/#primaryimage\"},\"datePublished\":\"2024-12-17T18:15:24+00:00\",\"dateModified\":\"2025-09-24T17:21:11+00:00\",\"breadcrumb\":{\"@id\":\"https:\/\/livrariasolmar.pt\/produto\/o-mais-velho-surfista-do-atlantico\/#breadcrumb\"},\"inLanguage\":\"en-US\",\"potentialAction\":[{\"@type\":\"ReadAction\",\"target\":[\"https:\/\/livrariasolmar.pt\/produto\/o-mais-velho-surfista-do-atlantico\/\"]}]},{\"@type\":\"BreadcrumbList\",\"@id\":\"https:\/\/livrariasolmar.pt\/produto\/o-mais-velho-surfista-do-atlantico\/#breadcrumb\",\"itemListElement\":[{\"@type\":\"ListItem\",\"position\":1,\"name\":\"In\\u00edcio\",\"item\":\"https:\/\/livrariasolmar.pt\/en\/\"},{\"@type\":\"ListItem\",\"position\":2,\"name\":\"Shop\",\"item\":\"https:\/\/livrariasolmar.pt\/en\/shop\/\"},{\"@type\":\"ListItem\",\"position\":3,\"name\":\"O Mais Velho Surfista do Atl\\u00e2ntico\"}]}]}<\/script>\n<!-- \/ Yoast SEO plugin. -->","_links":{"self":[{"href":"https:\/\/livrariasolmar.pt\/en\/wp-json\/wp\/v2\/product\/9984"}],"collection":[{"href":"https:\/\/livrariasolmar.pt\/en\/wp-json\/wp\/v2\/product"}],"about":[{"href":"https:\/\/livrariasolmar.pt\/en\/wp-json\/wp\/v2\/types\/product"}],"author":[{"embeddable":true,"href":"https:\/\/livrariasolmar.pt\/en\/wp-json\/wp\/v2\/users\/2"}],"wp:featuredmedia":[{"embeddable":true,"href":"https:\/\/livrariasolmar.pt\/en\/wp-json\/wp\/v2\/media\/9987"}],"wp:attachment":[{"href":"https:\/\/livrariasolmar.pt\/en\/wp-json\/wp\/v2\/media?parent=9984"}],"wp:term":[{"taxonomy":"product_cat","embeddable":true,"href":"https:\/\/livrariasolmar.pt\/en\/wp-json\/wp\/v2\/product_cat?post=9984"},{"taxonomy":"product_tag","embeddable":true,"href":"https:\/\/livrariasolmar.pt\/en\/wp-json\/wp\/v2\/product_tag?post=9984"},{"taxonomy":"cat_produtos","embeddable":true,"href":"https:\/\/livrariasolmar.pt\/en\/wp-json\/wp\/v2\/cat_produtos?post=9984"}],"curies":[{"name":"wp","href":"https:\/\/api.w.org\/{rel}","templated":true}]}}