{"id":9998,"date":"2024-12-19T19:29:19","date_gmt":"2024-12-19T19:29:19","guid":{"rendered":"https:\/\/livrariasolmar.pt\/?post_type=product&#038;p=9998"},"modified":"2025-05-31T17:33:02","modified_gmt":"2025-05-31T17:33:02","slug":"o-meu-avo-consegue-voar","status":"publish","type":"product","link":"https:\/\/livrariasolmar.pt\/en\/produto\/o-meu-avo-consegue-voar\/","title":{"rendered":"O Meu Av\u00f4 Consegue Voar!"},"content":{"rendered":"","protected":false},"excerpt":{"rendered":"<p>Quando era crian\u00e7a, achava que o meu av\u00f4 era um super-her\u00f3i!<br \/>\nFicava a v\u00ea-lo a cortar uma laranja como se fosse um ninja.<br \/>\nOu a escalar uma fal\u00e9sia como se fosse o homem-aranha.<br \/>\nMas, agora que sou adulto, j\u00e1 n\u00e3o acho que seja um super-her\u00f3i.<br \/>\nTenho a certeza que \u00e9.<\/p>\n","protected":false},"author":2,"featured_media":9999,"template":"","meta":[],"product_cat":[172],"product_tag":[],"cat_produtos":[],"yoast_head":"<!-- This site is optimized with the Yoast SEO plugin v16.6 - https:\/\/yoast.com\/wordpress\/plugins\/seo\/ -->\n<title>O Meu Av\u00f4 Consegue Voar! - Livraria Solmar - Livraria online<\/title>\n<meta name=\"robots\" content=\"index, follow, max-snippet:-1, max-image-preview:large, max-video-preview:-1\" \/>\n<link rel=\"canonical\" href=\"https:\/\/livrariasolmar.pt\/en\/produto\/o-meu-avo-consegue-voar\/\" \/>\n<meta property=\"og:locale\" content=\"en_US\" \/>\n<meta property=\"og:type\" content=\"article\" \/>\n<meta property=\"og:title\" content=\"O Meu Av\u00f4 Consegue Voar! - Livraria Solmar - Livraria online\" \/>\n<meta property=\"og:description\" content=\"Quando era crian\u00e7a, achava que o meu av\u00f4 era um super-her\u00f3i! Ficava a v\u00ea-lo a cortar uma laranja como se fosse um ninja. Ou a escalar uma fal\u00e9sia como se fosse o homem-aranha. Mas, agora que sou adulto, j\u00e1 n\u00e3o acho que seja um super-her\u00f3i. Tenho a certeza que \u00e9.\" \/>\n<meta property=\"og:url\" content=\"https:\/\/livrariasolmar.pt\/produto\/o-meu-avo-consegue-voar\/\" \/>\n<meta property=\"og:site_name\" content=\"Livraria Solmar - Livraria online\" \/>\n<meta property=\"article:modified_time\" content=\"2025-05-31T17:33:02+00:00\" \/>\n<meta property=\"og:image\" content=\"https:\/\/livrariasolmar.pt\/wp-content\/uploads\/2024\/12\/1540-1-4.jpg\" \/>\n\t<meta property=\"og:image:width\" content=\"340\" \/>\n\t<meta property=\"og:image:height\" content=\"340\" \/>\n<meta name=\"twitter:card\" content=\"summary_large_image\" \/>\n<script type=\"application\/ld+json\" class=\"yoast-schema-graph\">{\"@context\":\"https:\/\/schema.org\",\"@graph\":[{\"@type\":\"WebSite\",\"@id\":\"https:\/\/livrariasolmar.pt\/#website\",\"url\":\"https:\/\/livrariasolmar.pt\/\",\"name\":\"Livraria Solmar - Livraria online\",\"description\":\"Com\\u00e9rcio Livros E Objetos De Arte, Lda - Ponta Delgada, A\\u00e7ores\",\"potentialAction\":[{\"@type\":\"SearchAction\",\"target\":{\"@type\":\"EntryPoint\",\"urlTemplate\":\"https:\/\/livrariasolmar.pt\/?s={search_term_string}\"},\"query-input\":\"required name=search_term_string\"}],\"inLanguage\":\"en-US\"},{\"@type\":\"ImageObject\",\"@id\":\"https:\/\/livrariasolmar.pt\/produto\/o-meu-avo-consegue-voar\/#primaryimage\",\"inLanguage\":\"en-US\",\"url\":\"https:\/\/livrariasolmar.pt\/wp-content\/uploads\/2024\/12\/1540-1-4.jpg\",\"contentUrl\":\"https:\/\/livrariasolmar.pt\/wp-content\/uploads\/2024\/12\/1540-1-4.jpg\",\"width\":340,\"height\":340},{\"@type\":\"WebPage\",\"@id\":\"https:\/\/livrariasolmar.pt\/produto\/o-meu-avo-consegue-voar\/#webpage\",\"url\":\"https:\/\/livrariasolmar.pt\/produto\/o-meu-avo-consegue-voar\/\",\"name\":\"O Meu Av\\u00f4 Consegue Voar! - Livraria Solmar - Livraria online\",\"isPartOf\":{\"@id\":\"https:\/\/livrariasolmar.pt\/#website\"},\"primaryImageOfPage\":{\"@id\":\"https:\/\/livrariasolmar.pt\/produto\/o-meu-avo-consegue-voar\/#primaryimage\"},\"datePublished\":\"2024-12-19T19:29:19+00:00\",\"dateModified\":\"2025-05-31T17:33:02+00:00\",\"breadcrumb\":{\"@id\":\"https:\/\/livrariasolmar.pt\/produto\/o-meu-avo-consegue-voar\/#breadcrumb\"},\"inLanguage\":\"en-US\",\"potentialAction\":[{\"@type\":\"ReadAction\",\"target\":[\"https:\/\/livrariasolmar.pt\/produto\/o-meu-avo-consegue-voar\/\"]}]},{\"@type\":\"BreadcrumbList\",\"@id\":\"https:\/\/livrariasolmar.pt\/produto\/o-meu-avo-consegue-voar\/#breadcrumb\",\"itemListElement\":[{\"@type\":\"ListItem\",\"position\":1,\"name\":\"In\\u00edcio\",\"item\":\"https:\/\/livrariasolmar.pt\/en\/\"},{\"@type\":\"ListItem\",\"position\":2,\"name\":\"Shop\",\"item\":\"https:\/\/livrariasolmar.pt\/en\/shop\/\"},{\"@type\":\"ListItem\",\"position\":3,\"name\":\"O Meu Av\\u00f4 Consegue Voar!\"}]}]}<\/script>\n<!-- \/ Yoast SEO plugin. -->","_links":{"self":[{"href":"https:\/\/livrariasolmar.pt\/en\/wp-json\/wp\/v2\/product\/9998"}],"collection":[{"href":"https:\/\/livrariasolmar.pt\/en\/wp-json\/wp\/v2\/product"}],"about":[{"href":"https:\/\/livrariasolmar.pt\/en\/wp-json\/wp\/v2\/types\/product"}],"author":[{"embeddable":true,"href":"https:\/\/livrariasolmar.pt\/en\/wp-json\/wp\/v2\/users\/2"}],"wp:featuredmedia":[{"embeddable":true,"href":"https:\/\/livrariasolmar.pt\/en\/wp-json\/wp\/v2\/media\/9999"}],"wp:attachment":[{"href":"https:\/\/livrariasolmar.pt\/en\/wp-json\/wp\/v2\/media?parent=9998"}],"wp:term":[{"taxonomy":"product_cat","embeddable":true,"href":"https:\/\/livrariasolmar.pt\/en\/wp-json\/wp\/v2\/product_cat?post=9998"},{"taxonomy":"product_tag","embeddable":true,"href":"https:\/\/livrariasolmar.pt\/en\/wp-json\/wp\/v2\/product_tag?post=9998"},{"taxonomy":"cat_produtos","embeddable":true,"href":"https:\/\/livrariasolmar.pt\/en\/wp-json\/wp\/v2\/cat_produtos?post=9998"}],"curies":[{"name":"wp","href":"https:\/\/api.w.org\/{rel}","templated":true}]}}